{"id":882,"date":"2023-06-21T09:35:30","date_gmt":"2023-06-21T09:35:30","guid":{"rendered":"https:\/\/demosites.royal-elementor-addons.com\/woo-auto-parts-v1\/?page_id=882"},"modified":"2025-12-24T22:28:52","modified_gmt":"2025-12-24T22:28:52","slug":"about","status":"publish","type":"page","link":"https:\/\/radwerk-north.de\/en\/about\/","title":{"rendered":"\u00dcber uns"},"content":{"rendered":"<div data-elementor-type=\"wp-page\" data-elementor-id=\"882\" class=\"elementor elementor-882\" data-elementor-post-type=\"page\">\n\t\t\t\t\t\t<section class=\"elementor-section elementor-top-section elementor-element elementor-element-d263295 elementor-section-boxed elementor-section-height-default elementor-section-height-default wpr-particle-no wpr-jarallax-no wpr-parallax-no wpr-sticky-section-no\" data-id=\"d263295\" data-element_type=\"section\" data-settings=\"{&quot;background_background&quot;:&quot;classic&quot;,&quot;shape_divider_bottom&quot;:&quot;opacity-tilt&quot;}\">\n\t\t\t\t\t\t\t<div class=\"elementor-background-overlay\"><\/div>\n\t\t\t\t\t\t<div class=\"elementor-shape elementor-shape-bottom\" aria-hidden=\"true\" data-negative=\"false\">\n\t\t\t<svg xmlns=\"http:\/\/www.w3.org\/2000\/svg\" viewbox=\"0 0 2600 131.1\" preserveaspectratio=\"none\">\n\t<path class=\"elementor-shape-fill\" d=\"M0 0L2600 0 2600 69.1 0 0z\"\/>\n\t<path class=\"elementor-shape-fill\" style=\"opacity:0.5\" d=\"M0 0L2600 0 2600 69.1 0 69.1z\"\/>\n\t<path class=\"elementor-shape-fill\" style=\"opacity:0.25\" d=\"M2600 0L0 0 0 130.1 2600 69.1z\"\/>\n<\/svg>\t\t<\/div>\n\t\t\t\t\t<div class=\"elementor-container elementor-column-gap-default\">\n\t\t\t\t\t<div class=\"elementor-column elementor-col-100 elementor-top-column elementor-element elementor-element-7b8a806\" data-id=\"7b8a806\" data-element_type=\"column\">\n\t\t\t<div class=\"elementor-widget-wrap elementor-element-populated\">\n\t\t\t\t\t\t<div class=\"elementor-element elementor-element-bf44662 elementor-widget elementor-widget-heading\" data-id=\"bf44662\" data-element_type=\"widget\" data-widget_type=\"heading.default\">\n\t\t\t\t\t<h2 class=\"elementor-heading-title elementor-size-default\">\u00dcber uns \u2013 Radwerk-north<\/h2>\t\t\t\t<\/div>\n\t\t\t\t\t<\/div>\n\t\t<\/div>\n\t\t\t\t\t<\/div>\n\t\t<\/section>\n\t\t\t\t<section class=\"elementor-section elementor-top-section elementor-element elementor-element-14322a3 elementor-section-boxed elementor-section-height-default elementor-section-height-default wpr-particle-no wpr-jarallax-no wpr-parallax-no wpr-sticky-section-no\" data-id=\"14322a3\" data-element_type=\"section\">\n\t\t\t\t\t\t<div class=\"elementor-container elementor-column-gap-default\">\n\t\t\t\t\t<div class=\"elementor-column elementor-col-50 elementor-top-column elementor-element elementor-element-ba98a9f\" data-id=\"ba98a9f\" data-element_type=\"column\">\n\t\t\t<div class=\"elementor-widget-wrap elementor-element-populated\">\n\t\t\t\t\t\t<div class=\"elementor-element elementor-element-7c62bfa elementor-widget elementor-widget-heading\" data-id=\"7c62bfa\" data-element_type=\"widget\" data-widget_type=\"heading.default\">\n\t\t\t\t\t<h2 class=\"elementor-heading-title elementor-size-default\">\u00dcber uns (Radwerk-north)<\/h2>\t\t\t\t<\/div>\n\t\t\t\t<div class=\"elementor-element elementor-element-aa4278d elementor-widget elementor-widget-heading\" data-id=\"aa4278d\" data-element_type=\"widget\" data-widget_type=\"heading.default\">\n\t\t\t\t\t<h2 class=\"elementor-heading-title elementor-size-default\">Wer wir sind\n<\/h2>\t\t\t\t<\/div>\n\t\t\t\t<div class=\"elementor-element elementor-element-a8ce8f2 elementor-widget elementor-widget-text-editor\" data-id=\"a8ce8f2\" data-element_type=\"widget\" data-widget_type=\"text-editor.default\">\n\t\t\t\t\t\t\t\t\t<p>Seit 2011 begleitet Radwerk-north Stadtpendler, Familien und alle, die auf nachhaltige Mobilit\u00e4t setzen. Unser Ziel ist es, hochwertige Fahrr\u00e4der anzubieten, die perfekt f\u00fcr den t\u00e4glichen Einsatz geeignet sind \u2013 sei es f\u00fcr Arbeit, Familie, Einkauf oder Freizeit.<\/p>\t\t\t\t\t\t\t\t<\/div>\n\t\t\t\t<div class=\"elementor-element elementor-element-e706ccc elementor-widget elementor-widget-heading\" data-id=\"e706ccc\" data-element_type=\"widget\" data-widget_type=\"heading.default\">\n\t\t\t\t\t<h2 class=\"elementor-heading-title elementor-size-default\"> Warum Fahrrad?<\/h2>\t\t\t\t<\/div>\n\t\t\t\t<div class=\"elementor-element elementor-element-c38b942 elementor-widget elementor-widget-text-editor\" data-id=\"c38b942\" data-element_type=\"widget\" data-widget_type=\"text-editor.default\">\n\t\t\t\t\t\t\t\t\t<p>F\u00fcr uns ist das Fahrrad nicht nur ein Transportmittel, sondern ein Lebensstil: schneller als ein Auto in der Stadt, ges\u00fcnder, leiser und deutlich kosteng\u00fcnstiger. Es steht f\u00fcr eine moderne, nachhaltige und unabh\u00e4ngige Art, sich fortzubewegen.<\/p>\t\t\t\t\t\t\t\t<\/div>\n\t\t\t\t<div class=\"elementor-element elementor-element-fa121b8 elementor-widget elementor-widget-image\" data-id=\"fa121b8\" data-element_type=\"widget\" data-widget_type=\"image.default\">\n\t\t\t\t\t\t\t\t\t\t\t\t\t\t\t<img fetchpriority=\"high\" decoding=\"async\" width=\"666\" height=\"94\" src=\"https:\/\/radwerk-north.de\/wp-content\/uploads\/2023\/06\/Genevieve-Whittington.png\" class=\"attachment-full size-full wp-image-981\" alt=\"\" srcset=\"https:\/\/radwerk-north.de\/wp-content\/uploads\/2023\/06\/Genevieve-Whittington.png 666w, https:\/\/radwerk-north.de\/wp-content\/uploads\/2023\/06\/Genevieve-Whittington-600x85.png 600w, https:\/\/radwerk-north.de\/wp-content\/uploads\/2023\/06\/Genevieve-Whittington-300x42.png 300w\" sizes=\"(max-width: 666px) 100vw, 666px\" \/>\t\t\t\t\t\t\t\t\t\t\t\t\t\t\t<\/div>\n\t\t\t\t\t<\/div>\n\t\t<\/div>\n\t\t\t\t<div class=\"elementor-column elementor-col-50 elementor-top-column elementor-element elementor-element-3a9bd6a\" data-id=\"3a9bd6a\" data-element_type=\"column\">\n\t\t\t<div class=\"elementor-widget-wrap elementor-element-populated\">\n\t\t\t\t\t\t<div class=\"elementor-element elementor-element-348e9d4 imglogo elementor-hidden-tablet elementor-hidden-mobile elementor-widget elementor-widget-image\" data-id=\"348e9d4\" data-element_type=\"widget\" id=\"imglogo\" data-widget_type=\"image.default\">\n\t\t\t\t\t\t\t\t\t\t\t\t\t\t\t<img decoding=\"async\" width=\"1147\" height=\"496\" src=\"https:\/\/radwerk-north.de\/wp-content\/uploads\/2025\/12\/Video-Screen1766523928533.png\" class=\"attachment-full size-full wp-image-7011\" alt=\"\" srcset=\"https:\/\/radwerk-north.de\/wp-content\/uploads\/2025\/12\/Video-Screen1766523928533.png 1147w, https:\/\/radwerk-north.de\/wp-content\/uploads\/2025\/12\/Video-Screen1766523928533-300x130.png 300w, https:\/\/radwerk-north.de\/wp-content\/uploads\/2025\/12\/Video-Screen1766523928533-1024x443.png 1024w, https:\/\/radwerk-north.de\/wp-content\/uploads\/2025\/12\/Video-Screen1766523928533-768x332.png 768w, https:\/\/radwerk-north.de\/wp-content\/uploads\/2025\/12\/Video-Screen1766523928533-600x259.png 600w\" sizes=\"(max-width: 1147px) 100vw, 1147px\" \/>\t\t\t\t\t\t\t\t\t\t\t\t\t\t\t<\/div>\n\t\t\t\t<div class=\"elementor-element elementor-element-fbfed81 elementor-hidden-desktop elementor-hidden-laptop elementor-widget elementor-widget-image\" data-id=\"fbfed81\" data-element_type=\"widget\" data-widget_type=\"image.default\">\n\t\t\t\t\t\t\t\t\t\t\t\t\t\t\t<img decoding=\"async\" width=\"760\" height=\"328\" src=\"https:\/\/radwerk-north.de\/wp-content\/uploads\/2025\/12\/Video_Screen1766523928533-removebg-preview.png\" class=\"attachment-full size-full wp-image-7009\" alt=\"\" srcset=\"https:\/\/radwerk-north.de\/wp-content\/uploads\/2025\/12\/Video_Screen1766523928533-removebg-preview.png 760w, https:\/\/radwerk-north.de\/wp-content\/uploads\/2025\/12\/Video_Screen1766523928533-removebg-preview-300x129.png 300w, https:\/\/radwerk-north.de\/wp-content\/uploads\/2025\/12\/Video_Screen1766523928533-removebg-preview-600x259.png 600w\" sizes=\"(max-width: 760px) 100vw, 760px\" \/>\t\t\t\t\t\t\t\t\t\t\t\t\t\t\t<\/div>\n\t\t\t\t\t<\/div>\n\t\t<\/div>\n\t\t\t\t\t<\/div>\n\t\t<\/section>\n\t\t\t\t<section class=\"elementor-section elementor-top-section elementor-element elementor-element-1f83539 elementor-section-boxed elementor-section-height-default elementor-section-height-default wpr-particle-no wpr-jarallax-no wpr-parallax-no wpr-sticky-section-no\" data-id=\"1f83539\" data-element_type=\"section\" data-settings=\"{&quot;background_background&quot;:&quot;classic&quot;,&quot;shape_divider_bottom&quot;:&quot;opacity-tilt&quot;}\">\n\t\t\t\t\t<div class=\"elementor-shape elementor-shape-bottom\" aria-hidden=\"true\" data-negative=\"false\">\n\t\t\t<svg xmlns=\"http:\/\/www.w3.org\/2000\/svg\" viewbox=\"0 0 2600 131.1\" preserveaspectratio=\"none\">\n\t<path class=\"elementor-shape-fill\" d=\"M0 0L2600 0 2600 69.1 0 0z\"\/>\n\t<path class=\"elementor-shape-fill\" style=\"opacity:0.5\" d=\"M0 0L2600 0 2600 69.1 0 69.1z\"\/>\n\t<path class=\"elementor-shape-fill\" style=\"opacity:0.25\" d=\"M2600 0L0 0 0 130.1 2600 69.1z\"\/>\n<\/svg>\t\t<\/div>\n\t\t\t\t\t<div class=\"elementor-container elementor-column-gap-default\">\n\t\t\t\t\t<div class=\"elementor-column elementor-col-50 elementor-top-column elementor-element elementor-element-175678f\" data-id=\"175678f\" data-element_type=\"column\">\n\t\t\t<div class=\"elementor-widget-wrap elementor-element-populated\">\n\t\t\t\t\t\t<div class=\"elementor-element elementor-element-5f218aa elementor-widget elementor-widget-heading\" data-id=\"5f218aa\" data-element_type=\"widget\" data-widget_type=\"heading.default\">\n\t\t\t\t\t<h2 class=\"elementor-heading-title elementor-size-default\">Unsere Mission<\/h2>\t\t\t\t<\/div>\n\t\t\t\t<div class=\"elementor-element elementor-element-73aaf0f elementor-widget elementor-widget-text-editor\" data-id=\"73aaf0f\" data-element_type=\"widget\" data-widget_type=\"text-editor.default\">\n\t\t\t\t\t\t\t\t\t<p>Wir sind \u00fcberzeugt, dass das Fahrrad \u2013 richtig gew\u00e4hlt und gut ausgestattet \u2013 das Auto im Alltag ersetzen kann. Deshalb w\u00e4hlen wir Modelle aus, die langlebig, sicher und im realen Einsatz getestet sind: Lastenr\u00e4der, Faltr\u00e4der, E-Bikes, Familienr\u00e4der und Citybikes.<\/p>\t\t\t\t\t\t\t\t<\/div>\n\t\t\t\t\t<\/div>\n\t\t<\/div>\n\t\t\t\t<div class=\"elementor-column elementor-col-50 elementor-top-column elementor-element elementor-element-65c23a2\" data-id=\"65c23a2\" data-element_type=\"column\">\n\t\t\t<div class=\"elementor-widget-wrap elementor-element-populated\">\n\t\t\t\t\t\t<div class=\"elementor-element elementor-element-86a3035 elementor-widget elementor-widget-heading\" data-id=\"86a3035\" data-element_type=\"widget\" data-widget_type=\"heading.default\">\n\t\t\t\t\t<h2 class=\"elementor-heading-title elementor-size-default\">Unsere Werte<\/h2>\t\t\t\t<\/div>\n\t\t\t\t<div class=\"elementor-element elementor-element-d215653 elementor-widget elementor-widget-text-editor\" data-id=\"d215653\" data-element_type=\"widget\" data-widget_type=\"text-editor.default\">\n\t\t\t\t\t\t\t\t\t<p>Bei Radwerk-north legen wir besonderen Wert auf:<\/p><ul><li>Qualit\u00e4t und lange Lebensdauer der Produkte<\/li><li>\u00a0Sicherheit und Komfort im Alltag<\/li><li>Pers\u00f6nliche und kompetente Beratung<\/li><li>Kundenorientierten Service<\/li><li>Verantwortung f\u00fcr eine umweltfreundliche Mobilit\u00e4t<\/li><\/ul>\t\t\t\t\t\t\t\t<\/div>\n\t\t\t\t\t<\/div>\n\t\t<\/div>\n\t\t\t\t\t<\/div>\n\t\t<\/section>\n\t\t\t\t<section class=\"elementor-section elementor-top-section elementor-element elementor-element-775d16d elementor-section-boxed elementor-section-height-default elementor-section-height-default wpr-particle-no wpr-jarallax-no wpr-parallax-no wpr-sticky-section-no\" data-id=\"775d16d\" data-element_type=\"section\">\n\t\t\t\t\t\t<div class=\"elementor-container elementor-column-gap-default\">\n\t\t\t\t\t<div class=\"elementor-column elementor-col-100 elementor-top-column elementor-element elementor-element-8bb82cf\" data-id=\"8bb82cf\" data-element_type=\"column\">\n\t\t\t<div class=\"elementor-widget-wrap elementor-element-populated\">\n\t\t\t\t\t\t<div class=\"elementor-element elementor-element-9f202cc elementor-widget elementor-widget-heading\" data-id=\"9f202cc\" data-element_type=\"widget\" data-widget_type=\"heading.default\">\n\t\t\t\t\t<h2 class=\"elementor-heading-title elementor-size-default\">Company Timeline<\/h2>\t\t\t\t<\/div>\n\t\t\t\t<div class=\"elementor-element elementor-element-fac9a7d elementor-widget elementor-widget-heading\" data-id=\"fac9a7d\" data-element_type=\"widget\" data-widget_type=\"heading.default\">\n\t\t\t\t\t<h2 class=\"elementor-heading-title elementor-size-default\">Vertrauen seit 2011<\/h2>\t\t\t\t<\/div>\n\t\t\t\t<div class=\"elementor-element elementor-element-4509fc4 elementor-widget elementor-widget-text-editor\" data-id=\"4509fc4\" data-element_type=\"widget\" data-widget_type=\"text-editor.default\">\n\t\t\t\t\t\t\t\t\t<p>Seit \u00fcber 10 Jahren vertrauen uns tausende Kundinnen und Kunden. Entdecken auch Sie unser Sortiment \u2013 wir helfen Ihnen gerne dabei, das passende Fahrrad f\u00fcr Ihren Alltag zu finden.<\/p>\t\t\t\t\t\t\t\t<\/div>\n\t\t\t\t\t<\/div>\n\t\t<\/div>\n\t\t\t\t\t<\/div>\n\t\t<\/section>\n\t\t\t\t<section class=\"elementor-section elementor-top-section elementor-element elementor-element-595bb59 elementor-section-boxed elementor-section-height-default elementor-section-height-default wpr-particle-no wpr-jarallax-no wpr-parallax-no wpr-sticky-section-no\" data-id=\"595bb59\" data-element_type=\"section\">\n\t\t\t\t\t\t<div class=\"elementor-container elementor-column-gap-default\">\n\t\t\t\t\t<div class=\"elementor-column elementor-col-100 elementor-top-column elementor-element elementor-element-f327121\" data-id=\"f327121\" data-element_type=\"column\">\n\t\t\t<div class=\"elementor-widget-wrap elementor-element-populated\">\n\t\t\t\t\t\t<div class=\"elementor-element elementor-element-eb378d8 elementor-widget-divider--view-line elementor-widget elementor-widget-divider\" data-id=\"eb378d8\" data-element_type=\"widget\" data-widget_type=\"divider.default\">\n\t\t\t\t\t\t\t<div class=\"elementor-divider\">\n\t\t\t<span class=\"elementor-divider-separator\">\n\t\t\t\t\t\t<\/span>\n\t\t<\/div>\n\t\t\t\t\t\t<\/div>\n\t\t\t\t\t<\/div>\n\t\t<\/div>\n\t\t\t\t\t<\/div>\n\t\t<\/section>\n\t\t\t\t<\/div>","protected":false},"excerpt":{"rendered":"<p>\u00dcber uns \u2013 Radwerk-north \u00dcber uns (Radwerk-north) Wer wir sind Seit 2011 begleitet Radwerk-north Stadtpendler, Familien und alle, die auf nachhaltige Mobilit\u00e4t setzen. Unser Ziel ist es, hochwertige Fahrr\u00e4der anzubieten, die perfekt f\u00fcr den t\u00e4glichen Einsatz geeignet sind \u2013 sei es f\u00fcr Arbeit, Familie, Einkauf oder Freizeit. Warum Fahrrad? F\u00fcr uns ist das Fahrrad nicht nur ein Transportmittel, sondern ein Lebensstil: schneller als ein Auto in der Stadt, ges\u00fcnder, leiser und deutlich kosteng\u00fcnstiger. Es steht f\u00fcr eine moderne, nachhaltige und unabh\u00e4ngige Art, sich fortzubewegen. Unsere Mission Wir sind \u00fcberzeugt, dass das Fahrrad \u2013 richtig gew\u00e4hlt und gut ausgestattet \u2013 das Auto im Alltag ersetzen kann. Deshalb w\u00e4hlen wir Modelle aus, die langlebig, sicher und im realen Einsatz getestet sind: Lastenr\u00e4der, Faltr\u00e4der, E-Bikes, Familienr\u00e4der und Citybikes. Unsere Werte Bei Radwerk-north legen wir besonderen Wert auf: Qualit\u00e4t und lange Lebensdauer der Produkte \u00a0Sicherheit und Komfort im Alltag Pers\u00f6nliche und kompetente Beratung Kundenorientierten Service Verantwortung f\u00fcr eine umweltfreundliche Mobilit\u00e4t Company Timeline Vertrauen seit 2011 Seit \u00fcber 10 Jahren vertrauen uns tausende Kundinnen und Kunden. Entdecken auch Sie unser Sortiment \u2013 wir helfen Ihnen gerne dabei, das passende Fahrrad f\u00fcr Ihren Alltag zu finden.<\/p>","protected":false},"author":1,"featured_media":0,"parent":0,"menu_order":0,"comment_status":"closed","ping_status":"closed","template":"elementor_canvas","meta":{"footnotes":""},"class_list":["post-882","page","type-page","status-publish","hentry"],"yoast_head":"<!-- This site is optimized with the Yoast SEO Premium plugin v26.2 (Yoast SEO v26.7) - https:\/\/yoast.com\/wordpress\/plugins\/seo\/ -->\n<title>\u00dcber uns - RadWerk Nord<\/title>\n<meta name=\"robots\" content=\"index, follow, max-snippet:-1, max-image-preview:large, max-video-preview:-1\" \/>\n<link rel=\"canonical\" href=\"https:\/\/radwerk-north.de\/en\/about\/\" \/>\n<meta property=\"og:locale\" content=\"en_GB\" \/>\n<meta property=\"og:type\" content=\"article\" \/>\n<meta property=\"og:title\" content=\"\u00dcber uns\" \/>\n<meta property=\"og:description\" content=\"\u00dcber uns \u2013 Radwerk-north \u00dcber uns (Radwerk-north) Wer wir sind Seit 2011 begleitet Radwerk-north Stadtpendler, Familien und alle, die auf nachhaltige Mobilit\u00e4t setzen. Unser Ziel ist es, hochwertige Fahrr\u00e4der anzubieten, die perfekt f\u00fcr den t\u00e4glichen Einsatz geeignet sind \u2013 sei es f\u00fcr Arbeit, Familie, Einkauf oder Freizeit. Warum Fahrrad? F\u00fcr uns ist das Fahrrad nicht nur ein Transportmittel, sondern ein Lebensstil: schneller als ein Auto in der Stadt, ges\u00fcnder, leiser und deutlich kosteng\u00fcnstiger. Es steht f\u00fcr eine moderne, nachhaltige und unabh\u00e4ngige Art, sich fortzubewegen. Unsere Mission Wir sind \u00fcberzeugt, dass das Fahrrad \u2013 richtig gew\u00e4hlt und gut ausgestattet \u2013 das Auto im Alltag ersetzen kann. Deshalb w\u00e4hlen wir Modelle aus, die langlebig, sicher und im realen Einsatz getestet sind: Lastenr\u00e4der, Faltr\u00e4der, E-Bikes, Familienr\u00e4der und Citybikes. Unsere Werte Bei Radwerk-north legen wir besonderen Wert auf: Qualit\u00e4t und lange Lebensdauer der Produkte \u00a0Sicherheit und Komfort im Alltag Pers\u00f6nliche und kompetente Beratung Kundenorientierten Service Verantwortung f\u00fcr eine umweltfreundliche Mobilit\u00e4t Company Timeline Vertrauen seit 2011 Seit \u00fcber 10 Jahren vertrauen uns tausende Kundinnen und Kunden. Entdecken auch Sie unser Sortiment \u2013 wir helfen Ihnen gerne dabei, das passende Fahrrad f\u00fcr Ihren Alltag zu finden.\" \/>\n<meta property=\"og:url\" content=\"https:\/\/radwerk-north.de\/en\/about\/\" \/>\n<meta property=\"og:site_name\" content=\"RadWerk Nord\" \/>\n<meta property=\"article:modified_time\" content=\"2025-12-24T22:28:52+00:00\" \/>\n<meta property=\"og:image\" content=\"https:\/\/radwerk-north.de\/wp-content\/uploads\/2023\/06\/Genevieve-Whittington.png\" \/>\n\t<meta property=\"og:image:width\" content=\"666\" \/>\n\t<meta property=\"og:image:height\" content=\"94\" \/>\n\t<meta property=\"og:image:type\" content=\"image\/png\" \/>\n<meta name=\"twitter:card\" content=\"summary_large_image\" \/>\n<meta name=\"twitter:label1\" content=\"Estimated reading time\" \/>\n\t<meta name=\"twitter:data1\" content=\"1 minute\" \/>\n<script type=\"application\/ld+json\" class=\"yoast-schema-graph\">{\"@context\":\"https:\/\/schema.org\",\"@graph\":[{\"@type\":\"WebPage\",\"@id\":\"https:\/\/radwerk-north.de\/about\/\",\"url\":\"https:\/\/radwerk-north.de\/about\/\",\"name\":\"\u00dcber uns - RadWerk Nord\",\"isPartOf\":{\"@id\":\"https:\/\/radwerk-north.de\/#website\"},\"primaryImageOfPage\":{\"@id\":\"https:\/\/radwerk-north.de\/about\/#primaryimage\"},\"image\":{\"@id\":\"https:\/\/radwerk-north.de\/about\/#primaryimage\"},\"thumbnailUrl\":\"https:\/\/radwerk-north.de\/wp-content\/uploads\/2023\/06\/Genevieve-Whittington.png\",\"datePublished\":\"2023-06-21T09:35:30+00:00\",\"dateModified\":\"2025-12-24T22:28:52+00:00\",\"breadcrumb\":{\"@id\":\"https:\/\/radwerk-north.de\/about\/#breadcrumb\"},\"inLanguage\":\"en-GB\",\"potentialAction\":[{\"@type\":\"ReadAction\",\"target\":[\"https:\/\/radwerk-north.de\/about\/\"]}]},{\"@type\":\"ImageObject\",\"inLanguage\":\"en-GB\",\"@id\":\"https:\/\/radwerk-north.de\/about\/#primaryimage\",\"url\":\"https:\/\/radwerk-north.de\/wp-content\/uploads\/2023\/06\/Genevieve-Whittington.png\",\"contentUrl\":\"https:\/\/radwerk-north.de\/wp-content\/uploads\/2023\/06\/Genevieve-Whittington.png\"},{\"@type\":\"BreadcrumbList\",\"@id\":\"https:\/\/radwerk-north.de\/about\/#breadcrumb\",\"itemListElement\":[{\"@type\":\"ListItem\",\"position\":1,\"name\":\"Home\",\"item\":\"https:\/\/radwerk-north.de\/\"},{\"@type\":\"ListItem\",\"position\":2,\"name\":\"\u00dcber uns\"}]},{\"@type\":\"WebSite\",\"@id\":\"https:\/\/radwerk-north.de\/#website\",\"url\":\"https:\/\/radwerk-north.de\/\",\"name\":\"RadWerk Nord\",\"description\":\"Mobilit\u00e4t neu gedacht.\",\"publisher\":{\"@id\":\"https:\/\/radwerk-north.de\/#organization\"},\"potentialAction\":[{\"@type\":\"SearchAction\",\"target\":{\"@type\":\"EntryPoint\",\"urlTemplate\":\"https:\/\/radwerk-north.de\/?s={search_term_string}\"},\"query-input\":{\"@type\":\"PropertyValueSpecification\",\"valueRequired\":true,\"valueName\":\"search_term_string\"}}],\"inLanguage\":\"en-GB\"},{\"@type\":\"Organization\",\"@id\":\"https:\/\/radwerk-north.de\/#organization\",\"name\":\"RadWerk Nord\",\"url\":\"https:\/\/radwerk-north.de\/\",\"logo\":{\"@type\":\"ImageObject\",\"inLanguage\":\"en-GB\",\"@id\":\"https:\/\/radwerk-north.de\/#\/schema\/logo\/image\/\",\"url\":\"https:\/\/radwerk-north.de\/wp-content\/uploads\/2025\/12\/cropped-Video_Screen1766523928533-removebg-preview.png\",\"contentUrl\":\"https:\/\/radwerk-north.de\/wp-content\/uploads\/2025\/12\/cropped-Video_Screen1766523928533-removebg-preview.png\",\"width\":745,\"height\":294,\"caption\":\"RadWerk Nord\"},\"image\":{\"@id\":\"https:\/\/radwerk-north.de\/#\/schema\/logo\/image\/\"}}]}<\/script>\n<!-- \/ Yoast SEO Premium plugin. -->","yoast_head_json":{"title":"\u00dcber uns - RadWerk Nord","robots":{"index":"index","follow":"follow","max-snippet":"max-snippet:-1","max-image-preview":"max-image-preview:large","max-video-preview":"max-video-preview:-1"},"canonical":"https:\/\/radwerk-north.de\/en\/about\/","og_locale":"en_GB","og_type":"article","og_title":"\u00dcber uns","og_description":"\u00dcber uns \u2013 Radwerk-north \u00dcber uns (Radwerk-north) Wer wir sind Seit 2011 begleitet Radwerk-north Stadtpendler, Familien und alle, die auf nachhaltige Mobilit\u00e4t setzen. Unser Ziel ist es, hochwertige Fahrr\u00e4der anzubieten, die perfekt f\u00fcr den t\u00e4glichen Einsatz geeignet sind \u2013 sei es f\u00fcr Arbeit, Familie, Einkauf oder Freizeit. Warum Fahrrad? F\u00fcr uns ist das Fahrrad nicht nur ein Transportmittel, sondern ein Lebensstil: schneller als ein Auto in der Stadt, ges\u00fcnder, leiser und deutlich kosteng\u00fcnstiger. Es steht f\u00fcr eine moderne, nachhaltige und unabh\u00e4ngige Art, sich fortzubewegen. Unsere Mission Wir sind \u00fcberzeugt, dass das Fahrrad \u2013 richtig gew\u00e4hlt und gut ausgestattet \u2013 das Auto im Alltag ersetzen kann. Deshalb w\u00e4hlen wir Modelle aus, die langlebig, sicher und im realen Einsatz getestet sind: Lastenr\u00e4der, Faltr\u00e4der, E-Bikes, Familienr\u00e4der und Citybikes. Unsere Werte Bei Radwerk-north legen wir besonderen Wert auf: Qualit\u00e4t und lange Lebensdauer der Produkte \u00a0Sicherheit und Komfort im Alltag Pers\u00f6nliche und kompetente Beratung Kundenorientierten Service Verantwortung f\u00fcr eine umweltfreundliche Mobilit\u00e4t Company Timeline Vertrauen seit 2011 Seit \u00fcber 10 Jahren vertrauen uns tausende Kundinnen und Kunden. Entdecken auch Sie unser Sortiment \u2013 wir helfen Ihnen gerne dabei, das passende Fahrrad f\u00fcr Ihren Alltag zu finden.","og_url":"https:\/\/radwerk-north.de\/en\/about\/","og_site_name":"RadWerk Nord","article_modified_time":"2025-12-24T22:28:52+00:00","og_image":[{"width":666,"height":94,"url":"https:\/\/radwerk-north.de\/wp-content\/uploads\/2023\/06\/Genevieve-Whittington.png","type":"image\/png"}],"twitter_card":"summary_large_image","twitter_misc":{"Estimated reading time":"1 minute"},"schema":{"@context":"https:\/\/schema.org","@graph":[{"@type":"WebPage","@id":"https:\/\/radwerk-north.de\/about\/","url":"https:\/\/radwerk-north.de\/about\/","name":"\u00dcber uns - RadWerk Nord","isPartOf":{"@id":"https:\/\/radwerk-north.de\/#website"},"primaryImageOfPage":{"@id":"https:\/\/radwerk-north.de\/about\/#primaryimage"},"image":{"@id":"https:\/\/radwerk-north.de\/about\/#primaryimage"},"thumbnailUrl":"https:\/\/radwerk-north.de\/wp-content\/uploads\/2023\/06\/Genevieve-Whittington.png","datePublished":"2023-06-21T09:35:30+00:00","dateModified":"2025-12-24T22:28:52+00:00","breadcrumb":{"@id":"https:\/\/radwerk-north.de\/about\/#breadcrumb"},"inLanguage":"en-GB","potentialAction":[{"@type":"ReadAction","target":["https:\/\/radwerk-north.de\/about\/"]}]},{"@type":"ImageObject","inLanguage":"en-GB","@id":"https:\/\/radwerk-north.de\/about\/#primaryimage","url":"https:\/\/radwerk-north.de\/wp-content\/uploads\/2023\/06\/Genevieve-Whittington.png","contentUrl":"https:\/\/radwerk-north.de\/wp-content\/uploads\/2023\/06\/Genevieve-Whittington.png"},{"@type":"BreadcrumbList","@id":"https:\/\/radwerk-north.de\/about\/#breadcrumb","itemListElement":[{"@type":"ListItem","position":1,"name":"Home","item":"https:\/\/radwerk-north.de\/"},{"@type":"ListItem","position":2,"name":"\u00dcber uns"}]},{"@type":"WebSite","@id":"https:\/\/radwerk-north.de\/#website","url":"https:\/\/radwerk-north.de\/","name":"RadWerk Nord","description":"Mobilit\u00e4t neu gedacht.","publisher":{"@id":"https:\/\/radwerk-north.de\/#organization"},"potentialAction":[{"@type":"SearchAction","target":{"@type":"EntryPoint","urlTemplate":"https:\/\/radwerk-north.de\/?s={search_term_string}"},"query-input":{"@type":"PropertyValueSpecification","valueRequired":true,"valueName":"search_term_string"}}],"inLanguage":"en-GB"},{"@type":"Organization","@id":"https:\/\/radwerk-north.de\/#organization","name":"RadWerk Nord","url":"https:\/\/radwerk-north.de\/","logo":{"@type":"ImageObject","inLanguage":"en-GB","@id":"https:\/\/radwerk-north.de\/#\/schema\/logo\/image\/","url":"https:\/\/radwerk-north.de\/wp-content\/uploads\/2025\/12\/cropped-Video_Screen1766523928533-removebg-preview.png","contentUrl":"https:\/\/radwerk-north.de\/wp-content\/uploads\/2025\/12\/cropped-Video_Screen1766523928533-removebg-preview.png","width":745,"height":294,"caption":"RadWerk Nord"},"image":{"@id":"https:\/\/radwerk-north.de\/#\/schema\/logo\/image\/"}}]}},"acf":[],"_links":{"self":[{"href":"https:\/\/radwerk-north.de\/en\/wp-json\/wp\/v2\/pages\/882","targetHints":{"allow":["GET"]}}],"collection":[{"href":"https:\/\/radwerk-north.de\/en\/wp-json\/wp\/v2\/pages"}],"about":[{"href":"https:\/\/radwerk-north.de\/en\/wp-json\/wp\/v2\/types\/page"}],"author":[{"embeddable":true,"href":"https:\/\/radwerk-north.de\/en\/wp-json\/wp\/v2\/users\/1"}],"replies":[{"embeddable":true,"href":"https:\/\/radwerk-north.de\/en\/wp-json\/wp\/v2\/comments?post=882"}],"version-history":[{"count":0,"href":"https:\/\/radwerk-north.de\/en\/wp-json\/wp\/v2\/pages\/882\/revisions"}],"wp:attachment":[{"href":"https:\/\/radwerk-north.de\/en\/wp-json\/wp\/v2\/media?parent=882"}],"curies":[{"name":"wp","href":"https:\/\/api.w.org\/{rel}","templated":true}]}}