{"id":6331,"date":"2025-12-09T09:17:07","date_gmt":"2025-12-09T09:17:07","guid":{"rendered":"https:\/\/radwerk-north.de\/?post_type=product&#038;p=6331"},"modified":"2026-01-11T15:55:10","modified_gmt":"2026-01-11T15:55:10","slug":"hillmiles-e-bike-city-e-bike-e-hollandrad-mit-36v-13ah-akku-bis-zu-80-100km-shimano-7-gang-250w-motor25km-h-milecity1","status":"publish","type":"product","link":"https:\/\/radwerk-north.de\/de\/product\/hillmiles-e-bike-city-e-bike-e-hollandrad-mit-36v-13ah-akku-bis-zu-80-100km-shimano-7-gang-250w-motor25km-h-milecity1\/","title":{"rendered":"HillMiles E Bike, City E-Bike &#038; E-Hollandrad mit 36V 13Ah Akku bis zu 80-100km, SHIMANO 7-Gang, 250W Motor&#038;25km\/h, MileCity1"},"content":{"rendered":"<p>Wichtigste Infos auf einen Blick<br \/>\nMit dem langlebigen 36V 13Ah Akku und dem leistungsstarken 250W Motor bist du bereit f\u00fcr lange Fahrten von bis zu 100 km und erreichst m\u00fchelos 25 km\/h! \ud83d\ude80<br \/>\nDank des SHIMANO 7-Gang-Getriebes und 5 Fahrmodi findest du immer den perfekten Rhythmus. Die Vorderradgabel mit Sto\u00dfd\u00e4mpfern sorgt f\u00fcr eine angenehme Fahrt, und der verstellbare Sitz passt sich dir optimal an (155-200cm). \u2728<br \/>\nF\u00fcr deine t\u00e4glichen Wege ist das E-Bike super ausgestattet: Mit hellen LED-Scheinwerfern, einem praktischen Gep\u00e4cktr\u00e4ger (bis 25kg) und einem \u00fcbersichtlichen LCD-Display bist du bestens ger\u00fcstet. Der Akku ist zudem wasserdicht (IP65) und mit Schl\u00fcssel abschlie\u00dfbar f\u00fcr mehr Sicherheit! \ud83c\udfd9\ufe0f<br \/>\nDer stabile Rahmen aus Kohlenstoffstahl tr\u00e4gt bis zu 120 kg und die zuverl\u00e4ssigen Scheibenbremsen sorgen f\u00fcr deine Sicherheit auf jeder Fahrt. \ud83d\udcaa<br \/>\nKI-generiert auf Basis der Produktbeschreibung<\/p>\n","protected":false},"excerpt":{"rendered":"<p>Wichtigste Infos auf einen Blick Mit dem langlebigen 36V 13Ah Akku und dem leistungsstarken 250W Motor bist du bereit f\u00fcr lange Fahrten von bis zu 100 km und erreichst m\u00fchelos 25 km\/h! \ud83d\ude80 Dank des SHIMANO 7-Gang-Getriebes und 5 Fahrmodi findest du immer den perfekten Rhythmus. Die Vorderradgabel mit Sto\u00dfd\u00e4mpfern sorgt f\u00fcr eine angenehme Fahrt, und der verstellbare Sitz passt sich dir optimal an (155-200cm). \u2728 F\u00fcr deine t\u00e4glichen Wege ist das E-Bike super ausgestattet: Mit hellen LED-Scheinwerfern, einem praktischen Gep\u00e4cktr\u00e4ger (bis 25kg) und einem \u00fcbersichtlichen LCD-Display bist du bestens ger\u00fcstet. Der Akku ist zudem wasserdicht (IP65) und mit Schl\u00fcssel abschlie\u00dfbar f\u00fcr mehr Sicherheit! \ud83c\udfd9\ufe0f Der stabile Rahmen aus Kohlenstoffstahl tr\u00e4gt bis zu 120 kg und die zuverl\u00e4ssigen Scheibenbremsen sorgen f\u00fcr deine Sicherheit auf jeder Fahrt. \ud83d\udcaa KI-generiert auf Basis der Produktbeschreibung<\/p>\n","protected":false},"featured_media":6332,"comment_status":"open","ping_status":"closed","template":"","meta":[],"product_brand":[],"product_cat":[70],"product_tag":[],"class_list":{"0":"post-6331","1":"product","2":"type-product","3":"status-publish","4":"has-post-thumbnail","6":"product_cat-velo-electrique","8":"first","9":"instock","10":"sale","11":"featured","12":"shipping-taxable","13":"purchasable","14":"product-type-simple"},"yoast_head":"<!-- This site is optimized with the Yoast SEO Premium plugin v26.2 (Yoast SEO v26.7) - https:\/\/yoast.com\/wordpress\/plugins\/seo\/ -->\n<title>HillMiles E Bike, City E-Bike &amp; E-Hollandrad mit 36V 13Ah Akku bis zu 80-100km, SHIMANO 7-Gang, 250W Motor&amp;25km\/h, MileCity1 - RadWerk Nord<\/title>\n<meta name=\"robots\" content=\"index, follow, max-snippet:-1, max-image-preview:large, max-video-preview:-1\" \/>\n<link rel=\"canonical\" href=\"https:\/\/radwerk-north.de\/de\/product\/hillmiles-e-bike-city-e-bike-e-hollandrad-mit-36v-13ah-akku-bis-zu-80-100km-shimano-7-gang-250w-motor25km-h-milecity1\/\" \/>\n<meta property=\"og:locale\" content=\"de_DE\" \/>\n<meta property=\"og:type\" content=\"article\" \/>\n<meta property=\"og:title\" content=\"HillMiles E Bike, City E-Bike &amp; E-Hollandrad mit 36V 13Ah Akku bis zu 80-100km, SHIMANO 7-Gang, 250W Motor&amp;25km\/h, MileCity1\" \/>\n<meta property=\"og:description\" content=\"Wichtigste Infos auf einen Blick Mit dem langlebigen 36V 13Ah Akku und dem leistungsstarken 250W Motor bist du bereit f\u00fcr lange Fahrten von bis zu 100 km und erreichst m\u00fchelos 25 km\/h! \ud83d\ude80 Dank des SHIMANO 7-Gang-Getriebes und 5 Fahrmodi findest du immer den perfekten Rhythmus. Die Vorderradgabel mit Sto\u00dfd\u00e4mpfern sorgt f\u00fcr eine angenehme Fahrt, und der verstellbare Sitz passt sich dir optimal an (155-200cm). \u2728 F\u00fcr deine t\u00e4glichen Wege ist das E-Bike super ausgestattet: Mit hellen LED-Scheinwerfern, einem praktischen Gep\u00e4cktr\u00e4ger (bis 25kg) und einem \u00fcbersichtlichen LCD-Display bist du bestens ger\u00fcstet. Der Akku ist zudem wasserdicht (IP65) und mit Schl\u00fcssel abschlie\u00dfbar f\u00fcr mehr Sicherheit! \ud83c\udfd9\ufe0f Der stabile Rahmen aus Kohlenstoffstahl tr\u00e4gt bis zu 120 kg und die zuverl\u00e4ssigen Scheibenbremsen sorgen f\u00fcr deine Sicherheit auf jeder Fahrt. \ud83d\udcaa KI-generiert auf Basis der Produktbeschreibung\" \/>\n<meta property=\"og:url\" content=\"https:\/\/radwerk-north.de\/de\/product\/hillmiles-e-bike-city-e-bike-e-hollandrad-mit-36v-13ah-akku-bis-zu-80-100km-shimano-7-gang-250w-motor25km-h-milecity1\/\" \/>\n<meta property=\"og:site_name\" content=\"RadWerk Nord\" \/>\n<meta property=\"article:modified_time\" content=\"2026-01-11T15:55:10+00:00\" \/>\n<meta property=\"og:image\" content=\"https:\/\/radwerk-north.de\/wp-content\/uploads\/2025\/12\/HillMiles-E-Bike.webp\" \/>\n\t<meta property=\"og:image:width\" content=\"1024\" \/>\n\t<meta property=\"og:image:height\" content=\"893\" \/>\n\t<meta property=\"og:image:type\" content=\"image\/webp\" \/>\n<meta name=\"twitter:card\" content=\"summary_large_image\" \/>\n<meta name=\"twitter:label1\" content=\"Preis\" \/>\n\t<meta name=\"twitter:data1\" content=\"470,00&nbsp;&euro;\" \/>\n\t<meta name=\"twitter:label2\" content=\"Verf\u00fcgbarkeit\" \/>\n\t<meta name=\"twitter:data2\" content=\"Auf Lager\" \/>\n<script type=\"application\/ld+json\" class=\"yoast-schema-graph\">{\"@context\":\"https:\/\/schema.org\",\"@graph\":[{\"@type\":\"WebPage\",\"@id\":\"https:\/\/radwerk-north.de\/product\/hillmiles-e-bike-city-e-bike-e-hollandrad-mit-36v-13ah-akku-bis-zu-80-100km-shimano-7-gang-250w-motor25km-h-milecity1\/\",\"url\":\"https:\/\/radwerk-north.de\/product\/hillmiles-e-bike-city-e-bike-e-hollandrad-mit-36v-13ah-akku-bis-zu-80-100km-shimano-7-gang-250w-motor25km-h-milecity1\/\",\"name\":\"HillMiles E Bike, City E-Bike & E-Hollandrad mit 36V 13Ah Akku bis zu 80-100km, SHIMANO 7-Gang, 250W Motor&25km\/h, MileCity1 - RadWerk Nord\",\"isPartOf\":{\"@id\":\"https:\/\/radwerk-north.de\/#website\"},\"primaryImageOfPage\":{\"@id\":\"https:\/\/radwerk-north.de\/product\/hillmiles-e-bike-city-e-bike-e-hollandrad-mit-36v-13ah-akku-bis-zu-80-100km-shimano-7-gang-250w-motor25km-h-milecity1\/#primaryimage\"},\"image\":{\"@id\":\"https:\/\/radwerk-north.de\/product\/hillmiles-e-bike-city-e-bike-e-hollandrad-mit-36v-13ah-akku-bis-zu-80-100km-shimano-7-gang-250w-motor25km-h-milecity1\/#primaryimage\"},\"thumbnailUrl\":\"https:\/\/radwerk-north.de\/wp-content\/uploads\/2025\/12\/HillMiles-E-Bike.webp\",\"datePublished\":\"2025-12-09T09:17:07+00:00\",\"dateModified\":\"2026-01-11T15:55:10+00:00\",\"breadcrumb\":{\"@id\":\"https:\/\/radwerk-north.de\/product\/hillmiles-e-bike-city-e-bike-e-hollandrad-mit-36v-13ah-akku-bis-zu-80-100km-shimano-7-gang-250w-motor25km-h-milecity1\/#breadcrumb\"},\"inLanguage\":\"de\",\"potentialAction\":[{\"@type\":\"ReadAction\",\"target\":[\"https:\/\/radwerk-north.de\/product\/hillmiles-e-bike-city-e-bike-e-hollandrad-mit-36v-13ah-akku-bis-zu-80-100km-shimano-7-gang-250w-motor25km-h-milecity1\/\"]}]},{\"@type\":\"ImageObject\",\"inLanguage\":\"de\",\"@id\":\"https:\/\/radwerk-north.de\/product\/hillmiles-e-bike-city-e-bike-e-hollandrad-mit-36v-13ah-akku-bis-zu-80-100km-shimano-7-gang-250w-motor25km-h-milecity1\/#primaryimage\",\"url\":\"https:\/\/radwerk-north.de\/wp-content\/uploads\/2025\/12\/HillMiles-E-Bike.webp\",\"contentUrl\":\"https:\/\/radwerk-north.de\/wp-content\/uploads\/2025\/12\/HillMiles-E-Bike.webp\",\"width\":1024,\"height\":893},{\"@type\":\"BreadcrumbList\",\"@id\":\"https:\/\/radwerk-north.de\/product\/hillmiles-e-bike-city-e-bike-e-hollandrad-mit-36v-13ah-akku-bis-zu-80-100km-shimano-7-gang-250w-motor25km-h-milecity1\/#breadcrumb\",\"itemListElement\":[{\"@type\":\"ListItem\",\"position\":1,\"name\":\"Home\",\"item\":\"https:\/\/radwerk-north.de\/\"},{\"@type\":\"ListItem\",\"position\":2,\"name\":\"Products\",\"item\":\"https:\/\/radwerk-north.de\/shop\/\"},{\"@type\":\"ListItem\",\"position\":3,\"name\":\"HillMiles E Bike, City E-Bike &#038; E-Hollandrad mit 36V 13Ah Akku bis zu 80-100km, SHIMANO 7-Gang, 250W Motor&#038;25km\/h, MileCity1\"}]},{\"@type\":\"WebSite\",\"@id\":\"https:\/\/radwerk-north.de\/#website\",\"url\":\"https:\/\/radwerk-north.de\/\",\"name\":\"RadWerk Nord\",\"description\":\"Mobilit\u00e4t neu gedacht.\",\"publisher\":{\"@id\":\"https:\/\/radwerk-north.de\/#organization\"},\"potentialAction\":[{\"@type\":\"SearchAction\",\"target\":{\"@type\":\"EntryPoint\",\"urlTemplate\":\"https:\/\/radwerk-north.de\/?s={search_term_string}\"},\"query-input\":{\"@type\":\"PropertyValueSpecification\",\"valueRequired\":true,\"valueName\":\"search_term_string\"}}],\"inLanguage\":\"de\"},{\"@type\":\"Organization\",\"@id\":\"https:\/\/radwerk-north.de\/#organization\",\"name\":\"RadWerk Nord\",\"url\":\"https:\/\/radwerk-north.de\/\",\"logo\":{\"@type\":\"ImageObject\",\"inLanguage\":\"de\",\"@id\":\"https:\/\/radwerk-north.de\/#\/schema\/logo\/image\/\",\"url\":\"https:\/\/radwerk-north.de\/wp-content\/uploads\/2025\/12\/cropped-Video_Screen1766523928533-removebg-preview.png\",\"contentUrl\":\"https:\/\/radwerk-north.de\/wp-content\/uploads\/2025\/12\/cropped-Video_Screen1766523928533-removebg-preview.png\",\"width\":745,\"height\":294,\"caption\":\"RadWerk Nord\"},\"image\":{\"@id\":\"https:\/\/radwerk-north.de\/#\/schema\/logo\/image\/\"}}]}<\/script>\n<meta property=\"product:price:amount\" content=\"470.00\" \/>\n<meta property=\"product:price:currency\" content=\"EUR\" \/>\n<meta property=\"og:availability\" content=\"instock\" \/>\n<meta property=\"product:availability\" content=\"instock\" \/>\n<meta property=\"product:retailer_item_id\" content=\"RDNR1HQN6331\" \/>\n<meta property=\"product:condition\" content=\"new\" \/>\n<!-- \/ Yoast SEO Premium plugin. -->","yoast_head_json":{"title":"HillMiles E Bike, City E-Bike & E-Hollandrad mit 36V 13Ah Akku bis zu 80-100km, SHIMANO 7-Gang, 250W Motor&25km\/h, MileCity1 - RadWerk Nord","robots":{"index":"index","follow":"follow","max-snippet":"max-snippet:-1","max-image-preview":"max-image-preview:large","max-video-preview":"max-video-preview:-1"},"canonical":"https:\/\/radwerk-north.de\/de\/product\/hillmiles-e-bike-city-e-bike-e-hollandrad-mit-36v-13ah-akku-bis-zu-80-100km-shimano-7-gang-250w-motor25km-h-milecity1\/","og_locale":"de_DE","og_type":"article","og_title":"HillMiles E Bike, City E-Bike & E-Hollandrad mit 36V 13Ah Akku bis zu 80-100km, SHIMANO 7-Gang, 250W Motor&25km\/h, MileCity1","og_description":"Wichtigste Infos auf einen Blick Mit dem langlebigen 36V 13Ah Akku und dem leistungsstarken 250W Motor bist du bereit f\u00fcr lange Fahrten von bis zu 100 km und erreichst m\u00fchelos 25 km\/h! \ud83d\ude80 Dank des SHIMANO 7-Gang-Getriebes und 5 Fahrmodi findest du immer den perfekten Rhythmus. Die Vorderradgabel mit Sto\u00dfd\u00e4mpfern sorgt f\u00fcr eine angenehme Fahrt, und der verstellbare Sitz passt sich dir optimal an (155-200cm). \u2728 F\u00fcr deine t\u00e4glichen Wege ist das E-Bike super ausgestattet: Mit hellen LED-Scheinwerfern, einem praktischen Gep\u00e4cktr\u00e4ger (bis 25kg) und einem \u00fcbersichtlichen LCD-Display bist du bestens ger\u00fcstet. Der Akku ist zudem wasserdicht (IP65) und mit Schl\u00fcssel abschlie\u00dfbar f\u00fcr mehr Sicherheit! \ud83c\udfd9\ufe0f Der stabile Rahmen aus Kohlenstoffstahl tr\u00e4gt bis zu 120 kg und die zuverl\u00e4ssigen Scheibenbremsen sorgen f\u00fcr deine Sicherheit auf jeder Fahrt. \ud83d\udcaa KI-generiert auf Basis der Produktbeschreibung","og_url":"https:\/\/radwerk-north.de\/de\/product\/hillmiles-e-bike-city-e-bike-e-hollandrad-mit-36v-13ah-akku-bis-zu-80-100km-shimano-7-gang-250w-motor25km-h-milecity1\/","og_site_name":"RadWerk Nord","article_modified_time":"2026-01-11T15:55:10+00:00","og_image":[{"width":1024,"height":893,"url":"https:\/\/radwerk-north.de\/wp-content\/uploads\/2025\/12\/HillMiles-E-Bike.webp","type":"image\/webp"}],"twitter_card":"summary_large_image","twitter_misc":{"Preis":"470,00&nbsp;&euro;","Verf\u00fcgbarkeit":"Auf Lager"},"schema":{"@context":"https:\/\/schema.org","@graph":[{"@type":"WebPage","@id":"https:\/\/radwerk-north.de\/product\/hillmiles-e-bike-city-e-bike-e-hollandrad-mit-36v-13ah-akku-bis-zu-80-100km-shimano-7-gang-250w-motor25km-h-milecity1\/","url":"https:\/\/radwerk-north.de\/product\/hillmiles-e-bike-city-e-bike-e-hollandrad-mit-36v-13ah-akku-bis-zu-80-100km-shimano-7-gang-250w-motor25km-h-milecity1\/","name":"HillMiles E Bike, City E-Bike & E-Hollandrad mit 36V 13Ah Akku bis zu 80-100km, SHIMANO 7-Gang, 250W Motor&25km\/h, MileCity1 - RadWerk Nord","isPartOf":{"@id":"https:\/\/radwerk-north.de\/#website"},"primaryImageOfPage":{"@id":"https:\/\/radwerk-north.de\/product\/hillmiles-e-bike-city-e-bike-e-hollandrad-mit-36v-13ah-akku-bis-zu-80-100km-shimano-7-gang-250w-motor25km-h-milecity1\/#primaryimage"},"image":{"@id":"https:\/\/radwerk-north.de\/product\/hillmiles-e-bike-city-e-bike-e-hollandrad-mit-36v-13ah-akku-bis-zu-80-100km-shimano-7-gang-250w-motor25km-h-milecity1\/#primaryimage"},"thumbnailUrl":"https:\/\/radwerk-north.de\/wp-content\/uploads\/2025\/12\/HillMiles-E-Bike.webp","datePublished":"2025-12-09T09:17:07+00:00","dateModified":"2026-01-11T15:55:10+00:00","breadcrumb":{"@id":"https:\/\/radwerk-north.de\/product\/hillmiles-e-bike-city-e-bike-e-hollandrad-mit-36v-13ah-akku-bis-zu-80-100km-shimano-7-gang-250w-motor25km-h-milecity1\/#breadcrumb"},"inLanguage":"de","potentialAction":[{"@type":"ReadAction","target":["https:\/\/radwerk-north.de\/product\/hillmiles-e-bike-city-e-bike-e-hollandrad-mit-36v-13ah-akku-bis-zu-80-100km-shimano-7-gang-250w-motor25km-h-milecity1\/"]}]},{"@type":"ImageObject","inLanguage":"de","@id":"https:\/\/radwerk-north.de\/product\/hillmiles-e-bike-city-e-bike-e-hollandrad-mit-36v-13ah-akku-bis-zu-80-100km-shimano-7-gang-250w-motor25km-h-milecity1\/#primaryimage","url":"https:\/\/radwerk-north.de\/wp-content\/uploads\/2025\/12\/HillMiles-E-Bike.webp","contentUrl":"https:\/\/radwerk-north.de\/wp-content\/uploads\/2025\/12\/HillMiles-E-Bike.webp","width":1024,"height":893},{"@type":"BreadcrumbList","@id":"https:\/\/radwerk-north.de\/product\/hillmiles-e-bike-city-e-bike-e-hollandrad-mit-36v-13ah-akku-bis-zu-80-100km-shimano-7-gang-250w-motor25km-h-milecity1\/#breadcrumb","itemListElement":[{"@type":"ListItem","position":1,"name":"Home","item":"https:\/\/radwerk-north.de\/"},{"@type":"ListItem","position":2,"name":"Products","item":"https:\/\/radwerk-north.de\/shop\/"},{"@type":"ListItem","position":3,"name":"HillMiles E Bike, City E-Bike &#038; E-Hollandrad mit 36V 13Ah Akku bis zu 80-100km, SHIMANO 7-Gang, 250W Motor&#038;25km\/h, MileCity1"}]},{"@type":"WebSite","@id":"https:\/\/radwerk-north.de\/#website","url":"https:\/\/radwerk-north.de\/","name":"RadWerk Nord","description":"Mobilit\u00e4t neu gedacht.","publisher":{"@id":"https:\/\/radwerk-north.de\/#organization"},"potentialAction":[{"@type":"SearchAction","target":{"@type":"EntryPoint","urlTemplate":"https:\/\/radwerk-north.de\/?s={search_term_string}"},"query-input":{"@type":"PropertyValueSpecification","valueRequired":true,"valueName":"search_term_string"}}],"inLanguage":"de"},{"@type":"Organization","@id":"https:\/\/radwerk-north.de\/#organization","name":"RadWerk Nord","url":"https:\/\/radwerk-north.de\/","logo":{"@type":"ImageObject","inLanguage":"de","@id":"https:\/\/radwerk-north.de\/#\/schema\/logo\/image\/","url":"https:\/\/radwerk-north.de\/wp-content\/uploads\/2025\/12\/cropped-Video_Screen1766523928533-removebg-preview.png","contentUrl":"https:\/\/radwerk-north.de\/wp-content\/uploads\/2025\/12\/cropped-Video_Screen1766523928533-removebg-preview.png","width":745,"height":294,"caption":"RadWerk Nord"},"image":{"@id":"https:\/\/radwerk-north.de\/#\/schema\/logo\/image\/"}}]},"product_price_amount":"470.00","product_price_currency":"EUR","og_availability":"instock","product_availability":"instock","product_retailer_item_id":"RDNR1HQN6331","product_condition":"new"},"acf":[],"_links":{"self":[{"href":"https:\/\/radwerk-north.de\/de\/wp-json\/wp\/v2\/product\/6331","targetHints":{"allow":["GET"]}}],"collection":[{"href":"https:\/\/radwerk-north.de\/de\/wp-json\/wp\/v2\/product"}],"about":[{"href":"https:\/\/radwerk-north.de\/de\/wp-json\/wp\/v2\/types\/product"}],"replies":[{"embeddable":true,"href":"https:\/\/radwerk-north.de\/de\/wp-json\/wp\/v2\/comments?post=6331"}],"wp:featuredmedia":[{"embeddable":true,"href":"https:\/\/radwerk-north.de\/de\/wp-json\/wp\/v2\/media\/6332"}],"wp:attachment":[{"href":"https:\/\/radwerk-north.de\/de\/wp-json\/wp\/v2\/media?parent=6331"}],"wp:term":[{"taxonomy":"product_brand","embeddable":true,"href":"https:\/\/radwerk-north.de\/de\/wp-json\/wp\/v2\/product_brand?post=6331"},{"taxonomy":"product_cat","embeddable":true,"href":"https:\/\/radwerk-north.de\/de\/wp-json\/wp\/v2\/product_cat?post=6331"},{"taxonomy":"product_tag","embeddable":true,"href":"https:\/\/radwerk-north.de\/de\/wp-json\/wp\/v2\/product_tag?post=6331"}],"curies":[{"name":"wp","href":"https:\/\/api.w.org\/{rel}","templated":true}]}}