{"id":6249,"date":"2025-11-25T19:37:52","date_gmt":"2025-11-25T19:37:52","guid":{"rendered":"https:\/\/radwerk-north.de\/?post_type=product&#038;p=6249"},"modified":"2025-11-25T19:37:53","modified_gmt":"2025-11-25T19:37:53","slug":"red-loon-lastenfahrradanhanger","status":"publish","type":"product","link":"https:\/\/radwerk-north.de\/de\/product\/red-loon-lastenfahrradanhanger\/","title":{"rendered":"Red Loon Lastenfahrradanh\u00e4nger"},"content":{"rendered":"<p>Dieser Fahrradanh\u00e4nger zeichnet sich durch seine Robustheit, vor allem aber durch sein gro\u00dfes Fassungsverm\u00f6gen und sein extrem geringes Gewicht aus. Dank des einfach zu montierenden und demontierbaren, klappbaren Gep\u00e4ckrahmens erh\u00f6ht sich das Ladevolumen auf ca. 144 Liter.<\/p>\n<p>Grundausstattung:<br \/>\nFahrradanh\u00e4nger komplett aus Aluminium<br \/>\n&#8211; Stabiler Aluminium-Gep\u00e4ckkasten<br \/>\n&#8211; Aluminiumrahmen<br \/>\n&#8211; Aluminiumfelgen<br \/>\nExtrem leicht<br \/>\n20-Zoll-R\u00e4der mit Kugellagern<br \/>\nZugstange mit Sicherheits-Drehkupplung<br \/>\nBefestigung am Hinterrad des Fahrrads<br \/>\nZus\u00e4tzliche Sicherung durch Karabiner<br \/>\nEinfacher Wechsel dank praktischem Verriegelungsmechanismus<br \/>\nStandardkupplung<br \/>\nInklusive Regenschutz (verst\u00e4rkte Seitenw\u00e4nde)<\/p>\n","protected":false},"excerpt":{"rendered":"<p>Aufbau f\u00fcr Laderaum:<br \/>\nBodenverl\u00e4ngerung f\u00fcr ein Gesamtvolumen von ca. 144 Litern<br \/>\nWird in die vorhandenen seitlichen Aufnahmen eingesetzt und befestigt<br \/>\nAluminiumrahmen<br \/>\nRahmen ist klappbar<br \/>\nErweitert und sichert den Laderaum<\/p>\n<p>Technische Daten:<br \/>\nGesamtabmessungen: ca. 58 x 86 x 127 cm (H x B x T)<br \/>\nInnenabmessungen des Laderaums: 66,5 x 55,5 x 13 cm (L x B x H)<br \/>\nH\u00f6he des Aufbaus: 26 cm (Gesamth\u00f6he Laderaum + Aufbau: 39 cm)<br \/>\nAbmessungen der Abdeckung: 74,5 x 62 x 26 cm (L x B x H)<br \/>\nGewicht: ca. 8,5 kg (ohne Regenschutz)<br \/>\nMaximales Volumen: 144 Liter<\/p>\n<p>2.<\/p>\n<p>Fahrradanh\u00e4nger komplett aus Aluminium<br \/>\nMaximales Volumen: 144 Liter<br \/>\nInklusive Regenschutz (verst\u00e4rkte Seitenw\u00e4nde)<br \/>\nGewicht: ca. 8,5 kg (ohne Regenschutz)<br \/>\nExtrem leicht<br \/>\nHersteller: Red Loon<br \/>\nGewicht: 8,5 kg<br \/>\nEAN-Code: 4251017969521<br \/>\nHerstellernummer: RB-T4<\/p>\n","protected":false},"featured_media":6250,"comment_status":"open","ping_status":"closed","template":"","meta":[],"product_brand":[],"product_cat":[74],"product_tag":[],"class_list":{"0":"post-6249","1":"product","2":"type-product","3":"status-publish","4":"has-post-thumbnail","6":"product_cat-accessoires","8":"first","9":"instock","10":"shipping-taxable","11":"purchasable","12":"product-type-simple"},"yoast_head":"<!-- This site is optimized with the Yoast SEO Premium plugin v26.2 (Yoast SEO v26.7) - https:\/\/yoast.com\/wordpress\/plugins\/seo\/ -->\n<title>Red Loon Lastenfahrradanh\u00e4nger - RadWerk Nord<\/title>\n<meta name=\"robots\" content=\"index, follow, max-snippet:-1, max-image-preview:large, max-video-preview:-1\" \/>\n<link rel=\"canonical\" href=\"https:\/\/radwerk-north.de\/de\/product\/red-loon-lastenfahrradanhanger\/\" \/>\n<meta property=\"og:locale\" content=\"de_DE\" \/>\n<meta property=\"og:type\" content=\"article\" \/>\n<meta property=\"og:title\" content=\"Red Loon Lastenfahrradanh\u00e4nger\" \/>\n<meta property=\"og:description\" content=\"Aufbau f\u00fcr Laderaum: Bodenverl\u00e4ngerung f\u00fcr ein Gesamtvolumen von ca. 144 Litern Wird in die vorhandenen seitlichen Aufnahmen eingesetzt und befestigt Aluminiumrahmen Rahmen ist klappbar Erweitert und sichert den Laderaum  Technische Daten: Gesamtabmessungen: ca. 58 x 86 x 127 cm (H x B x T) Innenabmessungen des Laderaums: 66,5 x 55,5 x 13 cm (L x B x H) H\u00f6he des Aufbaus: 26 cm (Gesamth\u00f6he Laderaum + Aufbau: 39 cm) Abmessungen der Abdeckung: 74,5 x 62 x 26 cm (L x B x H) Gewicht: ca. 8,5 kg (ohne Regenschutz) Maximales Volumen: 144 Liter  2.  Fahrradanh\u00e4nger komplett aus Aluminium Maximales Volumen: 144 Liter Inklusive Regenschutz (verst\u00e4rkte Seitenw\u00e4nde) Gewicht: ca. 8,5 kg (ohne Regenschutz) Extrem leicht Hersteller: Red Loon Gewicht: 8,5 kg EAN-Code: 4251017969521 Herstellernummer: RB-T4\" \/>\n<meta property=\"og:url\" content=\"https:\/\/radwerk-north.de\/de\/product\/red-loon-lastenfahrradanhanger\/\" \/>\n<meta property=\"og:site_name\" content=\"RadWerk Nord\" \/>\n<meta property=\"article:modified_time\" content=\"2025-11-25T19:37:53+00:00\" \/>\n<meta property=\"og:image\" content=\"https:\/\/radwerk-north.de\/wp-content\/uploads\/2025\/11\/1-24.webp\" \/>\n\t<meta property=\"og:image:width\" content=\"1024\" \/>\n\t<meta property=\"og:image:height\" content=\"877\" \/>\n\t<meta property=\"og:image:type\" content=\"image\/webp\" \/>\n<meta name=\"twitter:card\" content=\"summary_large_image\" \/>\n<meta name=\"twitter:label1\" content=\"Preis\" \/>\n\t<meta name=\"twitter:data1\" content=\"310,00&nbsp;&euro;\" \/>\n\t<meta name=\"twitter:label2\" content=\"Verf\u00fcgbarkeit\" \/>\n\t<meta name=\"twitter:data2\" content=\"Auf Lager\" \/>\n<script type=\"application\/ld+json\" class=\"yoast-schema-graph\">{\"@context\":\"https:\/\/schema.org\",\"@graph\":[{\"@type\":\"WebPage\",\"@id\":\"https:\/\/radwerk-north.de\/product\/red-loon-lastenfahrradanhanger\/\",\"url\":\"https:\/\/radwerk-north.de\/product\/red-loon-lastenfahrradanhanger\/\",\"name\":\"Red Loon Lastenfahrradanh\u00e4nger - RadWerk Nord\",\"isPartOf\":{\"@id\":\"https:\/\/radwerk-north.de\/#website\"},\"primaryImageOfPage\":{\"@id\":\"https:\/\/radwerk-north.de\/product\/red-loon-lastenfahrradanhanger\/#primaryimage\"},\"image\":{\"@id\":\"https:\/\/radwerk-north.de\/product\/red-loon-lastenfahrradanhanger\/#primaryimage\"},\"thumbnailUrl\":\"https:\/\/radwerk-north.de\/wp-content\/uploads\/2025\/11\/1-24.webp\",\"datePublished\":\"2025-11-25T19:37:52+00:00\",\"dateModified\":\"2025-11-25T19:37:53+00:00\",\"breadcrumb\":{\"@id\":\"https:\/\/radwerk-north.de\/product\/red-loon-lastenfahrradanhanger\/#breadcrumb\"},\"inLanguage\":\"de\",\"potentialAction\":[{\"@type\":\"ReadAction\",\"target\":[\"https:\/\/radwerk-north.de\/product\/red-loon-lastenfahrradanhanger\/\"]}]},{\"@type\":\"ImageObject\",\"inLanguage\":\"de\",\"@id\":\"https:\/\/radwerk-north.de\/product\/red-loon-lastenfahrradanhanger\/#primaryimage\",\"url\":\"https:\/\/radwerk-north.de\/wp-content\/uploads\/2025\/11\/1-24.webp\",\"contentUrl\":\"https:\/\/radwerk-north.de\/wp-content\/uploads\/2025\/11\/1-24.webp\",\"width\":1024,\"height\":877},{\"@type\":\"BreadcrumbList\",\"@id\":\"https:\/\/radwerk-north.de\/product\/red-loon-lastenfahrradanhanger\/#breadcrumb\",\"itemListElement\":[{\"@type\":\"ListItem\",\"position\":1,\"name\":\"Home\",\"item\":\"https:\/\/radwerk-north.de\/\"},{\"@type\":\"ListItem\",\"position\":2,\"name\":\"Products\",\"item\":\"https:\/\/radwerk-north.de\/shop\/\"},{\"@type\":\"ListItem\",\"position\":3,\"name\":\"Red Loon Lastenfahrradanh\u00e4nger\"}]},{\"@type\":\"WebSite\",\"@id\":\"https:\/\/radwerk-north.de\/#website\",\"url\":\"https:\/\/radwerk-north.de\/\",\"name\":\"RadWerk Nord\",\"description\":\"Mobilit\u00e4t neu gedacht.\",\"publisher\":{\"@id\":\"https:\/\/radwerk-north.de\/#organization\"},\"potentialAction\":[{\"@type\":\"SearchAction\",\"target\":{\"@type\":\"EntryPoint\",\"urlTemplate\":\"https:\/\/radwerk-north.de\/?s={search_term_string}\"},\"query-input\":{\"@type\":\"PropertyValueSpecification\",\"valueRequired\":true,\"valueName\":\"search_term_string\"}}],\"inLanguage\":\"de\"},{\"@type\":\"Organization\",\"@id\":\"https:\/\/radwerk-north.de\/#organization\",\"name\":\"RadWerk Nord\",\"url\":\"https:\/\/radwerk-north.de\/\",\"logo\":{\"@type\":\"ImageObject\",\"inLanguage\":\"de\",\"@id\":\"https:\/\/radwerk-north.de\/#\/schema\/logo\/image\/\",\"url\":\"https:\/\/radwerk-north.de\/wp-content\/uploads\/2025\/12\/cropped-Video_Screen1766523928533-removebg-preview.png\",\"contentUrl\":\"https:\/\/radwerk-north.de\/wp-content\/uploads\/2025\/12\/cropped-Video_Screen1766523928533-removebg-preview.png\",\"width\":745,\"height\":294,\"caption\":\"RadWerk Nord\"},\"image\":{\"@id\":\"https:\/\/radwerk-north.de\/#\/schema\/logo\/image\/\"}}]}<\/script>\n<meta property=\"product:price:amount\" content=\"310.00\" \/>\n<meta property=\"product:price:currency\" content=\"EUR\" \/>\n<meta property=\"og:availability\" content=\"instock\" \/>\n<meta property=\"product:availability\" content=\"instock\" \/>\n<meta property=\"product:retailer_item_id\" content=\"RDN96U216249\" \/>\n<meta property=\"product:condition\" content=\"new\" \/>\n<!-- \/ Yoast SEO Premium plugin. -->","yoast_head_json":{"title":"Red Loon Lastenfahrradanh\u00e4nger - RadWerk Nord","robots":{"index":"index","follow":"follow","max-snippet":"max-snippet:-1","max-image-preview":"max-image-preview:large","max-video-preview":"max-video-preview:-1"},"canonical":"https:\/\/radwerk-north.de\/de\/product\/red-loon-lastenfahrradanhanger\/","og_locale":"de_DE","og_type":"article","og_title":"Red Loon Lastenfahrradanh\u00e4nger","og_description":"Aufbau f\u00fcr Laderaum: Bodenverl\u00e4ngerung f\u00fcr ein Gesamtvolumen von ca. 144 Litern Wird in die vorhandenen seitlichen Aufnahmen eingesetzt und befestigt Aluminiumrahmen Rahmen ist klappbar Erweitert und sichert den Laderaum  Technische Daten: Gesamtabmessungen: ca. 58 x 86 x 127 cm (H x B x T) Innenabmessungen des Laderaums: 66,5 x 55,5 x 13 cm (L x B x H) H\u00f6he des Aufbaus: 26 cm (Gesamth\u00f6he Laderaum + Aufbau: 39 cm) Abmessungen der Abdeckung: 74,5 x 62 x 26 cm (L x B x H) Gewicht: ca. 8,5 kg (ohne Regenschutz) Maximales Volumen: 144 Liter  2.  Fahrradanh\u00e4nger komplett aus Aluminium Maximales Volumen: 144 Liter Inklusive Regenschutz (verst\u00e4rkte Seitenw\u00e4nde) Gewicht: ca. 8,5 kg (ohne Regenschutz) Extrem leicht Hersteller: Red Loon Gewicht: 8,5 kg EAN-Code: 4251017969521 Herstellernummer: RB-T4","og_url":"https:\/\/radwerk-north.de\/de\/product\/red-loon-lastenfahrradanhanger\/","og_site_name":"RadWerk Nord","article_modified_time":"2025-11-25T19:37:53+00:00","og_image":[{"width":1024,"height":877,"url":"https:\/\/radwerk-north.de\/wp-content\/uploads\/2025\/11\/1-24.webp","type":"image\/webp"}],"twitter_card":"summary_large_image","twitter_misc":{"Preis":"310,00&nbsp;&euro;","Verf\u00fcgbarkeit":"Auf Lager"},"schema":{"@context":"https:\/\/schema.org","@graph":[{"@type":"WebPage","@id":"https:\/\/radwerk-north.de\/product\/red-loon-lastenfahrradanhanger\/","url":"https:\/\/radwerk-north.de\/product\/red-loon-lastenfahrradanhanger\/","name":"Red Loon Lastenfahrradanh\u00e4nger - RadWerk Nord","isPartOf":{"@id":"https:\/\/radwerk-north.de\/#website"},"primaryImageOfPage":{"@id":"https:\/\/radwerk-north.de\/product\/red-loon-lastenfahrradanhanger\/#primaryimage"},"image":{"@id":"https:\/\/radwerk-north.de\/product\/red-loon-lastenfahrradanhanger\/#primaryimage"},"thumbnailUrl":"https:\/\/radwerk-north.de\/wp-content\/uploads\/2025\/11\/1-24.webp","datePublished":"2025-11-25T19:37:52+00:00","dateModified":"2025-11-25T19:37:53+00:00","breadcrumb":{"@id":"https:\/\/radwerk-north.de\/product\/red-loon-lastenfahrradanhanger\/#breadcrumb"},"inLanguage":"de","potentialAction":[{"@type":"ReadAction","target":["https:\/\/radwerk-north.de\/product\/red-loon-lastenfahrradanhanger\/"]}]},{"@type":"ImageObject","inLanguage":"de","@id":"https:\/\/radwerk-north.de\/product\/red-loon-lastenfahrradanhanger\/#primaryimage","url":"https:\/\/radwerk-north.de\/wp-content\/uploads\/2025\/11\/1-24.webp","contentUrl":"https:\/\/radwerk-north.de\/wp-content\/uploads\/2025\/11\/1-24.webp","width":1024,"height":877},{"@type":"BreadcrumbList","@id":"https:\/\/radwerk-north.de\/product\/red-loon-lastenfahrradanhanger\/#breadcrumb","itemListElement":[{"@type":"ListItem","position":1,"name":"Home","item":"https:\/\/radwerk-north.de\/"},{"@type":"ListItem","position":2,"name":"Products","item":"https:\/\/radwerk-north.de\/shop\/"},{"@type":"ListItem","position":3,"name":"Red Loon Lastenfahrradanh\u00e4nger"}]},{"@type":"WebSite","@id":"https:\/\/radwerk-north.de\/#website","url":"https:\/\/radwerk-north.de\/","name":"RadWerk Nord","description":"Mobilit\u00e4t neu gedacht.","publisher":{"@id":"https:\/\/radwerk-north.de\/#organization"},"potentialAction":[{"@type":"SearchAction","target":{"@type":"EntryPoint","urlTemplate":"https:\/\/radwerk-north.de\/?s={search_term_string}"},"query-input":{"@type":"PropertyValueSpecification","valueRequired":true,"valueName":"search_term_string"}}],"inLanguage":"de"},{"@type":"Organization","@id":"https:\/\/radwerk-north.de\/#organization","name":"RadWerk Nord","url":"https:\/\/radwerk-north.de\/","logo":{"@type":"ImageObject","inLanguage":"de","@id":"https:\/\/radwerk-north.de\/#\/schema\/logo\/image\/","url":"https:\/\/radwerk-north.de\/wp-content\/uploads\/2025\/12\/cropped-Video_Screen1766523928533-removebg-preview.png","contentUrl":"https:\/\/radwerk-north.de\/wp-content\/uploads\/2025\/12\/cropped-Video_Screen1766523928533-removebg-preview.png","width":745,"height":294,"caption":"RadWerk Nord"},"image":{"@id":"https:\/\/radwerk-north.de\/#\/schema\/logo\/image\/"}}]},"product_price_amount":"310.00","product_price_currency":"EUR","og_availability":"instock","product_availability":"instock","product_retailer_item_id":"RDN96U216249","product_condition":"new"},"acf":[],"_links":{"self":[{"href":"https:\/\/radwerk-north.de\/de\/wp-json\/wp\/v2\/product\/6249","targetHints":{"allow":["GET"]}}],"collection":[{"href":"https:\/\/radwerk-north.de\/de\/wp-json\/wp\/v2\/product"}],"about":[{"href":"https:\/\/radwerk-north.de\/de\/wp-json\/wp\/v2\/types\/product"}],"replies":[{"embeddable":true,"href":"https:\/\/radwerk-north.de\/de\/wp-json\/wp\/v2\/comments?post=6249"}],"wp:featuredmedia":[{"embeddable":true,"href":"https:\/\/radwerk-north.de\/de\/wp-json\/wp\/v2\/media\/6250"}],"wp:attachment":[{"href":"https:\/\/radwerk-north.de\/de\/wp-json\/wp\/v2\/media?parent=6249"}],"wp:term":[{"taxonomy":"product_brand","embeddable":true,"href":"https:\/\/radwerk-north.de\/de\/wp-json\/wp\/v2\/product_brand?post=6249"},{"taxonomy":"product_cat","embeddable":true,"href":"https:\/\/radwerk-north.de\/de\/wp-json\/wp\/v2\/product_cat?post=6249"},{"taxonomy":"product_tag","embeddable":true,"href":"https:\/\/radwerk-north.de\/de\/wp-json\/wp\/v2\/product_tag?post=6249"}],"curies":[{"name":"wp","href":"https:\/\/api.w.org\/{rel}","templated":true}]}}