{"id":6246,"date":"2025-11-25T19:33:08","date_gmt":"2025-11-25T19:33:08","guid":{"rendered":"https:\/\/radwerk-north.de\/?post_type=product&#038;p=6246"},"modified":"2025-11-25T19:33:09","modified_gmt":"2025-11-25T19:33:09","slug":"homcom-faltanhanger","status":"publish","type":"product","link":"https:\/\/radwerk-north.de\/de\/product\/homcom-faltanhanger\/","title":{"rendered":"HOMCOM Faltanh\u00e4nger"},"content":{"rendered":"<p>Dieser vielseitig einsetzbare Fahrradanh\u00e4nger ist ideal zum Einkaufen oder f\u00fcr den Transport verschiedenster Gegenst\u00e4nde. Praktisch und komfortabel, verf\u00fcgt er \u00fcber eine universelle, klappbare Anh\u00e4ngerkupplung. Reflektoren sorgen f\u00fcr bessere Sichtbarkeit. Die robuste Stahlkonstruktion unterstreicht die Langlebigkeit des Modells. \u25cf Robuster Fahrradanh\u00e4nger mit Stahlrohrrahmen<br \/>\n\u25cf Ausgestattet mit einer universellen Fahrradkupplung<br \/>\n\u25cf Leicht zusammenklappbar<br \/>\n\u25cf Faltbarer Anh\u00e4nger mit zwei 16-Zoll-R\u00e4dern f\u00fcr einfachen Transport und platzsparende Aufbewahrung<br \/>\n\u25cf Mit zwei Reflektoren an den R\u00e4dern, einem am Heck und einer Fahne f\u00fcr bessere Sichtbarkeit bei schlechten Lichtverh\u00e4ltnissen<br \/>\n\u25cf Gro\u00dfes Fassungsverm\u00f6gen \u2013 ideal zum Einkaufen, f\u00fcr Familienausfl\u00fcge, Gep\u00e4ck, Gegenst\u00e4nde, Werkzeug etc.<\/p>\n<p>\u25cf Kompatibel mit Fahrradreifen von 22&#8243; bis 28&#8243; Durchmesser<br \/>\n\u25cf Farbe: Schwarz<br \/>\n\u25cf Material: Stahl, PE<br \/>\n\u25cf Abmessungen: 125 x 64 x 53,5 cm (L x B x H)<br \/>\n\u25cf Raddurchmesser: \u00d8 40 cm<br \/>\n\u25cf Innenraumvolumen: 70 l<br \/>\n\u25cf Maximale Zuladung: 40 kg<br \/>\n\u25cf Art.-Nr.: B71-054<br \/>\n\u25cf Lieferumfang: 1 x Fahrradanh\u00e4nger<br \/>\n\u25cf Bedienungsanleitung<\/p>\n","protected":false},"excerpt":{"rendered":"<p>Hersteller<br \/>\nHOMCOM<br \/>\nEAN-Barcodes<br \/>\n3662970109212<br \/>\nHerstellernummer<br \/>\nB71-054<\/p>\n","protected":false},"featured_media":6247,"comment_status":"open","ping_status":"closed","template":"","meta":[],"product_brand":[],"product_cat":[74],"product_tag":[],"class_list":{"0":"post-6246","1":"product","2":"type-product","3":"status-publish","4":"has-post-thumbnail","6":"product_cat-accessoires","8":"first","9":"instock","10":"shipping-taxable","11":"purchasable","12":"product-type-simple"},"yoast_head":"<!-- This site is optimized with the Yoast SEO Premium plugin v26.2 (Yoast SEO v26.7) - https:\/\/yoast.com\/wordpress\/plugins\/seo\/ -->\n<title>HOMCOM Faltanh\u00e4nger - RadWerk Nord<\/title>\n<meta name=\"robots\" content=\"index, follow, max-snippet:-1, max-image-preview:large, max-video-preview:-1\" \/>\n<link rel=\"canonical\" href=\"https:\/\/radwerk-north.de\/de\/product\/homcom-faltanhanger\/\" \/>\n<meta property=\"og:locale\" content=\"de_DE\" \/>\n<meta property=\"og:type\" content=\"article\" \/>\n<meta property=\"og:title\" content=\"HOMCOM Faltanh\u00e4nger\" \/>\n<meta property=\"og:description\" content=\"Hersteller HOMCOM EAN-Barcodes 3662970109212 Herstellernummer B71-054\" \/>\n<meta property=\"og:url\" content=\"https:\/\/radwerk-north.de\/de\/product\/homcom-faltanhanger\/\" \/>\n<meta property=\"og:site_name\" content=\"RadWerk Nord\" \/>\n<meta property=\"article:modified_time\" content=\"2025-11-25T19:33:09+00:00\" \/>\n<meta property=\"og:image\" content=\"https:\/\/radwerk-north.de\/wp-content\/uploads\/2025\/11\/2-22.webp\" \/>\n\t<meta property=\"og:image:width\" content=\"1024\" \/>\n\t<meta property=\"og:image:height\" content=\"1024\" \/>\n\t<meta property=\"og:image:type\" content=\"image\/webp\" \/>\n<meta name=\"twitter:card\" content=\"summary_large_image\" \/>\n<meta name=\"twitter:label1\" content=\"Preis\" \/>\n\t<meta name=\"twitter:data1\" content=\"200,00&nbsp;&euro;\" \/>\n\t<meta name=\"twitter:label2\" content=\"Verf\u00fcgbarkeit\" \/>\n\t<meta name=\"twitter:data2\" content=\"Auf Lager\" \/>\n<script type=\"application\/ld+json\" class=\"yoast-schema-graph\">{\"@context\":\"https:\/\/schema.org\",\"@graph\":[{\"@type\":\"WebPage\",\"@id\":\"https:\/\/radwerk-north.de\/product\/homcom-faltanhanger\/\",\"url\":\"https:\/\/radwerk-north.de\/product\/homcom-faltanhanger\/\",\"name\":\"HOMCOM Faltanh\u00e4nger - RadWerk Nord\",\"isPartOf\":{\"@id\":\"https:\/\/radwerk-north.de\/#website\"},\"primaryImageOfPage\":{\"@id\":\"https:\/\/radwerk-north.de\/product\/homcom-faltanhanger\/#primaryimage\"},\"image\":{\"@id\":\"https:\/\/radwerk-north.de\/product\/homcom-faltanhanger\/#primaryimage\"},\"thumbnailUrl\":\"https:\/\/radwerk-north.de\/wp-content\/uploads\/2025\/11\/2-22.webp\",\"datePublished\":\"2025-11-25T19:33:08+00:00\",\"dateModified\":\"2025-11-25T19:33:09+00:00\",\"breadcrumb\":{\"@id\":\"https:\/\/radwerk-north.de\/product\/homcom-faltanhanger\/#breadcrumb\"},\"inLanguage\":\"de\",\"potentialAction\":[{\"@type\":\"ReadAction\",\"target\":[\"https:\/\/radwerk-north.de\/product\/homcom-faltanhanger\/\"]}]},{\"@type\":\"ImageObject\",\"inLanguage\":\"de\",\"@id\":\"https:\/\/radwerk-north.de\/product\/homcom-faltanhanger\/#primaryimage\",\"url\":\"https:\/\/radwerk-north.de\/wp-content\/uploads\/2025\/11\/2-22.webp\",\"contentUrl\":\"https:\/\/radwerk-north.de\/wp-content\/uploads\/2025\/11\/2-22.webp\",\"width\":1024,\"height\":1024},{\"@type\":\"BreadcrumbList\",\"@id\":\"https:\/\/radwerk-north.de\/product\/homcom-faltanhanger\/#breadcrumb\",\"itemListElement\":[{\"@type\":\"ListItem\",\"position\":1,\"name\":\"Home\",\"item\":\"https:\/\/radwerk-north.de\/\"},{\"@type\":\"ListItem\",\"position\":2,\"name\":\"Products\",\"item\":\"https:\/\/radwerk-north.de\/shop\/\"},{\"@type\":\"ListItem\",\"position\":3,\"name\":\"HOMCOM Faltanh\u00e4nger\"}]},{\"@type\":\"WebSite\",\"@id\":\"https:\/\/radwerk-north.de\/#website\",\"url\":\"https:\/\/radwerk-north.de\/\",\"name\":\"RadWerk Nord\",\"description\":\"Mobilit\u00e4t neu gedacht.\",\"publisher\":{\"@id\":\"https:\/\/radwerk-north.de\/#organization\"},\"potentialAction\":[{\"@type\":\"SearchAction\",\"target\":{\"@type\":\"EntryPoint\",\"urlTemplate\":\"https:\/\/radwerk-north.de\/?s={search_term_string}\"},\"query-input\":{\"@type\":\"PropertyValueSpecification\",\"valueRequired\":true,\"valueName\":\"search_term_string\"}}],\"inLanguage\":\"de\"},{\"@type\":\"Organization\",\"@id\":\"https:\/\/radwerk-north.de\/#organization\",\"name\":\"RadWerk Nord\",\"url\":\"https:\/\/radwerk-north.de\/\",\"logo\":{\"@type\":\"ImageObject\",\"inLanguage\":\"de\",\"@id\":\"https:\/\/radwerk-north.de\/#\/schema\/logo\/image\/\",\"url\":\"https:\/\/radwerk-north.de\/wp-content\/uploads\/2025\/12\/cropped-Video_Screen1766523928533-removebg-preview.png\",\"contentUrl\":\"https:\/\/radwerk-north.de\/wp-content\/uploads\/2025\/12\/cropped-Video_Screen1766523928533-removebg-preview.png\",\"width\":745,\"height\":294,\"caption\":\"RadWerk Nord\"},\"image\":{\"@id\":\"https:\/\/radwerk-north.de\/#\/schema\/logo\/image\/\"}}]}<\/script>\n<meta property=\"product:price:amount\" content=\"200.00\" \/>\n<meta property=\"product:price:currency\" content=\"EUR\" \/>\n<meta property=\"og:availability\" content=\"instock\" \/>\n<meta property=\"product:availability\" content=\"instock\" \/>\n<meta property=\"product:retailer_item_id\" content=\"RDNE25226246\" \/>\n<meta property=\"product:condition\" content=\"new\" \/>\n<!-- \/ Yoast SEO Premium plugin. -->","yoast_head_json":{"title":"HOMCOM Faltanh\u00e4nger - RadWerk Nord","robots":{"index":"index","follow":"follow","max-snippet":"max-snippet:-1","max-image-preview":"max-image-preview:large","max-video-preview":"max-video-preview:-1"},"canonical":"https:\/\/radwerk-north.de\/de\/product\/homcom-faltanhanger\/","og_locale":"de_DE","og_type":"article","og_title":"HOMCOM Faltanh\u00e4nger","og_description":"Hersteller HOMCOM EAN-Barcodes 3662970109212 Herstellernummer B71-054","og_url":"https:\/\/radwerk-north.de\/de\/product\/homcom-faltanhanger\/","og_site_name":"RadWerk Nord","article_modified_time":"2025-11-25T19:33:09+00:00","og_image":[{"width":1024,"height":1024,"url":"https:\/\/radwerk-north.de\/wp-content\/uploads\/2025\/11\/2-22.webp","type":"image\/webp"}],"twitter_card":"summary_large_image","twitter_misc":{"Preis":"200,00&nbsp;&euro;","Verf\u00fcgbarkeit":"Auf Lager"},"schema":{"@context":"https:\/\/schema.org","@graph":[{"@type":"WebPage","@id":"https:\/\/radwerk-north.de\/product\/homcom-faltanhanger\/","url":"https:\/\/radwerk-north.de\/product\/homcom-faltanhanger\/","name":"HOMCOM Faltanh\u00e4nger - RadWerk Nord","isPartOf":{"@id":"https:\/\/radwerk-north.de\/#website"},"primaryImageOfPage":{"@id":"https:\/\/radwerk-north.de\/product\/homcom-faltanhanger\/#primaryimage"},"image":{"@id":"https:\/\/radwerk-north.de\/product\/homcom-faltanhanger\/#primaryimage"},"thumbnailUrl":"https:\/\/radwerk-north.de\/wp-content\/uploads\/2025\/11\/2-22.webp","datePublished":"2025-11-25T19:33:08+00:00","dateModified":"2025-11-25T19:33:09+00:00","breadcrumb":{"@id":"https:\/\/radwerk-north.de\/product\/homcom-faltanhanger\/#breadcrumb"},"inLanguage":"de","potentialAction":[{"@type":"ReadAction","target":["https:\/\/radwerk-north.de\/product\/homcom-faltanhanger\/"]}]},{"@type":"ImageObject","inLanguage":"de","@id":"https:\/\/radwerk-north.de\/product\/homcom-faltanhanger\/#primaryimage","url":"https:\/\/radwerk-north.de\/wp-content\/uploads\/2025\/11\/2-22.webp","contentUrl":"https:\/\/radwerk-north.de\/wp-content\/uploads\/2025\/11\/2-22.webp","width":1024,"height":1024},{"@type":"BreadcrumbList","@id":"https:\/\/radwerk-north.de\/product\/homcom-faltanhanger\/#breadcrumb","itemListElement":[{"@type":"ListItem","position":1,"name":"Home","item":"https:\/\/radwerk-north.de\/"},{"@type":"ListItem","position":2,"name":"Products","item":"https:\/\/radwerk-north.de\/shop\/"},{"@type":"ListItem","position":3,"name":"HOMCOM Faltanh\u00e4nger"}]},{"@type":"WebSite","@id":"https:\/\/radwerk-north.de\/#website","url":"https:\/\/radwerk-north.de\/","name":"RadWerk Nord","description":"Mobilit\u00e4t neu gedacht.","publisher":{"@id":"https:\/\/radwerk-north.de\/#organization"},"potentialAction":[{"@type":"SearchAction","target":{"@type":"EntryPoint","urlTemplate":"https:\/\/radwerk-north.de\/?s={search_term_string}"},"query-input":{"@type":"PropertyValueSpecification","valueRequired":true,"valueName":"search_term_string"}}],"inLanguage":"de"},{"@type":"Organization","@id":"https:\/\/radwerk-north.de\/#organization","name":"RadWerk Nord","url":"https:\/\/radwerk-north.de\/","logo":{"@type":"ImageObject","inLanguage":"de","@id":"https:\/\/radwerk-north.de\/#\/schema\/logo\/image\/","url":"https:\/\/radwerk-north.de\/wp-content\/uploads\/2025\/12\/cropped-Video_Screen1766523928533-removebg-preview.png","contentUrl":"https:\/\/radwerk-north.de\/wp-content\/uploads\/2025\/12\/cropped-Video_Screen1766523928533-removebg-preview.png","width":745,"height":294,"caption":"RadWerk Nord"},"image":{"@id":"https:\/\/radwerk-north.de\/#\/schema\/logo\/image\/"}}]},"product_price_amount":"200.00","product_price_currency":"EUR","og_availability":"instock","product_availability":"instock","product_retailer_item_id":"RDNE25226246","product_condition":"new"},"acf":[],"_links":{"self":[{"href":"https:\/\/radwerk-north.de\/de\/wp-json\/wp\/v2\/product\/6246","targetHints":{"allow":["GET"]}}],"collection":[{"href":"https:\/\/radwerk-north.de\/de\/wp-json\/wp\/v2\/product"}],"about":[{"href":"https:\/\/radwerk-north.de\/de\/wp-json\/wp\/v2\/types\/product"}],"replies":[{"embeddable":true,"href":"https:\/\/radwerk-north.de\/de\/wp-json\/wp\/v2\/comments?post=6246"}],"wp:featuredmedia":[{"embeddable":true,"href":"https:\/\/radwerk-north.de\/de\/wp-json\/wp\/v2\/media\/6247"}],"wp:attachment":[{"href":"https:\/\/radwerk-north.de\/de\/wp-json\/wp\/v2\/media?parent=6246"}],"wp:term":[{"taxonomy":"product_brand","embeddable":true,"href":"https:\/\/radwerk-north.de\/de\/wp-json\/wp\/v2\/product_brand?post=6246"},{"taxonomy":"product_cat","embeddable":true,"href":"https:\/\/radwerk-north.de\/de\/wp-json\/wp\/v2\/product_cat?post=6246"},{"taxonomy":"product_tag","embeddable":true,"href":"https:\/\/radwerk-north.de\/de\/wp-json\/wp\/v2\/product_tag?post=6246"}],"curies":[{"name":"wp","href":"https:\/\/api.w.org\/{rel}","templated":true}]}}