{"id":6238,"date":"2025-11-25T19:26:32","date_gmt":"2025-11-25T19:26:32","guid":{"rendered":"https:\/\/radwerk-north.de\/?post_type=product&#038;p=6238"},"modified":"2025-11-25T19:29:16","modified_gmt":"2025-11-25T19:29:16","slug":"tiggo-vs-cargo-ii-fahrradanhanger-mit-130-litern-fassungsvermogen-faltbar","status":"publish","type":"product","link":"https:\/\/radwerk-north.de\/de\/product\/tiggo-vs-cargo-ii-fahrradanhanger-mit-130-litern-fassungsvermogen-faltbar\/","title":{"rendered":"Tiggo VS Cargo II Fahrradanh\u00e4nger mit 130 Litern Fassungsverm\u00f6gen, faltbar"},"content":{"rendered":"<p>Transportieren Sie Ihre Sachen bequem mit dem Tiggo VS Cargo II Fahrradanh\u00e4nger.<\/p>\n<p>Dieser Lastenanh\u00e4nger l\u00e4sst sich einfach an die meisten Fahrr\u00e4der anbringen und hilft Ihnen beim Transport von Ausr\u00fcstung, Spielzeug, Lebensmitteln und anderen Dingen f\u00fcr Freizeit und Arbeit. Der Anh\u00e4nger verf\u00fcgt \u00fcber einen robusten Stahlrohrrahmen, eine pulverbeschichtete Oberfl\u00e4che und ein gro\u00dfz\u00fcgiges Ladevolumen von 130 Litern. Bei Nichtgebrauch l\u00e4sst sich der Anh\u00e4nger einfach und kompakt zusammenklappen und platzsparend verstauen. Maximale Zuladung: 40 kg<\/p>\n<p>Ausstattung:<\/p>\n<p>Gro\u00dfes Ladevolumen: maximal 130 Liter<br \/>\nVerst\u00e4rkter 3 mm dicker PE-Kunststoffboden + Stahlrahmen<br \/>\nMaximale Zuladung: 40 kg<br \/>\nUniverselle Kupplung passend f\u00fcr die meisten Fahrr\u00e4der zwischen 24&#8243; und 29&#8243; mit Schnellspann- oder Schraubachsen<br \/>\n16-Zoll-Luftreifen f\u00fcr komfortables Fahren<br \/>\nReflektoren rundum sorgen f\u00fcr gute Sichtbarkeit<br \/>\nAbnehmbare Abdeckung sch\u00fctzt die Ladung vor Staub und Schmutz<\/p>\n<p>Sicherheitsfahne und Reflektoren rundum f\u00fcr zus\u00e4tzliche Sicherheit<\/p>\n<p>Hergestellt aus einem robusten Stahlrohrrahmen.<\/p>\n<p>Radpuffer sch\u00fctzen vor unerwarteten Hindernissen.<\/p>\n<p>Vielseitig einsetzbar, eignet sich f\u00fcr den Transport verschiedenster G\u00fcter \u2013 Lebensmittel, Ausr\u00fcstung und vieles mehr.<\/p>\n","protected":false},"excerpt":{"rendered":"<p>Technische Daten:<\/p>\n<p>Maximale Zuladung: 40 kg<br \/>\nLadefl\u00e4che: 75 x 54 x 30 cm (L x B x H)<br \/>\nGewicht: 10,5 kg<br \/>\nAbmessungen zusammengeklappt: 130 x 75 x 55 cm (L x B x H)<br \/>\nAbmessungen zusammengeklappt: 77 x 61 x 19 cm (L x B x H)<\/p>\n","protected":false},"featured_media":6239,"comment_status":"open","ping_status":"closed","template":"","meta":[],"product_brand":[],"product_cat":[74],"product_tag":[],"class_list":{"0":"post-6238","1":"product","2":"type-product","3":"status-publish","4":"has-post-thumbnail","6":"product_cat-accessoires","8":"first","9":"instock","10":"shipping-taxable","11":"purchasable","12":"product-type-simple"},"yoast_head":"<!-- This site is optimized with the Yoast SEO Premium plugin v26.2 (Yoast SEO v26.7) - https:\/\/yoast.com\/wordpress\/plugins\/seo\/ -->\n<title>Tiggo VS Cargo II Fahrradanh\u00e4nger mit 130 Litern Fassungsverm\u00f6gen, faltbar - RadWerk Nord<\/title>\n<meta name=\"robots\" content=\"index, follow, max-snippet:-1, max-image-preview:large, max-video-preview:-1\" \/>\n<link rel=\"canonical\" href=\"https:\/\/radwerk-north.de\/de\/product\/tiggo-vs-cargo-ii-fahrradanhanger-mit-130-litern-fassungsvermogen-faltbar\/\" \/>\n<meta property=\"og:locale\" content=\"de_DE\" \/>\n<meta property=\"og:type\" content=\"article\" \/>\n<meta property=\"og:title\" content=\"Tiggo VS Cargo II Fahrradanh\u00e4nger mit 130 Litern Fassungsverm\u00f6gen, faltbar\" \/>\n<meta property=\"og:description\" content=\"Technische Daten:  Maximale Zuladung: 40 kg Ladefl\u00e4che: 75 x 54 x 30 cm (L x B x H) Gewicht: 10,5 kg Abmessungen zusammengeklappt: 130 x 75 x 55 cm (L x B x H) Abmessungen zusammengeklappt: 77 x 61 x 19 cm (L x B x H)\" \/>\n<meta property=\"og:url\" content=\"https:\/\/radwerk-north.de\/de\/product\/tiggo-vs-cargo-ii-fahrradanhanger-mit-130-litern-fassungsvermogen-faltbar\/\" \/>\n<meta property=\"og:site_name\" content=\"RadWerk Nord\" \/>\n<meta property=\"article:modified_time\" content=\"2025-11-25T19:29:16+00:00\" \/>\n<meta property=\"og:image\" content=\"https:\/\/radwerk-north.de\/wp-content\/uploads\/2025\/11\/1-22.webp\" \/>\n\t<meta property=\"og:image:width\" content=\"1024\" \/>\n\t<meta property=\"og:image:height\" content=\"942\" \/>\n\t<meta property=\"og:image:type\" content=\"image\/webp\" \/>\n<meta name=\"twitter:card\" content=\"summary_large_image\" \/>\n<meta name=\"twitter:label1\" content=\"Preis\" \/>\n\t<meta name=\"twitter:data1\" content=\"110,00&nbsp;&euro;\" \/>\n\t<meta name=\"twitter:label2\" content=\"Verf\u00fcgbarkeit\" \/>\n\t<meta name=\"twitter:data2\" content=\"Auf Lager\" \/>\n<script type=\"application\/ld+json\" class=\"yoast-schema-graph\">{\"@context\":\"https:\/\/schema.org\",\"@graph\":[{\"@type\":\"WebPage\",\"@id\":\"https:\/\/radwerk-north.de\/product\/tiggo-vs-cargo-ii-fahrradanhanger-mit-130-litern-fassungsvermogen-faltbar\/\",\"url\":\"https:\/\/radwerk-north.de\/product\/tiggo-vs-cargo-ii-fahrradanhanger-mit-130-litern-fassungsvermogen-faltbar\/\",\"name\":\"Tiggo VS Cargo II Fahrradanh\u00e4nger mit 130 Litern Fassungsverm\u00f6gen, faltbar - RadWerk Nord\",\"isPartOf\":{\"@id\":\"https:\/\/radwerk-north.de\/#website\"},\"primaryImageOfPage\":{\"@id\":\"https:\/\/radwerk-north.de\/product\/tiggo-vs-cargo-ii-fahrradanhanger-mit-130-litern-fassungsvermogen-faltbar\/#primaryimage\"},\"image\":{\"@id\":\"https:\/\/radwerk-north.de\/product\/tiggo-vs-cargo-ii-fahrradanhanger-mit-130-litern-fassungsvermogen-faltbar\/#primaryimage\"},\"thumbnailUrl\":\"https:\/\/radwerk-north.de\/wp-content\/uploads\/2025\/11\/1-22.webp\",\"datePublished\":\"2025-11-25T19:26:32+00:00\",\"dateModified\":\"2025-11-25T19:29:16+00:00\",\"breadcrumb\":{\"@id\":\"https:\/\/radwerk-north.de\/product\/tiggo-vs-cargo-ii-fahrradanhanger-mit-130-litern-fassungsvermogen-faltbar\/#breadcrumb\"},\"inLanguage\":\"de\",\"potentialAction\":[{\"@type\":\"ReadAction\",\"target\":[\"https:\/\/radwerk-north.de\/product\/tiggo-vs-cargo-ii-fahrradanhanger-mit-130-litern-fassungsvermogen-faltbar\/\"]}]},{\"@type\":\"ImageObject\",\"inLanguage\":\"de\",\"@id\":\"https:\/\/radwerk-north.de\/product\/tiggo-vs-cargo-ii-fahrradanhanger-mit-130-litern-fassungsvermogen-faltbar\/#primaryimage\",\"url\":\"https:\/\/radwerk-north.de\/wp-content\/uploads\/2025\/11\/1-22.webp\",\"contentUrl\":\"https:\/\/radwerk-north.de\/wp-content\/uploads\/2025\/11\/1-22.webp\",\"width\":1024,\"height\":942},{\"@type\":\"BreadcrumbList\",\"@id\":\"https:\/\/radwerk-north.de\/product\/tiggo-vs-cargo-ii-fahrradanhanger-mit-130-litern-fassungsvermogen-faltbar\/#breadcrumb\",\"itemListElement\":[{\"@type\":\"ListItem\",\"position\":1,\"name\":\"Home\",\"item\":\"https:\/\/radwerk-north.de\/\"},{\"@type\":\"ListItem\",\"position\":2,\"name\":\"Products\",\"item\":\"https:\/\/radwerk-north.de\/shop\/\"},{\"@type\":\"ListItem\",\"position\":3,\"name\":\"Tiggo VS Cargo II Fahrradanh\u00e4nger mit 130 Litern Fassungsverm\u00f6gen, faltbar\"}]},{\"@type\":\"WebSite\",\"@id\":\"https:\/\/radwerk-north.de\/#website\",\"url\":\"https:\/\/radwerk-north.de\/\",\"name\":\"RadWerk Nord\",\"description\":\"Mobilit\u00e4t neu gedacht.\",\"publisher\":{\"@id\":\"https:\/\/radwerk-north.de\/#organization\"},\"potentialAction\":[{\"@type\":\"SearchAction\",\"target\":{\"@type\":\"EntryPoint\",\"urlTemplate\":\"https:\/\/radwerk-north.de\/?s={search_term_string}\"},\"query-input\":{\"@type\":\"PropertyValueSpecification\",\"valueRequired\":true,\"valueName\":\"search_term_string\"}}],\"inLanguage\":\"de\"},{\"@type\":\"Organization\",\"@id\":\"https:\/\/radwerk-north.de\/#organization\",\"name\":\"RadWerk Nord\",\"url\":\"https:\/\/radwerk-north.de\/\",\"logo\":{\"@type\":\"ImageObject\",\"inLanguage\":\"de\",\"@id\":\"https:\/\/radwerk-north.de\/#\/schema\/logo\/image\/\",\"url\":\"https:\/\/radwerk-north.de\/wp-content\/uploads\/2025\/12\/cropped-Video_Screen1766523928533-removebg-preview.png\",\"contentUrl\":\"https:\/\/radwerk-north.de\/wp-content\/uploads\/2025\/12\/cropped-Video_Screen1766523928533-removebg-preview.png\",\"width\":745,\"height\":294,\"caption\":\"RadWerk Nord\"},\"image\":{\"@id\":\"https:\/\/radwerk-north.de\/#\/schema\/logo\/image\/\"}}]}<\/script>\n<meta property=\"product:price:amount\" content=\"110.00\" \/>\n<meta property=\"product:price:currency\" content=\"EUR\" \/>\n<meta property=\"og:availability\" content=\"instock\" \/>\n<meta property=\"product:availability\" content=\"instock\" \/>\n<meta property=\"product:retailer_item_id\" content=\"RDN9Q2IT6238\" \/>\n<meta property=\"product:condition\" content=\"new\" \/>\n<!-- \/ Yoast SEO Premium plugin. -->","yoast_head_json":{"title":"Tiggo VS Cargo II Fahrradanh\u00e4nger mit 130 Litern Fassungsverm\u00f6gen, faltbar - RadWerk Nord","robots":{"index":"index","follow":"follow","max-snippet":"max-snippet:-1","max-image-preview":"max-image-preview:large","max-video-preview":"max-video-preview:-1"},"canonical":"https:\/\/radwerk-north.de\/de\/product\/tiggo-vs-cargo-ii-fahrradanhanger-mit-130-litern-fassungsvermogen-faltbar\/","og_locale":"de_DE","og_type":"article","og_title":"Tiggo VS Cargo II Fahrradanh\u00e4nger mit 130 Litern Fassungsverm\u00f6gen, faltbar","og_description":"Technische Daten:  Maximale Zuladung: 40 kg Ladefl\u00e4che: 75 x 54 x 30 cm (L x B x H) Gewicht: 10,5 kg Abmessungen zusammengeklappt: 130 x 75 x 55 cm (L x B x H) Abmessungen zusammengeklappt: 77 x 61 x 19 cm (L x B x H)","og_url":"https:\/\/radwerk-north.de\/de\/product\/tiggo-vs-cargo-ii-fahrradanhanger-mit-130-litern-fassungsvermogen-faltbar\/","og_site_name":"RadWerk Nord","article_modified_time":"2025-11-25T19:29:16+00:00","og_image":[{"width":1024,"height":942,"url":"https:\/\/radwerk-north.de\/wp-content\/uploads\/2025\/11\/1-22.webp","type":"image\/webp"}],"twitter_card":"summary_large_image","twitter_misc":{"Preis":"110,00&nbsp;&euro;","Verf\u00fcgbarkeit":"Auf Lager"},"schema":{"@context":"https:\/\/schema.org","@graph":[{"@type":"WebPage","@id":"https:\/\/radwerk-north.de\/product\/tiggo-vs-cargo-ii-fahrradanhanger-mit-130-litern-fassungsvermogen-faltbar\/","url":"https:\/\/radwerk-north.de\/product\/tiggo-vs-cargo-ii-fahrradanhanger-mit-130-litern-fassungsvermogen-faltbar\/","name":"Tiggo VS Cargo II Fahrradanh\u00e4nger mit 130 Litern Fassungsverm\u00f6gen, faltbar - RadWerk Nord","isPartOf":{"@id":"https:\/\/radwerk-north.de\/#website"},"primaryImageOfPage":{"@id":"https:\/\/radwerk-north.de\/product\/tiggo-vs-cargo-ii-fahrradanhanger-mit-130-litern-fassungsvermogen-faltbar\/#primaryimage"},"image":{"@id":"https:\/\/radwerk-north.de\/product\/tiggo-vs-cargo-ii-fahrradanhanger-mit-130-litern-fassungsvermogen-faltbar\/#primaryimage"},"thumbnailUrl":"https:\/\/radwerk-north.de\/wp-content\/uploads\/2025\/11\/1-22.webp","datePublished":"2025-11-25T19:26:32+00:00","dateModified":"2025-11-25T19:29:16+00:00","breadcrumb":{"@id":"https:\/\/radwerk-north.de\/product\/tiggo-vs-cargo-ii-fahrradanhanger-mit-130-litern-fassungsvermogen-faltbar\/#breadcrumb"},"inLanguage":"de","potentialAction":[{"@type":"ReadAction","target":["https:\/\/radwerk-north.de\/product\/tiggo-vs-cargo-ii-fahrradanhanger-mit-130-litern-fassungsvermogen-faltbar\/"]}]},{"@type":"ImageObject","inLanguage":"de","@id":"https:\/\/radwerk-north.de\/product\/tiggo-vs-cargo-ii-fahrradanhanger-mit-130-litern-fassungsvermogen-faltbar\/#primaryimage","url":"https:\/\/radwerk-north.de\/wp-content\/uploads\/2025\/11\/1-22.webp","contentUrl":"https:\/\/radwerk-north.de\/wp-content\/uploads\/2025\/11\/1-22.webp","width":1024,"height":942},{"@type":"BreadcrumbList","@id":"https:\/\/radwerk-north.de\/product\/tiggo-vs-cargo-ii-fahrradanhanger-mit-130-litern-fassungsvermogen-faltbar\/#breadcrumb","itemListElement":[{"@type":"ListItem","position":1,"name":"Home","item":"https:\/\/radwerk-north.de\/"},{"@type":"ListItem","position":2,"name":"Products","item":"https:\/\/radwerk-north.de\/shop\/"},{"@type":"ListItem","position":3,"name":"Tiggo VS Cargo II Fahrradanh\u00e4nger mit 130 Litern Fassungsverm\u00f6gen, faltbar"}]},{"@type":"WebSite","@id":"https:\/\/radwerk-north.de\/#website","url":"https:\/\/radwerk-north.de\/","name":"RadWerk Nord","description":"Mobilit\u00e4t neu gedacht.","publisher":{"@id":"https:\/\/radwerk-north.de\/#organization"},"potentialAction":[{"@type":"SearchAction","target":{"@type":"EntryPoint","urlTemplate":"https:\/\/radwerk-north.de\/?s={search_term_string}"},"query-input":{"@type":"PropertyValueSpecification","valueRequired":true,"valueName":"search_term_string"}}],"inLanguage":"de"},{"@type":"Organization","@id":"https:\/\/radwerk-north.de\/#organization","name":"RadWerk Nord","url":"https:\/\/radwerk-north.de\/","logo":{"@type":"ImageObject","inLanguage":"de","@id":"https:\/\/radwerk-north.de\/#\/schema\/logo\/image\/","url":"https:\/\/radwerk-north.de\/wp-content\/uploads\/2025\/12\/cropped-Video_Screen1766523928533-removebg-preview.png","contentUrl":"https:\/\/radwerk-north.de\/wp-content\/uploads\/2025\/12\/cropped-Video_Screen1766523928533-removebg-preview.png","width":745,"height":294,"caption":"RadWerk Nord"},"image":{"@id":"https:\/\/radwerk-north.de\/#\/schema\/logo\/image\/"}}]},"product_price_amount":"110.00","product_price_currency":"EUR","og_availability":"instock","product_availability":"instock","product_retailer_item_id":"RDN9Q2IT6238","product_condition":"new"},"acf":[],"_links":{"self":[{"href":"https:\/\/radwerk-north.de\/de\/wp-json\/wp\/v2\/product\/6238","targetHints":{"allow":["GET"]}}],"collection":[{"href":"https:\/\/radwerk-north.de\/de\/wp-json\/wp\/v2\/product"}],"about":[{"href":"https:\/\/radwerk-north.de\/de\/wp-json\/wp\/v2\/types\/product"}],"replies":[{"embeddable":true,"href":"https:\/\/radwerk-north.de\/de\/wp-json\/wp\/v2\/comments?post=6238"}],"wp:featuredmedia":[{"embeddable":true,"href":"https:\/\/radwerk-north.de\/de\/wp-json\/wp\/v2\/media\/6239"}],"wp:attachment":[{"href":"https:\/\/radwerk-north.de\/de\/wp-json\/wp\/v2\/media?parent=6238"}],"wp:term":[{"taxonomy":"product_brand","embeddable":true,"href":"https:\/\/radwerk-north.de\/de\/wp-json\/wp\/v2\/product_brand?post=6238"},{"taxonomy":"product_cat","embeddable":true,"href":"https:\/\/radwerk-north.de\/de\/wp-json\/wp\/v2\/product_cat?post=6238"},{"taxonomy":"product_tag","embeddable":true,"href":"https:\/\/radwerk-north.de\/de\/wp-json\/wp\/v2\/product_tag?post=6238"}],"curies":[{"name":"wp","href":"https:\/\/api.w.org\/{rel}","templated":true}]}}