{"id":6230,"date":"2025-11-25T15:04:48","date_gmt":"2025-11-25T15:04:48","guid":{"rendered":"https:\/\/radwerk-north.de\/?post_type=product&#038;p=6230"},"modified":"2025-11-25T15:04:50","modified_gmt":"2025-11-25T15:04:50","slug":"ado-e-bike-air-one-ultra","status":"publish","type":"product","link":"https:\/\/radwerk-north.de\/de\/product\/ado-e-bike-air-one-ultra\/","title":{"rendered":"ADO E-Bike Air One Ultra"},"content":{"rendered":"<p>Der integrierte 3-Gang-Automatikmotor von Bafang: Automatischer Betrieb, ganz ohne Aufwand!<\/p>\n<p>Jede Fahrt vermittelt ein Gef\u00fchl von Kontrolle, Laufruhe und Reaktionsschnelligkeit.<\/p>\n<p>Eco- und Sportmodus: Dank der Dual-Modus-Funktion wechseln Sie per Knopfdruck am Lenker direkt vom Eco- in den Sportmodus.<\/p>\n","protected":false},"excerpt":{"rendered":"<p>BAFANG-Motor: Genie\u00dfen Sie eine kraftvolle und leise Fahrt mit 250 W zul\u00e4ssiger Leistung und 40 Nm Drehmoment f\u00fcr zuverl\u00e4ssige Performance im Alltag.<\/p>\n<p>Intelligente Drehmomentsensor-Technologie sorgt f\u00fcr nahtlose Unterst\u00fctzung und pr\u00e4zise Steuerung und optimiert so jede Fahrt.<\/p>\n<p>Maximalgewicht<br \/>\n150 kg<br \/>\nH\u00f6chstgeschwindigkeit<br \/>\n25 km\/h<br \/>\nAkkuspannung<br \/>\n37 V<br \/>\nAntriebsart<br \/>\nE-Bike<br \/>\nRahmenform<br \/>\nDiamantrahmen<br \/>\nDrehmoment in Nm<br \/>\n40<br \/>\nRahmenmaterial<br \/>\nAluminium<br \/>\nMotorposition<br \/>\nHeckmotor<br \/>\nAnzahl der G\u00e4nge<br \/>\n3<br \/>\nBremssystem<br \/>\nHydraulische Scheibenbremse<br \/>\nAkkuposition<br \/>\nAkku am Sitzrohr<br \/>\nFarbe<br \/>\nGr\u00fcn<br \/>\nFahrradtyp<br \/>\nE-Bike<br \/>\nLeistung<br \/>\n250 W<br \/>\nReichweite<br \/>\n100 km<br \/>\nFederung<br \/>\nFedergabel<br \/>\nHersteller<br \/>\nA DECE OASIS<br \/>\nDisplay<br \/>\nLCD<br \/>\nZielgruppen<br \/>\nDamen<br \/>\nHerren<br \/>\nJungen<br \/>\nUnisex<br \/>\nGewicht<br \/>\n25 kg<br \/>\nFaltbar<br \/>\nNein<br \/>\nRadgr\u00f6\u00dfe<br \/>\n20 Zoll<br \/>\nEAN-Code<br \/>\n6974587224941<\/p>\n","protected":false},"featured_media":6231,"comment_status":"open","ping_status":"closed","template":"","meta":[],"product_brand":[],"product_cat":[68],"product_tag":[],"class_list":{"0":"post-6230","1":"product","2":"type-product","3":"status-publish","4":"has-post-thumbnail","6":"product_cat-velo-cargo","8":"first","9":"instock","10":"sale","11":"shipping-taxable","12":"purchasable","13":"product-type-simple"},"yoast_head":"<!-- This site is optimized with the Yoast SEO Premium plugin v26.2 (Yoast SEO v26.7) - https:\/\/yoast.com\/wordpress\/plugins\/seo\/ -->\n<title>ADO E-Bike Air One Ultra - RadWerk Nord<\/title>\n<meta name=\"robots\" content=\"index, follow, max-snippet:-1, max-image-preview:large, max-video-preview:-1\" \/>\n<link rel=\"canonical\" href=\"https:\/\/radwerk-north.de\/de\/product\/ado-e-bike-air-one-ultra\/\" \/>\n<meta property=\"og:locale\" content=\"de_DE\" \/>\n<meta property=\"og:type\" content=\"article\" \/>\n<meta property=\"og:title\" content=\"ADO E-Bike Air One Ultra\" \/>\n<meta property=\"og:description\" content=\"BAFANG-Motor: Genie\u00dfen Sie eine kraftvolle und leise Fahrt mit 250 W zul\u00e4ssiger Leistung und 40 Nm Drehmoment f\u00fcr zuverl\u00e4ssige Performance im Alltag.  Intelligente Drehmomentsensor-Technologie sorgt f\u00fcr nahtlose Unterst\u00fctzung und pr\u00e4zise Steuerung und optimiert so jede Fahrt.  Maximalgewicht 150 kg H\u00f6chstgeschwindigkeit 25 km\/h Akkuspannung 37 V Antriebsart E-Bike Rahmenform Diamantrahmen Drehmoment in Nm 40 Rahmenmaterial Aluminium Motorposition Heckmotor Anzahl der G\u00e4nge 3 Bremssystem Hydraulische Scheibenbremse Akkuposition Akku am Sitzrohr Farbe Gr\u00fcn Fahrradtyp E-Bike Leistung 250 W Reichweite 100 km Federung Federgabel Hersteller A DECE OASIS Display LCD Zielgruppen Damen Herren Jungen Unisex Gewicht 25 kg Faltbar Nein Radgr\u00f6\u00dfe 20 Zoll EAN-Code 6974587224941\" \/>\n<meta property=\"og:url\" content=\"https:\/\/radwerk-north.de\/de\/product\/ado-e-bike-air-one-ultra\/\" \/>\n<meta property=\"og:site_name\" content=\"RadWerk Nord\" \/>\n<meta property=\"article:modified_time\" content=\"2025-11-25T15:04:50+00:00\" \/>\n<meta property=\"og:image\" content=\"https:\/\/radwerk-north.de\/wp-content\/uploads\/2025\/11\/2-20.webp\" \/>\n\t<meta property=\"og:image:width\" content=\"1024\" \/>\n\t<meta property=\"og:image:height\" content=\"1024\" \/>\n\t<meta property=\"og:image:type\" content=\"image\/webp\" \/>\n<meta name=\"twitter:card\" content=\"summary_large_image\" \/>\n<meta name=\"twitter:label1\" content=\"Preis\" \/>\n\t<meta name=\"twitter:data1\" content=\"1.500,00&nbsp;&euro;\" \/>\n\t<meta name=\"twitter:label2\" content=\"Verf\u00fcgbarkeit\" \/>\n\t<meta name=\"twitter:data2\" content=\"Auf Lager\" \/>\n<script type=\"application\/ld+json\" class=\"yoast-schema-graph\">{\"@context\":\"https:\/\/schema.org\",\"@graph\":[{\"@type\":\"WebPage\",\"@id\":\"https:\/\/radwerk-north.de\/product\/ado-e-bike-air-one-ultra\/\",\"url\":\"https:\/\/radwerk-north.de\/product\/ado-e-bike-air-one-ultra\/\",\"name\":\"ADO E-Bike Air One Ultra - RadWerk Nord\",\"isPartOf\":{\"@id\":\"https:\/\/radwerk-north.de\/#website\"},\"primaryImageOfPage\":{\"@id\":\"https:\/\/radwerk-north.de\/product\/ado-e-bike-air-one-ultra\/#primaryimage\"},\"image\":{\"@id\":\"https:\/\/radwerk-north.de\/product\/ado-e-bike-air-one-ultra\/#primaryimage\"},\"thumbnailUrl\":\"https:\/\/radwerk-north.de\/wp-content\/uploads\/2025\/11\/2-20.webp\",\"datePublished\":\"2025-11-25T15:04:48+00:00\",\"dateModified\":\"2025-11-25T15:04:50+00:00\",\"breadcrumb\":{\"@id\":\"https:\/\/radwerk-north.de\/product\/ado-e-bike-air-one-ultra\/#breadcrumb\"},\"inLanguage\":\"de\",\"potentialAction\":[{\"@type\":\"ReadAction\",\"target\":[\"https:\/\/radwerk-north.de\/product\/ado-e-bike-air-one-ultra\/\"]}]},{\"@type\":\"ImageObject\",\"inLanguage\":\"de\",\"@id\":\"https:\/\/radwerk-north.de\/product\/ado-e-bike-air-one-ultra\/#primaryimage\",\"url\":\"https:\/\/radwerk-north.de\/wp-content\/uploads\/2025\/11\/2-20.webp\",\"contentUrl\":\"https:\/\/radwerk-north.de\/wp-content\/uploads\/2025\/11\/2-20.webp\",\"width\":1024,\"height\":1024},{\"@type\":\"BreadcrumbList\",\"@id\":\"https:\/\/radwerk-north.de\/product\/ado-e-bike-air-one-ultra\/#breadcrumb\",\"itemListElement\":[{\"@type\":\"ListItem\",\"position\":1,\"name\":\"Home\",\"item\":\"https:\/\/radwerk-north.de\/\"},{\"@type\":\"ListItem\",\"position\":2,\"name\":\"Products\",\"item\":\"https:\/\/radwerk-north.de\/shop\/\"},{\"@type\":\"ListItem\",\"position\":3,\"name\":\"ADO E-Bike Air One Ultra\"}]},{\"@type\":\"WebSite\",\"@id\":\"https:\/\/radwerk-north.de\/#website\",\"url\":\"https:\/\/radwerk-north.de\/\",\"name\":\"RadWerk Nord\",\"description\":\"Mobilit\u00e4t neu gedacht.\",\"publisher\":{\"@id\":\"https:\/\/radwerk-north.de\/#organization\"},\"potentialAction\":[{\"@type\":\"SearchAction\",\"target\":{\"@type\":\"EntryPoint\",\"urlTemplate\":\"https:\/\/radwerk-north.de\/?s={search_term_string}\"},\"query-input\":{\"@type\":\"PropertyValueSpecification\",\"valueRequired\":true,\"valueName\":\"search_term_string\"}}],\"inLanguage\":\"de\"},{\"@type\":\"Organization\",\"@id\":\"https:\/\/radwerk-north.de\/#organization\",\"name\":\"RadWerk Nord\",\"url\":\"https:\/\/radwerk-north.de\/\",\"logo\":{\"@type\":\"ImageObject\",\"inLanguage\":\"de\",\"@id\":\"https:\/\/radwerk-north.de\/#\/schema\/logo\/image\/\",\"url\":\"https:\/\/radwerk-north.de\/wp-content\/uploads\/2025\/12\/cropped-Video_Screen1766523928533-removebg-preview.png\",\"contentUrl\":\"https:\/\/radwerk-north.de\/wp-content\/uploads\/2025\/12\/cropped-Video_Screen1766523928533-removebg-preview.png\",\"width\":745,\"height\":294,\"caption\":\"RadWerk Nord\"},\"image\":{\"@id\":\"https:\/\/radwerk-north.de\/#\/schema\/logo\/image\/\"}}]}<\/script>\n<meta property=\"product:price:amount\" content=\"1500.00\" \/>\n<meta property=\"product:price:currency\" content=\"EUR\" \/>\n<meta property=\"og:availability\" content=\"instock\" \/>\n<meta property=\"product:availability\" content=\"instock\" \/>\n<meta property=\"product:retailer_item_id\" content=\"RDNA865N6230\" \/>\n<meta property=\"product:condition\" content=\"new\" \/>\n<!-- \/ Yoast SEO Premium plugin. -->","yoast_head_json":{"title":"ADO E-Bike Air One Ultra - RadWerk Nord","robots":{"index":"index","follow":"follow","max-snippet":"max-snippet:-1","max-image-preview":"max-image-preview:large","max-video-preview":"max-video-preview:-1"},"canonical":"https:\/\/radwerk-north.de\/de\/product\/ado-e-bike-air-one-ultra\/","og_locale":"de_DE","og_type":"article","og_title":"ADO E-Bike Air One Ultra","og_description":"BAFANG-Motor: Genie\u00dfen Sie eine kraftvolle und leise Fahrt mit 250 W zul\u00e4ssiger Leistung und 40 Nm Drehmoment f\u00fcr zuverl\u00e4ssige Performance im Alltag.  Intelligente Drehmomentsensor-Technologie sorgt f\u00fcr nahtlose Unterst\u00fctzung und pr\u00e4zise Steuerung und optimiert so jede Fahrt.  Maximalgewicht 150 kg H\u00f6chstgeschwindigkeit 25 km\/h Akkuspannung 37 V Antriebsart E-Bike Rahmenform Diamantrahmen Drehmoment in Nm 40 Rahmenmaterial Aluminium Motorposition Heckmotor Anzahl der G\u00e4nge 3 Bremssystem Hydraulische Scheibenbremse Akkuposition Akku am Sitzrohr Farbe Gr\u00fcn Fahrradtyp E-Bike Leistung 250 W Reichweite 100 km Federung Federgabel Hersteller A DECE OASIS Display LCD Zielgruppen Damen Herren Jungen Unisex Gewicht 25 kg Faltbar Nein Radgr\u00f6\u00dfe 20 Zoll EAN-Code 6974587224941","og_url":"https:\/\/radwerk-north.de\/de\/product\/ado-e-bike-air-one-ultra\/","og_site_name":"RadWerk Nord","article_modified_time":"2025-11-25T15:04:50+00:00","og_image":[{"width":1024,"height":1024,"url":"https:\/\/radwerk-north.de\/wp-content\/uploads\/2025\/11\/2-20.webp","type":"image\/webp"}],"twitter_card":"summary_large_image","twitter_misc":{"Preis":"1.500,00&nbsp;&euro;","Verf\u00fcgbarkeit":"Auf Lager"},"schema":{"@context":"https:\/\/schema.org","@graph":[{"@type":"WebPage","@id":"https:\/\/radwerk-north.de\/product\/ado-e-bike-air-one-ultra\/","url":"https:\/\/radwerk-north.de\/product\/ado-e-bike-air-one-ultra\/","name":"ADO E-Bike Air One Ultra - RadWerk Nord","isPartOf":{"@id":"https:\/\/radwerk-north.de\/#website"},"primaryImageOfPage":{"@id":"https:\/\/radwerk-north.de\/product\/ado-e-bike-air-one-ultra\/#primaryimage"},"image":{"@id":"https:\/\/radwerk-north.de\/product\/ado-e-bike-air-one-ultra\/#primaryimage"},"thumbnailUrl":"https:\/\/radwerk-north.de\/wp-content\/uploads\/2025\/11\/2-20.webp","datePublished":"2025-11-25T15:04:48+00:00","dateModified":"2025-11-25T15:04:50+00:00","breadcrumb":{"@id":"https:\/\/radwerk-north.de\/product\/ado-e-bike-air-one-ultra\/#breadcrumb"},"inLanguage":"de","potentialAction":[{"@type":"ReadAction","target":["https:\/\/radwerk-north.de\/product\/ado-e-bike-air-one-ultra\/"]}]},{"@type":"ImageObject","inLanguage":"de","@id":"https:\/\/radwerk-north.de\/product\/ado-e-bike-air-one-ultra\/#primaryimage","url":"https:\/\/radwerk-north.de\/wp-content\/uploads\/2025\/11\/2-20.webp","contentUrl":"https:\/\/radwerk-north.de\/wp-content\/uploads\/2025\/11\/2-20.webp","width":1024,"height":1024},{"@type":"BreadcrumbList","@id":"https:\/\/radwerk-north.de\/product\/ado-e-bike-air-one-ultra\/#breadcrumb","itemListElement":[{"@type":"ListItem","position":1,"name":"Home","item":"https:\/\/radwerk-north.de\/"},{"@type":"ListItem","position":2,"name":"Products","item":"https:\/\/radwerk-north.de\/shop\/"},{"@type":"ListItem","position":3,"name":"ADO E-Bike Air One Ultra"}]},{"@type":"WebSite","@id":"https:\/\/radwerk-north.de\/#website","url":"https:\/\/radwerk-north.de\/","name":"RadWerk Nord","description":"Mobilit\u00e4t neu gedacht.","publisher":{"@id":"https:\/\/radwerk-north.de\/#organization"},"potentialAction":[{"@type":"SearchAction","target":{"@type":"EntryPoint","urlTemplate":"https:\/\/radwerk-north.de\/?s={search_term_string}"},"query-input":{"@type":"PropertyValueSpecification","valueRequired":true,"valueName":"search_term_string"}}],"inLanguage":"de"},{"@type":"Organization","@id":"https:\/\/radwerk-north.de\/#organization","name":"RadWerk Nord","url":"https:\/\/radwerk-north.de\/","logo":{"@type":"ImageObject","inLanguage":"de","@id":"https:\/\/radwerk-north.de\/#\/schema\/logo\/image\/","url":"https:\/\/radwerk-north.de\/wp-content\/uploads\/2025\/12\/cropped-Video_Screen1766523928533-removebg-preview.png","contentUrl":"https:\/\/radwerk-north.de\/wp-content\/uploads\/2025\/12\/cropped-Video_Screen1766523928533-removebg-preview.png","width":745,"height":294,"caption":"RadWerk Nord"},"image":{"@id":"https:\/\/radwerk-north.de\/#\/schema\/logo\/image\/"}}]},"product_price_amount":"1500.00","product_price_currency":"EUR","og_availability":"instock","product_availability":"instock","product_retailer_item_id":"RDNA865N6230","product_condition":"new"},"acf":[],"_links":{"self":[{"href":"https:\/\/radwerk-north.de\/de\/wp-json\/wp\/v2\/product\/6230","targetHints":{"allow":["GET"]}}],"collection":[{"href":"https:\/\/radwerk-north.de\/de\/wp-json\/wp\/v2\/product"}],"about":[{"href":"https:\/\/radwerk-north.de\/de\/wp-json\/wp\/v2\/types\/product"}],"replies":[{"embeddable":true,"href":"https:\/\/radwerk-north.de\/de\/wp-json\/wp\/v2\/comments?post=6230"}],"wp:featuredmedia":[{"embeddable":true,"href":"https:\/\/radwerk-north.de\/de\/wp-json\/wp\/v2\/media\/6231"}],"wp:attachment":[{"href":"https:\/\/radwerk-north.de\/de\/wp-json\/wp\/v2\/media?parent=6230"}],"wp:term":[{"taxonomy":"product_brand","embeddable":true,"href":"https:\/\/radwerk-north.de\/de\/wp-json\/wp\/v2\/product_brand?post=6230"},{"taxonomy":"product_cat","embeddable":true,"href":"https:\/\/radwerk-north.de\/de\/wp-json\/wp\/v2\/product_cat?post=6230"},{"taxonomy":"product_tag","embeddable":true,"href":"https:\/\/radwerk-north.de\/de\/wp-json\/wp\/v2\/product_tag?post=6230"}],"curies":[{"name":"wp","href":"https:\/\/api.w.org\/{rel}","templated":true}]}}