{"id":6220,"date":"2025-11-25T14:41:53","date_gmt":"2025-11-25T14:41:53","guid":{"rendered":"https:\/\/radwerk-north.de\/?post_type=product&#038;p=6220"},"modified":"2025-12-10T16:59:26","modified_gmt":"2025-12-10T16:59:26","slug":"pacto-one","status":"publish","type":"product","link":"https:\/\/radwerk-north.de\/de\/product\/pacto-one\/","title":{"rendered":"PACTO ONE"},"content":{"rendered":"<p>PACTO \u2013 Entdecke die Welt<\/p>\n<p>Du willst weit weg? Einfach ausziehen. Wenig Platz? Zusammenklappen.<\/p>\n<p>Unkompliziert mitnehmen: in \u00f6ffentlichen Verkehrsmitteln, im Auto, Wohnwagen, Wohnmobil, Boot usw.<\/p>\n<p>Wir sind eine junge niederl\u00e4ndische Marke, spezialisiert auf Faltr\u00e4der. Unsere Faltr\u00e4der gibt es in verschiedenen Modellen und Farben, passend zu deinem Lifestyle.<\/p>\n<p>Ideal f\u00fcr den t\u00e4glichen Weg zur Arbeit. Der beste Freund jedes Reisenden.<\/p>\n<p>PACTO ONE<\/p>\n<p>Das PACTO ONE ist ein praktisches, hochwertiges Faltrad, das sich in nur 10 Sekunden zusammen- und auseinanderklappen l\u00e4sst. Einfach mitnehmen in \u00f6ffentlichen Verkehrsmitteln, im Auto, Wohnmobil, Boot usw.<\/p>\n<p>Aluminiumrahmen, Tragkraft bis 120 kg<\/p>\n<p>L\u00e4sst sich in nur 10 Sekunden kompakt zusammenklappen (H: 70 x B: 80 x T: 40 cm)<\/p>\n<p>6-Gang-Shimano-Schaltung, f\u00fcr jede Situation die passende \u00dcbersetzung<\/p>\n<p>Mit Beleuchtung<\/p>\n<p>Sattel und Lenker sind leicht verstellbar<\/p>\n<p>In 95 % der F\u00e4lle sofort fahrbereit, Bedienungsanleitung in 3 Sprachen<\/p>\n<p>Radgr\u00f6\u00dfe: 20 Zoll<\/p>\n<p>Rahmengr\u00f6\u00dfe: 32 cm<\/p>\n","protected":false},"excerpt":{"rendered":"<p>Rahmenmaterial: Aluminiumrahmen<\/p>\n<p>Schaltung: Shimano 6-Gang-Kettenschaltung<\/p>\n<p>Bremsen: Scheibenbremsen<\/p>\n<p>Felgen: Aluminium, doppelwandig<\/p>\n<p>Reifen: 20 x 3,50<\/p>\n<p>Beleuchtung: Batteriebetriebene Vorder- und R\u00fccklichter<\/p>\n<p>Vorderradgabel: Federgabel<\/p>\n<p>Gewicht: 17 kg<\/p>\n<p>Farbe: Schwarz<\/p>\n<p>Gabeltyp: Federgabel<br \/>\nRahmenmaterial: Aluminium<br \/>\nFaltbar: Ja<br \/>\nHersteller: PACTO<br \/>\nFederung: Federgabel<br \/>\nFarbe: Schwarz<br \/>\nSchaltungstyp: Kettenschaltung<br \/>\nRahmenh\u00f6he: 32 cm<br \/>\nAnzahl der G\u00e4nge: 6<br \/>\nGewicht: 17 kg<br \/>\nEAN-Barcode: 8720726427029<\/p>\n","protected":false},"featured_media":6221,"comment_status":"open","ping_status":"closed","template":"","meta":[],"product_brand":[],"product_cat":[66],"product_tag":[],"class_list":{"0":"post-6220","1":"product","2":"type-product","3":"status-publish","4":"has-post-thumbnail","6":"product_cat-velo-pliant","8":"first","9":"instock","10":"featured","11":"shipping-taxable","12":"purchasable","13":"product-type-simple"},"yoast_head":"<!-- This site is optimized with the Yoast SEO Premium plugin v26.2 (Yoast SEO v26.7) - https:\/\/yoast.com\/wordpress\/plugins\/seo\/ -->\n<title>PACTO ONE - RadWerk Nord<\/title>\n<meta name=\"robots\" content=\"index, follow, max-snippet:-1, max-image-preview:large, max-video-preview:-1\" \/>\n<link rel=\"canonical\" href=\"https:\/\/radwerk-north.de\/de\/product\/pacto-one\/\" \/>\n<meta property=\"og:locale\" content=\"de_DE\" \/>\n<meta property=\"og:type\" content=\"article\" \/>\n<meta property=\"og:title\" content=\"PACTO ONE\" \/>\n<meta property=\"og:description\" content=\"Rahmenmaterial: Aluminiumrahmen  Schaltung: Shimano 6-Gang-Kettenschaltung  Bremsen: Scheibenbremsen  Felgen: Aluminium, doppelwandig  Reifen: 20 x 3,50  Beleuchtung: Batteriebetriebene Vorder- und R\u00fccklichter  Vorderradgabel: Federgabel  Gewicht: 17 kg  Farbe: Schwarz  Gabeltyp: Federgabel Rahmenmaterial: Aluminium Faltbar: Ja Hersteller: PACTO Federung: Federgabel Farbe: Schwarz Schaltungstyp: Kettenschaltung Rahmenh\u00f6he: 32 cm Anzahl der G\u00e4nge: 6 Gewicht: 17 kg EAN-Barcode: 8720726427029\" \/>\n<meta property=\"og:url\" content=\"https:\/\/radwerk-north.de\/de\/product\/pacto-one\/\" \/>\n<meta property=\"og:site_name\" content=\"RadWerk Nord\" \/>\n<meta property=\"article:modified_time\" content=\"2025-12-10T16:59:26+00:00\" \/>\n<meta property=\"og:image\" content=\"https:\/\/radwerk-north.de\/wp-content\/uploads\/2025\/11\/1-18.webp\" \/>\n\t<meta property=\"og:image:width\" content=\"1024\" \/>\n\t<meta property=\"og:image:height\" content=\"775\" \/>\n\t<meta property=\"og:image:type\" content=\"image\/webp\" \/>\n<meta name=\"twitter:card\" content=\"summary_large_image\" \/>\n<meta name=\"twitter:label1\" content=\"Preis\" \/>\n\t<meta name=\"twitter:data1\" content=\"488,00&nbsp;&euro;\" \/>\n\t<meta name=\"twitter:label2\" content=\"Verf\u00fcgbarkeit\" \/>\n\t<meta name=\"twitter:data2\" content=\"Auf Lager\" \/>\n<script type=\"application\/ld+json\" class=\"yoast-schema-graph\">{\"@context\":\"https:\/\/schema.org\",\"@graph\":[{\"@type\":\"WebPage\",\"@id\":\"https:\/\/radwerk-north.de\/product\/pacto-one\/\",\"url\":\"https:\/\/radwerk-north.de\/product\/pacto-one\/\",\"name\":\"PACTO ONE - RadWerk Nord\",\"isPartOf\":{\"@id\":\"https:\/\/radwerk-north.de\/#website\"},\"primaryImageOfPage\":{\"@id\":\"https:\/\/radwerk-north.de\/product\/pacto-one\/#primaryimage\"},\"image\":{\"@id\":\"https:\/\/radwerk-north.de\/product\/pacto-one\/#primaryimage\"},\"thumbnailUrl\":\"https:\/\/radwerk-north.de\/wp-content\/uploads\/2025\/11\/1-18.webp\",\"datePublished\":\"2025-11-25T14:41:53+00:00\",\"dateModified\":\"2025-12-10T16:59:26+00:00\",\"breadcrumb\":{\"@id\":\"https:\/\/radwerk-north.de\/product\/pacto-one\/#breadcrumb\"},\"inLanguage\":\"de\",\"potentialAction\":[{\"@type\":\"ReadAction\",\"target\":[\"https:\/\/radwerk-north.de\/product\/pacto-one\/\"]}]},{\"@type\":\"ImageObject\",\"inLanguage\":\"de\",\"@id\":\"https:\/\/radwerk-north.de\/product\/pacto-one\/#primaryimage\",\"url\":\"https:\/\/radwerk-north.de\/wp-content\/uploads\/2025\/11\/1-18.webp\",\"contentUrl\":\"https:\/\/radwerk-north.de\/wp-content\/uploads\/2025\/11\/1-18.webp\",\"width\":1024,\"height\":775},{\"@type\":\"BreadcrumbList\",\"@id\":\"https:\/\/radwerk-north.de\/product\/pacto-one\/#breadcrumb\",\"itemListElement\":[{\"@type\":\"ListItem\",\"position\":1,\"name\":\"Home\",\"item\":\"https:\/\/radwerk-north.de\/\"},{\"@type\":\"ListItem\",\"position\":2,\"name\":\"Products\",\"item\":\"https:\/\/radwerk-north.de\/shop\/\"},{\"@type\":\"ListItem\",\"position\":3,\"name\":\"PACTO ONE\"}]},{\"@type\":\"WebSite\",\"@id\":\"https:\/\/radwerk-north.de\/#website\",\"url\":\"https:\/\/radwerk-north.de\/\",\"name\":\"RadWerk Nord\",\"description\":\"Mobilit\u00e4t neu gedacht.\",\"publisher\":{\"@id\":\"https:\/\/radwerk-north.de\/#organization\"},\"potentialAction\":[{\"@type\":\"SearchAction\",\"target\":{\"@type\":\"EntryPoint\",\"urlTemplate\":\"https:\/\/radwerk-north.de\/?s={search_term_string}\"},\"query-input\":{\"@type\":\"PropertyValueSpecification\",\"valueRequired\":true,\"valueName\":\"search_term_string\"}}],\"inLanguage\":\"de\"},{\"@type\":\"Organization\",\"@id\":\"https:\/\/radwerk-north.de\/#organization\",\"name\":\"RadWerk Nord\",\"url\":\"https:\/\/radwerk-north.de\/\",\"logo\":{\"@type\":\"ImageObject\",\"inLanguage\":\"de\",\"@id\":\"https:\/\/radwerk-north.de\/#\/schema\/logo\/image\/\",\"url\":\"https:\/\/radwerk-north.de\/wp-content\/uploads\/2025\/12\/cropped-Video_Screen1766523928533-removebg-preview.png\",\"contentUrl\":\"https:\/\/radwerk-north.de\/wp-content\/uploads\/2025\/12\/cropped-Video_Screen1766523928533-removebg-preview.png\",\"width\":745,\"height\":294,\"caption\":\"RadWerk Nord\"},\"image\":{\"@id\":\"https:\/\/radwerk-north.de\/#\/schema\/logo\/image\/\"}}]}<\/script>\n<meta property=\"product:price:amount\" content=\"488.00\" \/>\n<meta property=\"product:price:currency\" content=\"EUR\" \/>\n<meta property=\"og:availability\" content=\"instock\" \/>\n<meta property=\"product:availability\" content=\"instock\" \/>\n<meta property=\"product:retailer_item_id\" content=\"RDNXTV9V6220\" \/>\n<meta property=\"product:condition\" content=\"new\" \/>\n<!-- \/ Yoast SEO Premium plugin. -->","yoast_head_json":{"title":"PACTO ONE - RadWerk Nord","robots":{"index":"index","follow":"follow","max-snippet":"max-snippet:-1","max-image-preview":"max-image-preview:large","max-video-preview":"max-video-preview:-1"},"canonical":"https:\/\/radwerk-north.de\/de\/product\/pacto-one\/","og_locale":"de_DE","og_type":"article","og_title":"PACTO ONE","og_description":"Rahmenmaterial: Aluminiumrahmen  Schaltung: Shimano 6-Gang-Kettenschaltung  Bremsen: Scheibenbremsen  Felgen: Aluminium, doppelwandig  Reifen: 20 x 3,50  Beleuchtung: Batteriebetriebene Vorder- und R\u00fccklichter  Vorderradgabel: Federgabel  Gewicht: 17 kg  Farbe: Schwarz  Gabeltyp: Federgabel Rahmenmaterial: Aluminium Faltbar: Ja Hersteller: PACTO Federung: Federgabel Farbe: Schwarz Schaltungstyp: Kettenschaltung Rahmenh\u00f6he: 32 cm Anzahl der G\u00e4nge: 6 Gewicht: 17 kg EAN-Barcode: 8720726427029","og_url":"https:\/\/radwerk-north.de\/de\/product\/pacto-one\/","og_site_name":"RadWerk Nord","article_modified_time":"2025-12-10T16:59:26+00:00","og_image":[{"width":1024,"height":775,"url":"https:\/\/radwerk-north.de\/wp-content\/uploads\/2025\/11\/1-18.webp","type":"image\/webp"}],"twitter_card":"summary_large_image","twitter_misc":{"Preis":"488,00&nbsp;&euro;","Verf\u00fcgbarkeit":"Auf Lager"},"schema":{"@context":"https:\/\/schema.org","@graph":[{"@type":"WebPage","@id":"https:\/\/radwerk-north.de\/product\/pacto-one\/","url":"https:\/\/radwerk-north.de\/product\/pacto-one\/","name":"PACTO ONE - RadWerk Nord","isPartOf":{"@id":"https:\/\/radwerk-north.de\/#website"},"primaryImageOfPage":{"@id":"https:\/\/radwerk-north.de\/product\/pacto-one\/#primaryimage"},"image":{"@id":"https:\/\/radwerk-north.de\/product\/pacto-one\/#primaryimage"},"thumbnailUrl":"https:\/\/radwerk-north.de\/wp-content\/uploads\/2025\/11\/1-18.webp","datePublished":"2025-11-25T14:41:53+00:00","dateModified":"2025-12-10T16:59:26+00:00","breadcrumb":{"@id":"https:\/\/radwerk-north.de\/product\/pacto-one\/#breadcrumb"},"inLanguage":"de","potentialAction":[{"@type":"ReadAction","target":["https:\/\/radwerk-north.de\/product\/pacto-one\/"]}]},{"@type":"ImageObject","inLanguage":"de","@id":"https:\/\/radwerk-north.de\/product\/pacto-one\/#primaryimage","url":"https:\/\/radwerk-north.de\/wp-content\/uploads\/2025\/11\/1-18.webp","contentUrl":"https:\/\/radwerk-north.de\/wp-content\/uploads\/2025\/11\/1-18.webp","width":1024,"height":775},{"@type":"BreadcrumbList","@id":"https:\/\/radwerk-north.de\/product\/pacto-one\/#breadcrumb","itemListElement":[{"@type":"ListItem","position":1,"name":"Home","item":"https:\/\/radwerk-north.de\/"},{"@type":"ListItem","position":2,"name":"Products","item":"https:\/\/radwerk-north.de\/shop\/"},{"@type":"ListItem","position":3,"name":"PACTO ONE"}]},{"@type":"WebSite","@id":"https:\/\/radwerk-north.de\/#website","url":"https:\/\/radwerk-north.de\/","name":"RadWerk Nord","description":"Mobilit\u00e4t neu gedacht.","publisher":{"@id":"https:\/\/radwerk-north.de\/#organization"},"potentialAction":[{"@type":"SearchAction","target":{"@type":"EntryPoint","urlTemplate":"https:\/\/radwerk-north.de\/?s={search_term_string}"},"query-input":{"@type":"PropertyValueSpecification","valueRequired":true,"valueName":"search_term_string"}}],"inLanguage":"de"},{"@type":"Organization","@id":"https:\/\/radwerk-north.de\/#organization","name":"RadWerk Nord","url":"https:\/\/radwerk-north.de\/","logo":{"@type":"ImageObject","inLanguage":"de","@id":"https:\/\/radwerk-north.de\/#\/schema\/logo\/image\/","url":"https:\/\/radwerk-north.de\/wp-content\/uploads\/2025\/12\/cropped-Video_Screen1766523928533-removebg-preview.png","contentUrl":"https:\/\/radwerk-north.de\/wp-content\/uploads\/2025\/12\/cropped-Video_Screen1766523928533-removebg-preview.png","width":745,"height":294,"caption":"RadWerk Nord"},"image":{"@id":"https:\/\/radwerk-north.de\/#\/schema\/logo\/image\/"}}]},"product_price_amount":"488.00","product_price_currency":"EUR","og_availability":"instock","product_availability":"instock","product_retailer_item_id":"RDNXTV9V6220","product_condition":"new"},"acf":[],"_links":{"self":[{"href":"https:\/\/radwerk-north.de\/de\/wp-json\/wp\/v2\/product\/6220","targetHints":{"allow":["GET"]}}],"collection":[{"href":"https:\/\/radwerk-north.de\/de\/wp-json\/wp\/v2\/product"}],"about":[{"href":"https:\/\/radwerk-north.de\/de\/wp-json\/wp\/v2\/types\/product"}],"replies":[{"embeddable":true,"href":"https:\/\/radwerk-north.de\/de\/wp-json\/wp\/v2\/comments?post=6220"}],"wp:featuredmedia":[{"embeddable":true,"href":"https:\/\/radwerk-north.de\/de\/wp-json\/wp\/v2\/media\/6221"}],"wp:attachment":[{"href":"https:\/\/radwerk-north.de\/de\/wp-json\/wp\/v2\/media?parent=6220"}],"wp:term":[{"taxonomy":"product_brand","embeddable":true,"href":"https:\/\/radwerk-north.de\/de\/wp-json\/wp\/v2\/product_brand?post=6220"},{"taxonomy":"product_cat","embeddable":true,"href":"https:\/\/radwerk-north.de\/de\/wp-json\/wp\/v2\/product_cat?post=6220"},{"taxonomy":"product_tag","embeddable":true,"href":"https:\/\/radwerk-north.de\/de\/wp-json\/wp\/v2\/product_tag?post=6220"}],"curies":[{"name":"wp","href":"https:\/\/api.w.org\/{rel}","templated":true}]}}