{"id":6215,"date":"2025-11-25T14:30:28","date_gmt":"2025-11-25T14:30:28","guid":{"rendered":"https:\/\/radwerk-north.de\/?post_type=product&#038;p=6215"},"modified":"2025-12-10T17:05:47","modified_gmt":"2025-12-10T17:05:47","slug":"ado-air-20-pro-faltbares-elektrofahrrad-pedelec","status":"publish","type":"product","link":"https:\/\/radwerk-north.de\/de\/product\/ado-air-20-pro-faltbares-elektrofahrrad-pedelec\/","title":{"rendered":"ADO Air 20 Pro faltbares Elektrofahrrad, Pedelec"},"content":{"rendered":"<p>Farbe: Blau &amp; Grau<\/p>\n<p>Reifengr\u00f6\u00dfe: 20 x 1,95 Zoll<\/p>\n<p>Gesamtabmessungen: L \u00d7 B \u00d7 H 1610 x 590 x 1150 mm<\/p>\n<p>Verpackungsabmessungen: L \u00d7 B \u00d7 H 850 x 680 x 420 mm<\/p>\n<p>Nettogewicht: 21 kg<\/p>\n<p>Maximale Zuladung: 120 kg<\/p>\n<p>Gabeltyp: Verstellbare Federgabel<\/p>\n<p>Akkuposition: Im Sitzrohr integriert<\/p>\n<p>Motor: Bafang Automatikmotor<\/p>\n<p>Rahmenmaterial: Aluminiumlegierung<\/p>\n<p>Elektrische Reichweite: \u2264 35 km<\/p>\n<p>Elektrische Reichweite: \u2264 100 km (abh\u00e4ngig von Fahrmodus, verschiedenen Faktoren und optimalen Bedingungen)<\/p>\n<p>D\u00e4mpfung: Verstellbare Federgabeld\u00e4mpfung<\/p>\n<p>Antrieb: Carbonriemen<\/p>\n<p>Bremsen: Hydraulische Scheibenbremsen vorne\/hinten<\/p>\n","protected":false},"excerpt":{"rendered":"<p>H\u00f6chstgeschwindigkeit: 25 km\/h<\/p>\n<p>Motorleistung: 36 V\/250 W<\/p>\n<p>Drehmoment: 40 Nm<\/p>\n<p>Akkukapazit\u00e4t: 36 V\/9,6 Ah<\/p>\n<p>Ladezeit: 4\u20136 Stunden<\/p>\n<p>Batteriemanagementsystem: Schutz vor \u00dcberhitzung, Kurzschluss, \u00dcberstrom und \u00dcberladung<\/p>\n<p>Netzteilleistung: 42 V\/2 A<\/p>\n<p>Wasserdichtigkeit: IPX5 (IPX7-Display)<\/p>\n<p>Alarm: Mechanischer Summer<\/p>\n<p>LCD: 2,4&#8243;-IPS-Farbdisplay<\/p>\n<p>Lichtsensor: Automatischer Scheinwerfer<\/p>\n<p>Schutzbleche: Kunststoff<\/p>\n<p>Gep\u00e4cktr\u00e4ger: Metall<\/p>\n<p>Fahrradtr\u00e4ger: Inklusive<\/p>\n<p>-ADOAir20 Pro<\/p>\n<p>Federung: Federgabel<br \/>\nGewicht: 21 kg<br \/>\nLeistung: 250 W<br \/>\nAkkureichweite: 100 km<br \/>\nHersteller: A DECE OASIS<br \/>\nFahrradtyp: Faltrad<br \/>\nBremssystem: Hydraulische Scheibenbremse<br \/>\nMotorposition: Hinten Motor<br \/>\nFaltbar<br \/>\nJa<br \/>\nStra\u00dfenzulassung<br \/>\nJa<br \/>\nSchaltung<br \/>\nElektronische Schaltung<br \/>\nBatteriespannung<br \/>\n36 V<br \/>\nAkkuposition<br \/>\nAkku am Sitzrohr<br \/>\nAnzahl der G\u00e4nge<br \/>\n2<br \/>\nDisplay<br \/>\nLCD<br \/>\nAntriebsart<br \/>\nRiemenantrieb<br \/>\nAbmessungen<br \/>\n1610 x 590 x 1150 mm<br \/>\nRahmenmaterial<br \/>\nAluminium<br \/>\nMaximales Gewicht<br \/>\n120 kg<br \/>\nZielgruppe<br \/>\nUnisex<br \/>\nGabeltyp<br \/>\nFedergabel<br \/>\nLieferumfang<br \/>\nADO Air20Pro Akku, Ladeger\u00e4t, Werkzeugset, Bedienungsanleitung<br \/>\nH\u00f6chstgeschwindigkeit<br \/>\n25 km\/h<br \/>\nFarbe<br \/>\nBlau<br \/>\nEAN-Code<br \/>\n6974587223944<\/p>\n","protected":false},"featured_media":6216,"comment_status":"open","ping_status":"closed","template":"","meta":[],"product_brand":[],"product_cat":[66],"product_tag":[],"class_list":{"0":"post-6215","1":"product","2":"type-product","3":"status-publish","4":"has-post-thumbnail","6":"product_cat-velo-pliant","8":"first","9":"instock","10":"sale","11":"featured","12":"shipping-taxable","13":"purchasable","14":"product-type-simple"},"yoast_head":"<!-- This site is optimized with the Yoast SEO Premium plugin v26.2 (Yoast SEO v26.7) - https:\/\/yoast.com\/wordpress\/plugins\/seo\/ -->\n<title>ADO Air 20 Pro faltbares Elektrofahrrad, Pedelec - RadWerk Nord<\/title>\n<meta name=\"robots\" content=\"index, follow, max-snippet:-1, max-image-preview:large, max-video-preview:-1\" \/>\n<link rel=\"canonical\" href=\"https:\/\/radwerk-north.de\/de\/product\/ado-air-20-pro-faltbares-elektrofahrrad-pedelec\/\" \/>\n<meta property=\"og:locale\" content=\"de_DE\" \/>\n<meta property=\"og:type\" content=\"article\" \/>\n<meta property=\"og:title\" content=\"ADO Air 20 Pro faltbares Elektrofahrrad, Pedelec\" \/>\n<meta property=\"og:description\" content=\"H\u00f6chstgeschwindigkeit: 25 km\/h  Motorleistung: 36 V\/250 W  Drehmoment: 40 Nm  Akkukapazit\u00e4t: 36 V\/9,6 Ah  Ladezeit: 4\u20136 Stunden  Batteriemanagementsystem: Schutz vor \u00dcberhitzung, Kurzschluss, \u00dcberstrom und \u00dcberladung  Netzteilleistung: 42 V\/2 A  Wasserdichtigkeit: IPX5 (IPX7-Display)  Alarm: Mechanischer Summer  LCD: 2,4&quot;-IPS-Farbdisplay  Lichtsensor: Automatischer Scheinwerfer  Schutzbleche: Kunststoff  Gep\u00e4cktr\u00e4ger: Metall  Fahrradtr\u00e4ger: Inklusive  -ADOAir20 Pro  Federung: Federgabel Gewicht: 21 kg Leistung: 250 W Akkureichweite: 100 km Hersteller: A DECE OASIS Fahrradtyp: Faltrad Bremssystem: Hydraulische Scheibenbremse Motorposition: Hinten Motor Faltbar Ja Stra\u00dfenzulassung Ja Schaltung Elektronische Schaltung Batteriespannung 36 V Akkuposition Akku am Sitzrohr Anzahl der G\u00e4nge 2 Display LCD Antriebsart Riemenantrieb Abmessungen 1610 x 590 x 1150 mm Rahmenmaterial Aluminium Maximales Gewicht 120 kg Zielgruppe Unisex Gabeltyp Federgabel Lieferumfang ADO Air20Pro Akku, Ladeger\u00e4t, Werkzeugset, Bedienungsanleitung H\u00f6chstgeschwindigkeit 25 km\/h Farbe Blau EAN-Code 6974587223944\" \/>\n<meta property=\"og:url\" content=\"https:\/\/radwerk-north.de\/de\/product\/ado-air-20-pro-faltbares-elektrofahrrad-pedelec\/\" \/>\n<meta property=\"og:site_name\" content=\"RadWerk Nord\" \/>\n<meta property=\"article:modified_time\" content=\"2025-12-10T17:05:47+00:00\" \/>\n<meta property=\"og:image\" content=\"https:\/\/radwerk-north.de\/wp-content\/uploads\/2025\/11\/2-17.webp\" \/>\n\t<meta property=\"og:image:width\" content=\"912\" \/>\n\t<meta property=\"og:image:height\" content=\"1024\" \/>\n\t<meta property=\"og:image:type\" content=\"image\/webp\" \/>\n<meta name=\"twitter:card\" content=\"summary_large_image\" \/>\n<meta name=\"twitter:label1\" content=\"Preis\" \/>\n\t<meta name=\"twitter:data1\" content=\"1.200,00&nbsp;&euro;\" \/>\n\t<meta name=\"twitter:label2\" content=\"Verf\u00fcgbarkeit\" \/>\n\t<meta name=\"twitter:data2\" content=\"Auf Lager\" \/>\n<script type=\"application\/ld+json\" class=\"yoast-schema-graph\">{\"@context\":\"https:\/\/schema.org\",\"@graph\":[{\"@type\":\"WebPage\",\"@id\":\"https:\/\/radwerk-north.de\/product\/ado-air-20-pro-faltbares-elektrofahrrad-pedelec\/\",\"url\":\"https:\/\/radwerk-north.de\/product\/ado-air-20-pro-faltbares-elektrofahrrad-pedelec\/\",\"name\":\"ADO Air 20 Pro faltbares Elektrofahrrad, Pedelec - RadWerk Nord\",\"isPartOf\":{\"@id\":\"https:\/\/radwerk-north.de\/#website\"},\"primaryImageOfPage\":{\"@id\":\"https:\/\/radwerk-north.de\/product\/ado-air-20-pro-faltbares-elektrofahrrad-pedelec\/#primaryimage\"},\"image\":{\"@id\":\"https:\/\/radwerk-north.de\/product\/ado-air-20-pro-faltbares-elektrofahrrad-pedelec\/#primaryimage\"},\"thumbnailUrl\":\"https:\/\/radwerk-north.de\/wp-content\/uploads\/2025\/11\/2-17.webp\",\"datePublished\":\"2025-11-25T14:30:28+00:00\",\"dateModified\":\"2025-12-10T17:05:47+00:00\",\"breadcrumb\":{\"@id\":\"https:\/\/radwerk-north.de\/product\/ado-air-20-pro-faltbares-elektrofahrrad-pedelec\/#breadcrumb\"},\"inLanguage\":\"de\",\"potentialAction\":[{\"@type\":\"ReadAction\",\"target\":[\"https:\/\/radwerk-north.de\/product\/ado-air-20-pro-faltbares-elektrofahrrad-pedelec\/\"]}]},{\"@type\":\"ImageObject\",\"inLanguage\":\"de\",\"@id\":\"https:\/\/radwerk-north.de\/product\/ado-air-20-pro-faltbares-elektrofahrrad-pedelec\/#primaryimage\",\"url\":\"https:\/\/radwerk-north.de\/wp-content\/uploads\/2025\/11\/2-17.webp\",\"contentUrl\":\"https:\/\/radwerk-north.de\/wp-content\/uploads\/2025\/11\/2-17.webp\",\"width\":912,\"height\":1024},{\"@type\":\"BreadcrumbList\",\"@id\":\"https:\/\/radwerk-north.de\/product\/ado-air-20-pro-faltbares-elektrofahrrad-pedelec\/#breadcrumb\",\"itemListElement\":[{\"@type\":\"ListItem\",\"position\":1,\"name\":\"Home\",\"item\":\"https:\/\/radwerk-north.de\/\"},{\"@type\":\"ListItem\",\"position\":2,\"name\":\"Products\",\"item\":\"https:\/\/radwerk-north.de\/shop\/\"},{\"@type\":\"ListItem\",\"position\":3,\"name\":\"ADO Air 20 Pro faltbares Elektrofahrrad, Pedelec\"}]},{\"@type\":\"WebSite\",\"@id\":\"https:\/\/radwerk-north.de\/#website\",\"url\":\"https:\/\/radwerk-north.de\/\",\"name\":\"RadWerk Nord\",\"description\":\"Mobilit\u00e4t neu gedacht.\",\"publisher\":{\"@id\":\"https:\/\/radwerk-north.de\/#organization\"},\"potentialAction\":[{\"@type\":\"SearchAction\",\"target\":{\"@type\":\"EntryPoint\",\"urlTemplate\":\"https:\/\/radwerk-north.de\/?s={search_term_string}\"},\"query-input\":{\"@type\":\"PropertyValueSpecification\",\"valueRequired\":true,\"valueName\":\"search_term_string\"}}],\"inLanguage\":\"de\"},{\"@type\":\"Organization\",\"@id\":\"https:\/\/radwerk-north.de\/#organization\",\"name\":\"RadWerk Nord\",\"url\":\"https:\/\/radwerk-north.de\/\",\"logo\":{\"@type\":\"ImageObject\",\"inLanguage\":\"de\",\"@id\":\"https:\/\/radwerk-north.de\/#\/schema\/logo\/image\/\",\"url\":\"https:\/\/radwerk-north.de\/wp-content\/uploads\/2025\/12\/cropped-Video_Screen1766523928533-removebg-preview.png\",\"contentUrl\":\"https:\/\/radwerk-north.de\/wp-content\/uploads\/2025\/12\/cropped-Video_Screen1766523928533-removebg-preview.png\",\"width\":745,\"height\":294,\"caption\":\"RadWerk Nord\"},\"image\":{\"@id\":\"https:\/\/radwerk-north.de\/#\/schema\/logo\/image\/\"}}]}<\/script>\n<meta property=\"product:price:amount\" content=\"1200.00\" \/>\n<meta property=\"product:price:currency\" content=\"EUR\" \/>\n<meta property=\"og:availability\" content=\"instock\" \/>\n<meta property=\"product:availability\" content=\"instock\" \/>\n<meta property=\"product:retailer_item_id\" content=\"RDNTWIHR6215\" \/>\n<meta property=\"product:condition\" content=\"new\" \/>\n<!-- \/ Yoast SEO Premium plugin. -->","yoast_head_json":{"title":"ADO Air 20 Pro faltbares Elektrofahrrad, Pedelec - RadWerk Nord","robots":{"index":"index","follow":"follow","max-snippet":"max-snippet:-1","max-image-preview":"max-image-preview:large","max-video-preview":"max-video-preview:-1"},"canonical":"https:\/\/radwerk-north.de\/de\/product\/ado-air-20-pro-faltbares-elektrofahrrad-pedelec\/","og_locale":"de_DE","og_type":"article","og_title":"ADO Air 20 Pro faltbares Elektrofahrrad, Pedelec","og_description":"H\u00f6chstgeschwindigkeit: 25 km\/h  Motorleistung: 36 V\/250 W  Drehmoment: 40 Nm  Akkukapazit\u00e4t: 36 V\/9,6 Ah  Ladezeit: 4\u20136 Stunden  Batteriemanagementsystem: Schutz vor \u00dcberhitzung, Kurzschluss, \u00dcberstrom und \u00dcberladung  Netzteilleistung: 42 V\/2 A  Wasserdichtigkeit: IPX5 (IPX7-Display)  Alarm: Mechanischer Summer  LCD: 2,4\"-IPS-Farbdisplay  Lichtsensor: Automatischer Scheinwerfer  Schutzbleche: Kunststoff  Gep\u00e4cktr\u00e4ger: Metall  Fahrradtr\u00e4ger: Inklusive  -ADOAir20 Pro  Federung: Federgabel Gewicht: 21 kg Leistung: 250 W Akkureichweite: 100 km Hersteller: A DECE OASIS Fahrradtyp: Faltrad Bremssystem: Hydraulische Scheibenbremse Motorposition: Hinten Motor Faltbar Ja Stra\u00dfenzulassung Ja Schaltung Elektronische Schaltung Batteriespannung 36 V Akkuposition Akku am Sitzrohr Anzahl der G\u00e4nge 2 Display LCD Antriebsart Riemenantrieb Abmessungen 1610 x 590 x 1150 mm Rahmenmaterial Aluminium Maximales Gewicht 120 kg Zielgruppe Unisex Gabeltyp Federgabel Lieferumfang ADO Air20Pro Akku, Ladeger\u00e4t, Werkzeugset, Bedienungsanleitung H\u00f6chstgeschwindigkeit 25 km\/h Farbe Blau EAN-Code 6974587223944","og_url":"https:\/\/radwerk-north.de\/de\/product\/ado-air-20-pro-faltbares-elektrofahrrad-pedelec\/","og_site_name":"RadWerk Nord","article_modified_time":"2025-12-10T17:05:47+00:00","og_image":[{"width":912,"height":1024,"url":"https:\/\/radwerk-north.de\/wp-content\/uploads\/2025\/11\/2-17.webp","type":"image\/webp"}],"twitter_card":"summary_large_image","twitter_misc":{"Preis":"1.200,00&nbsp;&euro;","Verf\u00fcgbarkeit":"Auf Lager"},"schema":{"@context":"https:\/\/schema.org","@graph":[{"@type":"WebPage","@id":"https:\/\/radwerk-north.de\/product\/ado-air-20-pro-faltbares-elektrofahrrad-pedelec\/","url":"https:\/\/radwerk-north.de\/product\/ado-air-20-pro-faltbares-elektrofahrrad-pedelec\/","name":"ADO Air 20 Pro faltbares Elektrofahrrad, Pedelec - RadWerk Nord","isPartOf":{"@id":"https:\/\/radwerk-north.de\/#website"},"primaryImageOfPage":{"@id":"https:\/\/radwerk-north.de\/product\/ado-air-20-pro-faltbares-elektrofahrrad-pedelec\/#primaryimage"},"image":{"@id":"https:\/\/radwerk-north.de\/product\/ado-air-20-pro-faltbares-elektrofahrrad-pedelec\/#primaryimage"},"thumbnailUrl":"https:\/\/radwerk-north.de\/wp-content\/uploads\/2025\/11\/2-17.webp","datePublished":"2025-11-25T14:30:28+00:00","dateModified":"2025-12-10T17:05:47+00:00","breadcrumb":{"@id":"https:\/\/radwerk-north.de\/product\/ado-air-20-pro-faltbares-elektrofahrrad-pedelec\/#breadcrumb"},"inLanguage":"de","potentialAction":[{"@type":"ReadAction","target":["https:\/\/radwerk-north.de\/product\/ado-air-20-pro-faltbares-elektrofahrrad-pedelec\/"]}]},{"@type":"ImageObject","inLanguage":"de","@id":"https:\/\/radwerk-north.de\/product\/ado-air-20-pro-faltbares-elektrofahrrad-pedelec\/#primaryimage","url":"https:\/\/radwerk-north.de\/wp-content\/uploads\/2025\/11\/2-17.webp","contentUrl":"https:\/\/radwerk-north.de\/wp-content\/uploads\/2025\/11\/2-17.webp","width":912,"height":1024},{"@type":"BreadcrumbList","@id":"https:\/\/radwerk-north.de\/product\/ado-air-20-pro-faltbares-elektrofahrrad-pedelec\/#breadcrumb","itemListElement":[{"@type":"ListItem","position":1,"name":"Home","item":"https:\/\/radwerk-north.de\/"},{"@type":"ListItem","position":2,"name":"Products","item":"https:\/\/radwerk-north.de\/shop\/"},{"@type":"ListItem","position":3,"name":"ADO Air 20 Pro faltbares Elektrofahrrad, Pedelec"}]},{"@type":"WebSite","@id":"https:\/\/radwerk-north.de\/#website","url":"https:\/\/radwerk-north.de\/","name":"RadWerk Nord","description":"Mobilit\u00e4t neu gedacht.","publisher":{"@id":"https:\/\/radwerk-north.de\/#organization"},"potentialAction":[{"@type":"SearchAction","target":{"@type":"EntryPoint","urlTemplate":"https:\/\/radwerk-north.de\/?s={search_term_string}"},"query-input":{"@type":"PropertyValueSpecification","valueRequired":true,"valueName":"search_term_string"}}],"inLanguage":"de"},{"@type":"Organization","@id":"https:\/\/radwerk-north.de\/#organization","name":"RadWerk Nord","url":"https:\/\/radwerk-north.de\/","logo":{"@type":"ImageObject","inLanguage":"de","@id":"https:\/\/radwerk-north.de\/#\/schema\/logo\/image\/","url":"https:\/\/radwerk-north.de\/wp-content\/uploads\/2025\/12\/cropped-Video_Screen1766523928533-removebg-preview.png","contentUrl":"https:\/\/radwerk-north.de\/wp-content\/uploads\/2025\/12\/cropped-Video_Screen1766523928533-removebg-preview.png","width":745,"height":294,"caption":"RadWerk Nord"},"image":{"@id":"https:\/\/radwerk-north.de\/#\/schema\/logo\/image\/"}}]},"product_price_amount":"1200.00","product_price_currency":"EUR","og_availability":"instock","product_availability":"instock","product_retailer_item_id":"RDNTWIHR6215","product_condition":"new"},"acf":[],"_links":{"self":[{"href":"https:\/\/radwerk-north.de\/de\/wp-json\/wp\/v2\/product\/6215","targetHints":{"allow":["GET"]}}],"collection":[{"href":"https:\/\/radwerk-north.de\/de\/wp-json\/wp\/v2\/product"}],"about":[{"href":"https:\/\/radwerk-north.de\/de\/wp-json\/wp\/v2\/types\/product"}],"replies":[{"embeddable":true,"href":"https:\/\/radwerk-north.de\/de\/wp-json\/wp\/v2\/comments?post=6215"}],"wp:featuredmedia":[{"embeddable":true,"href":"https:\/\/radwerk-north.de\/de\/wp-json\/wp\/v2\/media\/6216"}],"wp:attachment":[{"href":"https:\/\/radwerk-north.de\/de\/wp-json\/wp\/v2\/media?parent=6215"}],"wp:term":[{"taxonomy":"product_brand","embeddable":true,"href":"https:\/\/radwerk-north.de\/de\/wp-json\/wp\/v2\/product_brand?post=6215"},{"taxonomy":"product_cat","embeddable":true,"href":"https:\/\/radwerk-north.de\/de\/wp-json\/wp\/v2\/product_cat?post=6215"},{"taxonomy":"product_tag","embeddable":true,"href":"https:\/\/radwerk-north.de\/de\/wp-json\/wp\/v2\/product_tag?post=6215"}],"curies":[{"name":"wp","href":"https:\/\/api.w.org\/{rel}","templated":true}]}}