{"id":6210,"date":"2025-11-25T14:23:56","date_gmt":"2025-11-25T14:23:56","guid":{"rendered":"https:\/\/radwerk-north.de\/?post_type=product&#038;p=6210"},"modified":"2025-11-26T15:38:41","modified_gmt":"2025-11-26T15:38:41","slug":"ado-e-citybike-air28-e-bike-pedelec-28-zoll","status":"publish","type":"product","link":"https:\/\/radwerk-north.de\/de\/product\/ado-e-citybike-air28-e-bike-pedelec-28-zoll\/","title":{"rendered":"ADO E-Citybike Air28 E-Bike Pedelec 28 Zoll"},"content":{"rendered":"<p>Das Air28 vereint moderne Neigungsverstellung mit klassischem Komfort. Es ist das ideale Fahrrad f\u00fcr Pendler, die Wert auf ergonomischen Komfort und herausragende Technologie legen.<\/p>\n<p>Entwickelt f\u00fcr maximalen Komfort<\/p>\n<p>Starten Sie jede Fahrt entspannt und lassen Sie die Vorderradfederung m\u00fchelos \u00fcber Kopfsteinpflaster rollen.<\/p>\n<p>B\u00fcrstenloser Nabenmotor: Der 250-W-Nabenmotor arbeitet diskret, leise und sanft und erzeugt selbst bei maximaler Leistung nur ein leises Summen.<\/p>\n<p>Carbonriemen: Robust, zuverl\u00e4ssig und sicher. 1.000 km wartungsfrei.<\/p>\n<p>Herausnehmbarer Akku: Vollst\u00e4ndig herausnehmbar, leicht zu transportieren und voll geladen. Genie\u00dfen Sie eine unterst\u00fctzte Reichweite von bis zu 100 km.<\/p>\n<p>Intelligentes LCD-Display: G-drive 5.0, kompatibel mit der ADO-App, die Sie bei der Navigation unterst\u00fctzt.<\/p>\n<p>Drehmomentsensor: Der Drehmomentsensor erfasst pr\u00e4zise die Pedalkraft und die Unterst\u00fctzungsleistung in Echtzeit \u2013 ohne sp\u00fcrbare Leistungsverz\u00f6gerung.<\/p>\n<p>Farbe: Gelb, Blau und Grau<\/p>\n<p>Reifengr\u00f6\u00dfe: 700C x 45C<\/p>\n","protected":false},"excerpt":{"rendered":"<p>Gesamtabmessungen: L \u00d7 B \u00d7 H 1920 \u00d7 650 \u00d7 1150 mm<\/p>\n<p>Verpackungsabmessungen: L \u00d7 B \u00d7 H 1580 \u00d7 240 \u00d7 830 mm<\/p>\n<p>Nettogewicht: 22,5 kg<\/p>\n<p>Maximale Zuladung: 120 kg<\/p>\n<p>Rahmenmaterial: Aluminiumlegierung<\/p>\n<p>Elektrische Reichweite: \u2264 52 km<\/p>\n<p>Reichweite mit Unterst\u00fctzung: \u2264 100 km<\/p>\n<p>Federung: Einstellbare Federgabel<\/p>\n<p>Antrieb: Carbon-Riemenantrieb<\/p>\n<p>Bremsen: Hydraulische Scheibenbremsen vorn\/hinten<\/p>\n<p>Max. Geschwindigkeit: 25 km\/h<\/p>\n<p>Motorleistung: 36 V\/250 W<\/p>\n<p>Drehmoment: 40 Nm<\/p>\n<p>Akku: 36 V\/9,6 Ah<\/p>\n<p>Ladezeit: 7\u20138 Stunden<\/p>\n<p>Batteriemanagementsystem: Schutz vor \u00dcberhitzung, Kurzschluss, \u00dcberstrom und \u00dcberladung<\/p>\n<p>Netzteilleistung: 42 V\/2 A<\/p>\n<p>Wasserdichtigkeit: IPX5 (IPX7-Display)<\/p>\n<p>Alarm: Mechanischer Summer<\/p>\n<p>LCD: 3,5&#8243;-IPS-Farbdisplay<\/p>\n<p>Lichtsensor: Automatischer Sensor f\u00fcr die Scheinwerfer<\/p>\n<p>Schutzbleche: Kunststoff<\/p>\n<p>Gep\u00e4cktr\u00e4ger hinten: Metall<\/p>\n<p>Gep\u00e4cktr\u00e4ger vorne: Optional (nicht im Lieferumfang enthalten)<\/p>\n<p>Fahrradgep\u00e4cktr\u00e4ger: Im Lieferumfang enthalten<\/p>\n<p>-ADO Air28<\/p>\n<p>Gewicht<\/p>\n<p>22 kg<\/p>\n<p>Akkuspannung<\/p>\n<p>36 V<\/p>\n<p>Zielgruppe<\/p>\n<p>Damen<br \/>\nHerren<\/p>\n<p>Fahrradtyp<\/p>\n<p>Citybike<\/p>\n<p>Maximales Gewicht<\/p>\n<p>22,5 kg<\/p>\n<p>Fahrradrahmen Rahmenform<\/p>\n<p>Diamantrahmen<\/p>\n<p>Hersteller<\/p>\n<p>A DECE OASIS<\/p>\n<p>Fahrradbremssystem<\/p>\n<p>Hydraulische Scheibenbremse<\/p>\n<p>Motorposition<\/p>\n<p>Hinterradmotor<\/p>\n<p>Fahrradantrieb<\/p>\n<p>Riemenantrieb<\/p>\n<p>Schaltung<\/p>\n<p>Elektronische Schaltung<\/p>\n<p>Display<\/p>\n<p>LCD<\/p>\n<p>Rahmenmaterial<\/p>\n<p>Aluminium<\/p>\n<p>Kettentyp<\/p>\n<p>E-Bike<\/p>\n<p>Akkuposition<\/p>\n<p>Akku am Sitzrohr<\/p>\n<p>H\u00f6chstgeschwindigkeit<\/p>\n<p>25 km\/h<\/p>\n<p>Fahrradgabel<\/p>\n<p>Federgabel<\/p>\n<p>Leistung<\/p>\n<p>250 W<\/p>\n<p>Farbe<\/p>\n<p>Gelb<\/p>\n<p>Faltbar<\/p>\n<p>Nein<\/p>\n<p>EAN-Code<\/p>\n<p>6974587223142<\/p>\n","protected":false},"featured_media":6212,"comment_status":"open","ping_status":"closed","template":"","meta":[],"product_brand":[],"product_cat":[68],"product_tag":[],"class_list":{"0":"post-6210","1":"product","2":"type-product","3":"status-publish","4":"has-post-thumbnail","6":"product_cat-velo-cargo","8":"first","9":"instock","10":"sale","11":"shipping-taxable","12":"purchasable","13":"product-type-simple"},"yoast_head":"<!-- This site is optimized with the Yoast SEO Premium plugin v26.2 (Yoast SEO v26.7) - https:\/\/yoast.com\/wordpress\/plugins\/seo\/ -->\n<title>ADO E-Citybike Air28 E-Bike Pedelec 28 Zoll - RadWerk Nord<\/title>\n<meta name=\"robots\" content=\"index, follow, max-snippet:-1, max-image-preview:large, max-video-preview:-1\" \/>\n<link rel=\"canonical\" href=\"https:\/\/radwerk-north.de\/de\/product\/ado-e-citybike-air28-e-bike-pedelec-28-zoll\/\" \/>\n<meta property=\"og:locale\" content=\"de_DE\" \/>\n<meta property=\"og:type\" content=\"article\" \/>\n<meta property=\"og:title\" content=\"ADO E-Citybike Air28 E-Bike Pedelec 28 Zoll\" \/>\n<meta property=\"og:description\" content=\"Gesamtabmessungen: L \u00d7 B \u00d7 H 1920 \u00d7 650 \u00d7 1150 mm  Verpackungsabmessungen: L \u00d7 B \u00d7 H 1580 \u00d7 240 \u00d7 830 mm  Nettogewicht: 22,5 kg  Maximale Zuladung: 120 kg  Rahmenmaterial: Aluminiumlegierung  Elektrische Reichweite: \u2264 52 km  Reichweite mit Unterst\u00fctzung: \u2264 100 km  Federung: Einstellbare Federgabel  Antrieb: Carbon-Riemenantrieb  Bremsen: Hydraulische Scheibenbremsen vorn\/hinten  Max. Geschwindigkeit: 25 km\/h  Motorleistung: 36 V\/250 W  Drehmoment: 40 Nm  Akku: 36 V\/9,6 Ah  Ladezeit: 7\u20138 Stunden  Batteriemanagementsystem: Schutz vor \u00dcberhitzung, Kurzschluss, \u00dcberstrom und \u00dcberladung  Netzteilleistung: 42 V\/2 A  Wasserdichtigkeit: IPX5 (IPX7-Display)  Alarm: Mechanischer Summer  LCD: 3,5&quot;-IPS-Farbdisplay  Lichtsensor: Automatischer Sensor f\u00fcr die Scheinwerfer  Schutzbleche: Kunststoff  Gep\u00e4cktr\u00e4ger hinten: Metall  Gep\u00e4cktr\u00e4ger vorne: Optional (nicht im Lieferumfang enthalten)  Fahrradgep\u00e4cktr\u00e4ger: Im Lieferumfang enthalten  -ADO Air28  Gewicht  22 kg  Akkuspannung  36 V  Zielgruppe  Damen Herren  Fahrradtyp  Citybike  Maximales Gewicht  22,5 kg  Fahrradrahmen Rahmenform  Diamantrahmen  Hersteller  A DECE OASIS  Fahrradbremssystem  Hydraulische Scheibenbremse  Motorposition  Hinterradmotor  Fahrradantrieb  Riemenantrieb  Schaltung  Elektronische Schaltung  Display  LCD  Rahmenmaterial  Aluminium  Kettentyp  E-Bike  Akkuposition  Akku am Sitzrohr  H\u00f6chstgeschwindigkeit  25 km\/h  Fahrradgabel  Federgabel  Leistung  250 W  Farbe  Gelb  Faltbar  Nein  EAN-Code  6974587223142\" \/>\n<meta property=\"og:url\" content=\"https:\/\/radwerk-north.de\/de\/product\/ado-e-citybike-air28-e-bike-pedelec-28-zoll\/\" \/>\n<meta property=\"og:site_name\" content=\"RadWerk Nord\" \/>\n<meta property=\"article:modified_time\" content=\"2025-11-26T15:38:41+00:00\" \/>\n<meta property=\"og:image\" content=\"https:\/\/radwerk-north.de\/wp-content\/uploads\/2025\/11\/2-16.webp\" \/>\n\t<meta property=\"og:image:width\" content=\"2048\" \/>\n\t<meta property=\"og:image:height\" content=\"2048\" \/>\n\t<meta property=\"og:image:type\" content=\"image\/webp\" \/>\n<meta name=\"twitter:card\" content=\"summary_large_image\" \/>\n<meta name=\"twitter:label1\" content=\"Preis\" \/>\n\t<meta name=\"twitter:data1\" content=\"1.000,00&nbsp;&euro;\" \/>\n\t<meta name=\"twitter:label2\" content=\"Verf\u00fcgbarkeit\" \/>\n\t<meta name=\"twitter:data2\" content=\"Auf Lager\" \/>\n<script type=\"application\/ld+json\" class=\"yoast-schema-graph\">{\"@context\":\"https:\/\/schema.org\",\"@graph\":[{\"@type\":\"WebPage\",\"@id\":\"https:\/\/radwerk-north.de\/product\/ado-e-citybike-air28-e-bike-pedelec-28-zoll\/\",\"url\":\"https:\/\/radwerk-north.de\/product\/ado-e-citybike-air28-e-bike-pedelec-28-zoll\/\",\"name\":\"ADO E-Citybike Air28 E-Bike Pedelec 28 Zoll - RadWerk Nord\",\"isPartOf\":{\"@id\":\"https:\/\/radwerk-north.de\/#website\"},\"primaryImageOfPage\":{\"@id\":\"https:\/\/radwerk-north.de\/product\/ado-e-citybike-air28-e-bike-pedelec-28-zoll\/#primaryimage\"},\"image\":{\"@id\":\"https:\/\/radwerk-north.de\/product\/ado-e-citybike-air28-e-bike-pedelec-28-zoll\/#primaryimage\"},\"thumbnailUrl\":\"https:\/\/radwerk-north.de\/wp-content\/uploads\/2025\/11\/2-16.webp\",\"datePublished\":\"2025-11-25T14:23:56+00:00\",\"dateModified\":\"2025-11-26T15:38:41+00:00\",\"breadcrumb\":{\"@id\":\"https:\/\/radwerk-north.de\/product\/ado-e-citybike-air28-e-bike-pedelec-28-zoll\/#breadcrumb\"},\"inLanguage\":\"de\",\"potentialAction\":[{\"@type\":\"ReadAction\",\"target\":[\"https:\/\/radwerk-north.de\/product\/ado-e-citybike-air28-e-bike-pedelec-28-zoll\/\"]}]},{\"@type\":\"ImageObject\",\"inLanguage\":\"de\",\"@id\":\"https:\/\/radwerk-north.de\/product\/ado-e-citybike-air28-e-bike-pedelec-28-zoll\/#primaryimage\",\"url\":\"https:\/\/radwerk-north.de\/wp-content\/uploads\/2025\/11\/2-16.webp\",\"contentUrl\":\"https:\/\/radwerk-north.de\/wp-content\/uploads\/2025\/11\/2-16.webp\",\"width\":2048,\"height\":2048},{\"@type\":\"BreadcrumbList\",\"@id\":\"https:\/\/radwerk-north.de\/product\/ado-e-citybike-air28-e-bike-pedelec-28-zoll\/#breadcrumb\",\"itemListElement\":[{\"@type\":\"ListItem\",\"position\":1,\"name\":\"Home\",\"item\":\"https:\/\/radwerk-north.de\/\"},{\"@type\":\"ListItem\",\"position\":2,\"name\":\"Products\",\"item\":\"https:\/\/radwerk-north.de\/shop\/\"},{\"@type\":\"ListItem\",\"position\":3,\"name\":\"ADO E-Citybike Air28 E-Bike Pedelec 28 Zoll\"}]},{\"@type\":\"WebSite\",\"@id\":\"https:\/\/radwerk-north.de\/#website\",\"url\":\"https:\/\/radwerk-north.de\/\",\"name\":\"RadWerk Nord\",\"description\":\"Mobilit\u00e4t neu gedacht.\",\"publisher\":{\"@id\":\"https:\/\/radwerk-north.de\/#organization\"},\"potentialAction\":[{\"@type\":\"SearchAction\",\"target\":{\"@type\":\"EntryPoint\",\"urlTemplate\":\"https:\/\/radwerk-north.de\/?s={search_term_string}\"},\"query-input\":{\"@type\":\"PropertyValueSpecification\",\"valueRequired\":true,\"valueName\":\"search_term_string\"}}],\"inLanguage\":\"de\"},{\"@type\":\"Organization\",\"@id\":\"https:\/\/radwerk-north.de\/#organization\",\"name\":\"RadWerk Nord\",\"url\":\"https:\/\/radwerk-north.de\/\",\"logo\":{\"@type\":\"ImageObject\",\"inLanguage\":\"de\",\"@id\":\"https:\/\/radwerk-north.de\/#\/schema\/logo\/image\/\",\"url\":\"https:\/\/radwerk-north.de\/wp-content\/uploads\/2025\/12\/cropped-Video_Screen1766523928533-removebg-preview.png\",\"contentUrl\":\"https:\/\/radwerk-north.de\/wp-content\/uploads\/2025\/12\/cropped-Video_Screen1766523928533-removebg-preview.png\",\"width\":745,\"height\":294,\"caption\":\"RadWerk Nord\"},\"image\":{\"@id\":\"https:\/\/radwerk-north.de\/#\/schema\/logo\/image\/\"}}]}<\/script>\n<meta property=\"product:price:amount\" content=\"1000.00\" \/>\n<meta property=\"product:price:currency\" content=\"EUR\" \/>\n<meta property=\"og:availability\" content=\"instock\" \/>\n<meta property=\"product:availability\" content=\"instock\" \/>\n<meta property=\"product:retailer_item_id\" content=\"RDNLE2NE6210\" \/>\n<meta property=\"product:condition\" content=\"new\" \/>\n<!-- \/ Yoast SEO Premium plugin. -->","yoast_head_json":{"title":"ADO E-Citybike Air28 E-Bike Pedelec 28 Zoll - RadWerk Nord","robots":{"index":"index","follow":"follow","max-snippet":"max-snippet:-1","max-image-preview":"max-image-preview:large","max-video-preview":"max-video-preview:-1"},"canonical":"https:\/\/radwerk-north.de\/de\/product\/ado-e-citybike-air28-e-bike-pedelec-28-zoll\/","og_locale":"de_DE","og_type":"article","og_title":"ADO E-Citybike Air28 E-Bike Pedelec 28 Zoll","og_description":"Gesamtabmessungen: L \u00d7 B \u00d7 H 1920 \u00d7 650 \u00d7 1150 mm  Verpackungsabmessungen: L \u00d7 B \u00d7 H 1580 \u00d7 240 \u00d7 830 mm  Nettogewicht: 22,5 kg  Maximale Zuladung: 120 kg  Rahmenmaterial: Aluminiumlegierung  Elektrische Reichweite: \u2264 52 km  Reichweite mit Unterst\u00fctzung: \u2264 100 km  Federung: Einstellbare Federgabel  Antrieb: Carbon-Riemenantrieb  Bremsen: Hydraulische Scheibenbremsen vorn\/hinten  Max. Geschwindigkeit: 25 km\/h  Motorleistung: 36 V\/250 W  Drehmoment: 40 Nm  Akku: 36 V\/9,6 Ah  Ladezeit: 7\u20138 Stunden  Batteriemanagementsystem: Schutz vor \u00dcberhitzung, Kurzschluss, \u00dcberstrom und \u00dcberladung  Netzteilleistung: 42 V\/2 A  Wasserdichtigkeit: IPX5 (IPX7-Display)  Alarm: Mechanischer Summer  LCD: 3,5\"-IPS-Farbdisplay  Lichtsensor: Automatischer Sensor f\u00fcr die Scheinwerfer  Schutzbleche: Kunststoff  Gep\u00e4cktr\u00e4ger hinten: Metall  Gep\u00e4cktr\u00e4ger vorne: Optional (nicht im Lieferumfang enthalten)  Fahrradgep\u00e4cktr\u00e4ger: Im Lieferumfang enthalten  -ADO Air28  Gewicht  22 kg  Akkuspannung  36 V  Zielgruppe  Damen Herren  Fahrradtyp  Citybike  Maximales Gewicht  22,5 kg  Fahrradrahmen Rahmenform  Diamantrahmen  Hersteller  A DECE OASIS  Fahrradbremssystem  Hydraulische Scheibenbremse  Motorposition  Hinterradmotor  Fahrradantrieb  Riemenantrieb  Schaltung  Elektronische Schaltung  Display  LCD  Rahmenmaterial  Aluminium  Kettentyp  E-Bike  Akkuposition  Akku am Sitzrohr  H\u00f6chstgeschwindigkeit  25 km\/h  Fahrradgabel  Federgabel  Leistung  250 W  Farbe  Gelb  Faltbar  Nein  EAN-Code  6974587223142","og_url":"https:\/\/radwerk-north.de\/de\/product\/ado-e-citybike-air28-e-bike-pedelec-28-zoll\/","og_site_name":"RadWerk Nord","article_modified_time":"2025-11-26T15:38:41+00:00","og_image":[{"width":2048,"height":2048,"url":"https:\/\/radwerk-north.de\/wp-content\/uploads\/2025\/11\/2-16.webp","type":"image\/webp"}],"twitter_card":"summary_large_image","twitter_misc":{"Preis":"1.000,00&nbsp;&euro;","Verf\u00fcgbarkeit":"Auf Lager"},"schema":{"@context":"https:\/\/schema.org","@graph":[{"@type":"WebPage","@id":"https:\/\/radwerk-north.de\/product\/ado-e-citybike-air28-e-bike-pedelec-28-zoll\/","url":"https:\/\/radwerk-north.de\/product\/ado-e-citybike-air28-e-bike-pedelec-28-zoll\/","name":"ADO E-Citybike Air28 E-Bike Pedelec 28 Zoll - RadWerk Nord","isPartOf":{"@id":"https:\/\/radwerk-north.de\/#website"},"primaryImageOfPage":{"@id":"https:\/\/radwerk-north.de\/product\/ado-e-citybike-air28-e-bike-pedelec-28-zoll\/#primaryimage"},"image":{"@id":"https:\/\/radwerk-north.de\/product\/ado-e-citybike-air28-e-bike-pedelec-28-zoll\/#primaryimage"},"thumbnailUrl":"https:\/\/radwerk-north.de\/wp-content\/uploads\/2025\/11\/2-16.webp","datePublished":"2025-11-25T14:23:56+00:00","dateModified":"2025-11-26T15:38:41+00:00","breadcrumb":{"@id":"https:\/\/radwerk-north.de\/product\/ado-e-citybike-air28-e-bike-pedelec-28-zoll\/#breadcrumb"},"inLanguage":"de","potentialAction":[{"@type":"ReadAction","target":["https:\/\/radwerk-north.de\/product\/ado-e-citybike-air28-e-bike-pedelec-28-zoll\/"]}]},{"@type":"ImageObject","inLanguage":"de","@id":"https:\/\/radwerk-north.de\/product\/ado-e-citybike-air28-e-bike-pedelec-28-zoll\/#primaryimage","url":"https:\/\/radwerk-north.de\/wp-content\/uploads\/2025\/11\/2-16.webp","contentUrl":"https:\/\/radwerk-north.de\/wp-content\/uploads\/2025\/11\/2-16.webp","width":2048,"height":2048},{"@type":"BreadcrumbList","@id":"https:\/\/radwerk-north.de\/product\/ado-e-citybike-air28-e-bike-pedelec-28-zoll\/#breadcrumb","itemListElement":[{"@type":"ListItem","position":1,"name":"Home","item":"https:\/\/radwerk-north.de\/"},{"@type":"ListItem","position":2,"name":"Products","item":"https:\/\/radwerk-north.de\/shop\/"},{"@type":"ListItem","position":3,"name":"ADO E-Citybike Air28 E-Bike Pedelec 28 Zoll"}]},{"@type":"WebSite","@id":"https:\/\/radwerk-north.de\/#website","url":"https:\/\/radwerk-north.de\/","name":"RadWerk Nord","description":"Mobilit\u00e4t neu gedacht.","publisher":{"@id":"https:\/\/radwerk-north.de\/#organization"},"potentialAction":[{"@type":"SearchAction","target":{"@type":"EntryPoint","urlTemplate":"https:\/\/radwerk-north.de\/?s={search_term_string}"},"query-input":{"@type":"PropertyValueSpecification","valueRequired":true,"valueName":"search_term_string"}}],"inLanguage":"de"},{"@type":"Organization","@id":"https:\/\/radwerk-north.de\/#organization","name":"RadWerk Nord","url":"https:\/\/radwerk-north.de\/","logo":{"@type":"ImageObject","inLanguage":"de","@id":"https:\/\/radwerk-north.de\/#\/schema\/logo\/image\/","url":"https:\/\/radwerk-north.de\/wp-content\/uploads\/2025\/12\/cropped-Video_Screen1766523928533-removebg-preview.png","contentUrl":"https:\/\/radwerk-north.de\/wp-content\/uploads\/2025\/12\/cropped-Video_Screen1766523928533-removebg-preview.png","width":745,"height":294,"caption":"RadWerk Nord"},"image":{"@id":"https:\/\/radwerk-north.de\/#\/schema\/logo\/image\/"}}]},"product_price_amount":"1000.00","product_price_currency":"EUR","og_availability":"instock","product_availability":"instock","product_retailer_item_id":"RDNLE2NE6210","product_condition":"new"},"acf":[],"_links":{"self":[{"href":"https:\/\/radwerk-north.de\/de\/wp-json\/wp\/v2\/product\/6210","targetHints":{"allow":["GET"]}}],"collection":[{"href":"https:\/\/radwerk-north.de\/de\/wp-json\/wp\/v2\/product"}],"about":[{"href":"https:\/\/radwerk-north.de\/de\/wp-json\/wp\/v2\/types\/product"}],"replies":[{"embeddable":true,"href":"https:\/\/radwerk-north.de\/de\/wp-json\/wp\/v2\/comments?post=6210"}],"wp:featuredmedia":[{"embeddable":true,"href":"https:\/\/radwerk-north.de\/de\/wp-json\/wp\/v2\/media\/6212"}],"wp:attachment":[{"href":"https:\/\/radwerk-north.de\/de\/wp-json\/wp\/v2\/media?parent=6210"}],"wp:term":[{"taxonomy":"product_brand","embeddable":true,"href":"https:\/\/radwerk-north.de\/de\/wp-json\/wp\/v2\/product_brand?post=6210"},{"taxonomy":"product_cat","embeddable":true,"href":"https:\/\/radwerk-north.de\/de\/wp-json\/wp\/v2\/product_cat?post=6210"},{"taxonomy":"product_tag","embeddable":true,"href":"https:\/\/radwerk-north.de\/de\/wp-json\/wp\/v2\/product_tag?post=6210"}],"curies":[{"name":"wp","href":"https:\/\/api.w.org\/{rel}","templated":true}]}}