{"id":6200,"date":"2025-11-25T12:37:53","date_gmt":"2025-11-25T12:37:53","guid":{"rendered":"https:\/\/radwerk-north.de\/?post_type=product&#038;p=6200"},"modified":"2025-11-25T12:37:54","modified_gmt":"2025-11-25T12:37:54","slug":"engwe-n1-pro","status":"publish","type":"product","link":"https:\/\/radwerk-north.de\/de\/product\/engwe-n1-pro\/","title":{"rendered":"ENGWE N1 PRO"},"content":{"rendered":"<p>Drehmoment auf Mountainbike-Niveau: Der Mittelmotor liefert 80 Nm Drehmoment und meistert m\u00fchelos jedes Terrain. Smart Electric N1Pro: Das leistungsst\u00e4rkste smarte E-Bike mit Mittelmotor und Carbonrahmen. Mittelmotortechnologie: Dank des Hochleistungs-Mittelmotors und des Drehmomentsensors bew\u00e4ltigt es Steigungen und Stadtstra\u00dfen spielend. Schnellladung: Nach nur 1,5 Stunden Ladezeit genie\u00dfen Sie eine ganze Woche unbeschwertes Fahrvergn\u00fcgen. Erleben Sie jetzt unvergleichlichen Komfort und h\u00f6chste Effizienz.<\/p>\n","protected":false},"excerpt":{"rendered":"<p>Reichweite (Akku)<br \/>\n100 km<br \/>\nDrehmoment in Nm<br \/>\n80<br \/>\nZielgruppe<br \/>\nUnisex<br \/>\nAkkuspannung in Volt<br \/>\n36 V<br \/>\nAbmessungen<br \/>\n153,4 cm \u00d7 23,5 cm \u00d7 75 cm<br \/>\nFederung<br \/>\nOhne Federung<br \/>\nRahmenmaterial<br \/>\nCarbon<br \/>\nGewicht<br \/>\n28,6 kg<br \/>\nFaltbar<br \/>\nNein<br \/>\nMaximales Benutzergewicht<br \/>\n120 kg<br \/>\nH\u00f6chstgeschwindigkeit<br \/>\n25 km\/h<br \/>\nHersteller<br \/>\nENGWE<br \/>\nModell<br \/>\nENGWE N1 PRO 250W 36V10Ah<br \/>\nLeistung<br \/>\n250 W<br \/>\nFarbe<br \/>\nGrau<br \/>\nEAN-Code<br \/>\n9344483268757<\/p>\n","protected":false},"featured_media":6201,"comment_status":"open","ping_status":"closed","template":"","meta":[],"product_brand":[],"product_cat":[70],"product_tag":[],"class_list":{"0":"post-6200","1":"product","2":"type-product","3":"status-publish","4":"has-post-thumbnail","6":"product_cat-velo-electrique","8":"first","9":"instock","10":"sale","11":"shipping-taxable","12":"purchasable","13":"product-type-simple"},"yoast_head":"<!-- This site is optimized with the Yoast SEO Premium plugin v26.2 (Yoast SEO v26.7) - https:\/\/yoast.com\/wordpress\/plugins\/seo\/ -->\n<title>ENGWE N1 PRO - RadWerk Nord<\/title>\n<meta name=\"robots\" content=\"index, follow, max-snippet:-1, max-image-preview:large, max-video-preview:-1\" \/>\n<link rel=\"canonical\" href=\"https:\/\/radwerk-north.de\/de\/product\/engwe-n1-pro\/\" \/>\n<meta property=\"og:locale\" content=\"de_DE\" \/>\n<meta property=\"og:type\" content=\"article\" \/>\n<meta property=\"og:title\" content=\"ENGWE N1 PRO\" \/>\n<meta property=\"og:description\" content=\"Reichweite (Akku) 100 km Drehmoment in Nm 80 Zielgruppe Unisex Akkuspannung in Volt 36 V Abmessungen 153,4 cm \u00d7 23,5 cm \u00d7 75 cm Federung Ohne Federung Rahmenmaterial Carbon Gewicht 28,6 kg Faltbar Nein Maximales Benutzergewicht 120 kg H\u00f6chstgeschwindigkeit 25 km\/h Hersteller ENGWE Modell ENGWE N1 PRO 250W 36V10Ah Leistung 250 W Farbe Grau EAN-Code 9344483268757\" \/>\n<meta property=\"og:url\" content=\"https:\/\/radwerk-north.de\/de\/product\/engwe-n1-pro\/\" \/>\n<meta property=\"og:site_name\" content=\"RadWerk Nord\" \/>\n<meta property=\"article:modified_time\" content=\"2025-11-25T12:37:54+00:00\" \/>\n<meta property=\"og:image\" content=\"https:\/\/radwerk-north.de\/wp-content\/uploads\/2025\/11\/1-14.webp\" \/>\n\t<meta property=\"og:image:width\" content=\"1024\" \/>\n\t<meta property=\"og:image:height\" content=\"837\" \/>\n\t<meta property=\"og:image:type\" content=\"image\/webp\" \/>\n<meta name=\"twitter:card\" content=\"summary_large_image\" \/>\n<meta name=\"twitter:label1\" content=\"Preis\" \/>\n\t<meta name=\"twitter:data1\" content=\"1.850,00&nbsp;&euro;\" \/>\n\t<meta name=\"twitter:label2\" content=\"Verf\u00fcgbarkeit\" \/>\n\t<meta name=\"twitter:data2\" content=\"Auf Lager\" \/>\n<script type=\"application\/ld+json\" class=\"yoast-schema-graph\">{\"@context\":\"https:\/\/schema.org\",\"@graph\":[{\"@type\":\"WebPage\",\"@id\":\"https:\/\/radwerk-north.de\/product\/engwe-n1-pro\/\",\"url\":\"https:\/\/radwerk-north.de\/product\/engwe-n1-pro\/\",\"name\":\"ENGWE N1 PRO - RadWerk Nord\",\"isPartOf\":{\"@id\":\"https:\/\/radwerk-north.de\/#website\"},\"primaryImageOfPage\":{\"@id\":\"https:\/\/radwerk-north.de\/product\/engwe-n1-pro\/#primaryimage\"},\"image\":{\"@id\":\"https:\/\/radwerk-north.de\/product\/engwe-n1-pro\/#primaryimage\"},\"thumbnailUrl\":\"https:\/\/radwerk-north.de\/wp-content\/uploads\/2025\/11\/1-14.webp\",\"datePublished\":\"2025-11-25T12:37:53+00:00\",\"dateModified\":\"2025-11-25T12:37:54+00:00\",\"breadcrumb\":{\"@id\":\"https:\/\/radwerk-north.de\/product\/engwe-n1-pro\/#breadcrumb\"},\"inLanguage\":\"de\",\"potentialAction\":[{\"@type\":\"ReadAction\",\"target\":[\"https:\/\/radwerk-north.de\/product\/engwe-n1-pro\/\"]}]},{\"@type\":\"ImageObject\",\"inLanguage\":\"de\",\"@id\":\"https:\/\/radwerk-north.de\/product\/engwe-n1-pro\/#primaryimage\",\"url\":\"https:\/\/radwerk-north.de\/wp-content\/uploads\/2025\/11\/1-14.webp\",\"contentUrl\":\"https:\/\/radwerk-north.de\/wp-content\/uploads\/2025\/11\/1-14.webp\",\"width\":1024,\"height\":837},{\"@type\":\"BreadcrumbList\",\"@id\":\"https:\/\/radwerk-north.de\/product\/engwe-n1-pro\/#breadcrumb\",\"itemListElement\":[{\"@type\":\"ListItem\",\"position\":1,\"name\":\"Home\",\"item\":\"https:\/\/radwerk-north.de\/\"},{\"@type\":\"ListItem\",\"position\":2,\"name\":\"Products\",\"item\":\"https:\/\/radwerk-north.de\/shop\/\"},{\"@type\":\"ListItem\",\"position\":3,\"name\":\"ENGWE N1 PRO\"}]},{\"@type\":\"WebSite\",\"@id\":\"https:\/\/radwerk-north.de\/#website\",\"url\":\"https:\/\/radwerk-north.de\/\",\"name\":\"RadWerk Nord\",\"description\":\"Mobilit\u00e4t neu gedacht.\",\"publisher\":{\"@id\":\"https:\/\/radwerk-north.de\/#organization\"},\"potentialAction\":[{\"@type\":\"SearchAction\",\"target\":{\"@type\":\"EntryPoint\",\"urlTemplate\":\"https:\/\/radwerk-north.de\/?s={search_term_string}\"},\"query-input\":{\"@type\":\"PropertyValueSpecification\",\"valueRequired\":true,\"valueName\":\"search_term_string\"}}],\"inLanguage\":\"de\"},{\"@type\":\"Organization\",\"@id\":\"https:\/\/radwerk-north.de\/#organization\",\"name\":\"RadWerk Nord\",\"url\":\"https:\/\/radwerk-north.de\/\",\"logo\":{\"@type\":\"ImageObject\",\"inLanguage\":\"de\",\"@id\":\"https:\/\/radwerk-north.de\/#\/schema\/logo\/image\/\",\"url\":\"https:\/\/radwerk-north.de\/wp-content\/uploads\/2025\/12\/cropped-Video_Screen1766523928533-removebg-preview.png\",\"contentUrl\":\"https:\/\/radwerk-north.de\/wp-content\/uploads\/2025\/12\/cropped-Video_Screen1766523928533-removebg-preview.png\",\"width\":745,\"height\":294,\"caption\":\"RadWerk Nord\"},\"image\":{\"@id\":\"https:\/\/radwerk-north.de\/#\/schema\/logo\/image\/\"}}]}<\/script>\n<meta property=\"product:price:amount\" content=\"1850.00\" \/>\n<meta property=\"product:price:currency\" content=\"EUR\" \/>\n<meta property=\"og:availability\" content=\"instock\" \/>\n<meta property=\"product:availability\" content=\"instock\" \/>\n<meta property=\"product:retailer_item_id\" content=\"RDNXGR7Q6200\" \/>\n<meta property=\"product:condition\" content=\"new\" \/>\n<!-- \/ Yoast SEO Premium plugin. -->","yoast_head_json":{"title":"ENGWE N1 PRO - RadWerk Nord","robots":{"index":"index","follow":"follow","max-snippet":"max-snippet:-1","max-image-preview":"max-image-preview:large","max-video-preview":"max-video-preview:-1"},"canonical":"https:\/\/radwerk-north.de\/de\/product\/engwe-n1-pro\/","og_locale":"de_DE","og_type":"article","og_title":"ENGWE N1 PRO","og_description":"Reichweite (Akku) 100 km Drehmoment in Nm 80 Zielgruppe Unisex Akkuspannung in Volt 36 V Abmessungen 153,4 cm \u00d7 23,5 cm \u00d7 75 cm Federung Ohne Federung Rahmenmaterial Carbon Gewicht 28,6 kg Faltbar Nein Maximales Benutzergewicht 120 kg H\u00f6chstgeschwindigkeit 25 km\/h Hersteller ENGWE Modell ENGWE N1 PRO 250W 36V10Ah Leistung 250 W Farbe Grau EAN-Code 9344483268757","og_url":"https:\/\/radwerk-north.de\/de\/product\/engwe-n1-pro\/","og_site_name":"RadWerk Nord","article_modified_time":"2025-11-25T12:37:54+00:00","og_image":[{"width":1024,"height":837,"url":"https:\/\/radwerk-north.de\/wp-content\/uploads\/2025\/11\/1-14.webp","type":"image\/webp"}],"twitter_card":"summary_large_image","twitter_misc":{"Preis":"1.850,00&nbsp;&euro;","Verf\u00fcgbarkeit":"Auf Lager"},"schema":{"@context":"https:\/\/schema.org","@graph":[{"@type":"WebPage","@id":"https:\/\/radwerk-north.de\/product\/engwe-n1-pro\/","url":"https:\/\/radwerk-north.de\/product\/engwe-n1-pro\/","name":"ENGWE N1 PRO - RadWerk Nord","isPartOf":{"@id":"https:\/\/radwerk-north.de\/#website"},"primaryImageOfPage":{"@id":"https:\/\/radwerk-north.de\/product\/engwe-n1-pro\/#primaryimage"},"image":{"@id":"https:\/\/radwerk-north.de\/product\/engwe-n1-pro\/#primaryimage"},"thumbnailUrl":"https:\/\/radwerk-north.de\/wp-content\/uploads\/2025\/11\/1-14.webp","datePublished":"2025-11-25T12:37:53+00:00","dateModified":"2025-11-25T12:37:54+00:00","breadcrumb":{"@id":"https:\/\/radwerk-north.de\/product\/engwe-n1-pro\/#breadcrumb"},"inLanguage":"de","potentialAction":[{"@type":"ReadAction","target":["https:\/\/radwerk-north.de\/product\/engwe-n1-pro\/"]}]},{"@type":"ImageObject","inLanguage":"de","@id":"https:\/\/radwerk-north.de\/product\/engwe-n1-pro\/#primaryimage","url":"https:\/\/radwerk-north.de\/wp-content\/uploads\/2025\/11\/1-14.webp","contentUrl":"https:\/\/radwerk-north.de\/wp-content\/uploads\/2025\/11\/1-14.webp","width":1024,"height":837},{"@type":"BreadcrumbList","@id":"https:\/\/radwerk-north.de\/product\/engwe-n1-pro\/#breadcrumb","itemListElement":[{"@type":"ListItem","position":1,"name":"Home","item":"https:\/\/radwerk-north.de\/"},{"@type":"ListItem","position":2,"name":"Products","item":"https:\/\/radwerk-north.de\/shop\/"},{"@type":"ListItem","position":3,"name":"ENGWE N1 PRO"}]},{"@type":"WebSite","@id":"https:\/\/radwerk-north.de\/#website","url":"https:\/\/radwerk-north.de\/","name":"RadWerk Nord","description":"Mobilit\u00e4t neu gedacht.","publisher":{"@id":"https:\/\/radwerk-north.de\/#organization"},"potentialAction":[{"@type":"SearchAction","target":{"@type":"EntryPoint","urlTemplate":"https:\/\/radwerk-north.de\/?s={search_term_string}"},"query-input":{"@type":"PropertyValueSpecification","valueRequired":true,"valueName":"search_term_string"}}],"inLanguage":"de"},{"@type":"Organization","@id":"https:\/\/radwerk-north.de\/#organization","name":"RadWerk Nord","url":"https:\/\/radwerk-north.de\/","logo":{"@type":"ImageObject","inLanguage":"de","@id":"https:\/\/radwerk-north.de\/#\/schema\/logo\/image\/","url":"https:\/\/radwerk-north.de\/wp-content\/uploads\/2025\/12\/cropped-Video_Screen1766523928533-removebg-preview.png","contentUrl":"https:\/\/radwerk-north.de\/wp-content\/uploads\/2025\/12\/cropped-Video_Screen1766523928533-removebg-preview.png","width":745,"height":294,"caption":"RadWerk Nord"},"image":{"@id":"https:\/\/radwerk-north.de\/#\/schema\/logo\/image\/"}}]},"product_price_amount":"1850.00","product_price_currency":"EUR","og_availability":"instock","product_availability":"instock","product_retailer_item_id":"RDNXGR7Q6200","product_condition":"new"},"acf":[],"_links":{"self":[{"href":"https:\/\/radwerk-north.de\/de\/wp-json\/wp\/v2\/product\/6200","targetHints":{"allow":["GET"]}}],"collection":[{"href":"https:\/\/radwerk-north.de\/de\/wp-json\/wp\/v2\/product"}],"about":[{"href":"https:\/\/radwerk-north.de\/de\/wp-json\/wp\/v2\/types\/product"}],"replies":[{"embeddable":true,"href":"https:\/\/radwerk-north.de\/de\/wp-json\/wp\/v2\/comments?post=6200"}],"wp:featuredmedia":[{"embeddable":true,"href":"https:\/\/radwerk-north.de\/de\/wp-json\/wp\/v2\/media\/6201"}],"wp:attachment":[{"href":"https:\/\/radwerk-north.de\/de\/wp-json\/wp\/v2\/media?parent=6200"}],"wp:term":[{"taxonomy":"product_brand","embeddable":true,"href":"https:\/\/radwerk-north.de\/de\/wp-json\/wp\/v2\/product_brand?post=6200"},{"taxonomy":"product_cat","embeddable":true,"href":"https:\/\/radwerk-north.de\/de\/wp-json\/wp\/v2\/product_cat?post=6200"},{"taxonomy":"product_tag","embeddable":true,"href":"https:\/\/radwerk-north.de\/de\/wp-json\/wp\/v2\/product_tag?post=6200"}],"curies":[{"name":"wp","href":"https:\/\/api.w.org\/{rel}","templated":true}]}}