{"id":6195,"date":"2025-11-25T12:28:48","date_gmt":"2025-11-25T12:28:48","guid":{"rendered":"https:\/\/radwerk-north.de\/?post_type=product&#038;p=6195"},"modified":"2025-11-25T12:28:48","modified_gmt":"2025-11-25T12:28:48","slug":"e-bike-mountainbike","status":"publish","type":"product","link":"https:\/\/radwerk-north.de\/de\/product\/e-bike-mountainbike\/","title":{"rendered":"E-Bike Mountainbike"},"content":{"rendered":"<p>Hervorragende Reichweite dank SAMSUNG-Akku<\/p>\n<p>Vollfederung<\/p>\n<p>Das E-Bike N26 ist perfekt f\u00fcr Offroad-Abenteuer und Fahrten in der Stadt geeignet. Es ist ein E-Bike im Retro-Stil mit modernen Funktionen.<\/p>\n<p>Super-Scheinwerfer<\/p>\n<p>Das E-Bike N26 ist mit einem gro\u00dfen, runden Scheinwerfer ausgestattet, der die Sicht und Sicherheit w\u00e4hrend der Fahrt erh\u00f6ht. Der leistungsstarke Scheinwerfer leuchtet die Stra\u00dfe vor Ihnen optimal aus und sorgt f\u00fcr klare Sicht auch bei schlechten Lichtverh\u00e4ltnissen oder Dunkelheit.<\/p>\n<p>Exzellente Breitreifen<\/p>\n<p>Erkunden Sie unterschiedliches Terrain komfortabel und stilvoll und genie\u00dfen Sie jede Fahrt.<\/p>\n<p>Intelligente Steuerung, nahtloses Fahrerlebnis<\/p>\n<p>Das hochintegrierte Smart-Dashboard des E-Bikes N26 bietet Ihnen die Zukunft direkt auf Ihrem Smartphone. Mit Bedienelementen f\u00fcr Z\u00fcndung, Hupe, Blinker und Scheinwerfer an einem Ort behalten Sie m\u00fchelos die volle Kontrolle \u00fcber Ihre Fahrt.<\/p>\n<p>Zwei Motoren<\/p>\n<p>Fahren Sie mit Selbstvertrauen, Stil und Freiheit.<\/p>\n<p>Zuverl\u00e4ssige hydraulische Scheibenbremsen<\/p>\n<p>Ob im Regen oder auf anspruchsvollem Terrain \u2013 auf die hervorragende Bremsleistung k\u00f6nnen Sie sich verlassen.<\/p>\n<p>Packungsinhalt<\/p>\n","protected":false},"excerpt":{"rendered":"<p>Hervorragende Reichweite dank SAMSUNG-Akku<\/p>\n<p>Vollfederung<\/p>\n<p>Das E-Bike N26 ist perfekt f\u00fcr Offroad-Abenteuer und Fahrten in der Stadt geeignet. Es ist ein E-Bike im Retro-Stil mit modernen Funktionen.<\/p>\n<p>Super-Scheinwerfer<\/p>\n<p>Das E-Bike N26 ist mit einem gro\u00dfen, runden Scheinwerfer ausgestattet, der die Sicht und Sicherheit w\u00e4hrend der Fahrt erh\u00f6ht. Der leistungsstarke Scheinwerfer leuchtet die Stra\u00dfe vor Ihnen optimal aus und sorgt f\u00fcr klare Sicht auch bei schlechten Lichtverh\u00e4ltnissen oder Dunkelheit.<\/p>\n<p>Exzellente Breitreifen<\/p>\n<p>Erkunden Sie unterschiedliches Terrain komfortabel und stilvoll und genie\u00dfen Sie jede Fahrt.<\/p>\n<p>Intelligente Steuerung, nahtloses Fahrerlebnis<\/p>\n<p>Das hochintegrierte Smart-Dashboard des E-Bikes N26 bietet Ihnen die Zukunft direkt auf Ihrem Smartphone. Mit Bedienelementen f\u00fcr Z\u00fcndung, Hupe, Blinker und Scheinwerfer an einem Ort behalten Sie m\u00fchelos die volle Kontrolle \u00fcber Ihre Fahrt.<\/p>\n<p>Zwei Motoren<\/p>\n<p>Fahren Sie mit Selbstvertrauen, Stil und Freiheit.<\/p>\n<p>Zuverl\u00e4ssige hydraulische Scheibenbremsen<\/p>\n<p>Ob im Regen oder auf anspruchsvollem Terrain \u2013 auf die hervorragende Bremsleistung k\u00f6nnen Sie sich verlassen.<\/p>\n<p>Packungsinhalt<\/p>\n","protected":false},"featured_media":6196,"comment_status":"open","ping_status":"closed","template":"","meta":[],"product_brand":[],"product_cat":[70],"product_tag":[],"class_list":{"0":"post-6195","1":"product","2":"type-product","3":"status-publish","4":"has-post-thumbnail","6":"product_cat-velo-electrique","8":"first","9":"instock","10":"sale","11":"shipping-taxable","12":"purchasable","13":"product-type-simple"},"yoast_head":"<!-- This site is optimized with the Yoast SEO Premium plugin v26.2 (Yoast SEO v26.7) - https:\/\/yoast.com\/wordpress\/plugins\/seo\/ -->\n<title>E-Bike Mountainbike - RadWerk Nord<\/title>\n<meta name=\"robots\" content=\"index, follow, max-snippet:-1, max-image-preview:large, max-video-preview:-1\" \/>\n<link rel=\"canonical\" href=\"https:\/\/radwerk-north.de\/de\/product\/e-bike-mountainbike\/\" \/>\n<meta property=\"og:locale\" content=\"de_DE\" \/>\n<meta property=\"og:type\" content=\"article\" \/>\n<meta property=\"og:title\" content=\"E-Bike Mountainbike\" \/>\n<meta property=\"og:description\" content=\"Hervorragende Reichweite dank SAMSUNG-Akku  Vollfederung  Das E-Bike N26 ist perfekt f\u00fcr Offroad-Abenteuer und Fahrten in der Stadt geeignet. Es ist ein E-Bike im Retro-Stil mit modernen Funktionen.  Super-Scheinwerfer  Das E-Bike N26 ist mit einem gro\u00dfen, runden Scheinwerfer ausgestattet, der die Sicht und Sicherheit w\u00e4hrend der Fahrt erh\u00f6ht. Der leistungsstarke Scheinwerfer leuchtet die Stra\u00dfe vor Ihnen optimal aus und sorgt f\u00fcr klare Sicht auch bei schlechten Lichtverh\u00e4ltnissen oder Dunkelheit.  Exzellente Breitreifen  Erkunden Sie unterschiedliches Terrain komfortabel und stilvoll und genie\u00dfen Sie jede Fahrt.  Intelligente Steuerung, nahtloses Fahrerlebnis  Das hochintegrierte Smart-Dashboard des E-Bikes N26 bietet Ihnen die Zukunft direkt auf Ihrem Smartphone. Mit Bedienelementen f\u00fcr Z\u00fcndung, Hupe, Blinker und Scheinwerfer an einem Ort behalten Sie m\u00fchelos die volle Kontrolle \u00fcber Ihre Fahrt.  Zwei Motoren  Fahren Sie mit Selbstvertrauen, Stil und Freiheit.  Zuverl\u00e4ssige hydraulische Scheibenbremsen  Ob im Regen oder auf anspruchsvollem Terrain \u2013 auf die hervorragende Bremsleistung k\u00f6nnen Sie sich verlassen.  Packungsinhalt\" \/>\n<meta property=\"og:url\" content=\"https:\/\/radwerk-north.de\/de\/product\/e-bike-mountainbike\/\" \/>\n<meta property=\"og:site_name\" content=\"RadWerk Nord\" \/>\n<meta property=\"og:image\" content=\"https:\/\/radwerk-north.de\/wp-content\/uploads\/2025\/11\/1-13.webp\" \/>\n\t<meta property=\"og:image:width\" content=\"2048\" \/>\n\t<meta property=\"og:image:height\" content=\"2048\" \/>\n\t<meta property=\"og:image:type\" content=\"image\/webp\" \/>\n<meta name=\"twitter:card\" content=\"summary_large_image\" \/>\n<meta name=\"twitter:label1\" content=\"Preis\" \/>\n\t<meta name=\"twitter:data1\" content=\"1.500,00&nbsp;&euro;\" \/>\n\t<meta name=\"twitter:label2\" content=\"Verf\u00fcgbarkeit\" \/>\n\t<meta name=\"twitter:data2\" content=\"Auf Lager\" \/>\n<script type=\"application\/ld+json\" class=\"yoast-schema-graph\">{\"@context\":\"https:\/\/schema.org\",\"@graph\":[{\"@type\":\"WebPage\",\"@id\":\"https:\/\/radwerk-north.de\/product\/e-bike-mountainbike\/\",\"url\":\"https:\/\/radwerk-north.de\/product\/e-bike-mountainbike\/\",\"name\":\"E-Bike Mountainbike - RadWerk Nord\",\"isPartOf\":{\"@id\":\"https:\/\/radwerk-north.de\/#website\"},\"primaryImageOfPage\":{\"@id\":\"https:\/\/radwerk-north.de\/product\/e-bike-mountainbike\/#primaryimage\"},\"image\":{\"@id\":\"https:\/\/radwerk-north.de\/product\/e-bike-mountainbike\/#primaryimage\"},\"thumbnailUrl\":\"https:\/\/radwerk-north.de\/wp-content\/uploads\/2025\/11\/1-13.webp\",\"datePublished\":\"2025-11-25T12:28:48+00:00\",\"breadcrumb\":{\"@id\":\"https:\/\/radwerk-north.de\/product\/e-bike-mountainbike\/#breadcrumb\"},\"inLanguage\":\"de\",\"potentialAction\":[{\"@type\":\"ReadAction\",\"target\":[\"https:\/\/radwerk-north.de\/product\/e-bike-mountainbike\/\"]}]},{\"@type\":\"ImageObject\",\"inLanguage\":\"de\",\"@id\":\"https:\/\/radwerk-north.de\/product\/e-bike-mountainbike\/#primaryimage\",\"url\":\"https:\/\/radwerk-north.de\/wp-content\/uploads\/2025\/11\/1-13.webp\",\"contentUrl\":\"https:\/\/radwerk-north.de\/wp-content\/uploads\/2025\/11\/1-13.webp\",\"width\":2048,\"height\":2048},{\"@type\":\"BreadcrumbList\",\"@id\":\"https:\/\/radwerk-north.de\/product\/e-bike-mountainbike\/#breadcrumb\",\"itemListElement\":[{\"@type\":\"ListItem\",\"position\":1,\"name\":\"Home\",\"item\":\"https:\/\/radwerk-north.de\/\"},{\"@type\":\"ListItem\",\"position\":2,\"name\":\"Products\",\"item\":\"https:\/\/radwerk-north.de\/shop\/\"},{\"@type\":\"ListItem\",\"position\":3,\"name\":\"E-Bike Mountainbike\"}]},{\"@type\":\"WebSite\",\"@id\":\"https:\/\/radwerk-north.de\/#website\",\"url\":\"https:\/\/radwerk-north.de\/\",\"name\":\"RadWerk Nord\",\"description\":\"Mobilit\u00e4t neu gedacht.\",\"publisher\":{\"@id\":\"https:\/\/radwerk-north.de\/#organization\"},\"potentialAction\":[{\"@type\":\"SearchAction\",\"target\":{\"@type\":\"EntryPoint\",\"urlTemplate\":\"https:\/\/radwerk-north.de\/?s={search_term_string}\"},\"query-input\":{\"@type\":\"PropertyValueSpecification\",\"valueRequired\":true,\"valueName\":\"search_term_string\"}}],\"inLanguage\":\"de\"},{\"@type\":\"Organization\",\"@id\":\"https:\/\/radwerk-north.de\/#organization\",\"name\":\"RadWerk Nord\",\"url\":\"https:\/\/radwerk-north.de\/\",\"logo\":{\"@type\":\"ImageObject\",\"inLanguage\":\"de\",\"@id\":\"https:\/\/radwerk-north.de\/#\/schema\/logo\/image\/\",\"url\":\"https:\/\/radwerk-north.de\/wp-content\/uploads\/2025\/12\/cropped-Video_Screen1766523928533-removebg-preview.png\",\"contentUrl\":\"https:\/\/radwerk-north.de\/wp-content\/uploads\/2025\/12\/cropped-Video_Screen1766523928533-removebg-preview.png\",\"width\":745,\"height\":294,\"caption\":\"RadWerk Nord\"},\"image\":{\"@id\":\"https:\/\/radwerk-north.de\/#\/schema\/logo\/image\/\"}}]}<\/script>\n<meta property=\"product:price:amount\" content=\"1500.00\" \/>\n<meta property=\"product:price:currency\" content=\"EUR\" \/>\n<meta property=\"og:availability\" content=\"instock\" \/>\n<meta property=\"product:availability\" content=\"instock\" \/>\n<meta property=\"product:retailer_item_id\" content=\"RDNGMN8I6195\" \/>\n<meta property=\"product:condition\" content=\"new\" \/>\n<!-- \/ Yoast SEO Premium plugin. -->","yoast_head_json":{"title":"E-Bike Mountainbike - RadWerk Nord","robots":{"index":"index","follow":"follow","max-snippet":"max-snippet:-1","max-image-preview":"max-image-preview:large","max-video-preview":"max-video-preview:-1"},"canonical":"https:\/\/radwerk-north.de\/de\/product\/e-bike-mountainbike\/","og_locale":"de_DE","og_type":"article","og_title":"E-Bike Mountainbike","og_description":"Hervorragende Reichweite dank SAMSUNG-Akku  Vollfederung  Das E-Bike N26 ist perfekt f\u00fcr Offroad-Abenteuer und Fahrten in der Stadt geeignet. Es ist ein E-Bike im Retro-Stil mit modernen Funktionen.  Super-Scheinwerfer  Das E-Bike N26 ist mit einem gro\u00dfen, runden Scheinwerfer ausgestattet, der die Sicht und Sicherheit w\u00e4hrend der Fahrt erh\u00f6ht. Der leistungsstarke Scheinwerfer leuchtet die Stra\u00dfe vor Ihnen optimal aus und sorgt f\u00fcr klare Sicht auch bei schlechten Lichtverh\u00e4ltnissen oder Dunkelheit.  Exzellente Breitreifen  Erkunden Sie unterschiedliches Terrain komfortabel und stilvoll und genie\u00dfen Sie jede Fahrt.  Intelligente Steuerung, nahtloses Fahrerlebnis  Das hochintegrierte Smart-Dashboard des E-Bikes N26 bietet Ihnen die Zukunft direkt auf Ihrem Smartphone. Mit Bedienelementen f\u00fcr Z\u00fcndung, Hupe, Blinker und Scheinwerfer an einem Ort behalten Sie m\u00fchelos die volle Kontrolle \u00fcber Ihre Fahrt.  Zwei Motoren  Fahren Sie mit Selbstvertrauen, Stil und Freiheit.  Zuverl\u00e4ssige hydraulische Scheibenbremsen  Ob im Regen oder auf anspruchsvollem Terrain \u2013 auf die hervorragende Bremsleistung k\u00f6nnen Sie sich verlassen.  Packungsinhalt","og_url":"https:\/\/radwerk-north.de\/de\/product\/e-bike-mountainbike\/","og_site_name":"RadWerk Nord","og_image":[{"width":2048,"height":2048,"url":"https:\/\/radwerk-north.de\/wp-content\/uploads\/2025\/11\/1-13.webp","type":"image\/webp"}],"twitter_card":"summary_large_image","twitter_misc":{"Preis":"1.500,00&nbsp;&euro;","Verf\u00fcgbarkeit":"Auf Lager"},"schema":{"@context":"https:\/\/schema.org","@graph":[{"@type":"WebPage","@id":"https:\/\/radwerk-north.de\/product\/e-bike-mountainbike\/","url":"https:\/\/radwerk-north.de\/product\/e-bike-mountainbike\/","name":"E-Bike Mountainbike - RadWerk Nord","isPartOf":{"@id":"https:\/\/radwerk-north.de\/#website"},"primaryImageOfPage":{"@id":"https:\/\/radwerk-north.de\/product\/e-bike-mountainbike\/#primaryimage"},"image":{"@id":"https:\/\/radwerk-north.de\/product\/e-bike-mountainbike\/#primaryimage"},"thumbnailUrl":"https:\/\/radwerk-north.de\/wp-content\/uploads\/2025\/11\/1-13.webp","datePublished":"2025-11-25T12:28:48+00:00","breadcrumb":{"@id":"https:\/\/radwerk-north.de\/product\/e-bike-mountainbike\/#breadcrumb"},"inLanguage":"de","potentialAction":[{"@type":"ReadAction","target":["https:\/\/radwerk-north.de\/product\/e-bike-mountainbike\/"]}]},{"@type":"ImageObject","inLanguage":"de","@id":"https:\/\/radwerk-north.de\/product\/e-bike-mountainbike\/#primaryimage","url":"https:\/\/radwerk-north.de\/wp-content\/uploads\/2025\/11\/1-13.webp","contentUrl":"https:\/\/radwerk-north.de\/wp-content\/uploads\/2025\/11\/1-13.webp","width":2048,"height":2048},{"@type":"BreadcrumbList","@id":"https:\/\/radwerk-north.de\/product\/e-bike-mountainbike\/#breadcrumb","itemListElement":[{"@type":"ListItem","position":1,"name":"Home","item":"https:\/\/radwerk-north.de\/"},{"@type":"ListItem","position":2,"name":"Products","item":"https:\/\/radwerk-north.de\/shop\/"},{"@type":"ListItem","position":3,"name":"E-Bike Mountainbike"}]},{"@type":"WebSite","@id":"https:\/\/radwerk-north.de\/#website","url":"https:\/\/radwerk-north.de\/","name":"RadWerk Nord","description":"Mobilit\u00e4t neu gedacht.","publisher":{"@id":"https:\/\/radwerk-north.de\/#organization"},"potentialAction":[{"@type":"SearchAction","target":{"@type":"EntryPoint","urlTemplate":"https:\/\/radwerk-north.de\/?s={search_term_string}"},"query-input":{"@type":"PropertyValueSpecification","valueRequired":true,"valueName":"search_term_string"}}],"inLanguage":"de"},{"@type":"Organization","@id":"https:\/\/radwerk-north.de\/#organization","name":"RadWerk Nord","url":"https:\/\/radwerk-north.de\/","logo":{"@type":"ImageObject","inLanguage":"de","@id":"https:\/\/radwerk-north.de\/#\/schema\/logo\/image\/","url":"https:\/\/radwerk-north.de\/wp-content\/uploads\/2025\/12\/cropped-Video_Screen1766523928533-removebg-preview.png","contentUrl":"https:\/\/radwerk-north.de\/wp-content\/uploads\/2025\/12\/cropped-Video_Screen1766523928533-removebg-preview.png","width":745,"height":294,"caption":"RadWerk Nord"},"image":{"@id":"https:\/\/radwerk-north.de\/#\/schema\/logo\/image\/"}}]},"product_price_amount":"1500.00","product_price_currency":"EUR","og_availability":"instock","product_availability":"instock","product_retailer_item_id":"RDNGMN8I6195","product_condition":"new"},"acf":[],"_links":{"self":[{"href":"https:\/\/radwerk-north.de\/de\/wp-json\/wp\/v2\/product\/6195","targetHints":{"allow":["GET"]}}],"collection":[{"href":"https:\/\/radwerk-north.de\/de\/wp-json\/wp\/v2\/product"}],"about":[{"href":"https:\/\/radwerk-north.de\/de\/wp-json\/wp\/v2\/types\/product"}],"replies":[{"embeddable":true,"href":"https:\/\/radwerk-north.de\/de\/wp-json\/wp\/v2\/comments?post=6195"}],"wp:featuredmedia":[{"embeddable":true,"href":"https:\/\/radwerk-north.de\/de\/wp-json\/wp\/v2\/media\/6196"}],"wp:attachment":[{"href":"https:\/\/radwerk-north.de\/de\/wp-json\/wp\/v2\/media?parent=6195"}],"wp:term":[{"taxonomy":"product_brand","embeddable":true,"href":"https:\/\/radwerk-north.de\/de\/wp-json\/wp\/v2\/product_brand?post=6195"},{"taxonomy":"product_cat","embeddable":true,"href":"https:\/\/radwerk-north.de\/de\/wp-json\/wp\/v2\/product_cat?post=6195"},{"taxonomy":"product_tag","embeddable":true,"href":"https:\/\/radwerk-north.de\/de\/wp-json\/wp\/v2\/product_tag?post=6195"}],"curies":[{"name":"wp","href":"https:\/\/api.w.org\/{rel}","templated":true}]}}