{"id":6190,"date":"2025-11-25T12:17:09","date_gmt":"2025-11-25T12:17:09","guid":{"rendered":"https:\/\/radwerk-north.de\/?post_type=product&#038;p=6190"},"modified":"2025-12-10T16:59:27","modified_gmt":"2025-12-10T16:59:27","slug":"samebike-rsa01pro-15ah-90km","status":"publish","type":"product","link":"https:\/\/radwerk-north.de\/de\/product\/samebike-rsa01pro-15ah-90km\/","title":{"rendered":"Samebike RSA01Pro 15AH 90KM"},"content":{"rendered":"<p>Samebike RSA01Pro 15Ah 90km E-Bike, Stahlrahmen, Trekkingrad, Shimano 7-Gang-Schaltung f\u00fcr Damen und Herren<\/p>\n<p>250-W-Motor, Standardgeschwindigkeit bis zu 25 km\/h<\/p>\n<p>15-Ah\/36-V-Lithium-Ionen-Akku (im Lieferumfang enthalten) mit einer Reichweite von bis zu 90 Kilometern.<\/p>\n<p>Mechanische Scheibenbremsen.<\/p>\n<p>Dank der Doppelfederung von Vordergabel und Sattel sorgen zehn Sto\u00dfd\u00e4mpfer f\u00fcr ein stabiles Fahrgef\u00fchl.<\/p>\n<p>Helle LED-Leuchten vorne und hinten sind gut sichtbar, unauff\u00e4llig und sicher f\u00fcr Fahrten bei Nacht.<\/p>\n<p>Samebike RS-A01Pro-T \u2013 Technische Daten<\/p>\n<p>Abmessungen: 1720 x 670 x 1080 mm<\/p>\n<p>Akku: 36 V 15 Ah<\/p>\n<p>H\u00f6chstgeschwindigkeit: 25 km\/h<\/p>\n<p>Reichweite mit Tretunterst\u00fctzung: 80\u201390 km<\/p>\n<p>Sitzh\u00f6he: 780\u2013890 mm<\/p>\n<p>Nettogewicht: 28 kg<\/p>\n<p>Antrieb: Shimano 1x7S (7-Gang)<\/p>\n","protected":false},"excerpt":{"rendered":"<p>Elektrische Unterst\u00fctzungsstufen: 0\u20135 Stufen, segmentierter Unterst\u00fctzungs-\/Elektromodus<\/p>\n<p>Maximale Zuladung: 150 kg<\/p>\n<p>Maximale Steigung: 40\u00b0<\/p>\n<p>Material: Hochlegierter Stahl (Stahlrahmen)<\/p>\n<p>Reifen: Mountainbike-Reifen<\/p>\n<p>Display: 3,5-Zoll-Farb-LCD-Bildschirm<\/p>\n<p>Was bedeutet das?<\/p>\n<p>Die Kennzeichnung auf dem Produkt best\u00e4tigt, dass der Hersteller die relevanten Anforderungen europ\u00e4ischer Richtlinien und Verordnungen erf\u00fcllt. Sie ist ein Zeichen daf\u00fcr, dass das Produkt den Sicherheitsanforderungen entspricht, keine Gefahr f\u00fcr die Umwelt darstellt und ordnungsgem\u00e4\u00df in Verkehr gebracht wurde.<\/p>\n<p>Weiter fahren, mehr entdecken<\/p>\n<p>Das RS-A01Pro-T ist f\u00fcr l\u00e4ngere Touren und den t\u00e4glichen Arbeitsweg konzipiert. Mit seinem leistungsstarken 36-V-15-Ah-Akku erreichen Sie im Unterst\u00fctzungsmodus mit einer einzigen Ladung bis zu 90 km \u2013 perfekt f\u00fcr jedes Abenteuer.<\/p>\n<p>Hinweis: Die tats\u00e4chliche Leistung h\u00e4ngt vom Fahrergewicht, den Stra\u00dfenverh\u00e4ltnissen und dem Ladezustand des Akkus ab.<\/p>\n<p>Alles auf einen Blick<\/p>\n<p>Dank des ergonomischen Lenkers und des zentralen LCD-Displays haben Sie die volle Kontrolle und alle wichtigen Informationen stets im Blick. Schalten und Bremsen erfolgen m\u00fchelos f\u00fcr ein komfortables und aufregendes Fahrerlebnis. Wir k\u00fcmmern uns um das Abenteuer, Sie konzentrieren sich auf die Fahrt!<\/p>\n<p>Mechanische Scheibenbremsen<\/p>\n<p>Mechanische Scheibenbremsen sind ideal f\u00fcr lange Touren und bieten hohe Bremskraft f\u00fcr sofortiges Anhalten. Sie sind zudem weniger anf\u00e4llig f\u00fcr Besch\u00e4digungen und weniger empfindlich gegen\u00fcber Umwelteinfl\u00fcssen.<\/p>\n<p>Doppelsto\u00dfd\u00e4mpfer-Federung<\/p>\n<p>Die Doppelfederung von Vordergabel und Sattel absorbiert St\u00f6\u00dfe und sorgt f\u00fcr ein stabiles Fahrgef\u00fchl. Verabschieden Sie sich von holprigen Stra\u00dfen und genie\u00dfen Sie komfortable Fahrten.<\/p>\n<p>Abriebfeste Reifen<\/p>\n<p>Die 26&#8243; x 2,1&#8243; Reifen garantieren eine leise und komfortable Fahrt, w\u00e4hrend die abriebfesten Reifen das Fahrrad ideal f\u00fcr lange Touren machen.<\/p>\n<p>Sicher und gut sichtbar<\/p>\n<p>F\u00fcr maximale Sichtbarkeit bei Nacht und schlechten Lichtverh\u00e4ltnissen ist das Fahrrad mit Vorder- und R\u00fccklicht ausgestattet. Die Scheinwerfer leuchten die Stra\u00dfe vor Ihnen aus, w\u00e4hrend die R\u00fccklichter Autofahrer und Fu\u00dfg\u00e4nger auf Ihre Anwesenheit hinter Ihnen aufmerksam machen.<\/p>\n<p>Shimano 7-Gang-Schaltung<\/p>\n<p>Der RS-A01 Pro-Antrieb sorgt mit der Shimano 7-Gang-Schaltung f\u00fcr ein geschmeidiges und effizientes Fahrgef\u00fchl. Dank pr\u00e4ziser und vielseitiger Schaltvorg\u00e4nge finden Sie m\u00fchelos den optimalen Gang f\u00fcr Ihre Fahrt.<\/p>\n<p>Komfortables Fahrgef\u00fchl<\/p>\n<p>Der speziell entwickelte Sattel und die Sattelst\u00fctze bieten optimale D\u00e4mpfung, reduzieren Vibrationen und sorgen f\u00fcr ein angenehmes Fahrgef\u00fchl. Freuen Sie sich auf unvergleichlichen Fahrkomfort!<\/p>\n<p>Geeignet f\u00fcr die meisten jugendlichen Radfahrer und die Bed\u00fcrfnisse der ganzen Familie<\/p>\n<p>Empfohlene Gr\u00f6\u00dfe: 170\u2013210 cm<\/p>\n<p>H\u00f6chstgeschwindigkeit: 25 km\/h<br \/>\nZielgruppe: Unisex<br \/>\nAnzahl der G\u00e4nge: 7<br \/>\nDisplay: LCD<br \/>\nFarbe: Schwarz<br \/>\nHersteller: SAMEBIKE<br \/>\nFahrradtyp: Trekkingrad<br \/>\nLeistung: 250 W<br \/>\nBatteriespannung: 36 V<br \/>\nMaximales Benutzergewicht: 150 kg<br \/>\nGewicht: 30 kg<br \/>\nEAN-Code: 6977171901822<br \/>\nHerstellernummer: RS-A01PRO-T-FT-BK-EU-CL<\/p>\n","protected":false},"featured_media":6191,"comment_status":"open","ping_status":"closed","template":"","meta":[],"product_brand":[],"product_cat":[70],"product_tag":[],"class_list":{"0":"post-6190","1":"product","2":"type-product","3":"status-publish","4":"has-post-thumbnail","6":"product_cat-velo-electrique","8":"first","9":"instock","10":"sale","11":"featured","12":"shipping-taxable","13":"purchasable","14":"product-type-simple"},"yoast_head":"<!-- This site is optimized with the Yoast SEO Premium plugin v26.2 (Yoast SEO v26.7) - https:\/\/yoast.com\/wordpress\/plugins\/seo\/ -->\n<title>Samebike RSA01Pro 15AH 90KM - RadWerk Nord<\/title>\n<meta name=\"robots\" content=\"index, follow, max-snippet:-1, max-image-preview:large, max-video-preview:-1\" \/>\n<link rel=\"canonical\" href=\"https:\/\/radwerk-north.de\/de\/product\/samebike-rsa01pro-15ah-90km\/\" \/>\n<meta property=\"og:locale\" content=\"de_DE\" \/>\n<meta property=\"og:type\" content=\"article\" \/>\n<meta property=\"og:title\" content=\"Samebike RSA01Pro 15AH 90KM\" \/>\n<meta property=\"og:description\" content=\"Elektrische Unterst\u00fctzungsstufen: 0\u20135 Stufen, segmentierter Unterst\u00fctzungs-\/Elektromodus  Maximale Zuladung: 150 kg  Maximale Steigung: 40\u00b0  Material: Hochlegierter Stahl (Stahlrahmen)  Reifen: Mountainbike-Reifen  Display: 3,5-Zoll-Farb-LCD-Bildschirm  Was bedeutet das?  Die Kennzeichnung auf dem Produkt best\u00e4tigt, dass der Hersteller die relevanten Anforderungen europ\u00e4ischer Richtlinien und Verordnungen erf\u00fcllt. Sie ist ein Zeichen daf\u00fcr, dass das Produkt den Sicherheitsanforderungen entspricht, keine Gefahr f\u00fcr die Umwelt darstellt und ordnungsgem\u00e4\u00df in Verkehr gebracht wurde.  Weiter fahren, mehr entdecken  Das RS-A01Pro-T ist f\u00fcr l\u00e4ngere Touren und den t\u00e4glichen Arbeitsweg konzipiert. Mit seinem leistungsstarken 36-V-15-Ah-Akku erreichen Sie im Unterst\u00fctzungsmodus mit einer einzigen Ladung bis zu 90 km \u2013 perfekt f\u00fcr jedes Abenteuer.  Hinweis: Die tats\u00e4chliche Leistung h\u00e4ngt vom Fahrergewicht, den Stra\u00dfenverh\u00e4ltnissen und dem Ladezustand des Akkus ab.  Alles auf einen Blick  Dank des ergonomischen Lenkers und des zentralen LCD-Displays haben Sie die volle Kontrolle und alle wichtigen Informationen stets im Blick. Schalten und Bremsen erfolgen m\u00fchelos f\u00fcr ein komfortables und aufregendes Fahrerlebnis. Wir k\u00fcmmern uns um das Abenteuer, Sie konzentrieren sich auf die Fahrt!  Mechanische Scheibenbremsen  Mechanische Scheibenbremsen sind ideal f\u00fcr lange Touren und bieten hohe Bremskraft f\u00fcr sofortiges Anhalten. Sie sind zudem weniger anf\u00e4llig f\u00fcr Besch\u00e4digungen und weniger empfindlich gegen\u00fcber Umwelteinfl\u00fcssen.  Doppelsto\u00dfd\u00e4mpfer-Federung  Die Doppelfederung von Vordergabel und Sattel absorbiert St\u00f6\u00dfe und sorgt f\u00fcr ein stabiles Fahrgef\u00fchl. Verabschieden Sie sich von holprigen Stra\u00dfen und genie\u00dfen Sie komfortable Fahrten.  Abriebfeste Reifen  Die 26&quot; x 2,1&quot; Reifen garantieren eine leise und komfortable Fahrt, w\u00e4hrend die abriebfesten Reifen das Fahrrad ideal f\u00fcr lange Touren machen.  Sicher und gut sichtbar  F\u00fcr maximale Sichtbarkeit bei Nacht und schlechten Lichtverh\u00e4ltnissen ist das Fahrrad mit Vorder- und R\u00fccklicht ausgestattet. Die Scheinwerfer leuchten die Stra\u00dfe vor Ihnen aus, w\u00e4hrend die R\u00fccklichter Autofahrer und Fu\u00dfg\u00e4nger auf Ihre Anwesenheit hinter Ihnen aufmerksam machen.  Shimano 7-Gang-Schaltung  Der RS-A01 Pro-Antrieb sorgt mit der Shimano 7-Gang-Schaltung f\u00fcr ein geschmeidiges und effizientes Fahrgef\u00fchl. Dank pr\u00e4ziser und vielseitiger Schaltvorg\u00e4nge finden Sie m\u00fchelos den optimalen Gang f\u00fcr Ihre Fahrt.  Komfortables Fahrgef\u00fchl  Der speziell entwickelte Sattel und die Sattelst\u00fctze bieten optimale D\u00e4mpfung, reduzieren Vibrationen und sorgen f\u00fcr ein angenehmes Fahrgef\u00fchl. Freuen Sie sich auf unvergleichlichen Fahrkomfort!  Geeignet f\u00fcr die meisten jugendlichen Radfahrer und die Bed\u00fcrfnisse der ganzen Familie  Empfohlene Gr\u00f6\u00dfe: 170\u2013210 cm  H\u00f6chstgeschwindigkeit: 25 km\/h Zielgruppe: Unisex Anzahl der G\u00e4nge: 7 Display: LCD Farbe: Schwarz Hersteller: SAMEBIKE Fahrradtyp: Trekkingrad Leistung: 250 W Batteriespannung: 36 V Maximales Benutzergewicht: 150 kg Gewicht: 30 kg EAN-Code: 6977171901822 Herstellernummer: RS-A01PRO-T-FT-BK-EU-CL\" \/>\n<meta property=\"og:url\" content=\"https:\/\/radwerk-north.de\/de\/product\/samebike-rsa01pro-15ah-90km\/\" \/>\n<meta property=\"og:site_name\" content=\"RadWerk Nord\" \/>\n<meta property=\"article:modified_time\" content=\"2025-12-10T16:59:27+00:00\" \/>\n<meta property=\"og:image\" content=\"https:\/\/radwerk-north.de\/wp-content\/uploads\/2025\/11\/1-12.webp\" \/>\n\t<meta property=\"og:image:width\" content=\"1024\" \/>\n\t<meta property=\"og:image:height\" content=\"1024\" \/>\n\t<meta property=\"og:image:type\" content=\"image\/webp\" \/>\n<meta name=\"twitter:card\" content=\"summary_large_image\" \/>\n<meta name=\"twitter:label1\" content=\"Preis\" \/>\n\t<meta name=\"twitter:data1\" content=\"590,00&nbsp;&euro;\" \/>\n\t<meta name=\"twitter:label2\" content=\"Verf\u00fcgbarkeit\" \/>\n\t<meta name=\"twitter:data2\" content=\"Auf Lager\" \/>\n<script type=\"application\/ld+json\" class=\"yoast-schema-graph\">{\"@context\":\"https:\/\/schema.org\",\"@graph\":[{\"@type\":\"WebPage\",\"@id\":\"https:\/\/radwerk-north.de\/product\/samebike-rsa01pro-15ah-90km\/\",\"url\":\"https:\/\/radwerk-north.de\/product\/samebike-rsa01pro-15ah-90km\/\",\"name\":\"Samebike RSA01Pro 15AH 90KM - RadWerk Nord\",\"isPartOf\":{\"@id\":\"https:\/\/radwerk-north.de\/#website\"},\"primaryImageOfPage\":{\"@id\":\"https:\/\/radwerk-north.de\/product\/samebike-rsa01pro-15ah-90km\/#primaryimage\"},\"image\":{\"@id\":\"https:\/\/radwerk-north.de\/product\/samebike-rsa01pro-15ah-90km\/#primaryimage\"},\"thumbnailUrl\":\"https:\/\/radwerk-north.de\/wp-content\/uploads\/2025\/11\/1-12.webp\",\"datePublished\":\"2025-11-25T12:17:09+00:00\",\"dateModified\":\"2025-12-10T16:59:27+00:00\",\"breadcrumb\":{\"@id\":\"https:\/\/radwerk-north.de\/product\/samebike-rsa01pro-15ah-90km\/#breadcrumb\"},\"inLanguage\":\"de\",\"potentialAction\":[{\"@type\":\"ReadAction\",\"target\":[\"https:\/\/radwerk-north.de\/product\/samebike-rsa01pro-15ah-90km\/\"]}]},{\"@type\":\"ImageObject\",\"inLanguage\":\"de\",\"@id\":\"https:\/\/radwerk-north.de\/product\/samebike-rsa01pro-15ah-90km\/#primaryimage\",\"url\":\"https:\/\/radwerk-north.de\/wp-content\/uploads\/2025\/11\/1-12.webp\",\"contentUrl\":\"https:\/\/radwerk-north.de\/wp-content\/uploads\/2025\/11\/1-12.webp\",\"width\":1024,\"height\":1024},{\"@type\":\"BreadcrumbList\",\"@id\":\"https:\/\/radwerk-north.de\/product\/samebike-rsa01pro-15ah-90km\/#breadcrumb\",\"itemListElement\":[{\"@type\":\"ListItem\",\"position\":1,\"name\":\"Home\",\"item\":\"https:\/\/radwerk-north.de\/\"},{\"@type\":\"ListItem\",\"position\":2,\"name\":\"Products\",\"item\":\"https:\/\/radwerk-north.de\/shop\/\"},{\"@type\":\"ListItem\",\"position\":3,\"name\":\"Samebike RSA01Pro 15AH 90KM\"}]},{\"@type\":\"WebSite\",\"@id\":\"https:\/\/radwerk-north.de\/#website\",\"url\":\"https:\/\/radwerk-north.de\/\",\"name\":\"RadWerk Nord\",\"description\":\"Mobilit\u00e4t neu gedacht.\",\"publisher\":{\"@id\":\"https:\/\/radwerk-north.de\/#organization\"},\"potentialAction\":[{\"@type\":\"SearchAction\",\"target\":{\"@type\":\"EntryPoint\",\"urlTemplate\":\"https:\/\/radwerk-north.de\/?s={search_term_string}\"},\"query-input\":{\"@type\":\"PropertyValueSpecification\",\"valueRequired\":true,\"valueName\":\"search_term_string\"}}],\"inLanguage\":\"de\"},{\"@type\":\"Organization\",\"@id\":\"https:\/\/radwerk-north.de\/#organization\",\"name\":\"RadWerk Nord\",\"url\":\"https:\/\/radwerk-north.de\/\",\"logo\":{\"@type\":\"ImageObject\",\"inLanguage\":\"de\",\"@id\":\"https:\/\/radwerk-north.de\/#\/schema\/logo\/image\/\",\"url\":\"https:\/\/radwerk-north.de\/wp-content\/uploads\/2025\/12\/cropped-Video_Screen1766523928533-removebg-preview.png\",\"contentUrl\":\"https:\/\/radwerk-north.de\/wp-content\/uploads\/2025\/12\/cropped-Video_Screen1766523928533-removebg-preview.png\",\"width\":745,\"height\":294,\"caption\":\"RadWerk Nord\"},\"image\":{\"@id\":\"https:\/\/radwerk-north.de\/#\/schema\/logo\/image\/\"}}]}<\/script>\n<meta property=\"product:price:amount\" content=\"590.00\" \/>\n<meta property=\"product:price:currency\" content=\"EUR\" \/>\n<meta property=\"og:availability\" content=\"instock\" \/>\n<meta property=\"product:availability\" content=\"instock\" \/>\n<meta property=\"product:retailer_item_id\" content=\"RDNMCQH36190\" \/>\n<meta property=\"product:condition\" content=\"new\" \/>\n<!-- \/ Yoast SEO Premium plugin. -->","yoast_head_json":{"title":"Samebike RSA01Pro 15AH 90KM - RadWerk Nord","robots":{"index":"index","follow":"follow","max-snippet":"max-snippet:-1","max-image-preview":"max-image-preview:large","max-video-preview":"max-video-preview:-1"},"canonical":"https:\/\/radwerk-north.de\/de\/product\/samebike-rsa01pro-15ah-90km\/","og_locale":"de_DE","og_type":"article","og_title":"Samebike RSA01Pro 15AH 90KM","og_description":"Elektrische Unterst\u00fctzungsstufen: 0\u20135 Stufen, segmentierter Unterst\u00fctzungs-\/Elektromodus  Maximale Zuladung: 150 kg  Maximale Steigung: 40\u00b0  Material: Hochlegierter Stahl (Stahlrahmen)  Reifen: Mountainbike-Reifen  Display: 3,5-Zoll-Farb-LCD-Bildschirm  Was bedeutet das?  Die Kennzeichnung auf dem Produkt best\u00e4tigt, dass der Hersteller die relevanten Anforderungen europ\u00e4ischer Richtlinien und Verordnungen erf\u00fcllt. Sie ist ein Zeichen daf\u00fcr, dass das Produkt den Sicherheitsanforderungen entspricht, keine Gefahr f\u00fcr die Umwelt darstellt und ordnungsgem\u00e4\u00df in Verkehr gebracht wurde.  Weiter fahren, mehr entdecken  Das RS-A01Pro-T ist f\u00fcr l\u00e4ngere Touren und den t\u00e4glichen Arbeitsweg konzipiert. Mit seinem leistungsstarken 36-V-15-Ah-Akku erreichen Sie im Unterst\u00fctzungsmodus mit einer einzigen Ladung bis zu 90 km \u2013 perfekt f\u00fcr jedes Abenteuer.  Hinweis: Die tats\u00e4chliche Leistung h\u00e4ngt vom Fahrergewicht, den Stra\u00dfenverh\u00e4ltnissen und dem Ladezustand des Akkus ab.  Alles auf einen Blick  Dank des ergonomischen Lenkers und des zentralen LCD-Displays haben Sie die volle Kontrolle und alle wichtigen Informationen stets im Blick. Schalten und Bremsen erfolgen m\u00fchelos f\u00fcr ein komfortables und aufregendes Fahrerlebnis. Wir k\u00fcmmern uns um das Abenteuer, Sie konzentrieren sich auf die Fahrt!  Mechanische Scheibenbremsen  Mechanische Scheibenbremsen sind ideal f\u00fcr lange Touren und bieten hohe Bremskraft f\u00fcr sofortiges Anhalten. Sie sind zudem weniger anf\u00e4llig f\u00fcr Besch\u00e4digungen und weniger empfindlich gegen\u00fcber Umwelteinfl\u00fcssen.  Doppelsto\u00dfd\u00e4mpfer-Federung  Die Doppelfederung von Vordergabel und Sattel absorbiert St\u00f6\u00dfe und sorgt f\u00fcr ein stabiles Fahrgef\u00fchl. Verabschieden Sie sich von holprigen Stra\u00dfen und genie\u00dfen Sie komfortable Fahrten.  Abriebfeste Reifen  Die 26\" x 2,1\" Reifen garantieren eine leise und komfortable Fahrt, w\u00e4hrend die abriebfesten Reifen das Fahrrad ideal f\u00fcr lange Touren machen.  Sicher und gut sichtbar  F\u00fcr maximale Sichtbarkeit bei Nacht und schlechten Lichtverh\u00e4ltnissen ist das Fahrrad mit Vorder- und R\u00fccklicht ausgestattet. Die Scheinwerfer leuchten die Stra\u00dfe vor Ihnen aus, w\u00e4hrend die R\u00fccklichter Autofahrer und Fu\u00dfg\u00e4nger auf Ihre Anwesenheit hinter Ihnen aufmerksam machen.  Shimano 7-Gang-Schaltung  Der RS-A01 Pro-Antrieb sorgt mit der Shimano 7-Gang-Schaltung f\u00fcr ein geschmeidiges und effizientes Fahrgef\u00fchl. Dank pr\u00e4ziser und vielseitiger Schaltvorg\u00e4nge finden Sie m\u00fchelos den optimalen Gang f\u00fcr Ihre Fahrt.  Komfortables Fahrgef\u00fchl  Der speziell entwickelte Sattel und die Sattelst\u00fctze bieten optimale D\u00e4mpfung, reduzieren Vibrationen und sorgen f\u00fcr ein angenehmes Fahrgef\u00fchl. Freuen Sie sich auf unvergleichlichen Fahrkomfort!  Geeignet f\u00fcr die meisten jugendlichen Radfahrer und die Bed\u00fcrfnisse der ganzen Familie  Empfohlene Gr\u00f6\u00dfe: 170\u2013210 cm  H\u00f6chstgeschwindigkeit: 25 km\/h Zielgruppe: Unisex Anzahl der G\u00e4nge: 7 Display: LCD Farbe: Schwarz Hersteller: SAMEBIKE Fahrradtyp: Trekkingrad Leistung: 250 W Batteriespannung: 36 V Maximales Benutzergewicht: 150 kg Gewicht: 30 kg EAN-Code: 6977171901822 Herstellernummer: RS-A01PRO-T-FT-BK-EU-CL","og_url":"https:\/\/radwerk-north.de\/de\/product\/samebike-rsa01pro-15ah-90km\/","og_site_name":"RadWerk Nord","article_modified_time":"2025-12-10T16:59:27+00:00","og_image":[{"width":1024,"height":1024,"url":"https:\/\/radwerk-north.de\/wp-content\/uploads\/2025\/11\/1-12.webp","type":"image\/webp"}],"twitter_card":"summary_large_image","twitter_misc":{"Preis":"590,00&nbsp;&euro;","Verf\u00fcgbarkeit":"Auf Lager"},"schema":{"@context":"https:\/\/schema.org","@graph":[{"@type":"WebPage","@id":"https:\/\/radwerk-north.de\/product\/samebike-rsa01pro-15ah-90km\/","url":"https:\/\/radwerk-north.de\/product\/samebike-rsa01pro-15ah-90km\/","name":"Samebike RSA01Pro 15AH 90KM - RadWerk Nord","isPartOf":{"@id":"https:\/\/radwerk-north.de\/#website"},"primaryImageOfPage":{"@id":"https:\/\/radwerk-north.de\/product\/samebike-rsa01pro-15ah-90km\/#primaryimage"},"image":{"@id":"https:\/\/radwerk-north.de\/product\/samebike-rsa01pro-15ah-90km\/#primaryimage"},"thumbnailUrl":"https:\/\/radwerk-north.de\/wp-content\/uploads\/2025\/11\/1-12.webp","datePublished":"2025-11-25T12:17:09+00:00","dateModified":"2025-12-10T16:59:27+00:00","breadcrumb":{"@id":"https:\/\/radwerk-north.de\/product\/samebike-rsa01pro-15ah-90km\/#breadcrumb"},"inLanguage":"de","potentialAction":[{"@type":"ReadAction","target":["https:\/\/radwerk-north.de\/product\/samebike-rsa01pro-15ah-90km\/"]}]},{"@type":"ImageObject","inLanguage":"de","@id":"https:\/\/radwerk-north.de\/product\/samebike-rsa01pro-15ah-90km\/#primaryimage","url":"https:\/\/radwerk-north.de\/wp-content\/uploads\/2025\/11\/1-12.webp","contentUrl":"https:\/\/radwerk-north.de\/wp-content\/uploads\/2025\/11\/1-12.webp","width":1024,"height":1024},{"@type":"BreadcrumbList","@id":"https:\/\/radwerk-north.de\/product\/samebike-rsa01pro-15ah-90km\/#breadcrumb","itemListElement":[{"@type":"ListItem","position":1,"name":"Home","item":"https:\/\/radwerk-north.de\/"},{"@type":"ListItem","position":2,"name":"Products","item":"https:\/\/radwerk-north.de\/shop\/"},{"@type":"ListItem","position":3,"name":"Samebike RSA01Pro 15AH 90KM"}]},{"@type":"WebSite","@id":"https:\/\/radwerk-north.de\/#website","url":"https:\/\/radwerk-north.de\/","name":"RadWerk Nord","description":"Mobilit\u00e4t neu gedacht.","publisher":{"@id":"https:\/\/radwerk-north.de\/#organization"},"potentialAction":[{"@type":"SearchAction","target":{"@type":"EntryPoint","urlTemplate":"https:\/\/radwerk-north.de\/?s={search_term_string}"},"query-input":{"@type":"PropertyValueSpecification","valueRequired":true,"valueName":"search_term_string"}}],"inLanguage":"de"},{"@type":"Organization","@id":"https:\/\/radwerk-north.de\/#organization","name":"RadWerk Nord","url":"https:\/\/radwerk-north.de\/","logo":{"@type":"ImageObject","inLanguage":"de","@id":"https:\/\/radwerk-north.de\/#\/schema\/logo\/image\/","url":"https:\/\/radwerk-north.de\/wp-content\/uploads\/2025\/12\/cropped-Video_Screen1766523928533-removebg-preview.png","contentUrl":"https:\/\/radwerk-north.de\/wp-content\/uploads\/2025\/12\/cropped-Video_Screen1766523928533-removebg-preview.png","width":745,"height":294,"caption":"RadWerk Nord"},"image":{"@id":"https:\/\/radwerk-north.de\/#\/schema\/logo\/image\/"}}]},"product_price_amount":"590.00","product_price_currency":"EUR","og_availability":"instock","product_availability":"instock","product_retailer_item_id":"RDNMCQH36190","product_condition":"new"},"acf":[],"_links":{"self":[{"href":"https:\/\/radwerk-north.de\/de\/wp-json\/wp\/v2\/product\/6190","targetHints":{"allow":["GET"]}}],"collection":[{"href":"https:\/\/radwerk-north.de\/de\/wp-json\/wp\/v2\/product"}],"about":[{"href":"https:\/\/radwerk-north.de\/de\/wp-json\/wp\/v2\/types\/product"}],"replies":[{"embeddable":true,"href":"https:\/\/radwerk-north.de\/de\/wp-json\/wp\/v2\/comments?post=6190"}],"wp:featuredmedia":[{"embeddable":true,"href":"https:\/\/radwerk-north.de\/de\/wp-json\/wp\/v2\/media\/6191"}],"wp:attachment":[{"href":"https:\/\/radwerk-north.de\/de\/wp-json\/wp\/v2\/media?parent=6190"}],"wp:term":[{"taxonomy":"product_brand","embeddable":true,"href":"https:\/\/radwerk-north.de\/de\/wp-json\/wp\/v2\/product_brand?post=6190"},{"taxonomy":"product_cat","embeddable":true,"href":"https:\/\/radwerk-north.de\/de\/wp-json\/wp\/v2\/product_cat?post=6190"},{"taxonomy":"product_tag","embeddable":true,"href":"https:\/\/radwerk-north.de\/de\/wp-json\/wp\/v2\/product_tag?post=6190"}],"curies":[{"name":"wp","href":"https:\/\/api.w.org\/{rel}","templated":true}]}}