{"id":6179,"date":"2025-11-25T12:05:53","date_gmt":"2025-11-25T12:05:53","guid":{"rendered":"https:\/\/radwerk-north.de\/?post_type=product&#038;p=6179"},"modified":"2025-12-10T17:06:11","modified_gmt":"2025-12-10T17:06:11","slug":"samebike-c05-pro-204-zoll-lcd-faltbares-e-bike-e-mtb","status":"publish","type":"product","link":"https:\/\/radwerk-north.de\/de\/product\/samebike-c05-pro-204-zoll-lcd-faltbares-e-bike-e-mtb\/","title":{"rendered":"SAMEBIKE C05 Pro 20*4 Zoll LCD faltbares E-Bike E-MTB"},"content":{"rendered":"<p>Vielseitiges E-Bike f\u00fcr Stadtfahrten, Ausfl\u00fcge ins Gr\u00fcne, Touren und Outdoor-Radtouren<\/p>\n<p>Keine Sorge mehr:<\/p>\n<p>Es ist zu 85 % vormontiert.<\/p>\n<p>Wir bieten Ihnen au\u00dferdem technischen Support bei allen g\u00e4ngigen Fragen rund ums Fahrrad.<\/p>\n<p>Technische Daten<\/p>\n<p>Farbe: Schwarz<\/p>\n<p>Rahmenmaterial: Aluminiumlegierung<\/p>\n<p>Reifen: 20 x 4 Zoll<\/p>\n<p>Akku: 36 V 13 Ah<\/p>\n<p>Ladezeit: 4\u20136 Stunden<\/p>\n<p>Standardgeschwindigkeit: 25 km\/h<\/p>\n<p>Motorleistung: 250 W<\/p>\n<p>Reichweite im rein elektrischen Modus (km): 30\u201335<\/p>\n<p>Reichweite (km): 60\u201370<\/p>\n<p>Faltbar: Ja<\/p>\n","protected":false},"excerpt":{"rendered":"<p>Federung: Verstellbare Vorderradgabel + Hinterradfederung<\/p>\n<p>Antrieb: Shimano 7-Gang<\/p>\n<p>Bremsen: Mechanische Scheibenbremsen<\/p>\n<p>Gasgriff: Daumengasgriff<\/p>\n<p>Display: Farb-LCD-Bildschirm<\/p>\n<p>Pedal: 5 Widerstandsstufen<\/p>\n<p>Maximale Belastung: 150 kg<\/p>\n<p>Gewicht: 32 kg<\/p>\n<p>Abmessungen: 1,76 x 0,62 x 1,19 m<\/p>\n<p>Hinweis: H\u00f6chstgeschwindigkeit und Reichweite mit einer Akkuladung h\u00e4ngen von verschiedenen Faktoren ab, wie z. B. Fahrergewicht, Gel\u00e4nde, Steigung, Umgebungstemperatur, Akkuladestand, Fahrstil usw.<\/p>\n<p>B\u00fcrstenloser Nabenmotor<\/p>\n<p>Das C05 Pro ist mit einem leistungsstarken Motor ausgestattet, der Steigungen von bis zu 25 Grad m\u00fchelos bew\u00e4ltigt und eine H\u00f6chstgeschwindigkeit von 25 km\/h erreicht.<\/p>\n<p>Voreingestellte Geschwindigkeit: 25 km\/h<\/p>\n<p>Motorleistung: 250 W<\/p>\n<p>Austauschbarer Akku f\u00fcr l\u00e4ngere Nutzung<\/p>\n<p>Der verbesserte 468-Wh-Hochleistungsakku erm\u00f6glicht l\u00e4ngere Fahrten.<\/p>\n<p>Transparenz auf einen Blick<\/p>\n<p>LCD-Display<\/p>\n<p>Von der aktuellen Geschwindigkeit und Akku-Reichweite bis hin zur zur\u00fcckgelegten Strecke und der Einstellung der Tretunterst\u00fctzung \u2013 alle wichtigen Informationen sind direkt im Display verf\u00fcgbar.<\/p>\n<p>4-Zoll-Monoblock-Reifen<\/p>\n<p>Doppeltes Federungssystem<\/p>\n<p>Einstellbare Federgabeln und eine gepolsterte Sitzbank sorgen f\u00fcr doppelte D\u00e4mpfung und ein sanftes, stabiles Fahrgef\u00fchl, selbst auf unebenem Gel\u00e4nde. Verabschieden Sie sich von holprigen Stra\u00dfen und genie\u00dfen Sie unvergleichlichen Fahrkomfort.<\/p>\n<p>Mechanische Scheibenbremsen<\/p>\n<p>Dank verbesserter Bremsleistung meistern Sie Stadtstra\u00dfen, steile Abfahrten und den Verkehr m\u00fchelos und sicher.<\/p>\n<p>Vorder- und R\u00fccklicht<\/p>\n<p>Zwei LED-Leuchten vorne und hinten gew\u00e4hrleisten Sicherheit bei Tag und Nacht. Sie sorgen nicht nur f\u00fcr gute Sichtbarkeit bei den t\u00e4glichen Kontrollen, sondern leuchten auch die Stra\u00dfe aus und machen das Fahren bei Nacht sicherer.<\/p>\n<p>Daumengasgriff<\/p>\n<p>Steuern Sie Ihre Geschwindigkeit per Daumengasgriff und beschleunigen Sie auf H\u00f6chstgeschwindigkeit \u2013 f\u00fcr schnelles und einfaches Fahren.<\/p>\n<p>Verl\u00e4ngertes Gep\u00e4cktr\u00e4gerpolster<\/p>\n<p>Der robuste Gep\u00e4cktr\u00e4ger an unserem Fahrrad erh\u00f6ht die Transportkapazit\u00e4t und Vielseitigkeit deutlich. So k\u00f6nnen Sie alles, was Sie unterwegs ben\u00f6tigen, bequem und einfach mitnehmen.<\/p>\n<p>Frontkorb<\/p>\n<p>Ergonomischer Sattel<\/p>\n<p>Das komfortable Design wurde speziell entwickelt, um Druckstellen zu vermeiden. Genie\u00dfen Sie eine gesunde und angenehme Fahrt, auch auf langen Strecken!<\/p>\n<p>Faltbar und tragbar<\/p>\n<p>Dank seines kompakten Designs l\u00e4sst sich unser Fahrrad leicht transportieren und verstauen \u2013 egal ob Sie zur Arbeit pendeln oder neue Horizonte entdecken, wohin auch immer Ihre Abenteuer Sie f\u00fchren.<\/p>\n<p>Maximalgewicht<br \/>\n150 kg<br \/>\nH\u00f6chstgeschwindigkeit<br \/>\n25 km\/h<br \/>\nLeistung<br \/>\n250 W<br \/>\nFarbe<br \/>\nSchwarz<br \/>\nZielgruppe<br \/>\nUnisex<br \/>\nFahrradtyp<br \/>\nFaltrad<br \/>\nGewicht<br \/>\n35 kg<br \/>\nStra\u00dfenzulassung<br \/>\nNein<br \/>\nAnzahl der G\u00e4nge<br \/>\n7<br \/>\nRadgr\u00f6\u00dfe<br \/>\n20 Zoll<br \/>\nFaltbar<br \/>\nJa<br \/>\nBatteriespannung<br \/>\n36 V<br \/>\nHersteller<br \/>\nSAMEBIKE<br \/>\nLieferumfang<br \/>\n1 x E-Bike *1, 1 x Lithium-Ionen-Akku, 1 x Ladeger\u00e4t, 1 x Montagewerkzeug, 1 x Bedienungsanleitung (Englisch)<br \/>\nEAN-Barcodes<br \/>\n6977171903710<br \/>\nHerstellernummer<br \/>\nC05 Pro-IT-BK-EU<\/p>\n","protected":false},"featured_media":6180,"comment_status":"open","ping_status":"closed","template":"","meta":[],"product_brand":[],"product_cat":[70],"product_tag":[],"class_list":{"0":"post-6179","1":"product","2":"type-product","3":"status-publish","4":"has-post-thumbnail","6":"product_cat-velo-electrique","8":"first","9":"instock","10":"sale","11":"featured","12":"shipping-taxable","13":"purchasable","14":"product-type-simple"},"yoast_head":"<!-- This site is optimized with the Yoast SEO Premium plugin v26.2 (Yoast SEO v26.7) - https:\/\/yoast.com\/wordpress\/plugins\/seo\/ -->\n<title>SAMEBIKE C05 Pro 20*4 Zoll LCD faltbares E-Bike E-MTB - RadWerk Nord<\/title>\n<meta name=\"robots\" content=\"index, follow, max-snippet:-1, max-image-preview:large, max-video-preview:-1\" \/>\n<link rel=\"canonical\" href=\"https:\/\/radwerk-north.de\/de\/product\/samebike-c05-pro-204-zoll-lcd-faltbares-e-bike-e-mtb\/\" \/>\n<meta property=\"og:locale\" content=\"de_DE\" \/>\n<meta property=\"og:type\" content=\"article\" \/>\n<meta property=\"og:title\" content=\"SAMEBIKE C05 Pro 20*4 Zoll LCD faltbares E-Bike E-MTB\" \/>\n<meta property=\"og:description\" content=\"Federung: Verstellbare Vorderradgabel + Hinterradfederung  Antrieb: Shimano 7-Gang  Bremsen: Mechanische Scheibenbremsen  Gasgriff: Daumengasgriff  Display: Farb-LCD-Bildschirm  Pedal: 5 Widerstandsstufen  Maximale Belastung: 150 kg  Gewicht: 32 kg  Abmessungen: 1,76 x 0,62 x 1,19 m  Hinweis: H\u00f6chstgeschwindigkeit und Reichweite mit einer Akkuladung h\u00e4ngen von verschiedenen Faktoren ab, wie z. B. Fahrergewicht, Gel\u00e4nde, Steigung, Umgebungstemperatur, Akkuladestand, Fahrstil usw.  B\u00fcrstenloser Nabenmotor  Das C05 Pro ist mit einem leistungsstarken Motor ausgestattet, der Steigungen von bis zu 25 Grad m\u00fchelos bew\u00e4ltigt und eine H\u00f6chstgeschwindigkeit von 25 km\/h erreicht.  Voreingestellte Geschwindigkeit: 25 km\/h  Motorleistung: 250 W  Austauschbarer Akku f\u00fcr l\u00e4ngere Nutzung  Der verbesserte 468-Wh-Hochleistungsakku erm\u00f6glicht l\u00e4ngere Fahrten.  Transparenz auf einen Blick  LCD-Display  Von der aktuellen Geschwindigkeit und Akku-Reichweite bis hin zur zur\u00fcckgelegten Strecke und der Einstellung der Tretunterst\u00fctzung \u2013 alle wichtigen Informationen sind direkt im Display verf\u00fcgbar.  4-Zoll-Monoblock-Reifen  Doppeltes Federungssystem  Einstellbare Federgabeln und eine gepolsterte Sitzbank sorgen f\u00fcr doppelte D\u00e4mpfung und ein sanftes, stabiles Fahrgef\u00fchl, selbst auf unebenem Gel\u00e4nde. Verabschieden Sie sich von holprigen Stra\u00dfen und genie\u00dfen Sie unvergleichlichen Fahrkomfort.  Mechanische Scheibenbremsen  Dank verbesserter Bremsleistung meistern Sie Stadtstra\u00dfen, steile Abfahrten und den Verkehr m\u00fchelos und sicher.  Vorder- und R\u00fccklicht  Zwei LED-Leuchten vorne und hinten gew\u00e4hrleisten Sicherheit bei Tag und Nacht. Sie sorgen nicht nur f\u00fcr gute Sichtbarkeit bei den t\u00e4glichen Kontrollen, sondern leuchten auch die Stra\u00dfe aus und machen das Fahren bei Nacht sicherer.  Daumengasgriff  Steuern Sie Ihre Geschwindigkeit per Daumengasgriff und beschleunigen Sie auf H\u00f6chstgeschwindigkeit \u2013 f\u00fcr schnelles und einfaches Fahren.  Verl\u00e4ngertes Gep\u00e4cktr\u00e4gerpolster  Der robuste Gep\u00e4cktr\u00e4ger an unserem Fahrrad erh\u00f6ht die Transportkapazit\u00e4t und Vielseitigkeit deutlich. So k\u00f6nnen Sie alles, was Sie unterwegs ben\u00f6tigen, bequem und einfach mitnehmen.  Frontkorb  Ergonomischer Sattel  Das komfortable Design wurde speziell entwickelt, um Druckstellen zu vermeiden. Genie\u00dfen Sie eine gesunde und angenehme Fahrt, auch auf langen Strecken!  Faltbar und tragbar  Dank seines kompakten Designs l\u00e4sst sich unser Fahrrad leicht transportieren und verstauen \u2013 egal ob Sie zur Arbeit pendeln oder neue Horizonte entdecken, wohin auch immer Ihre Abenteuer Sie f\u00fchren.  Maximalgewicht 150 kg H\u00f6chstgeschwindigkeit 25 km\/h Leistung 250 W Farbe Schwarz Zielgruppe Unisex Fahrradtyp Faltrad Gewicht 35 kg Stra\u00dfenzulassung Nein Anzahl der G\u00e4nge 7 Radgr\u00f6\u00dfe 20 Zoll Faltbar Ja Batteriespannung 36 V Hersteller SAMEBIKE Lieferumfang 1 x E-Bike *1, 1 x Lithium-Ionen-Akku, 1 x Ladeger\u00e4t, 1 x Montagewerkzeug, 1 x Bedienungsanleitung (Englisch) EAN-Barcodes 6977171903710 Herstellernummer C05 Pro-IT-BK-EU\" \/>\n<meta property=\"og:url\" content=\"https:\/\/radwerk-north.de\/de\/product\/samebike-c05-pro-204-zoll-lcd-faltbares-e-bike-e-mtb\/\" \/>\n<meta property=\"og:site_name\" content=\"RadWerk Nord\" \/>\n<meta property=\"article:modified_time\" content=\"2025-12-10T17:06:11+00:00\" \/>\n<meta property=\"og:image\" content=\"https:\/\/radwerk-north.de\/wp-content\/uploads\/2025\/11\/1-10.webp\" \/>\n\t<meta property=\"og:image:width\" content=\"1017\" \/>\n\t<meta property=\"og:image:height\" content=\"1024\" \/>\n\t<meta property=\"og:image:type\" content=\"image\/webp\" \/>\n<meta name=\"twitter:card\" content=\"summary_large_image\" \/>\n<meta name=\"twitter:label1\" content=\"Preis\" \/>\n\t<meta name=\"twitter:data1\" content=\"635,00&nbsp;&euro;\" \/>\n\t<meta name=\"twitter:label2\" content=\"Verf\u00fcgbarkeit\" \/>\n\t<meta name=\"twitter:data2\" content=\"Auf Lager\" \/>\n<script type=\"application\/ld+json\" class=\"yoast-schema-graph\">{\"@context\":\"https:\/\/schema.org\",\"@graph\":[{\"@type\":\"WebPage\",\"@id\":\"https:\/\/radwerk-north.de\/product\/samebike-c05-pro-204-zoll-lcd-faltbares-e-bike-e-mtb\/\",\"url\":\"https:\/\/radwerk-north.de\/product\/samebike-c05-pro-204-zoll-lcd-faltbares-e-bike-e-mtb\/\",\"name\":\"SAMEBIKE C05 Pro 20*4 Zoll LCD faltbares E-Bike E-MTB - RadWerk Nord\",\"isPartOf\":{\"@id\":\"https:\/\/radwerk-north.de\/#website\"},\"primaryImageOfPage\":{\"@id\":\"https:\/\/radwerk-north.de\/product\/samebike-c05-pro-204-zoll-lcd-faltbares-e-bike-e-mtb\/#primaryimage\"},\"image\":{\"@id\":\"https:\/\/radwerk-north.de\/product\/samebike-c05-pro-204-zoll-lcd-faltbares-e-bike-e-mtb\/#primaryimage\"},\"thumbnailUrl\":\"https:\/\/radwerk-north.de\/wp-content\/uploads\/2025\/11\/1-10.webp\",\"datePublished\":\"2025-11-25T12:05:53+00:00\",\"dateModified\":\"2025-12-10T17:06:11+00:00\",\"breadcrumb\":{\"@id\":\"https:\/\/radwerk-north.de\/product\/samebike-c05-pro-204-zoll-lcd-faltbares-e-bike-e-mtb\/#breadcrumb\"},\"inLanguage\":\"de\",\"potentialAction\":[{\"@type\":\"ReadAction\",\"target\":[\"https:\/\/radwerk-north.de\/product\/samebike-c05-pro-204-zoll-lcd-faltbares-e-bike-e-mtb\/\"]}]},{\"@type\":\"ImageObject\",\"inLanguage\":\"de\",\"@id\":\"https:\/\/radwerk-north.de\/product\/samebike-c05-pro-204-zoll-lcd-faltbares-e-bike-e-mtb\/#primaryimage\",\"url\":\"https:\/\/radwerk-north.de\/wp-content\/uploads\/2025\/11\/1-10.webp\",\"contentUrl\":\"https:\/\/radwerk-north.de\/wp-content\/uploads\/2025\/11\/1-10.webp\",\"width\":1017,\"height\":1024},{\"@type\":\"BreadcrumbList\",\"@id\":\"https:\/\/radwerk-north.de\/product\/samebike-c05-pro-204-zoll-lcd-faltbares-e-bike-e-mtb\/#breadcrumb\",\"itemListElement\":[{\"@type\":\"ListItem\",\"position\":1,\"name\":\"Home\",\"item\":\"https:\/\/radwerk-north.de\/\"},{\"@type\":\"ListItem\",\"position\":2,\"name\":\"Products\",\"item\":\"https:\/\/radwerk-north.de\/shop\/\"},{\"@type\":\"ListItem\",\"position\":3,\"name\":\"SAMEBIKE C05 Pro 20*4 Zoll LCD faltbares E-Bike E-MTB\"}]},{\"@type\":\"WebSite\",\"@id\":\"https:\/\/radwerk-north.de\/#website\",\"url\":\"https:\/\/radwerk-north.de\/\",\"name\":\"RadWerk Nord\",\"description\":\"Mobilit\u00e4t neu gedacht.\",\"publisher\":{\"@id\":\"https:\/\/radwerk-north.de\/#organization\"},\"potentialAction\":[{\"@type\":\"SearchAction\",\"target\":{\"@type\":\"EntryPoint\",\"urlTemplate\":\"https:\/\/radwerk-north.de\/?s={search_term_string}\"},\"query-input\":{\"@type\":\"PropertyValueSpecification\",\"valueRequired\":true,\"valueName\":\"search_term_string\"}}],\"inLanguage\":\"de\"},{\"@type\":\"Organization\",\"@id\":\"https:\/\/radwerk-north.de\/#organization\",\"name\":\"RadWerk Nord\",\"url\":\"https:\/\/radwerk-north.de\/\",\"logo\":{\"@type\":\"ImageObject\",\"inLanguage\":\"de\",\"@id\":\"https:\/\/radwerk-north.de\/#\/schema\/logo\/image\/\",\"url\":\"https:\/\/radwerk-north.de\/wp-content\/uploads\/2025\/12\/cropped-Video_Screen1766523928533-removebg-preview.png\",\"contentUrl\":\"https:\/\/radwerk-north.de\/wp-content\/uploads\/2025\/12\/cropped-Video_Screen1766523928533-removebg-preview.png\",\"width\":745,\"height\":294,\"caption\":\"RadWerk Nord\"},\"image\":{\"@id\":\"https:\/\/radwerk-north.de\/#\/schema\/logo\/image\/\"}}]}<\/script>\n<meta property=\"product:price:amount\" content=\"635.00\" \/>\n<meta property=\"product:price:currency\" content=\"EUR\" \/>\n<meta property=\"og:availability\" content=\"instock\" \/>\n<meta property=\"product:availability\" content=\"instock\" \/>\n<meta property=\"product:retailer_item_id\" content=\"RDNJT21O6179\" \/>\n<meta property=\"product:condition\" content=\"new\" \/>\n<!-- \/ Yoast SEO Premium plugin. -->","yoast_head_json":{"title":"SAMEBIKE C05 Pro 20*4 Zoll LCD faltbares E-Bike E-MTB - RadWerk Nord","robots":{"index":"index","follow":"follow","max-snippet":"max-snippet:-1","max-image-preview":"max-image-preview:large","max-video-preview":"max-video-preview:-1"},"canonical":"https:\/\/radwerk-north.de\/de\/product\/samebike-c05-pro-204-zoll-lcd-faltbares-e-bike-e-mtb\/","og_locale":"de_DE","og_type":"article","og_title":"SAMEBIKE C05 Pro 20*4 Zoll LCD faltbares E-Bike E-MTB","og_description":"Federung: Verstellbare Vorderradgabel + Hinterradfederung  Antrieb: Shimano 7-Gang  Bremsen: Mechanische Scheibenbremsen  Gasgriff: Daumengasgriff  Display: Farb-LCD-Bildschirm  Pedal: 5 Widerstandsstufen  Maximale Belastung: 150 kg  Gewicht: 32 kg  Abmessungen: 1,76 x 0,62 x 1,19 m  Hinweis: H\u00f6chstgeschwindigkeit und Reichweite mit einer Akkuladung h\u00e4ngen von verschiedenen Faktoren ab, wie z. B. Fahrergewicht, Gel\u00e4nde, Steigung, Umgebungstemperatur, Akkuladestand, Fahrstil usw.  B\u00fcrstenloser Nabenmotor  Das C05 Pro ist mit einem leistungsstarken Motor ausgestattet, der Steigungen von bis zu 25 Grad m\u00fchelos bew\u00e4ltigt und eine H\u00f6chstgeschwindigkeit von 25 km\/h erreicht.  Voreingestellte Geschwindigkeit: 25 km\/h  Motorleistung: 250 W  Austauschbarer Akku f\u00fcr l\u00e4ngere Nutzung  Der verbesserte 468-Wh-Hochleistungsakku erm\u00f6glicht l\u00e4ngere Fahrten.  Transparenz auf einen Blick  LCD-Display  Von der aktuellen Geschwindigkeit und Akku-Reichweite bis hin zur zur\u00fcckgelegten Strecke und der Einstellung der Tretunterst\u00fctzung \u2013 alle wichtigen Informationen sind direkt im Display verf\u00fcgbar.  4-Zoll-Monoblock-Reifen  Doppeltes Federungssystem  Einstellbare Federgabeln und eine gepolsterte Sitzbank sorgen f\u00fcr doppelte D\u00e4mpfung und ein sanftes, stabiles Fahrgef\u00fchl, selbst auf unebenem Gel\u00e4nde. Verabschieden Sie sich von holprigen Stra\u00dfen und genie\u00dfen Sie unvergleichlichen Fahrkomfort.  Mechanische Scheibenbremsen  Dank verbesserter Bremsleistung meistern Sie Stadtstra\u00dfen, steile Abfahrten und den Verkehr m\u00fchelos und sicher.  Vorder- und R\u00fccklicht  Zwei LED-Leuchten vorne und hinten gew\u00e4hrleisten Sicherheit bei Tag und Nacht. Sie sorgen nicht nur f\u00fcr gute Sichtbarkeit bei den t\u00e4glichen Kontrollen, sondern leuchten auch die Stra\u00dfe aus und machen das Fahren bei Nacht sicherer.  Daumengasgriff  Steuern Sie Ihre Geschwindigkeit per Daumengasgriff und beschleunigen Sie auf H\u00f6chstgeschwindigkeit \u2013 f\u00fcr schnelles und einfaches Fahren.  Verl\u00e4ngertes Gep\u00e4cktr\u00e4gerpolster  Der robuste Gep\u00e4cktr\u00e4ger an unserem Fahrrad erh\u00f6ht die Transportkapazit\u00e4t und Vielseitigkeit deutlich. So k\u00f6nnen Sie alles, was Sie unterwegs ben\u00f6tigen, bequem und einfach mitnehmen.  Frontkorb  Ergonomischer Sattel  Das komfortable Design wurde speziell entwickelt, um Druckstellen zu vermeiden. Genie\u00dfen Sie eine gesunde und angenehme Fahrt, auch auf langen Strecken!  Faltbar und tragbar  Dank seines kompakten Designs l\u00e4sst sich unser Fahrrad leicht transportieren und verstauen \u2013 egal ob Sie zur Arbeit pendeln oder neue Horizonte entdecken, wohin auch immer Ihre Abenteuer Sie f\u00fchren.  Maximalgewicht 150 kg H\u00f6chstgeschwindigkeit 25 km\/h Leistung 250 W Farbe Schwarz Zielgruppe Unisex Fahrradtyp Faltrad Gewicht 35 kg Stra\u00dfenzulassung Nein Anzahl der G\u00e4nge 7 Radgr\u00f6\u00dfe 20 Zoll Faltbar Ja Batteriespannung 36 V Hersteller SAMEBIKE Lieferumfang 1 x E-Bike *1, 1 x Lithium-Ionen-Akku, 1 x Ladeger\u00e4t, 1 x Montagewerkzeug, 1 x Bedienungsanleitung (Englisch) EAN-Barcodes 6977171903710 Herstellernummer C05 Pro-IT-BK-EU","og_url":"https:\/\/radwerk-north.de\/de\/product\/samebike-c05-pro-204-zoll-lcd-faltbares-e-bike-e-mtb\/","og_site_name":"RadWerk Nord","article_modified_time":"2025-12-10T17:06:11+00:00","og_image":[{"width":1017,"height":1024,"url":"https:\/\/radwerk-north.de\/wp-content\/uploads\/2025\/11\/1-10.webp","type":"image\/webp"}],"twitter_card":"summary_large_image","twitter_misc":{"Preis":"635,00&nbsp;&euro;","Verf\u00fcgbarkeit":"Auf Lager"},"schema":{"@context":"https:\/\/schema.org","@graph":[{"@type":"WebPage","@id":"https:\/\/radwerk-north.de\/product\/samebike-c05-pro-204-zoll-lcd-faltbares-e-bike-e-mtb\/","url":"https:\/\/radwerk-north.de\/product\/samebike-c05-pro-204-zoll-lcd-faltbares-e-bike-e-mtb\/","name":"SAMEBIKE C05 Pro 20*4 Zoll LCD faltbares E-Bike E-MTB - RadWerk Nord","isPartOf":{"@id":"https:\/\/radwerk-north.de\/#website"},"primaryImageOfPage":{"@id":"https:\/\/radwerk-north.de\/product\/samebike-c05-pro-204-zoll-lcd-faltbares-e-bike-e-mtb\/#primaryimage"},"image":{"@id":"https:\/\/radwerk-north.de\/product\/samebike-c05-pro-204-zoll-lcd-faltbares-e-bike-e-mtb\/#primaryimage"},"thumbnailUrl":"https:\/\/radwerk-north.de\/wp-content\/uploads\/2025\/11\/1-10.webp","datePublished":"2025-11-25T12:05:53+00:00","dateModified":"2025-12-10T17:06:11+00:00","breadcrumb":{"@id":"https:\/\/radwerk-north.de\/product\/samebike-c05-pro-204-zoll-lcd-faltbares-e-bike-e-mtb\/#breadcrumb"},"inLanguage":"de","potentialAction":[{"@type":"ReadAction","target":["https:\/\/radwerk-north.de\/product\/samebike-c05-pro-204-zoll-lcd-faltbares-e-bike-e-mtb\/"]}]},{"@type":"ImageObject","inLanguage":"de","@id":"https:\/\/radwerk-north.de\/product\/samebike-c05-pro-204-zoll-lcd-faltbares-e-bike-e-mtb\/#primaryimage","url":"https:\/\/radwerk-north.de\/wp-content\/uploads\/2025\/11\/1-10.webp","contentUrl":"https:\/\/radwerk-north.de\/wp-content\/uploads\/2025\/11\/1-10.webp","width":1017,"height":1024},{"@type":"BreadcrumbList","@id":"https:\/\/radwerk-north.de\/product\/samebike-c05-pro-204-zoll-lcd-faltbares-e-bike-e-mtb\/#breadcrumb","itemListElement":[{"@type":"ListItem","position":1,"name":"Home","item":"https:\/\/radwerk-north.de\/"},{"@type":"ListItem","position":2,"name":"Products","item":"https:\/\/radwerk-north.de\/shop\/"},{"@type":"ListItem","position":3,"name":"SAMEBIKE C05 Pro 20*4 Zoll LCD faltbares E-Bike E-MTB"}]},{"@type":"WebSite","@id":"https:\/\/radwerk-north.de\/#website","url":"https:\/\/radwerk-north.de\/","name":"RadWerk Nord","description":"Mobilit\u00e4t neu gedacht.","publisher":{"@id":"https:\/\/radwerk-north.de\/#organization"},"potentialAction":[{"@type":"SearchAction","target":{"@type":"EntryPoint","urlTemplate":"https:\/\/radwerk-north.de\/?s={search_term_string}"},"query-input":{"@type":"PropertyValueSpecification","valueRequired":true,"valueName":"search_term_string"}}],"inLanguage":"de"},{"@type":"Organization","@id":"https:\/\/radwerk-north.de\/#organization","name":"RadWerk Nord","url":"https:\/\/radwerk-north.de\/","logo":{"@type":"ImageObject","inLanguage":"de","@id":"https:\/\/radwerk-north.de\/#\/schema\/logo\/image\/","url":"https:\/\/radwerk-north.de\/wp-content\/uploads\/2025\/12\/cropped-Video_Screen1766523928533-removebg-preview.png","contentUrl":"https:\/\/radwerk-north.de\/wp-content\/uploads\/2025\/12\/cropped-Video_Screen1766523928533-removebg-preview.png","width":745,"height":294,"caption":"RadWerk Nord"},"image":{"@id":"https:\/\/radwerk-north.de\/#\/schema\/logo\/image\/"}}]},"product_price_amount":"635.00","product_price_currency":"EUR","og_availability":"instock","product_availability":"instock","product_retailer_item_id":"RDNJT21O6179","product_condition":"new"},"acf":[],"_links":{"self":[{"href":"https:\/\/radwerk-north.de\/de\/wp-json\/wp\/v2\/product\/6179","targetHints":{"allow":["GET"]}}],"collection":[{"href":"https:\/\/radwerk-north.de\/de\/wp-json\/wp\/v2\/product"}],"about":[{"href":"https:\/\/radwerk-north.de\/de\/wp-json\/wp\/v2\/types\/product"}],"replies":[{"embeddable":true,"href":"https:\/\/radwerk-north.de\/de\/wp-json\/wp\/v2\/comments?post=6179"}],"wp:featuredmedia":[{"embeddable":true,"href":"https:\/\/radwerk-north.de\/de\/wp-json\/wp\/v2\/media\/6180"}],"wp:attachment":[{"href":"https:\/\/radwerk-north.de\/de\/wp-json\/wp\/v2\/media?parent=6179"}],"wp:term":[{"taxonomy":"product_brand","embeddable":true,"href":"https:\/\/radwerk-north.de\/de\/wp-json\/wp\/v2\/product_brand?post=6179"},{"taxonomy":"product_cat","embeddable":true,"href":"https:\/\/radwerk-north.de\/de\/wp-json\/wp\/v2\/product_cat?post=6179"},{"taxonomy":"product_tag","embeddable":true,"href":"https:\/\/radwerk-north.de\/de\/wp-json\/wp\/v2\/product_tag?post=6179"}],"curies":[{"name":"wp","href":"https:\/\/api.w.org\/{rel}","templated":true}]}}