{"id":6174,"date":"2025-11-25T11:57:38","date_gmt":"2025-11-25T11:57:38","guid":{"rendered":"https:\/\/radwerk-north.de\/?post_type=product&#038;p=6174"},"modified":"2025-12-10T17:05:59","modified_gmt":"2025-12-10T17:05:59","slug":"hitway-28-zoll-e-bike","status":"publish","type":"product","link":"https:\/\/radwerk-north.de\/de\/product\/hitway-28-zoll-e-bike\/","title":{"rendered":"Hitway 28-Zoll-E-Bike"},"content":{"rendered":"<p>Dieses E-Bike f\u00fcr Erwachsene ist zu 90 % vormontiert und nach einfacher Montage mithilfe des Installationsvideos sofort fahrbereit.<\/p>\n<p>Produktinformationen:<\/p>\n<p>Geh\u00e4usematerial: Stahlkonstruktion<\/p>\n<p>Farbe: Schwarz\/Silber<\/p>\n<p>Abmessungen (zusammengeklappt): 1930 mm \u00d7 630 mm \u00d7 1140 mm<\/p>\n<p>Felgentyp: Speichenr\u00e4der<\/p>\n<p>Radgr\u00f6\u00dfe: 28 Zoll<\/p>\n<p>Verpackungsma\u00dfe: 1640 mm \u00d7 240 mm \u00d7 870 mm<\/p>\n<p>Brutto-\/Nettogewicht: 34,6 kg \/ 27,6 kg (76,28 lbs \/ 60,85 lbs)<\/p>\n<p>Maximale Zuladung: 120 kg (264,55 lbs)<\/p>\n<p>H\u00f6chstgeschwindigkeit: 25 km\/h (15 mph)<\/p>\n<p>Reichweite: 35 km \u2013 90 km (abh\u00e4ngig von:<\/p>\n<p>Zuladung, Temperatur,<\/p>\n<p>Stra\u00dfenverh\u00e4ltnissen, Fahrmodus)<\/p>\n<p>usw. Beispiel: Bei 75 kg Zuladung und<\/p>\n<p>25 \u00b0C betr\u00e4gt die maximale Reichweite<\/p>\n<p>im Elektromodus<\/p>\n<p>bis zu 35 km.<\/p>\n<p>Die Die Reichweite des E-Bikes h\u00e4ngt von der Beladung und dem Fahrstil ab.<\/p>\n<p>(abh\u00e4ngig vom Fahrstil)<\/p>\n<p>Maximale Steigf\u00e4higkeit: 25 Grad<\/p>\n<p>Betriebstemperatur: -10 bis 45 \u00b0C<\/p>\n<p>Schutzart: IP54<\/p>\n<p>Akkutyp: 18650 Lithium-Ionen-Akku<\/p>\n<p>Akkukapazit\u00e4t: 13 Ah (468 Wh)<\/p>\n<p>Akkuspannung: 36 V<\/p>\n<p>Ladezeit: 6\u20137 Stunden<\/p>\n<p>Motorleistung: 0,25 kW<\/p>\n<p>Bremssystem: Scheibenbremse vorne +<\/p>\n<p>Scheibenbremse hinten<\/p>\n<p>Reifen: 28 x 2,0 Luftreifen<\/p>\n<p>Vorderradgabel: Federgabel<\/p>\n<p>Multifunktionales LCD-Display: Ja<\/p>\n<p>Getriebe: 7-Gang<\/p>\n<p>Antrieb: Kettenantrieb<br \/>\nMotorposition: Hinterradmotor<br \/>\nStra\u00dfenzulassung: Ja<br \/>\nHersteller: HITWAY<br \/>\nDisplay: LCD<br \/>\nGewicht: 27,6 kg kg<br \/>\nFederung: Federgabel<br \/>\nBatteriespannung: 36 V<br \/>\nAntriebsart: E-Bike<br \/>\nAnzahl der G\u00e4nge: 7<br \/>\nFahrradtyp: Trekkingrad<br \/>\nBremssystem: Mechanische Scheibenbremse<br \/>\nMaximale Tragf\u00e4higkeit: 120 kg<br \/>\nH\u00f6chstgeschwindigkeit: 25 km\/h<br \/>\nSchaltung: Kettenschaltung<br \/>\nZielgruppe: Unisex<br \/>\nDamen<br \/>\nFarbe: Silber<br \/>\nRahmenmaterial: Stahl<br \/>\nLeistung: 250 W<br \/>\nEAN-Code: 8747930163123<br \/>\nHerstellernummer: BK31<\/p>\n","protected":false},"excerpt":{"rendered":"<p>Dieses E-Bike f\u00fcr Erwachsene ist zu 90 % vormontiert und nach einfacher Montage mithilfe des Installationsvideos sofort fahrbereit. Produktinformationen: Geh\u00e4usematerial: Stahlkonstruktion Farbe: Schwarz\/Silber Abmessungen (zusammengeklappt): 1930 mm \u00d7 630 mm \u00d7 1140 mm Felgentyp: Speichenr\u00e4der Radgr\u00f6\u00dfe: 28 Zoll Verpackungsma\u00dfe: 1640 mm \u00d7 240 mm \u00d7 870 mm Brutto-\/Nettogewicht: 34,6 kg \/ 27,6 kg (76,28 lbs \/ 60,85 lbs) Maximale Zuladung: 120 kg (264,55 lbs) H\u00f6chstgeschwindigkeit: 25 km\/h (15 mph) Reichweite: 35 km \u2013 90 km (abh\u00e4ngig von: Zuladung, Temperatur, Stra\u00dfenverh\u00e4ltnissen, Fahrmodus) usw. Beispiel: Bei 75 kg Zuladung und 25 \u00b0C betr\u00e4gt die maximale Reichweite im Elektromodus bis zu 35 km. Die Die Reichweite des E-Bikes h\u00e4ngt von der Beladung und dem Fahrstil ab. (abh\u00e4ngig vom Fahrstil) Maximale Steigf\u00e4higkeit: 25 Grad Betriebstemperatur: -10 bis 45 \u00b0C Schutzart: IP54 Akkutyp: 18650 Lithium-Ionen-Akku Akkukapazit\u00e4t: 13 Ah (468 Wh) Akkuspannung: 36 V Ladezeit: 6\u20137 Stunden Motorleistung: 0,25 kW Bremssystem: Scheibenbremse vorne + Scheibenbremse hinten Reifen: 28 x 2,0 Luftreifen Vorderradgabel: Federgabel Multifunktionales LCD-Display: Ja Getriebe: 7-Gang Antrieb: Kettenantrieb Motorposition: Hinterradmotor Stra\u00dfenzulassung: Ja Hersteller: HITWAY Display: LCD Gewicht: 27,6 kg kg Federung: Federgabel Batteriespannung: 36 V Antriebsart: E-Bike Anzahl der G\u00e4nge: 7 Fahrradtyp: Trekkingrad Bremssystem: Mechanische Scheibenbremse Maximale Tragf\u00e4higkeit: 120 kg H\u00f6chstgeschwindigkeit: 25 km\/h Schaltung: Kettenschaltung Zielgruppe: Unisex Damen Farbe: Silber Rahmenmaterial: Stahl Leistung: 250 W EAN-Code: 8747930163123 Herstellernummer: BK31<\/p>\n","protected":false},"featured_media":6175,"comment_status":"open","ping_status":"closed","template":"","meta":[],"product_brand":[],"product_cat":[70],"product_tag":[],"class_list":{"0":"post-6174","1":"product","2":"type-product","3":"status-publish","4":"has-post-thumbnail","6":"product_cat-velo-electrique","8":"first","9":"instock","10":"sale","11":"featured","12":"shipping-taxable","13":"purchasable","14":"product-type-simple"},"yoast_head":"<!-- This site is optimized with the Yoast SEO Premium plugin v26.2 (Yoast SEO v26.7) - https:\/\/yoast.com\/wordpress\/plugins\/seo\/ -->\n<title>Hitway 28-Zoll-E-Bike - RadWerk Nord<\/title>\n<meta name=\"robots\" content=\"index, follow, max-snippet:-1, max-image-preview:large, max-video-preview:-1\" \/>\n<link rel=\"canonical\" href=\"https:\/\/radwerk-north.de\/de\/product\/hitway-28-zoll-e-bike\/\" \/>\n<meta property=\"og:locale\" content=\"de_DE\" \/>\n<meta property=\"og:type\" content=\"article\" \/>\n<meta property=\"og:title\" content=\"Hitway 28-Zoll-E-Bike\" \/>\n<meta property=\"og:description\" content=\"Dieses E-Bike f\u00fcr Erwachsene ist zu 90 % vormontiert und nach einfacher Montage mithilfe des Installationsvideos sofort fahrbereit. Produktinformationen: Geh\u00e4usematerial: Stahlkonstruktion Farbe: Schwarz\/Silber Abmessungen (zusammengeklappt): 1930 mm \u00d7 630 mm \u00d7 1140 mm Felgentyp: Speichenr\u00e4der Radgr\u00f6\u00dfe: 28 Zoll Verpackungsma\u00dfe: 1640 mm \u00d7 240 mm \u00d7 870 mm Brutto-\/Nettogewicht: 34,6 kg \/ 27,6 kg (76,28 lbs \/ 60,85 lbs) Maximale Zuladung: 120 kg (264,55 lbs) H\u00f6chstgeschwindigkeit: 25 km\/h (15 mph) Reichweite: 35 km \u2013 90 km (abh\u00e4ngig von: Zuladung, Temperatur, Stra\u00dfenverh\u00e4ltnissen, Fahrmodus) usw. Beispiel: Bei 75 kg Zuladung und 25 \u00b0C betr\u00e4gt die maximale Reichweite im Elektromodus bis zu 35 km. Die Die Reichweite des E-Bikes h\u00e4ngt von der Beladung und dem Fahrstil ab. (abh\u00e4ngig vom Fahrstil) Maximale Steigf\u00e4higkeit: 25 Grad Betriebstemperatur: -10 bis 45 \u00b0C Schutzart: IP54 Akkutyp: 18650 Lithium-Ionen-Akku Akkukapazit\u00e4t: 13 Ah (468 Wh) Akkuspannung: 36 V Ladezeit: 6\u20137 Stunden Motorleistung: 0,25 kW Bremssystem: Scheibenbremse vorne + Scheibenbremse hinten Reifen: 28 x 2,0 Luftreifen Vorderradgabel: Federgabel Multifunktionales LCD-Display: Ja Getriebe: 7-Gang Antrieb: Kettenantrieb Motorposition: Hinterradmotor Stra\u00dfenzulassung: Ja Hersteller: HITWAY Display: LCD Gewicht: 27,6 kg kg Federung: Federgabel Batteriespannung: 36 V Antriebsart: E-Bike Anzahl der G\u00e4nge: 7 Fahrradtyp: Trekkingrad Bremssystem: Mechanische Scheibenbremse Maximale Tragf\u00e4higkeit: 120 kg H\u00f6chstgeschwindigkeit: 25 km\/h Schaltung: Kettenschaltung Zielgruppe: Unisex Damen Farbe: Silber Rahmenmaterial: Stahl Leistung: 250 W EAN-Code: 8747930163123 Herstellernummer: BK31\" \/>\n<meta property=\"og:url\" content=\"https:\/\/radwerk-north.de\/de\/product\/hitway-28-zoll-e-bike\/\" \/>\n<meta property=\"og:site_name\" content=\"RadWerk Nord\" \/>\n<meta property=\"article:modified_time\" content=\"2025-12-10T17:05:59+00:00\" \/>\n<meta property=\"og:image\" content=\"https:\/\/radwerk-north.de\/wp-content\/uploads\/2025\/11\/1-9.webp\" \/>\n\t<meta property=\"og:image:width\" content=\"1024\" \/>\n\t<meta property=\"og:image:height\" content=\"893\" \/>\n\t<meta property=\"og:image:type\" content=\"image\/webp\" \/>\n<meta name=\"twitter:card\" content=\"summary_large_image\" \/>\n<meta name=\"twitter:label1\" content=\"Preis\" \/>\n\t<meta name=\"twitter:data1\" content=\"520,00&nbsp;&euro;\" \/>\n\t<meta name=\"twitter:label2\" content=\"Verf\u00fcgbarkeit\" \/>\n\t<meta name=\"twitter:data2\" content=\"Auf Lager\" \/>\n<script type=\"application\/ld+json\" class=\"yoast-schema-graph\">{\"@context\":\"https:\/\/schema.org\",\"@graph\":[{\"@type\":\"WebPage\",\"@id\":\"https:\/\/radwerk-north.de\/product\/hitway-28-zoll-e-bike\/\",\"url\":\"https:\/\/radwerk-north.de\/product\/hitway-28-zoll-e-bike\/\",\"name\":\"Hitway 28-Zoll-E-Bike - RadWerk Nord\",\"isPartOf\":{\"@id\":\"https:\/\/radwerk-north.de\/#website\"},\"primaryImageOfPage\":{\"@id\":\"https:\/\/radwerk-north.de\/product\/hitway-28-zoll-e-bike\/#primaryimage\"},\"image\":{\"@id\":\"https:\/\/radwerk-north.de\/product\/hitway-28-zoll-e-bike\/#primaryimage\"},\"thumbnailUrl\":\"https:\/\/radwerk-north.de\/wp-content\/uploads\/2025\/11\/1-9.webp\",\"datePublished\":\"2025-11-25T11:57:38+00:00\",\"dateModified\":\"2025-12-10T17:05:59+00:00\",\"breadcrumb\":{\"@id\":\"https:\/\/radwerk-north.de\/product\/hitway-28-zoll-e-bike\/#breadcrumb\"},\"inLanguage\":\"de\",\"potentialAction\":[{\"@type\":\"ReadAction\",\"target\":[\"https:\/\/radwerk-north.de\/product\/hitway-28-zoll-e-bike\/\"]}]},{\"@type\":\"ImageObject\",\"inLanguage\":\"de\",\"@id\":\"https:\/\/radwerk-north.de\/product\/hitway-28-zoll-e-bike\/#primaryimage\",\"url\":\"https:\/\/radwerk-north.de\/wp-content\/uploads\/2025\/11\/1-9.webp\",\"contentUrl\":\"https:\/\/radwerk-north.de\/wp-content\/uploads\/2025\/11\/1-9.webp\",\"width\":1024,\"height\":893},{\"@type\":\"BreadcrumbList\",\"@id\":\"https:\/\/radwerk-north.de\/product\/hitway-28-zoll-e-bike\/#breadcrumb\",\"itemListElement\":[{\"@type\":\"ListItem\",\"position\":1,\"name\":\"Home\",\"item\":\"https:\/\/radwerk-north.de\/\"},{\"@type\":\"ListItem\",\"position\":2,\"name\":\"Products\",\"item\":\"https:\/\/radwerk-north.de\/shop\/\"},{\"@type\":\"ListItem\",\"position\":3,\"name\":\"Hitway 28-Zoll-E-Bike\"}]},{\"@type\":\"WebSite\",\"@id\":\"https:\/\/radwerk-north.de\/#website\",\"url\":\"https:\/\/radwerk-north.de\/\",\"name\":\"RadWerk Nord\",\"description\":\"Mobilit\u00e4t neu gedacht.\",\"publisher\":{\"@id\":\"https:\/\/radwerk-north.de\/#organization\"},\"potentialAction\":[{\"@type\":\"SearchAction\",\"target\":{\"@type\":\"EntryPoint\",\"urlTemplate\":\"https:\/\/radwerk-north.de\/?s={search_term_string}\"},\"query-input\":{\"@type\":\"PropertyValueSpecification\",\"valueRequired\":true,\"valueName\":\"search_term_string\"}}],\"inLanguage\":\"de\"},{\"@type\":\"Organization\",\"@id\":\"https:\/\/radwerk-north.de\/#organization\",\"name\":\"RadWerk Nord\",\"url\":\"https:\/\/radwerk-north.de\/\",\"logo\":{\"@type\":\"ImageObject\",\"inLanguage\":\"de\",\"@id\":\"https:\/\/radwerk-north.de\/#\/schema\/logo\/image\/\",\"url\":\"https:\/\/radwerk-north.de\/wp-content\/uploads\/2025\/12\/cropped-Video_Screen1766523928533-removebg-preview.png\",\"contentUrl\":\"https:\/\/radwerk-north.de\/wp-content\/uploads\/2025\/12\/cropped-Video_Screen1766523928533-removebg-preview.png\",\"width\":745,\"height\":294,\"caption\":\"RadWerk Nord\"},\"image\":{\"@id\":\"https:\/\/radwerk-north.de\/#\/schema\/logo\/image\/\"}}]}<\/script>\n<meta property=\"product:price:amount\" content=\"520.00\" \/>\n<meta property=\"product:price:currency\" content=\"EUR\" \/>\n<meta property=\"og:availability\" content=\"instock\" \/>\n<meta property=\"product:availability\" content=\"instock\" \/>\n<meta property=\"product:retailer_item_id\" content=\"RDN28OM66174\" \/>\n<meta property=\"product:condition\" content=\"new\" \/>\n<!-- \/ Yoast SEO Premium plugin. -->","yoast_head_json":{"title":"Hitway 28-Zoll-E-Bike - RadWerk Nord","robots":{"index":"index","follow":"follow","max-snippet":"max-snippet:-1","max-image-preview":"max-image-preview:large","max-video-preview":"max-video-preview:-1"},"canonical":"https:\/\/radwerk-north.de\/de\/product\/hitway-28-zoll-e-bike\/","og_locale":"de_DE","og_type":"article","og_title":"Hitway 28-Zoll-E-Bike","og_description":"Dieses E-Bike f\u00fcr Erwachsene ist zu 90 % vormontiert und nach einfacher Montage mithilfe des Installationsvideos sofort fahrbereit. Produktinformationen: Geh\u00e4usematerial: Stahlkonstruktion Farbe: Schwarz\/Silber Abmessungen (zusammengeklappt): 1930 mm \u00d7 630 mm \u00d7 1140 mm Felgentyp: Speichenr\u00e4der Radgr\u00f6\u00dfe: 28 Zoll Verpackungsma\u00dfe: 1640 mm \u00d7 240 mm \u00d7 870 mm Brutto-\/Nettogewicht: 34,6 kg \/ 27,6 kg (76,28 lbs \/ 60,85 lbs) Maximale Zuladung: 120 kg (264,55 lbs) H\u00f6chstgeschwindigkeit: 25 km\/h (15 mph) Reichweite: 35 km \u2013 90 km (abh\u00e4ngig von: Zuladung, Temperatur, Stra\u00dfenverh\u00e4ltnissen, Fahrmodus) usw. Beispiel: Bei 75 kg Zuladung und 25 \u00b0C betr\u00e4gt die maximale Reichweite im Elektromodus bis zu 35 km. Die Die Reichweite des E-Bikes h\u00e4ngt von der Beladung und dem Fahrstil ab. (abh\u00e4ngig vom Fahrstil) Maximale Steigf\u00e4higkeit: 25 Grad Betriebstemperatur: -10 bis 45 \u00b0C Schutzart: IP54 Akkutyp: 18650 Lithium-Ionen-Akku Akkukapazit\u00e4t: 13 Ah (468 Wh) Akkuspannung: 36 V Ladezeit: 6\u20137 Stunden Motorleistung: 0,25 kW Bremssystem: Scheibenbremse vorne + Scheibenbremse hinten Reifen: 28 x 2,0 Luftreifen Vorderradgabel: Federgabel Multifunktionales LCD-Display: Ja Getriebe: 7-Gang Antrieb: Kettenantrieb Motorposition: Hinterradmotor Stra\u00dfenzulassung: Ja Hersteller: HITWAY Display: LCD Gewicht: 27,6 kg kg Federung: Federgabel Batteriespannung: 36 V Antriebsart: E-Bike Anzahl der G\u00e4nge: 7 Fahrradtyp: Trekkingrad Bremssystem: Mechanische Scheibenbremse Maximale Tragf\u00e4higkeit: 120 kg H\u00f6chstgeschwindigkeit: 25 km\/h Schaltung: Kettenschaltung Zielgruppe: Unisex Damen Farbe: Silber Rahmenmaterial: Stahl Leistung: 250 W EAN-Code: 8747930163123 Herstellernummer: BK31","og_url":"https:\/\/radwerk-north.de\/de\/product\/hitway-28-zoll-e-bike\/","og_site_name":"RadWerk Nord","article_modified_time":"2025-12-10T17:05:59+00:00","og_image":[{"width":1024,"height":893,"url":"https:\/\/radwerk-north.de\/wp-content\/uploads\/2025\/11\/1-9.webp","type":"image\/webp"}],"twitter_card":"summary_large_image","twitter_misc":{"Preis":"520,00&nbsp;&euro;","Verf\u00fcgbarkeit":"Auf Lager"},"schema":{"@context":"https:\/\/schema.org","@graph":[{"@type":"WebPage","@id":"https:\/\/radwerk-north.de\/product\/hitway-28-zoll-e-bike\/","url":"https:\/\/radwerk-north.de\/product\/hitway-28-zoll-e-bike\/","name":"Hitway 28-Zoll-E-Bike - RadWerk Nord","isPartOf":{"@id":"https:\/\/radwerk-north.de\/#website"},"primaryImageOfPage":{"@id":"https:\/\/radwerk-north.de\/product\/hitway-28-zoll-e-bike\/#primaryimage"},"image":{"@id":"https:\/\/radwerk-north.de\/product\/hitway-28-zoll-e-bike\/#primaryimage"},"thumbnailUrl":"https:\/\/radwerk-north.de\/wp-content\/uploads\/2025\/11\/1-9.webp","datePublished":"2025-11-25T11:57:38+00:00","dateModified":"2025-12-10T17:05:59+00:00","breadcrumb":{"@id":"https:\/\/radwerk-north.de\/product\/hitway-28-zoll-e-bike\/#breadcrumb"},"inLanguage":"de","potentialAction":[{"@type":"ReadAction","target":["https:\/\/radwerk-north.de\/product\/hitway-28-zoll-e-bike\/"]}]},{"@type":"ImageObject","inLanguage":"de","@id":"https:\/\/radwerk-north.de\/product\/hitway-28-zoll-e-bike\/#primaryimage","url":"https:\/\/radwerk-north.de\/wp-content\/uploads\/2025\/11\/1-9.webp","contentUrl":"https:\/\/radwerk-north.de\/wp-content\/uploads\/2025\/11\/1-9.webp","width":1024,"height":893},{"@type":"BreadcrumbList","@id":"https:\/\/radwerk-north.de\/product\/hitway-28-zoll-e-bike\/#breadcrumb","itemListElement":[{"@type":"ListItem","position":1,"name":"Home","item":"https:\/\/radwerk-north.de\/"},{"@type":"ListItem","position":2,"name":"Products","item":"https:\/\/radwerk-north.de\/shop\/"},{"@type":"ListItem","position":3,"name":"Hitway 28-Zoll-E-Bike"}]},{"@type":"WebSite","@id":"https:\/\/radwerk-north.de\/#website","url":"https:\/\/radwerk-north.de\/","name":"RadWerk Nord","description":"Mobilit\u00e4t neu gedacht.","publisher":{"@id":"https:\/\/radwerk-north.de\/#organization"},"potentialAction":[{"@type":"SearchAction","target":{"@type":"EntryPoint","urlTemplate":"https:\/\/radwerk-north.de\/?s={search_term_string}"},"query-input":{"@type":"PropertyValueSpecification","valueRequired":true,"valueName":"search_term_string"}}],"inLanguage":"de"},{"@type":"Organization","@id":"https:\/\/radwerk-north.de\/#organization","name":"RadWerk Nord","url":"https:\/\/radwerk-north.de\/","logo":{"@type":"ImageObject","inLanguage":"de","@id":"https:\/\/radwerk-north.de\/#\/schema\/logo\/image\/","url":"https:\/\/radwerk-north.de\/wp-content\/uploads\/2025\/12\/cropped-Video_Screen1766523928533-removebg-preview.png","contentUrl":"https:\/\/radwerk-north.de\/wp-content\/uploads\/2025\/12\/cropped-Video_Screen1766523928533-removebg-preview.png","width":745,"height":294,"caption":"RadWerk Nord"},"image":{"@id":"https:\/\/radwerk-north.de\/#\/schema\/logo\/image\/"}}]},"product_price_amount":"520.00","product_price_currency":"EUR","og_availability":"instock","product_availability":"instock","product_retailer_item_id":"RDN28OM66174","product_condition":"new"},"acf":[],"_links":{"self":[{"href":"https:\/\/radwerk-north.de\/de\/wp-json\/wp\/v2\/product\/6174","targetHints":{"allow":["GET"]}}],"collection":[{"href":"https:\/\/radwerk-north.de\/de\/wp-json\/wp\/v2\/product"}],"about":[{"href":"https:\/\/radwerk-north.de\/de\/wp-json\/wp\/v2\/types\/product"}],"replies":[{"embeddable":true,"href":"https:\/\/radwerk-north.de\/de\/wp-json\/wp\/v2\/comments?post=6174"}],"wp:featuredmedia":[{"embeddable":true,"href":"https:\/\/radwerk-north.de\/de\/wp-json\/wp\/v2\/media\/6175"}],"wp:attachment":[{"href":"https:\/\/radwerk-north.de\/de\/wp-json\/wp\/v2\/media?parent=6174"}],"wp:term":[{"taxonomy":"product_brand","embeddable":true,"href":"https:\/\/radwerk-north.de\/de\/wp-json\/wp\/v2\/product_brand?post=6174"},{"taxonomy":"product_cat","embeddable":true,"href":"https:\/\/radwerk-north.de\/de\/wp-json\/wp\/v2\/product_cat?post=6174"},{"taxonomy":"product_tag","embeddable":true,"href":"https:\/\/radwerk-north.de\/de\/wp-json\/wp\/v2\/product_tag?post=6174"}],"curies":[{"name":"wp","href":"https:\/\/api.w.org\/{rel}","templated":true}]}}