{"id":6169,"date":"2025-11-25T11:51:05","date_gmt":"2025-11-25T11:51:05","guid":{"rendered":"https:\/\/radwerk-north.de\/?post_type=product&#038;p=6169"},"modified":"2025-11-25T11:51:06","modified_gmt":"2025-11-25T11:51:06","slug":"engwe-x26-26-zoll-rader-1000-w-motor-48-v-292-ah-akku-100-km-reichweite-schwarz","status":"publish","type":"product","link":"https:\/\/radwerk-north.de\/de\/product\/engwe-x26-26-zoll-rader-1000-w-motor-48-v-292-ah-akku-100-km-reichweite-schwarz\/","title":{"rendered":"ENGWE X26 \u2013 26-Zoll-R\u00e4der \u2013 1000-W-Motor \u2013 48-V-29,2-Ah-Akku \u2013 100 km Reichweite \u2013 Schwarz"},"content":{"rendered":"<p>UN\u00dcBERTROFFENE LEISTUNG: Das Engwe X26 E-Bike ist mit einem kraftvollen 1000-W-Hinterradnabenmotor mit einem Nenndrehmoment von 60 Nm und einer Spitzenleistung von 1200 W ausgestattet. Damit erreicht es Geschwindigkeiten von bis zu 50 km\/h und bew\u00e4ltigt selbst steilste Anstiege m\u00fchelos. Der Hochleistungsmotor arbeitet mit einem sensiblen Trittfrequenzsensor und einem 8-Gang-Shimano-Antrieb zusammen, um eine sanfte und effiziente Kraft\u00fcbertragung zu gew\u00e4hrleisten. M\u00dcHELOSES FAHREN: Das Engwe X26 bietet einen Tempomat, mit dem Sie ohne Gasgriff fahren und Akkuleistung sparen k\u00f6nnen. Der Tempomat-Modus, der sich bei konstanter Geschwindigkeit aktiviert, macht das X26 zur idealen Wahl f\u00fcr l\u00e4ngere Strecken oder einfach f\u00fcr entspanntes Vorankommen. Zus\u00e4tzlich steht Ihnen eine praktische Schiebehilfe zur Verf\u00fcgung.<\/p>\n","protected":false},"excerpt":{"rendered":"<p>Komfort f\u00fcr unterwegs: Das X26 verf\u00fcgt \u00fcber ein Dreifach-Federungssystem mit hydraulischer Vordergabel, zentralem Federbein und zwei Luftfederbeinen hinten f\u00fcr ein sanftes und komfortables Fahrgef\u00fchl. Dieses bemerkenswerte System absorbiert effektiv St\u00f6\u00dfe und Vibrationen, sodass Fahrer m\u00fchelos \u00fcber Wege, Schotterpisten und unebene Pfade gleiten k\u00f6nnen, ohne von Unebenheiten beeintr\u00e4chtigt zu werden. Unz\u00e4hlige M\u00f6glichkeiten: Das Engwe X26 E-Bike ist mit gro\u00dfen, robusten 26 x 4-Zoll-Reifen ausgestattet, die f\u00fcr unterschiedlichstes Terrain geeignet sind. Das rutschfeste Profil der Reifen sorgt daf\u00fcr, dass Sie auch auf nassen, unebenen oder rutschigen Oberfl\u00e4chen stets den Kontakt zum Boden behalten. Dank der fortschrittlichen hydraulischen Doppelbremsen profitieren Sie zudem von verbesserter Bremskraft bei allen Wetterbedingungen.<\/p>\n","protected":false},"featured_media":6170,"comment_status":"open","ping_status":"closed","template":"","meta":[],"product_brand":[],"product_cat":[70],"product_tag":[],"class_list":{"0":"post-6169","1":"product","2":"type-product","3":"status-publish","4":"has-post-thumbnail","6":"product_cat-velo-electrique","8":"first","9":"instock","10":"sale","11":"shipping-taxable","12":"purchasable","13":"product-type-simple"},"yoast_head":"<!-- This site is optimized with the Yoast SEO Premium plugin v26.2 (Yoast SEO v26.7) - https:\/\/yoast.com\/wordpress\/plugins\/seo\/ -->\n<title>ENGWE X26 \u2013 26-Zoll-R\u00e4der \u2013 1000-W-Motor \u2013 48-V-29,2-Ah-Akku \u2013 100 km Reichweite \u2013 Schwarz - RadWerk Nord<\/title>\n<meta name=\"robots\" content=\"index, follow, max-snippet:-1, max-image-preview:large, max-video-preview:-1\" \/>\n<link rel=\"canonical\" href=\"https:\/\/radwerk-north.de\/de\/product\/engwe-x26-26-zoll-rader-1000-w-motor-48-v-292-ah-akku-100-km-reichweite-schwarz\/\" \/>\n<meta property=\"og:locale\" content=\"de_DE\" \/>\n<meta property=\"og:type\" content=\"article\" \/>\n<meta property=\"og:title\" content=\"ENGWE X26 \u2013 26-Zoll-R\u00e4der \u2013 1000-W-Motor \u2013 48-V-29,2-Ah-Akku \u2013 100 km Reichweite \u2013 Schwarz\" \/>\n<meta property=\"og:description\" content=\"Komfort f\u00fcr unterwegs: Das X26 verf\u00fcgt \u00fcber ein Dreifach-Federungssystem mit hydraulischer Vordergabel, zentralem Federbein und zwei Luftfederbeinen hinten f\u00fcr ein sanftes und komfortables Fahrgef\u00fchl. Dieses bemerkenswerte System absorbiert effektiv St\u00f6\u00dfe und Vibrationen, sodass Fahrer m\u00fchelos \u00fcber Wege, Schotterpisten und unebene Pfade gleiten k\u00f6nnen, ohne von Unebenheiten beeintr\u00e4chtigt zu werden. Unz\u00e4hlige M\u00f6glichkeiten: Das Engwe X26 E-Bike ist mit gro\u00dfen, robusten 26 x 4-Zoll-Reifen ausgestattet, die f\u00fcr unterschiedlichstes Terrain geeignet sind. Das rutschfeste Profil der Reifen sorgt daf\u00fcr, dass Sie auch auf nassen, unebenen oder rutschigen Oberfl\u00e4chen stets den Kontakt zum Boden behalten. Dank der fortschrittlichen hydraulischen Doppelbremsen profitieren Sie zudem von verbesserter Bremskraft bei allen Wetterbedingungen.\" \/>\n<meta property=\"og:url\" content=\"https:\/\/radwerk-north.de\/de\/product\/engwe-x26-26-zoll-rader-1000-w-motor-48-v-292-ah-akku-100-km-reichweite-schwarz\/\" \/>\n<meta property=\"og:site_name\" content=\"RadWerk Nord\" \/>\n<meta property=\"article:modified_time\" content=\"2025-11-25T11:51:06+00:00\" \/>\n<meta property=\"og:image\" content=\"https:\/\/radwerk-north.de\/wp-content\/uploads\/2025\/11\/1-8.webp\" \/>\n\t<meta property=\"og:image:width\" content=\"1024\" \/>\n\t<meta property=\"og:image:height\" content=\"1024\" \/>\n\t<meta property=\"og:image:type\" content=\"image\/webp\" \/>\n<meta name=\"twitter:card\" content=\"summary_large_image\" \/>\n<meta name=\"twitter:label1\" content=\"Preis\" \/>\n\t<meta name=\"twitter:data1\" content=\"1.250,00&nbsp;&euro;\" \/>\n\t<meta name=\"twitter:label2\" content=\"Verf\u00fcgbarkeit\" \/>\n\t<meta name=\"twitter:data2\" content=\"Auf Lager\" \/>\n<script type=\"application\/ld+json\" class=\"yoast-schema-graph\">{\"@context\":\"https:\/\/schema.org\",\"@graph\":[{\"@type\":\"WebPage\",\"@id\":\"https:\/\/radwerk-north.de\/product\/engwe-x26-26-zoll-rader-1000-w-motor-48-v-292-ah-akku-100-km-reichweite-schwarz\/\",\"url\":\"https:\/\/radwerk-north.de\/product\/engwe-x26-26-zoll-rader-1000-w-motor-48-v-292-ah-akku-100-km-reichweite-schwarz\/\",\"name\":\"ENGWE X26 \u2013 26-Zoll-R\u00e4der \u2013 1000-W-Motor \u2013 48-V-29,2-Ah-Akku \u2013 100 km Reichweite \u2013 Schwarz - RadWerk Nord\",\"isPartOf\":{\"@id\":\"https:\/\/radwerk-north.de\/#website\"},\"primaryImageOfPage\":{\"@id\":\"https:\/\/radwerk-north.de\/product\/engwe-x26-26-zoll-rader-1000-w-motor-48-v-292-ah-akku-100-km-reichweite-schwarz\/#primaryimage\"},\"image\":{\"@id\":\"https:\/\/radwerk-north.de\/product\/engwe-x26-26-zoll-rader-1000-w-motor-48-v-292-ah-akku-100-km-reichweite-schwarz\/#primaryimage\"},\"thumbnailUrl\":\"https:\/\/radwerk-north.de\/wp-content\/uploads\/2025\/11\/1-8.webp\",\"datePublished\":\"2025-11-25T11:51:05+00:00\",\"dateModified\":\"2025-11-25T11:51:06+00:00\",\"breadcrumb\":{\"@id\":\"https:\/\/radwerk-north.de\/product\/engwe-x26-26-zoll-rader-1000-w-motor-48-v-292-ah-akku-100-km-reichweite-schwarz\/#breadcrumb\"},\"inLanguage\":\"de\",\"potentialAction\":[{\"@type\":\"ReadAction\",\"target\":[\"https:\/\/radwerk-north.de\/product\/engwe-x26-26-zoll-rader-1000-w-motor-48-v-292-ah-akku-100-km-reichweite-schwarz\/\"]}]},{\"@type\":\"ImageObject\",\"inLanguage\":\"de\",\"@id\":\"https:\/\/radwerk-north.de\/product\/engwe-x26-26-zoll-rader-1000-w-motor-48-v-292-ah-akku-100-km-reichweite-schwarz\/#primaryimage\",\"url\":\"https:\/\/radwerk-north.de\/wp-content\/uploads\/2025\/11\/1-8.webp\",\"contentUrl\":\"https:\/\/radwerk-north.de\/wp-content\/uploads\/2025\/11\/1-8.webp\",\"width\":1024,\"height\":1024},{\"@type\":\"BreadcrumbList\",\"@id\":\"https:\/\/radwerk-north.de\/product\/engwe-x26-26-zoll-rader-1000-w-motor-48-v-292-ah-akku-100-km-reichweite-schwarz\/#breadcrumb\",\"itemListElement\":[{\"@type\":\"ListItem\",\"position\":1,\"name\":\"Home\",\"item\":\"https:\/\/radwerk-north.de\/\"},{\"@type\":\"ListItem\",\"position\":2,\"name\":\"Products\",\"item\":\"https:\/\/radwerk-north.de\/shop\/\"},{\"@type\":\"ListItem\",\"position\":3,\"name\":\"ENGWE X26 \u2013 26-Zoll-R\u00e4der \u2013 1000-W-Motor \u2013 48-V-29,2-Ah-Akku \u2013 100 km Reichweite \u2013 Schwarz\"}]},{\"@type\":\"WebSite\",\"@id\":\"https:\/\/radwerk-north.de\/#website\",\"url\":\"https:\/\/radwerk-north.de\/\",\"name\":\"RadWerk Nord\",\"description\":\"Mobilit\u00e4t neu gedacht.\",\"publisher\":{\"@id\":\"https:\/\/radwerk-north.de\/#organization\"},\"potentialAction\":[{\"@type\":\"SearchAction\",\"target\":{\"@type\":\"EntryPoint\",\"urlTemplate\":\"https:\/\/radwerk-north.de\/?s={search_term_string}\"},\"query-input\":{\"@type\":\"PropertyValueSpecification\",\"valueRequired\":true,\"valueName\":\"search_term_string\"}}],\"inLanguage\":\"de\"},{\"@type\":\"Organization\",\"@id\":\"https:\/\/radwerk-north.de\/#organization\",\"name\":\"RadWerk Nord\",\"url\":\"https:\/\/radwerk-north.de\/\",\"logo\":{\"@type\":\"ImageObject\",\"inLanguage\":\"de\",\"@id\":\"https:\/\/radwerk-north.de\/#\/schema\/logo\/image\/\",\"url\":\"https:\/\/radwerk-north.de\/wp-content\/uploads\/2025\/12\/cropped-Video_Screen1766523928533-removebg-preview.png\",\"contentUrl\":\"https:\/\/radwerk-north.de\/wp-content\/uploads\/2025\/12\/cropped-Video_Screen1766523928533-removebg-preview.png\",\"width\":745,\"height\":294,\"caption\":\"RadWerk Nord\"},\"image\":{\"@id\":\"https:\/\/radwerk-north.de\/#\/schema\/logo\/image\/\"}}]}<\/script>\n<meta property=\"product:price:amount\" content=\"1250.00\" \/>\n<meta property=\"product:price:currency\" content=\"EUR\" \/>\n<meta property=\"og:availability\" content=\"instock\" \/>\n<meta property=\"product:availability\" content=\"instock\" \/>\n<meta property=\"product:retailer_item_id\" content=\"RDN55HJ26169\" \/>\n<meta property=\"product:condition\" content=\"new\" \/>\n<!-- \/ Yoast SEO Premium plugin. -->","yoast_head_json":{"title":"ENGWE X26 \u2013 26-Zoll-R\u00e4der \u2013 1000-W-Motor \u2013 48-V-29,2-Ah-Akku \u2013 100 km Reichweite \u2013 Schwarz - RadWerk Nord","robots":{"index":"index","follow":"follow","max-snippet":"max-snippet:-1","max-image-preview":"max-image-preview:large","max-video-preview":"max-video-preview:-1"},"canonical":"https:\/\/radwerk-north.de\/de\/product\/engwe-x26-26-zoll-rader-1000-w-motor-48-v-292-ah-akku-100-km-reichweite-schwarz\/","og_locale":"de_DE","og_type":"article","og_title":"ENGWE X26 \u2013 26-Zoll-R\u00e4der \u2013 1000-W-Motor \u2013 48-V-29,2-Ah-Akku \u2013 100 km Reichweite \u2013 Schwarz","og_description":"Komfort f\u00fcr unterwegs: Das X26 verf\u00fcgt \u00fcber ein Dreifach-Federungssystem mit hydraulischer Vordergabel, zentralem Federbein und zwei Luftfederbeinen hinten f\u00fcr ein sanftes und komfortables Fahrgef\u00fchl. Dieses bemerkenswerte System absorbiert effektiv St\u00f6\u00dfe und Vibrationen, sodass Fahrer m\u00fchelos \u00fcber Wege, Schotterpisten und unebene Pfade gleiten k\u00f6nnen, ohne von Unebenheiten beeintr\u00e4chtigt zu werden. Unz\u00e4hlige M\u00f6glichkeiten: Das Engwe X26 E-Bike ist mit gro\u00dfen, robusten 26 x 4-Zoll-Reifen ausgestattet, die f\u00fcr unterschiedlichstes Terrain geeignet sind. Das rutschfeste Profil der Reifen sorgt daf\u00fcr, dass Sie auch auf nassen, unebenen oder rutschigen Oberfl\u00e4chen stets den Kontakt zum Boden behalten. Dank der fortschrittlichen hydraulischen Doppelbremsen profitieren Sie zudem von verbesserter Bremskraft bei allen Wetterbedingungen.","og_url":"https:\/\/radwerk-north.de\/de\/product\/engwe-x26-26-zoll-rader-1000-w-motor-48-v-292-ah-akku-100-km-reichweite-schwarz\/","og_site_name":"RadWerk Nord","article_modified_time":"2025-11-25T11:51:06+00:00","og_image":[{"width":1024,"height":1024,"url":"https:\/\/radwerk-north.de\/wp-content\/uploads\/2025\/11\/1-8.webp","type":"image\/webp"}],"twitter_card":"summary_large_image","twitter_misc":{"Preis":"1.250,00&nbsp;&euro;","Verf\u00fcgbarkeit":"Auf Lager"},"schema":{"@context":"https:\/\/schema.org","@graph":[{"@type":"WebPage","@id":"https:\/\/radwerk-north.de\/product\/engwe-x26-26-zoll-rader-1000-w-motor-48-v-292-ah-akku-100-km-reichweite-schwarz\/","url":"https:\/\/radwerk-north.de\/product\/engwe-x26-26-zoll-rader-1000-w-motor-48-v-292-ah-akku-100-km-reichweite-schwarz\/","name":"ENGWE X26 \u2013 26-Zoll-R\u00e4der \u2013 1000-W-Motor \u2013 48-V-29,2-Ah-Akku \u2013 100 km Reichweite \u2013 Schwarz - RadWerk Nord","isPartOf":{"@id":"https:\/\/radwerk-north.de\/#website"},"primaryImageOfPage":{"@id":"https:\/\/radwerk-north.de\/product\/engwe-x26-26-zoll-rader-1000-w-motor-48-v-292-ah-akku-100-km-reichweite-schwarz\/#primaryimage"},"image":{"@id":"https:\/\/radwerk-north.de\/product\/engwe-x26-26-zoll-rader-1000-w-motor-48-v-292-ah-akku-100-km-reichweite-schwarz\/#primaryimage"},"thumbnailUrl":"https:\/\/radwerk-north.de\/wp-content\/uploads\/2025\/11\/1-8.webp","datePublished":"2025-11-25T11:51:05+00:00","dateModified":"2025-11-25T11:51:06+00:00","breadcrumb":{"@id":"https:\/\/radwerk-north.de\/product\/engwe-x26-26-zoll-rader-1000-w-motor-48-v-292-ah-akku-100-km-reichweite-schwarz\/#breadcrumb"},"inLanguage":"de","potentialAction":[{"@type":"ReadAction","target":["https:\/\/radwerk-north.de\/product\/engwe-x26-26-zoll-rader-1000-w-motor-48-v-292-ah-akku-100-km-reichweite-schwarz\/"]}]},{"@type":"ImageObject","inLanguage":"de","@id":"https:\/\/radwerk-north.de\/product\/engwe-x26-26-zoll-rader-1000-w-motor-48-v-292-ah-akku-100-km-reichweite-schwarz\/#primaryimage","url":"https:\/\/radwerk-north.de\/wp-content\/uploads\/2025\/11\/1-8.webp","contentUrl":"https:\/\/radwerk-north.de\/wp-content\/uploads\/2025\/11\/1-8.webp","width":1024,"height":1024},{"@type":"BreadcrumbList","@id":"https:\/\/radwerk-north.de\/product\/engwe-x26-26-zoll-rader-1000-w-motor-48-v-292-ah-akku-100-km-reichweite-schwarz\/#breadcrumb","itemListElement":[{"@type":"ListItem","position":1,"name":"Home","item":"https:\/\/radwerk-north.de\/"},{"@type":"ListItem","position":2,"name":"Products","item":"https:\/\/radwerk-north.de\/shop\/"},{"@type":"ListItem","position":3,"name":"ENGWE X26 \u2013 26-Zoll-R\u00e4der \u2013 1000-W-Motor \u2013 48-V-29,2-Ah-Akku \u2013 100 km Reichweite \u2013 Schwarz"}]},{"@type":"WebSite","@id":"https:\/\/radwerk-north.de\/#website","url":"https:\/\/radwerk-north.de\/","name":"RadWerk Nord","description":"Mobilit\u00e4t neu gedacht.","publisher":{"@id":"https:\/\/radwerk-north.de\/#organization"},"potentialAction":[{"@type":"SearchAction","target":{"@type":"EntryPoint","urlTemplate":"https:\/\/radwerk-north.de\/?s={search_term_string}"},"query-input":{"@type":"PropertyValueSpecification","valueRequired":true,"valueName":"search_term_string"}}],"inLanguage":"de"},{"@type":"Organization","@id":"https:\/\/radwerk-north.de\/#organization","name":"RadWerk Nord","url":"https:\/\/radwerk-north.de\/","logo":{"@type":"ImageObject","inLanguage":"de","@id":"https:\/\/radwerk-north.de\/#\/schema\/logo\/image\/","url":"https:\/\/radwerk-north.de\/wp-content\/uploads\/2025\/12\/cropped-Video_Screen1766523928533-removebg-preview.png","contentUrl":"https:\/\/radwerk-north.de\/wp-content\/uploads\/2025\/12\/cropped-Video_Screen1766523928533-removebg-preview.png","width":745,"height":294,"caption":"RadWerk Nord"},"image":{"@id":"https:\/\/radwerk-north.de\/#\/schema\/logo\/image\/"}}]},"product_price_amount":"1250.00","product_price_currency":"EUR","og_availability":"instock","product_availability":"instock","product_retailer_item_id":"RDN55HJ26169","product_condition":"new"},"acf":[],"_links":{"self":[{"href":"https:\/\/radwerk-north.de\/de\/wp-json\/wp\/v2\/product\/6169","targetHints":{"allow":["GET"]}}],"collection":[{"href":"https:\/\/radwerk-north.de\/de\/wp-json\/wp\/v2\/product"}],"about":[{"href":"https:\/\/radwerk-north.de\/de\/wp-json\/wp\/v2\/types\/product"}],"replies":[{"embeddable":true,"href":"https:\/\/radwerk-north.de\/de\/wp-json\/wp\/v2\/comments?post=6169"}],"wp:featuredmedia":[{"embeddable":true,"href":"https:\/\/radwerk-north.de\/de\/wp-json\/wp\/v2\/media\/6170"}],"wp:attachment":[{"href":"https:\/\/radwerk-north.de\/de\/wp-json\/wp\/v2\/media?parent=6169"}],"wp:term":[{"taxonomy":"product_brand","embeddable":true,"href":"https:\/\/radwerk-north.de\/de\/wp-json\/wp\/v2\/product_brand?post=6169"},{"taxonomy":"product_cat","embeddable":true,"href":"https:\/\/radwerk-north.de\/de\/wp-json\/wp\/v2\/product_cat?post=6169"},{"taxonomy":"product_tag","embeddable":true,"href":"https:\/\/radwerk-north.de\/de\/wp-json\/wp\/v2\/product_tag?post=6169"}],"curies":[{"name":"wp","href":"https:\/\/api.w.org\/{rel}","templated":true}]}}