{"id":6159,"date":"2025-11-25T11:39:30","date_gmt":"2025-11-25T11:39:30","guid":{"rendered":"https:\/\/radwerk-north.de\/?post_type=product&#038;p=6159"},"modified":"2025-11-25T11:39:31","modified_gmt":"2025-11-25T11:39:31","slug":"ado-air-30-pro-elektrofahrrad-riemenantrieb-bafang-motor-lcd-display-app","status":"publish","type":"product","link":"https:\/\/radwerk-north.de\/de\/product\/ado-air-30-pro-elektrofahrrad-riemenantrieb-bafang-motor-lcd-display-app\/","title":{"rendered":"ADO Air 30 Pro Elektrofahrrad, Riemenantrieb, Bafang-Motor, LCD-Display, App"},"content":{"rendered":"<p>ADO Air 30 Pro E-Bike<\/p>\n<p>G-Drive BAR-System<\/p>\n<p>BAFANG-Motor mit automatischer Gangschaltung<\/p>\n<p>Riemenantrieb + Drehmomentsensor<\/p>\n<p>100 km Reichweite<\/p>\n<p>Smart-App + GPS<\/p>\n<p>Marke: BAFANG (H700)<\/p>\n<p>Typ: B\u00fcrstenloser Hochgeschwindigkeits-Gleichstrommotor<\/p>\n<p>Nennspannung: 36 V<\/p>\n<p>Nennleistung: 250 W<\/p>\n<p>Drehmoment: 40 Nm<\/p>\n<p>Akku<\/p>\n","protected":false},"excerpt":{"rendered":"<p>Material: Lithium-Ionen-Akku<\/p>\n<p>Typ: Herausnehmbarer und tragbarer Akku zum einfachen Laden<\/p>\n<p>Zellen: 20 Einheiten<\/p>\n<p>Nennspannung: 36 V<\/p>\n<p>Ladeschlussspannung: 42 V<\/p>\n<p>Kapazit\u00e4t: 37 V 10 Ah<\/p>\n<p>Ladetemperatur: 0\u201340 \u00b0C<\/p>\n<p>Abmessungen und Gewicht<\/p>\n<p>Gesamtabmessungen (L \u00d7 B \u00d7 H): 1840 \u00d7 690 \u00d7 950 mm<\/p>\n<p>Verpackungsabmessungen (L \u00d7 B \u00d7 H): 1490 \u00d7 245 \u00d7 800 mm<\/p>\n<p>Betriebsbedingungen<\/p>\n<p>Betriebstemperatur: -10\u201340 \u00b0C<\/p>\n<p>Weitere Merkmale<\/p>\n<p>Wasserschutzklasse: IPX5 (Bildschirm: IPX7)<\/p>\n<p>H\u00f6chstgeschwindigkeit: 25 km\/h<\/p>\n","protected":false},"featured_media":6160,"comment_status":"open","ping_status":"closed","template":"","meta":[],"product_brand":[],"product_cat":[70],"product_tag":[],"class_list":{"0":"post-6159","1":"product","2":"type-product","3":"status-publish","4":"has-post-thumbnail","6":"product_cat-velo-electrique","8":"first","9":"instock","10":"sale","11":"shipping-taxable","12":"purchasable","13":"product-type-simple"},"yoast_head":"<!-- This site is optimized with the Yoast SEO Premium plugin v26.2 (Yoast SEO v26.7) - https:\/\/yoast.com\/wordpress\/plugins\/seo\/ -->\n<title>ADO Air 30 Pro Elektrofahrrad, Riemenantrieb, Bafang-Motor, LCD-Display, App - RadWerk Nord<\/title>\n<meta name=\"robots\" content=\"index, follow, max-snippet:-1, max-image-preview:large, max-video-preview:-1\" \/>\n<link rel=\"canonical\" href=\"https:\/\/radwerk-north.de\/de\/product\/ado-air-30-pro-elektrofahrrad-riemenantrieb-bafang-motor-lcd-display-app\/\" \/>\n<meta property=\"og:locale\" content=\"de_DE\" \/>\n<meta property=\"og:type\" content=\"article\" \/>\n<meta property=\"og:title\" content=\"ADO Air 30 Pro Elektrofahrrad, Riemenantrieb, Bafang-Motor, LCD-Display, App\" \/>\n<meta property=\"og:description\" content=\"Material: Lithium-Ionen-Akku  Typ: Herausnehmbarer und tragbarer Akku zum einfachen Laden  Zellen: 20 Einheiten  Nennspannung: 36 V  Ladeschlussspannung: 42 V  Kapazit\u00e4t: 37 V 10 Ah  Ladetemperatur: 0\u201340 \u00b0C  Abmessungen und Gewicht  Gesamtabmessungen (L \u00d7 B \u00d7 H): 1840 \u00d7 690 \u00d7 950 mm  Verpackungsabmessungen (L \u00d7 B \u00d7 H): 1490 \u00d7 245 \u00d7 800 mm  Betriebsbedingungen  Betriebstemperatur: -10\u201340 \u00b0C  Weitere Merkmale  Wasserschutzklasse: IPX5 (Bildschirm: IPX7)  H\u00f6chstgeschwindigkeit: 25 km\/h\" \/>\n<meta property=\"og:url\" content=\"https:\/\/radwerk-north.de\/de\/product\/ado-air-30-pro-elektrofahrrad-riemenantrieb-bafang-motor-lcd-display-app\/\" \/>\n<meta property=\"og:site_name\" content=\"RadWerk Nord\" \/>\n<meta property=\"article:modified_time\" content=\"2025-11-25T11:39:31+00:00\" \/>\n<meta property=\"og:image\" content=\"https:\/\/radwerk-north.de\/wp-content\/uploads\/2025\/11\/1-6.webp\" \/>\n\t<meta property=\"og:image:width\" content=\"1024\" \/>\n\t<meta property=\"og:image:height\" content=\"1024\" \/>\n\t<meta property=\"og:image:type\" content=\"image\/webp\" \/>\n<meta name=\"twitter:card\" content=\"summary_large_image\" \/>\n<meta name=\"twitter:label1\" content=\"Preis\" \/>\n\t<meta name=\"twitter:data1\" content=\"860,00&nbsp;&euro;\" \/>\n\t<meta name=\"twitter:label2\" content=\"Verf\u00fcgbarkeit\" \/>\n\t<meta name=\"twitter:data2\" content=\"Auf Lager\" \/>\n<script type=\"application\/ld+json\" class=\"yoast-schema-graph\">{\"@context\":\"https:\/\/schema.org\",\"@graph\":[{\"@type\":\"WebPage\",\"@id\":\"https:\/\/radwerk-north.de\/product\/ado-air-30-pro-elektrofahrrad-riemenantrieb-bafang-motor-lcd-display-app\/\",\"url\":\"https:\/\/radwerk-north.de\/product\/ado-air-30-pro-elektrofahrrad-riemenantrieb-bafang-motor-lcd-display-app\/\",\"name\":\"ADO Air 30 Pro Elektrofahrrad, Riemenantrieb, Bafang-Motor, LCD-Display, App - RadWerk Nord\",\"isPartOf\":{\"@id\":\"https:\/\/radwerk-north.de\/#website\"},\"primaryImageOfPage\":{\"@id\":\"https:\/\/radwerk-north.de\/product\/ado-air-30-pro-elektrofahrrad-riemenantrieb-bafang-motor-lcd-display-app\/#primaryimage\"},\"image\":{\"@id\":\"https:\/\/radwerk-north.de\/product\/ado-air-30-pro-elektrofahrrad-riemenantrieb-bafang-motor-lcd-display-app\/#primaryimage\"},\"thumbnailUrl\":\"https:\/\/radwerk-north.de\/wp-content\/uploads\/2025\/11\/1-6.webp\",\"datePublished\":\"2025-11-25T11:39:30+00:00\",\"dateModified\":\"2025-11-25T11:39:31+00:00\",\"breadcrumb\":{\"@id\":\"https:\/\/radwerk-north.de\/product\/ado-air-30-pro-elektrofahrrad-riemenantrieb-bafang-motor-lcd-display-app\/#breadcrumb\"},\"inLanguage\":\"de\",\"potentialAction\":[{\"@type\":\"ReadAction\",\"target\":[\"https:\/\/radwerk-north.de\/product\/ado-air-30-pro-elektrofahrrad-riemenantrieb-bafang-motor-lcd-display-app\/\"]}]},{\"@type\":\"ImageObject\",\"inLanguage\":\"de\",\"@id\":\"https:\/\/radwerk-north.de\/product\/ado-air-30-pro-elektrofahrrad-riemenantrieb-bafang-motor-lcd-display-app\/#primaryimage\",\"url\":\"https:\/\/radwerk-north.de\/wp-content\/uploads\/2025\/11\/1-6.webp\",\"contentUrl\":\"https:\/\/radwerk-north.de\/wp-content\/uploads\/2025\/11\/1-6.webp\",\"width\":1024,\"height\":1024},{\"@type\":\"BreadcrumbList\",\"@id\":\"https:\/\/radwerk-north.de\/product\/ado-air-30-pro-elektrofahrrad-riemenantrieb-bafang-motor-lcd-display-app\/#breadcrumb\",\"itemListElement\":[{\"@type\":\"ListItem\",\"position\":1,\"name\":\"Home\",\"item\":\"https:\/\/radwerk-north.de\/\"},{\"@type\":\"ListItem\",\"position\":2,\"name\":\"Products\",\"item\":\"https:\/\/radwerk-north.de\/shop\/\"},{\"@type\":\"ListItem\",\"position\":3,\"name\":\"ADO Air 30 Pro Elektrofahrrad, Riemenantrieb, Bafang-Motor, LCD-Display, App\"}]},{\"@type\":\"WebSite\",\"@id\":\"https:\/\/radwerk-north.de\/#website\",\"url\":\"https:\/\/radwerk-north.de\/\",\"name\":\"RadWerk Nord\",\"description\":\"Mobilit\u00e4t neu gedacht.\",\"publisher\":{\"@id\":\"https:\/\/radwerk-north.de\/#organization\"},\"potentialAction\":[{\"@type\":\"SearchAction\",\"target\":{\"@type\":\"EntryPoint\",\"urlTemplate\":\"https:\/\/radwerk-north.de\/?s={search_term_string}\"},\"query-input\":{\"@type\":\"PropertyValueSpecification\",\"valueRequired\":true,\"valueName\":\"search_term_string\"}}],\"inLanguage\":\"de\"},{\"@type\":\"Organization\",\"@id\":\"https:\/\/radwerk-north.de\/#organization\",\"name\":\"RadWerk Nord\",\"url\":\"https:\/\/radwerk-north.de\/\",\"logo\":{\"@type\":\"ImageObject\",\"inLanguage\":\"de\",\"@id\":\"https:\/\/radwerk-north.de\/#\/schema\/logo\/image\/\",\"url\":\"https:\/\/radwerk-north.de\/wp-content\/uploads\/2025\/12\/cropped-Video_Screen1766523928533-removebg-preview.png\",\"contentUrl\":\"https:\/\/radwerk-north.de\/wp-content\/uploads\/2025\/12\/cropped-Video_Screen1766523928533-removebg-preview.png\",\"width\":745,\"height\":294,\"caption\":\"RadWerk Nord\"},\"image\":{\"@id\":\"https:\/\/radwerk-north.de\/#\/schema\/logo\/image\/\"}}]}<\/script>\n<meta property=\"product:price:amount\" content=\"860.00\" \/>\n<meta property=\"product:price:currency\" content=\"EUR\" \/>\n<meta property=\"og:availability\" content=\"instock\" \/>\n<meta property=\"product:availability\" content=\"instock\" \/>\n<meta property=\"product:retailer_item_id\" content=\"RDNA2GE16159\" \/>\n<meta property=\"product:condition\" content=\"new\" \/>\n<!-- \/ Yoast SEO Premium plugin. -->","yoast_head_json":{"title":"ADO Air 30 Pro Elektrofahrrad, Riemenantrieb, Bafang-Motor, LCD-Display, App - RadWerk Nord","robots":{"index":"index","follow":"follow","max-snippet":"max-snippet:-1","max-image-preview":"max-image-preview:large","max-video-preview":"max-video-preview:-1"},"canonical":"https:\/\/radwerk-north.de\/de\/product\/ado-air-30-pro-elektrofahrrad-riemenantrieb-bafang-motor-lcd-display-app\/","og_locale":"de_DE","og_type":"article","og_title":"ADO Air 30 Pro Elektrofahrrad, Riemenantrieb, Bafang-Motor, LCD-Display, App","og_description":"Material: Lithium-Ionen-Akku  Typ: Herausnehmbarer und tragbarer Akku zum einfachen Laden  Zellen: 20 Einheiten  Nennspannung: 36 V  Ladeschlussspannung: 42 V  Kapazit\u00e4t: 37 V 10 Ah  Ladetemperatur: 0\u201340 \u00b0C  Abmessungen und Gewicht  Gesamtabmessungen (L \u00d7 B \u00d7 H): 1840 \u00d7 690 \u00d7 950 mm  Verpackungsabmessungen (L \u00d7 B \u00d7 H): 1490 \u00d7 245 \u00d7 800 mm  Betriebsbedingungen  Betriebstemperatur: -10\u201340 \u00b0C  Weitere Merkmale  Wasserschutzklasse: IPX5 (Bildschirm: IPX7)  H\u00f6chstgeschwindigkeit: 25 km\/h","og_url":"https:\/\/radwerk-north.de\/de\/product\/ado-air-30-pro-elektrofahrrad-riemenantrieb-bafang-motor-lcd-display-app\/","og_site_name":"RadWerk Nord","article_modified_time":"2025-11-25T11:39:31+00:00","og_image":[{"width":1024,"height":1024,"url":"https:\/\/radwerk-north.de\/wp-content\/uploads\/2025\/11\/1-6.webp","type":"image\/webp"}],"twitter_card":"summary_large_image","twitter_misc":{"Preis":"860,00&nbsp;&euro;","Verf\u00fcgbarkeit":"Auf Lager"},"schema":{"@context":"https:\/\/schema.org","@graph":[{"@type":"WebPage","@id":"https:\/\/radwerk-north.de\/product\/ado-air-30-pro-elektrofahrrad-riemenantrieb-bafang-motor-lcd-display-app\/","url":"https:\/\/radwerk-north.de\/product\/ado-air-30-pro-elektrofahrrad-riemenantrieb-bafang-motor-lcd-display-app\/","name":"ADO Air 30 Pro Elektrofahrrad, Riemenantrieb, Bafang-Motor, LCD-Display, App - RadWerk Nord","isPartOf":{"@id":"https:\/\/radwerk-north.de\/#website"},"primaryImageOfPage":{"@id":"https:\/\/radwerk-north.de\/product\/ado-air-30-pro-elektrofahrrad-riemenantrieb-bafang-motor-lcd-display-app\/#primaryimage"},"image":{"@id":"https:\/\/radwerk-north.de\/product\/ado-air-30-pro-elektrofahrrad-riemenantrieb-bafang-motor-lcd-display-app\/#primaryimage"},"thumbnailUrl":"https:\/\/radwerk-north.de\/wp-content\/uploads\/2025\/11\/1-6.webp","datePublished":"2025-11-25T11:39:30+00:00","dateModified":"2025-11-25T11:39:31+00:00","breadcrumb":{"@id":"https:\/\/radwerk-north.de\/product\/ado-air-30-pro-elektrofahrrad-riemenantrieb-bafang-motor-lcd-display-app\/#breadcrumb"},"inLanguage":"de","potentialAction":[{"@type":"ReadAction","target":["https:\/\/radwerk-north.de\/product\/ado-air-30-pro-elektrofahrrad-riemenantrieb-bafang-motor-lcd-display-app\/"]}]},{"@type":"ImageObject","inLanguage":"de","@id":"https:\/\/radwerk-north.de\/product\/ado-air-30-pro-elektrofahrrad-riemenantrieb-bafang-motor-lcd-display-app\/#primaryimage","url":"https:\/\/radwerk-north.de\/wp-content\/uploads\/2025\/11\/1-6.webp","contentUrl":"https:\/\/radwerk-north.de\/wp-content\/uploads\/2025\/11\/1-6.webp","width":1024,"height":1024},{"@type":"BreadcrumbList","@id":"https:\/\/radwerk-north.de\/product\/ado-air-30-pro-elektrofahrrad-riemenantrieb-bafang-motor-lcd-display-app\/#breadcrumb","itemListElement":[{"@type":"ListItem","position":1,"name":"Home","item":"https:\/\/radwerk-north.de\/"},{"@type":"ListItem","position":2,"name":"Products","item":"https:\/\/radwerk-north.de\/shop\/"},{"@type":"ListItem","position":3,"name":"ADO Air 30 Pro Elektrofahrrad, Riemenantrieb, Bafang-Motor, LCD-Display, App"}]},{"@type":"WebSite","@id":"https:\/\/radwerk-north.de\/#website","url":"https:\/\/radwerk-north.de\/","name":"RadWerk Nord","description":"Mobilit\u00e4t neu gedacht.","publisher":{"@id":"https:\/\/radwerk-north.de\/#organization"},"potentialAction":[{"@type":"SearchAction","target":{"@type":"EntryPoint","urlTemplate":"https:\/\/radwerk-north.de\/?s={search_term_string}"},"query-input":{"@type":"PropertyValueSpecification","valueRequired":true,"valueName":"search_term_string"}}],"inLanguage":"de"},{"@type":"Organization","@id":"https:\/\/radwerk-north.de\/#organization","name":"RadWerk Nord","url":"https:\/\/radwerk-north.de\/","logo":{"@type":"ImageObject","inLanguage":"de","@id":"https:\/\/radwerk-north.de\/#\/schema\/logo\/image\/","url":"https:\/\/radwerk-north.de\/wp-content\/uploads\/2025\/12\/cropped-Video_Screen1766523928533-removebg-preview.png","contentUrl":"https:\/\/radwerk-north.de\/wp-content\/uploads\/2025\/12\/cropped-Video_Screen1766523928533-removebg-preview.png","width":745,"height":294,"caption":"RadWerk Nord"},"image":{"@id":"https:\/\/radwerk-north.de\/#\/schema\/logo\/image\/"}}]},"product_price_amount":"860.00","product_price_currency":"EUR","og_availability":"instock","product_availability":"instock","product_retailer_item_id":"RDNA2GE16159","product_condition":"new"},"acf":[],"_links":{"self":[{"href":"https:\/\/radwerk-north.de\/de\/wp-json\/wp\/v2\/product\/6159","targetHints":{"allow":["GET"]}}],"collection":[{"href":"https:\/\/radwerk-north.de\/de\/wp-json\/wp\/v2\/product"}],"about":[{"href":"https:\/\/radwerk-north.de\/de\/wp-json\/wp\/v2\/types\/product"}],"replies":[{"embeddable":true,"href":"https:\/\/radwerk-north.de\/de\/wp-json\/wp\/v2\/comments?post=6159"}],"wp:featuredmedia":[{"embeddable":true,"href":"https:\/\/radwerk-north.de\/de\/wp-json\/wp\/v2\/media\/6160"}],"wp:attachment":[{"href":"https:\/\/radwerk-north.de\/de\/wp-json\/wp\/v2\/media?parent=6159"}],"wp:term":[{"taxonomy":"product_brand","embeddable":true,"href":"https:\/\/radwerk-north.de\/de\/wp-json\/wp\/v2\/product_brand?post=6159"},{"taxonomy":"product_cat","embeddable":true,"href":"https:\/\/radwerk-north.de\/de\/wp-json\/wp\/v2\/product_cat?post=6159"},{"taxonomy":"product_tag","embeddable":true,"href":"https:\/\/radwerk-north.de\/de\/wp-json\/wp\/v2\/product_tag?post=6159"}],"curies":[{"name":"wp","href":"https:\/\/api.w.org\/{rel}","templated":true}]}}