{"id":6154,"date":"2025-11-25T11:31:30","date_gmt":"2025-11-25T11:31:30","guid":{"rendered":"https:\/\/radwerk-north.de\/?post_type=product&#038;p=6154"},"modified":"2025-11-25T11:31:30","modified_gmt":"2025-11-25T11:31:30","slug":"rockbros-spin-w2m-rennrad-mit-mechanischen-scheibenbremsen-700c-laufradern-2x8-gangen-shimano-claris-r2000-aluminium-lila-grose-l","status":"publish","type":"product","link":"https:\/\/radwerk-north.de\/de\/product\/rockbros-spin-w2m-rennrad-mit-mechanischen-scheibenbremsen-700c-laufradern-2x8-gangen-shimano-claris-r2000-aluminium-lila-grose-l\/","title":{"rendered":"ROCKBROS SPIN W2M Rennrad mit mechanischen Scheibenbremsen, 700C Laufr\u00e4dern, 2&#215;8 G\u00e4ngen, Shimano CLARIS R2000, Aluminium, Lila, Gr\u00f6\u00dfe L"},"content":{"rendered":"<p>Spezifikation: Spezifische Parameter<\/p>\n<p>Empfohlenes Alter: Erwachsene (Unisex)<\/p>\n<p>Gewicht: ca. 11,27 kg<\/p>\n<p>Rahmen: ROCKBROS Aluminium 700C Disc<\/p>\n<p>Gabel: ROCKBROS Aluminium 700C Disc<\/p>\n<p>Lenker: ROCKBROS Aluminium 31,8 mm<\/p>\n<p>Vorbau: ROCKBROS Aluminium<\/p>\n<p>Sattel: ROCKBROS Rennradsattel<\/p>\n<p>Sattelst\u00fctze: ROCKBROS Aluminium<\/p>\n<p>Schalthebel: Shimano Claris R2000 2 x 8-fach<\/p>\n<p>Schaltwerk: Shimano Claris R2000<\/p>\n<p>Kurbelgarnitur: Prowheel 50\/34 Z\u00e4hne<\/p>\n<p>Bremsen: NUTT Dual-Piston-Scheibenbremsen (mechanisch)<\/p>\n<p>Kassette: 8 x 11\u201332 Z\u00e4hne<\/p>\n<p>Laufr\u00e4der: ROCKBROS Aluminium 28 mm 700C<\/p>\n<p>Reifen: Innova 700 x 28C<\/p>\n","protected":false},"excerpt":{"rendered":"<p>Empfohlenes Maximalgewicht: Das Fahrrad hat ein maximales Gesamtgewicht (Fahrrad, Fahrer und Gep\u00e4ck) von 100 kg.<\/p>\n<p>Verpackungsma\u00dfe: 136 x 76 x 19,5 cm<\/p>\n<p>Die interne Kabelf\u00fchrung sch\u00fctzt vor Verschmutzung; der Aluminiumrahmen mit Gabel wiegt nur 11,27 kg \u2013 optimale Steifigkeit f\u00fcr effizientes Fahren.<\/p>\n<p>Shimano Claris 2&#215;8-Antrieb:<\/p>\n<p>Sicherheit und Vertrauen bei jedem Wetter:<\/p>\n<p>Die pannensicheren INNOVA-Reifen (700 x 28c) absorbieren Vibrationen und erh\u00f6hen den Komfort. Mechanische NUTT-Scheibenbremsen verbessern die Kontrolle bei N\u00e4sse und Schlamm und sorgen f\u00fcr mehr Sicherheit.<\/p>\n<p>Komfortable Geometrie f\u00fcr lange Touren:<\/p>\n<p>Pr\u00e4zise Gr\u00f6\u00dfenanpassung f\u00fcr Fahrer mit einer K\u00f6rpergr\u00f6\u00dfe von 160\u2013190 cm:<\/p>\n<p>S 460 mm (160\u2013175 cm) \/ M 490 mm (170\u2013185 cm) \/ L 520 mm (175\u2013190 cm) mit verstellbarer Sattelst\u00fctze \u2013 ideal f\u00fcr Jugendliche und Erwachsene.<\/p>\n","protected":false},"featured_media":6155,"comment_status":"open","ping_status":"closed","template":"","meta":[],"product_brand":[],"product_cat":[69],"product_tag":[],"class_list":{"0":"post-6154","1":"product","2":"type-product","3":"status-publish","4":"has-post-thumbnail","6":"product_cat-velo-ville","8":"first","9":"instock","10":"shipping-taxable","11":"purchasable","12":"product-type-simple"},"yoast_head":"<!-- This site is optimized with the Yoast SEO Premium plugin v26.2 (Yoast SEO v26.7) - https:\/\/yoast.com\/wordpress\/plugins\/seo\/ -->\n<title>ROCKBROS SPIN W2M Rennrad mit mechanischen Scheibenbremsen, 700C Laufr\u00e4dern, 2x8 G\u00e4ngen, Shimano CLARIS R2000, Aluminium, Lila, Gr\u00f6\u00dfe L - RadWerk Nord<\/title>\n<meta name=\"robots\" content=\"index, follow, max-snippet:-1, max-image-preview:large, max-video-preview:-1\" \/>\n<link rel=\"canonical\" href=\"https:\/\/radwerk-north.de\/de\/product\/rockbros-spin-w2m-rennrad-mit-mechanischen-scheibenbremsen-700c-laufradern-2x8-gangen-shimano-claris-r2000-aluminium-lila-grose-l\/\" \/>\n<meta property=\"og:locale\" content=\"de_DE\" \/>\n<meta property=\"og:type\" content=\"article\" \/>\n<meta property=\"og:title\" content=\"ROCKBROS SPIN W2M Rennrad mit mechanischen Scheibenbremsen, 700C Laufr\u00e4dern, 2x8 G\u00e4ngen, Shimano CLARIS R2000, Aluminium, Lila, Gr\u00f6\u00dfe L\" \/>\n<meta property=\"og:description\" content=\"Empfohlenes Maximalgewicht: Das Fahrrad hat ein maximales Gesamtgewicht (Fahrrad, Fahrer und Gep\u00e4ck) von 100 kg.  Verpackungsma\u00dfe: 136 x 76 x 19,5 cm  Die interne Kabelf\u00fchrung sch\u00fctzt vor Verschmutzung; der Aluminiumrahmen mit Gabel wiegt nur 11,27 kg \u2013 optimale Steifigkeit f\u00fcr effizientes Fahren.  Shimano Claris 2x8-Antrieb:  Sicherheit und Vertrauen bei jedem Wetter:  Die pannensicheren INNOVA-Reifen (700 x 28c) absorbieren Vibrationen und erh\u00f6hen den Komfort. Mechanische NUTT-Scheibenbremsen verbessern die Kontrolle bei N\u00e4sse und Schlamm und sorgen f\u00fcr mehr Sicherheit.  Komfortable Geometrie f\u00fcr lange Touren:  Pr\u00e4zise Gr\u00f6\u00dfenanpassung f\u00fcr Fahrer mit einer K\u00f6rpergr\u00f6\u00dfe von 160\u2013190 cm:  S 460 mm (160\u2013175 cm) \/ M 490 mm (170\u2013185 cm) \/ L 520 mm (175\u2013190 cm) mit verstellbarer Sattelst\u00fctze \u2013 ideal f\u00fcr Jugendliche und Erwachsene.\" \/>\n<meta property=\"og:url\" content=\"https:\/\/radwerk-north.de\/de\/product\/rockbros-spin-w2m-rennrad-mit-mechanischen-scheibenbremsen-700c-laufradern-2x8-gangen-shimano-claris-r2000-aluminium-lila-grose-l\/\" \/>\n<meta property=\"og:site_name\" content=\"RadWerk Nord\" \/>\n<meta property=\"og:image\" content=\"https:\/\/radwerk-north.de\/wp-content\/uploads\/2025\/11\/1-5.webp\" \/>\n\t<meta property=\"og:image:width\" content=\"1024\" \/>\n\t<meta property=\"og:image:height\" content=\"1024\" \/>\n\t<meta property=\"og:image:type\" content=\"image\/webp\" \/>\n<meta name=\"twitter:card\" content=\"summary_large_image\" \/>\n<meta name=\"twitter:label1\" content=\"Preis\" \/>\n\t<meta name=\"twitter:data1\" content=\"500,00&nbsp;&euro;\" \/>\n\t<meta name=\"twitter:label2\" content=\"Verf\u00fcgbarkeit\" \/>\n\t<meta name=\"twitter:data2\" content=\"Auf Lager\" \/>\n<script type=\"application\/ld+json\" class=\"yoast-schema-graph\">{\"@context\":\"https:\/\/schema.org\",\"@graph\":[{\"@type\":\"WebPage\",\"@id\":\"https:\/\/radwerk-north.de\/product\/rockbros-spin-w2m-rennrad-mit-mechanischen-scheibenbremsen-700c-laufradern-2x8-gangen-shimano-claris-r2000-aluminium-lila-grose-l\/\",\"url\":\"https:\/\/radwerk-north.de\/product\/rockbros-spin-w2m-rennrad-mit-mechanischen-scheibenbremsen-700c-laufradern-2x8-gangen-shimano-claris-r2000-aluminium-lila-grose-l\/\",\"name\":\"ROCKBROS SPIN W2M Rennrad mit mechanischen Scheibenbremsen, 700C Laufr\u00e4dern, 2x8 G\u00e4ngen, Shimano CLARIS R2000, Aluminium, Lila, Gr\u00f6\u00dfe L - RadWerk Nord\",\"isPartOf\":{\"@id\":\"https:\/\/radwerk-north.de\/#website\"},\"primaryImageOfPage\":{\"@id\":\"https:\/\/radwerk-north.de\/product\/rockbros-spin-w2m-rennrad-mit-mechanischen-scheibenbremsen-700c-laufradern-2x8-gangen-shimano-claris-r2000-aluminium-lila-grose-l\/#primaryimage\"},\"image\":{\"@id\":\"https:\/\/radwerk-north.de\/product\/rockbros-spin-w2m-rennrad-mit-mechanischen-scheibenbremsen-700c-laufradern-2x8-gangen-shimano-claris-r2000-aluminium-lila-grose-l\/#primaryimage\"},\"thumbnailUrl\":\"https:\/\/radwerk-north.de\/wp-content\/uploads\/2025\/11\/1-5.webp\",\"datePublished\":\"2025-11-25T11:31:30+00:00\",\"breadcrumb\":{\"@id\":\"https:\/\/radwerk-north.de\/product\/rockbros-spin-w2m-rennrad-mit-mechanischen-scheibenbremsen-700c-laufradern-2x8-gangen-shimano-claris-r2000-aluminium-lila-grose-l\/#breadcrumb\"},\"inLanguage\":\"de\",\"potentialAction\":[{\"@type\":\"ReadAction\",\"target\":[\"https:\/\/radwerk-north.de\/product\/rockbros-spin-w2m-rennrad-mit-mechanischen-scheibenbremsen-700c-laufradern-2x8-gangen-shimano-claris-r2000-aluminium-lila-grose-l\/\"]}]},{\"@type\":\"ImageObject\",\"inLanguage\":\"de\",\"@id\":\"https:\/\/radwerk-north.de\/product\/rockbros-spin-w2m-rennrad-mit-mechanischen-scheibenbremsen-700c-laufradern-2x8-gangen-shimano-claris-r2000-aluminium-lila-grose-l\/#primaryimage\",\"url\":\"https:\/\/radwerk-north.de\/wp-content\/uploads\/2025\/11\/1-5.webp\",\"contentUrl\":\"https:\/\/radwerk-north.de\/wp-content\/uploads\/2025\/11\/1-5.webp\",\"width\":1024,\"height\":1024},{\"@type\":\"BreadcrumbList\",\"@id\":\"https:\/\/radwerk-north.de\/product\/rockbros-spin-w2m-rennrad-mit-mechanischen-scheibenbremsen-700c-laufradern-2x8-gangen-shimano-claris-r2000-aluminium-lila-grose-l\/#breadcrumb\",\"itemListElement\":[{\"@type\":\"ListItem\",\"position\":1,\"name\":\"Home\",\"item\":\"https:\/\/radwerk-north.de\/\"},{\"@type\":\"ListItem\",\"position\":2,\"name\":\"Products\",\"item\":\"https:\/\/radwerk-north.de\/shop\/\"},{\"@type\":\"ListItem\",\"position\":3,\"name\":\"ROCKBROS SPIN W2M Rennrad mit mechanischen Scheibenbremsen, 700C Laufr\u00e4dern, 2&#215;8 G\u00e4ngen, Shimano CLARIS R2000, Aluminium, Lila, Gr\u00f6\u00dfe L\"}]},{\"@type\":\"WebSite\",\"@id\":\"https:\/\/radwerk-north.de\/#website\",\"url\":\"https:\/\/radwerk-north.de\/\",\"name\":\"RadWerk Nord\",\"description\":\"Mobilit\u00e4t neu gedacht.\",\"publisher\":{\"@id\":\"https:\/\/radwerk-north.de\/#organization\"},\"potentialAction\":[{\"@type\":\"SearchAction\",\"target\":{\"@type\":\"EntryPoint\",\"urlTemplate\":\"https:\/\/radwerk-north.de\/?s={search_term_string}\"},\"query-input\":{\"@type\":\"PropertyValueSpecification\",\"valueRequired\":true,\"valueName\":\"search_term_string\"}}],\"inLanguage\":\"de\"},{\"@type\":\"Organization\",\"@id\":\"https:\/\/radwerk-north.de\/#organization\",\"name\":\"RadWerk Nord\",\"url\":\"https:\/\/radwerk-north.de\/\",\"logo\":{\"@type\":\"ImageObject\",\"inLanguage\":\"de\",\"@id\":\"https:\/\/radwerk-north.de\/#\/schema\/logo\/image\/\",\"url\":\"https:\/\/radwerk-north.de\/wp-content\/uploads\/2025\/12\/cropped-Video_Screen1766523928533-removebg-preview.png\",\"contentUrl\":\"https:\/\/radwerk-north.de\/wp-content\/uploads\/2025\/12\/cropped-Video_Screen1766523928533-removebg-preview.png\",\"width\":745,\"height\":294,\"caption\":\"RadWerk Nord\"},\"image\":{\"@id\":\"https:\/\/radwerk-north.de\/#\/schema\/logo\/image\/\"}}]}<\/script>\n<meta property=\"product:price:amount\" content=\"500.00\" \/>\n<meta property=\"product:price:currency\" content=\"EUR\" \/>\n<meta property=\"og:availability\" content=\"instock\" \/>\n<meta property=\"product:availability\" content=\"instock\" \/>\n<meta property=\"product:retailer_item_id\" content=\"RDNBZ5FF6154\" \/>\n<meta property=\"product:condition\" content=\"new\" \/>\n<!-- \/ Yoast SEO Premium plugin. -->","yoast_head_json":{"title":"ROCKBROS SPIN W2M Rennrad mit mechanischen Scheibenbremsen, 700C Laufr\u00e4dern, 2x8 G\u00e4ngen, Shimano CLARIS R2000, Aluminium, Lila, Gr\u00f6\u00dfe L - RadWerk Nord","robots":{"index":"index","follow":"follow","max-snippet":"max-snippet:-1","max-image-preview":"max-image-preview:large","max-video-preview":"max-video-preview:-1"},"canonical":"https:\/\/radwerk-north.de\/de\/product\/rockbros-spin-w2m-rennrad-mit-mechanischen-scheibenbremsen-700c-laufradern-2x8-gangen-shimano-claris-r2000-aluminium-lila-grose-l\/","og_locale":"de_DE","og_type":"article","og_title":"ROCKBROS SPIN W2M Rennrad mit mechanischen Scheibenbremsen, 700C Laufr\u00e4dern, 2x8 G\u00e4ngen, Shimano CLARIS R2000, Aluminium, Lila, Gr\u00f6\u00dfe L","og_description":"Empfohlenes Maximalgewicht: Das Fahrrad hat ein maximales Gesamtgewicht (Fahrrad, Fahrer und Gep\u00e4ck) von 100 kg.  Verpackungsma\u00dfe: 136 x 76 x 19,5 cm  Die interne Kabelf\u00fchrung sch\u00fctzt vor Verschmutzung; der Aluminiumrahmen mit Gabel wiegt nur 11,27 kg \u2013 optimale Steifigkeit f\u00fcr effizientes Fahren.  Shimano Claris 2x8-Antrieb:  Sicherheit und Vertrauen bei jedem Wetter:  Die pannensicheren INNOVA-Reifen (700 x 28c) absorbieren Vibrationen und erh\u00f6hen den Komfort. Mechanische NUTT-Scheibenbremsen verbessern die Kontrolle bei N\u00e4sse und Schlamm und sorgen f\u00fcr mehr Sicherheit.  Komfortable Geometrie f\u00fcr lange Touren:  Pr\u00e4zise Gr\u00f6\u00dfenanpassung f\u00fcr Fahrer mit einer K\u00f6rpergr\u00f6\u00dfe von 160\u2013190 cm:  S 460 mm (160\u2013175 cm) \/ M 490 mm (170\u2013185 cm) \/ L 520 mm (175\u2013190 cm) mit verstellbarer Sattelst\u00fctze \u2013 ideal f\u00fcr Jugendliche und Erwachsene.","og_url":"https:\/\/radwerk-north.de\/de\/product\/rockbros-spin-w2m-rennrad-mit-mechanischen-scheibenbremsen-700c-laufradern-2x8-gangen-shimano-claris-r2000-aluminium-lila-grose-l\/","og_site_name":"RadWerk Nord","og_image":[{"width":1024,"height":1024,"url":"https:\/\/radwerk-north.de\/wp-content\/uploads\/2025\/11\/1-5.webp","type":"image\/webp"}],"twitter_card":"summary_large_image","twitter_misc":{"Preis":"500,00&nbsp;&euro;","Verf\u00fcgbarkeit":"Auf Lager"},"schema":{"@context":"https:\/\/schema.org","@graph":[{"@type":"WebPage","@id":"https:\/\/radwerk-north.de\/product\/rockbros-spin-w2m-rennrad-mit-mechanischen-scheibenbremsen-700c-laufradern-2x8-gangen-shimano-claris-r2000-aluminium-lila-grose-l\/","url":"https:\/\/radwerk-north.de\/product\/rockbros-spin-w2m-rennrad-mit-mechanischen-scheibenbremsen-700c-laufradern-2x8-gangen-shimano-claris-r2000-aluminium-lila-grose-l\/","name":"ROCKBROS SPIN W2M Rennrad mit mechanischen Scheibenbremsen, 700C Laufr\u00e4dern, 2x8 G\u00e4ngen, Shimano CLARIS R2000, Aluminium, Lila, Gr\u00f6\u00dfe L - RadWerk Nord","isPartOf":{"@id":"https:\/\/radwerk-north.de\/#website"},"primaryImageOfPage":{"@id":"https:\/\/radwerk-north.de\/product\/rockbros-spin-w2m-rennrad-mit-mechanischen-scheibenbremsen-700c-laufradern-2x8-gangen-shimano-claris-r2000-aluminium-lila-grose-l\/#primaryimage"},"image":{"@id":"https:\/\/radwerk-north.de\/product\/rockbros-spin-w2m-rennrad-mit-mechanischen-scheibenbremsen-700c-laufradern-2x8-gangen-shimano-claris-r2000-aluminium-lila-grose-l\/#primaryimage"},"thumbnailUrl":"https:\/\/radwerk-north.de\/wp-content\/uploads\/2025\/11\/1-5.webp","datePublished":"2025-11-25T11:31:30+00:00","breadcrumb":{"@id":"https:\/\/radwerk-north.de\/product\/rockbros-spin-w2m-rennrad-mit-mechanischen-scheibenbremsen-700c-laufradern-2x8-gangen-shimano-claris-r2000-aluminium-lila-grose-l\/#breadcrumb"},"inLanguage":"de","potentialAction":[{"@type":"ReadAction","target":["https:\/\/radwerk-north.de\/product\/rockbros-spin-w2m-rennrad-mit-mechanischen-scheibenbremsen-700c-laufradern-2x8-gangen-shimano-claris-r2000-aluminium-lila-grose-l\/"]}]},{"@type":"ImageObject","inLanguage":"de","@id":"https:\/\/radwerk-north.de\/product\/rockbros-spin-w2m-rennrad-mit-mechanischen-scheibenbremsen-700c-laufradern-2x8-gangen-shimano-claris-r2000-aluminium-lila-grose-l\/#primaryimage","url":"https:\/\/radwerk-north.de\/wp-content\/uploads\/2025\/11\/1-5.webp","contentUrl":"https:\/\/radwerk-north.de\/wp-content\/uploads\/2025\/11\/1-5.webp","width":1024,"height":1024},{"@type":"BreadcrumbList","@id":"https:\/\/radwerk-north.de\/product\/rockbros-spin-w2m-rennrad-mit-mechanischen-scheibenbremsen-700c-laufradern-2x8-gangen-shimano-claris-r2000-aluminium-lila-grose-l\/#breadcrumb","itemListElement":[{"@type":"ListItem","position":1,"name":"Home","item":"https:\/\/radwerk-north.de\/"},{"@type":"ListItem","position":2,"name":"Products","item":"https:\/\/radwerk-north.de\/shop\/"},{"@type":"ListItem","position":3,"name":"ROCKBROS SPIN W2M Rennrad mit mechanischen Scheibenbremsen, 700C Laufr\u00e4dern, 2&#215;8 G\u00e4ngen, Shimano CLARIS R2000, Aluminium, Lila, Gr\u00f6\u00dfe L"}]},{"@type":"WebSite","@id":"https:\/\/radwerk-north.de\/#website","url":"https:\/\/radwerk-north.de\/","name":"RadWerk Nord","description":"Mobilit\u00e4t neu gedacht.","publisher":{"@id":"https:\/\/radwerk-north.de\/#organization"},"potentialAction":[{"@type":"SearchAction","target":{"@type":"EntryPoint","urlTemplate":"https:\/\/radwerk-north.de\/?s={search_term_string}"},"query-input":{"@type":"PropertyValueSpecification","valueRequired":true,"valueName":"search_term_string"}}],"inLanguage":"de"},{"@type":"Organization","@id":"https:\/\/radwerk-north.de\/#organization","name":"RadWerk Nord","url":"https:\/\/radwerk-north.de\/","logo":{"@type":"ImageObject","inLanguage":"de","@id":"https:\/\/radwerk-north.de\/#\/schema\/logo\/image\/","url":"https:\/\/radwerk-north.de\/wp-content\/uploads\/2025\/12\/cropped-Video_Screen1766523928533-removebg-preview.png","contentUrl":"https:\/\/radwerk-north.de\/wp-content\/uploads\/2025\/12\/cropped-Video_Screen1766523928533-removebg-preview.png","width":745,"height":294,"caption":"RadWerk Nord"},"image":{"@id":"https:\/\/radwerk-north.de\/#\/schema\/logo\/image\/"}}]},"product_price_amount":"500.00","product_price_currency":"EUR","og_availability":"instock","product_availability":"instock","product_retailer_item_id":"RDNBZ5FF6154","product_condition":"new"},"acf":[],"_links":{"self":[{"href":"https:\/\/radwerk-north.de\/de\/wp-json\/wp\/v2\/product\/6154","targetHints":{"allow":["GET"]}}],"collection":[{"href":"https:\/\/radwerk-north.de\/de\/wp-json\/wp\/v2\/product"}],"about":[{"href":"https:\/\/radwerk-north.de\/de\/wp-json\/wp\/v2\/types\/product"}],"replies":[{"embeddable":true,"href":"https:\/\/radwerk-north.de\/de\/wp-json\/wp\/v2\/comments?post=6154"}],"wp:featuredmedia":[{"embeddable":true,"href":"https:\/\/radwerk-north.de\/de\/wp-json\/wp\/v2\/media\/6155"}],"wp:attachment":[{"href":"https:\/\/radwerk-north.de\/de\/wp-json\/wp\/v2\/media?parent=6154"}],"wp:term":[{"taxonomy":"product_brand","embeddable":true,"href":"https:\/\/radwerk-north.de\/de\/wp-json\/wp\/v2\/product_brand?post=6154"},{"taxonomy":"product_cat","embeddable":true,"href":"https:\/\/radwerk-north.de\/de\/wp-json\/wp\/v2\/product_cat?post=6154"},{"taxonomy":"product_tag","embeddable":true,"href":"https:\/\/radwerk-north.de\/de\/wp-json\/wp\/v2\/product_tag?post=6154"}],"curies":[{"name":"wp","href":"https:\/\/api.w.org\/{rel}","templated":true}]}}