{"id":6150,"date":"2025-11-25T11:22:55","date_gmt":"2025-11-25T11:22:55","guid":{"rendered":"https:\/\/radwerk-north.de\/?post_type=product&#038;p=6150"},"modified":"2025-11-25T11:22:56","modified_gmt":"2025-11-25T11:22:56","slug":"veneto-von-canellini-retro-damen-aluminiumtasche-mit-packtaschen-und-korb-beige-46","status":"publish","type":"product","link":"https:\/\/radwerk-north.de\/de\/product\/veneto-von-canellini-retro-damen-aluminiumtasche-mit-packtaschen-und-korb-beige-46\/","title":{"rendered":"Veneto von Canellini RETR\u00d2 Damen-Aluminiumtasche mit Packtaschen und Korb &#8211; Beige 46"},"content":{"rendered":"<p>Rahmengr\u00f6\u00dfe 46 f\u00fcr K\u00f6rpergr\u00f6\u00dfen von 157\u2013170 cm<br \/>\nRahmengr\u00f6\u00dfe 50 f\u00fcr K\u00f6rpergr\u00f6\u00dfen ab 170 cm<br \/>\nAluminiumrahmen<br \/>\nShimano TX50 6-Gang-Schalthebel<br \/>\nShimano Grip Shift 6-Gang-Bremshebel<br \/>\nAluminium-V-Bremse<br \/>\nVerstellbarer Aluminiumlenker<\/p>\n","protected":false},"excerpt":{"rendered":"<p>Kurbelgarnitur aus Aluminium<br \/>\nBatteriebetriebene Vorder- und R\u00fccklichter<br \/>\nGep\u00e4cktr\u00e4ger mit Kindersitzbefestigung<br \/>\nFahrradtasche aus braunem Kunstleder<br \/>\nWeidenkorb<br \/>\nGewicht ca. 15 kg<br \/>\n28-Zoll-R\u00e4der (700&#215;35)<\/p>\n","protected":false},"featured_media":6151,"comment_status":"open","ping_status":"closed","template":"","meta":[],"product_brand":[],"product_cat":[69],"product_tag":[],"class_list":{"0":"post-6150","1":"product","2":"type-product","3":"status-publish","4":"has-post-thumbnail","6":"product_cat-velo-ville","8":"first","9":"instock","10":"sale","11":"shipping-taxable","12":"purchasable","13":"product-type-simple"},"yoast_head":"<!-- This site is optimized with the Yoast SEO Premium plugin v26.2 (Yoast SEO v26.7) - https:\/\/yoast.com\/wordpress\/plugins\/seo\/ -->\n<title>Veneto von Canellini RETR\u00d2 Damen-Aluminiumtasche mit Packtaschen und Korb - Beige 46 - RadWerk Nord<\/title>\n<meta name=\"robots\" content=\"index, follow, max-snippet:-1, max-image-preview:large, max-video-preview:-1\" \/>\n<link rel=\"canonical\" href=\"https:\/\/radwerk-north.de\/de\/product\/veneto-von-canellini-retro-damen-aluminiumtasche-mit-packtaschen-und-korb-beige-46\/\" \/>\n<meta property=\"og:locale\" content=\"de_DE\" \/>\n<meta property=\"og:type\" content=\"article\" \/>\n<meta property=\"og:title\" content=\"Veneto von Canellini RETR\u00d2 Damen-Aluminiumtasche mit Packtaschen und Korb - Beige 46\" \/>\n<meta property=\"og:description\" content=\"Kurbelgarnitur aus Aluminium Batteriebetriebene Vorder- und R\u00fccklichter Gep\u00e4cktr\u00e4ger mit Kindersitzbefestigung Fahrradtasche aus braunem Kunstleder Weidenkorb Gewicht ca. 15 kg 28-Zoll-R\u00e4der (700x35)\" \/>\n<meta property=\"og:url\" content=\"https:\/\/radwerk-north.de\/de\/product\/veneto-von-canellini-retro-damen-aluminiumtasche-mit-packtaschen-und-korb-beige-46\/\" \/>\n<meta property=\"og:site_name\" content=\"RadWerk Nord\" \/>\n<meta property=\"article:modified_time\" content=\"2025-11-25T11:22:56+00:00\" \/>\n<meta property=\"og:image\" content=\"https:\/\/radwerk-north.de\/wp-content\/uploads\/2025\/11\/1-4.webp\" \/>\n\t<meta property=\"og:image:width\" content=\"1024\" \/>\n\t<meta property=\"og:image:height\" content=\"628\" \/>\n\t<meta property=\"og:image:type\" content=\"image\/webp\" \/>\n<meta name=\"twitter:card\" content=\"summary_large_image\" \/>\n<meta name=\"twitter:label1\" content=\"Preis\" \/>\n\t<meta name=\"twitter:data1\" content=\"350,00&nbsp;&euro;\" \/>\n\t<meta name=\"twitter:label2\" content=\"Verf\u00fcgbarkeit\" \/>\n\t<meta name=\"twitter:data2\" content=\"Auf Lager\" \/>\n<script type=\"application\/ld+json\" class=\"yoast-schema-graph\">{\"@context\":\"https:\/\/schema.org\",\"@graph\":[{\"@type\":\"WebPage\",\"@id\":\"https:\/\/radwerk-north.de\/product\/veneto-von-canellini-retro-damen-aluminiumtasche-mit-packtaschen-und-korb-beige-46\/\",\"url\":\"https:\/\/radwerk-north.de\/product\/veneto-von-canellini-retro-damen-aluminiumtasche-mit-packtaschen-und-korb-beige-46\/\",\"name\":\"Veneto von Canellini RETR\u00d2 Damen-Aluminiumtasche mit Packtaschen und Korb - Beige 46 - RadWerk Nord\",\"isPartOf\":{\"@id\":\"https:\/\/radwerk-north.de\/#website\"},\"primaryImageOfPage\":{\"@id\":\"https:\/\/radwerk-north.de\/product\/veneto-von-canellini-retro-damen-aluminiumtasche-mit-packtaschen-und-korb-beige-46\/#primaryimage\"},\"image\":{\"@id\":\"https:\/\/radwerk-north.de\/product\/veneto-von-canellini-retro-damen-aluminiumtasche-mit-packtaschen-und-korb-beige-46\/#primaryimage\"},\"thumbnailUrl\":\"https:\/\/radwerk-north.de\/wp-content\/uploads\/2025\/11\/1-4.webp\",\"datePublished\":\"2025-11-25T11:22:55+00:00\",\"dateModified\":\"2025-11-25T11:22:56+00:00\",\"breadcrumb\":{\"@id\":\"https:\/\/radwerk-north.de\/product\/veneto-von-canellini-retro-damen-aluminiumtasche-mit-packtaschen-und-korb-beige-46\/#breadcrumb\"},\"inLanguage\":\"de\",\"potentialAction\":[{\"@type\":\"ReadAction\",\"target\":[\"https:\/\/radwerk-north.de\/product\/veneto-von-canellini-retro-damen-aluminiumtasche-mit-packtaschen-und-korb-beige-46\/\"]}]},{\"@type\":\"ImageObject\",\"inLanguage\":\"de\",\"@id\":\"https:\/\/radwerk-north.de\/product\/veneto-von-canellini-retro-damen-aluminiumtasche-mit-packtaschen-und-korb-beige-46\/#primaryimage\",\"url\":\"https:\/\/radwerk-north.de\/wp-content\/uploads\/2025\/11\/1-4.webp\",\"contentUrl\":\"https:\/\/radwerk-north.de\/wp-content\/uploads\/2025\/11\/1-4.webp\",\"width\":1024,\"height\":628},{\"@type\":\"BreadcrumbList\",\"@id\":\"https:\/\/radwerk-north.de\/product\/veneto-von-canellini-retro-damen-aluminiumtasche-mit-packtaschen-und-korb-beige-46\/#breadcrumb\",\"itemListElement\":[{\"@type\":\"ListItem\",\"position\":1,\"name\":\"Home\",\"item\":\"https:\/\/radwerk-north.de\/\"},{\"@type\":\"ListItem\",\"position\":2,\"name\":\"Products\",\"item\":\"https:\/\/radwerk-north.de\/shop\/\"},{\"@type\":\"ListItem\",\"position\":3,\"name\":\"Veneto von Canellini RETR\u00d2 Damen-Aluminiumtasche mit Packtaschen und Korb &#8211; Beige 46\"}]},{\"@type\":\"WebSite\",\"@id\":\"https:\/\/radwerk-north.de\/#website\",\"url\":\"https:\/\/radwerk-north.de\/\",\"name\":\"RadWerk Nord\",\"description\":\"Mobilit\u00e4t neu gedacht.\",\"publisher\":{\"@id\":\"https:\/\/radwerk-north.de\/#organization\"},\"potentialAction\":[{\"@type\":\"SearchAction\",\"target\":{\"@type\":\"EntryPoint\",\"urlTemplate\":\"https:\/\/radwerk-north.de\/?s={search_term_string}\"},\"query-input\":{\"@type\":\"PropertyValueSpecification\",\"valueRequired\":true,\"valueName\":\"search_term_string\"}}],\"inLanguage\":\"de\"},{\"@type\":\"Organization\",\"@id\":\"https:\/\/radwerk-north.de\/#organization\",\"name\":\"RadWerk Nord\",\"url\":\"https:\/\/radwerk-north.de\/\",\"logo\":{\"@type\":\"ImageObject\",\"inLanguage\":\"de\",\"@id\":\"https:\/\/radwerk-north.de\/#\/schema\/logo\/image\/\",\"url\":\"https:\/\/radwerk-north.de\/wp-content\/uploads\/2025\/12\/cropped-Video_Screen1766523928533-removebg-preview.png\",\"contentUrl\":\"https:\/\/radwerk-north.de\/wp-content\/uploads\/2025\/12\/cropped-Video_Screen1766523928533-removebg-preview.png\",\"width\":745,\"height\":294,\"caption\":\"RadWerk Nord\"},\"image\":{\"@id\":\"https:\/\/radwerk-north.de\/#\/schema\/logo\/image\/\"}}]}<\/script>\n<meta property=\"product:price:amount\" content=\"350.00\" \/>\n<meta property=\"product:price:currency\" content=\"EUR\" \/>\n<meta property=\"og:availability\" content=\"instock\" \/>\n<meta property=\"product:availability\" content=\"instock\" \/>\n<meta property=\"product:retailer_item_id\" content=\"RDN1K6116150\" \/>\n<meta property=\"product:condition\" content=\"new\" \/>\n<!-- \/ Yoast SEO Premium plugin. -->","yoast_head_json":{"title":"Veneto von Canellini RETR\u00d2 Damen-Aluminiumtasche mit Packtaschen und Korb - Beige 46 - RadWerk Nord","robots":{"index":"index","follow":"follow","max-snippet":"max-snippet:-1","max-image-preview":"max-image-preview:large","max-video-preview":"max-video-preview:-1"},"canonical":"https:\/\/radwerk-north.de\/de\/product\/veneto-von-canellini-retro-damen-aluminiumtasche-mit-packtaschen-und-korb-beige-46\/","og_locale":"de_DE","og_type":"article","og_title":"Veneto von Canellini RETR\u00d2 Damen-Aluminiumtasche mit Packtaschen und Korb - Beige 46","og_description":"Kurbelgarnitur aus Aluminium Batteriebetriebene Vorder- und R\u00fccklichter Gep\u00e4cktr\u00e4ger mit Kindersitzbefestigung Fahrradtasche aus braunem Kunstleder Weidenkorb Gewicht ca. 15 kg 28-Zoll-R\u00e4der (700x35)","og_url":"https:\/\/radwerk-north.de\/de\/product\/veneto-von-canellini-retro-damen-aluminiumtasche-mit-packtaschen-und-korb-beige-46\/","og_site_name":"RadWerk Nord","article_modified_time":"2025-11-25T11:22:56+00:00","og_image":[{"width":1024,"height":628,"url":"https:\/\/radwerk-north.de\/wp-content\/uploads\/2025\/11\/1-4.webp","type":"image\/webp"}],"twitter_card":"summary_large_image","twitter_misc":{"Preis":"350,00&nbsp;&euro;","Verf\u00fcgbarkeit":"Auf Lager"},"schema":{"@context":"https:\/\/schema.org","@graph":[{"@type":"WebPage","@id":"https:\/\/radwerk-north.de\/product\/veneto-von-canellini-retro-damen-aluminiumtasche-mit-packtaschen-und-korb-beige-46\/","url":"https:\/\/radwerk-north.de\/product\/veneto-von-canellini-retro-damen-aluminiumtasche-mit-packtaschen-und-korb-beige-46\/","name":"Veneto von Canellini RETR\u00d2 Damen-Aluminiumtasche mit Packtaschen und Korb - Beige 46 - RadWerk Nord","isPartOf":{"@id":"https:\/\/radwerk-north.de\/#website"},"primaryImageOfPage":{"@id":"https:\/\/radwerk-north.de\/product\/veneto-von-canellini-retro-damen-aluminiumtasche-mit-packtaschen-und-korb-beige-46\/#primaryimage"},"image":{"@id":"https:\/\/radwerk-north.de\/product\/veneto-von-canellini-retro-damen-aluminiumtasche-mit-packtaschen-und-korb-beige-46\/#primaryimage"},"thumbnailUrl":"https:\/\/radwerk-north.de\/wp-content\/uploads\/2025\/11\/1-4.webp","datePublished":"2025-11-25T11:22:55+00:00","dateModified":"2025-11-25T11:22:56+00:00","breadcrumb":{"@id":"https:\/\/radwerk-north.de\/product\/veneto-von-canellini-retro-damen-aluminiumtasche-mit-packtaschen-und-korb-beige-46\/#breadcrumb"},"inLanguage":"de","potentialAction":[{"@type":"ReadAction","target":["https:\/\/radwerk-north.de\/product\/veneto-von-canellini-retro-damen-aluminiumtasche-mit-packtaschen-und-korb-beige-46\/"]}]},{"@type":"ImageObject","inLanguage":"de","@id":"https:\/\/radwerk-north.de\/product\/veneto-von-canellini-retro-damen-aluminiumtasche-mit-packtaschen-und-korb-beige-46\/#primaryimage","url":"https:\/\/radwerk-north.de\/wp-content\/uploads\/2025\/11\/1-4.webp","contentUrl":"https:\/\/radwerk-north.de\/wp-content\/uploads\/2025\/11\/1-4.webp","width":1024,"height":628},{"@type":"BreadcrumbList","@id":"https:\/\/radwerk-north.de\/product\/veneto-von-canellini-retro-damen-aluminiumtasche-mit-packtaschen-und-korb-beige-46\/#breadcrumb","itemListElement":[{"@type":"ListItem","position":1,"name":"Home","item":"https:\/\/radwerk-north.de\/"},{"@type":"ListItem","position":2,"name":"Products","item":"https:\/\/radwerk-north.de\/shop\/"},{"@type":"ListItem","position":3,"name":"Veneto von Canellini RETR\u00d2 Damen-Aluminiumtasche mit Packtaschen und Korb &#8211; Beige 46"}]},{"@type":"WebSite","@id":"https:\/\/radwerk-north.de\/#website","url":"https:\/\/radwerk-north.de\/","name":"RadWerk Nord","description":"Mobilit\u00e4t neu gedacht.","publisher":{"@id":"https:\/\/radwerk-north.de\/#organization"},"potentialAction":[{"@type":"SearchAction","target":{"@type":"EntryPoint","urlTemplate":"https:\/\/radwerk-north.de\/?s={search_term_string}"},"query-input":{"@type":"PropertyValueSpecification","valueRequired":true,"valueName":"search_term_string"}}],"inLanguage":"de"},{"@type":"Organization","@id":"https:\/\/radwerk-north.de\/#organization","name":"RadWerk Nord","url":"https:\/\/radwerk-north.de\/","logo":{"@type":"ImageObject","inLanguage":"de","@id":"https:\/\/radwerk-north.de\/#\/schema\/logo\/image\/","url":"https:\/\/radwerk-north.de\/wp-content\/uploads\/2025\/12\/cropped-Video_Screen1766523928533-removebg-preview.png","contentUrl":"https:\/\/radwerk-north.de\/wp-content\/uploads\/2025\/12\/cropped-Video_Screen1766523928533-removebg-preview.png","width":745,"height":294,"caption":"RadWerk Nord"},"image":{"@id":"https:\/\/radwerk-north.de\/#\/schema\/logo\/image\/"}}]},"product_price_amount":"350.00","product_price_currency":"EUR","og_availability":"instock","product_availability":"instock","product_retailer_item_id":"RDN1K6116150","product_condition":"new"},"acf":[],"_links":{"self":[{"href":"https:\/\/radwerk-north.de\/de\/wp-json\/wp\/v2\/product\/6150","targetHints":{"allow":["GET"]}}],"collection":[{"href":"https:\/\/radwerk-north.de\/de\/wp-json\/wp\/v2\/product"}],"about":[{"href":"https:\/\/radwerk-north.de\/de\/wp-json\/wp\/v2\/types\/product"}],"replies":[{"embeddable":true,"href":"https:\/\/radwerk-north.de\/de\/wp-json\/wp\/v2\/comments?post=6150"}],"wp:featuredmedia":[{"embeddable":true,"href":"https:\/\/radwerk-north.de\/de\/wp-json\/wp\/v2\/media\/6151"}],"wp:attachment":[{"href":"https:\/\/radwerk-north.de\/de\/wp-json\/wp\/v2\/media?parent=6150"}],"wp:term":[{"taxonomy":"product_brand","embeddable":true,"href":"https:\/\/radwerk-north.de\/de\/wp-json\/wp\/v2\/product_brand?post=6150"},{"taxonomy":"product_cat","embeddable":true,"href":"https:\/\/radwerk-north.de\/de\/wp-json\/wp\/v2\/product_cat?post=6150"},{"taxonomy":"product_tag","embeddable":true,"href":"https:\/\/radwerk-north.de\/de\/wp-json\/wp\/v2\/product_tag?post=6150"}],"curies":[{"name":"wp","href":"https:\/\/api.w.org\/{rel}","templated":true}]}}