{"id":6143,"date":"2025-11-25T11:17:28","date_gmt":"2025-11-25T11:17:28","guid":{"rendered":"https:\/\/radwerk-north.de\/?post_type=product&#038;p=6143"},"modified":"2025-11-25T11:17:28","modified_gmt":"2025-11-25T11:17:28","slug":"26-zoll-dreirad-fur-erwachsene-weis-6-gang-3-radrig","status":"publish","type":"product","link":"https:\/\/radwerk-north.de\/de\/product\/26-zoll-dreirad-fur-erwachsene-weis-6-gang-3-radrig\/","title":{"rendered":"26-Zoll-Dreirad f\u00fcr Erwachsene, wei\u00df, 6-Gang, 3-r\u00e4drig"},"content":{"rendered":"<p>Das robuste Dreiecksdesign erm\u00f6glicht Senioren, ihre Freizeit in der Stadt, am Strand und unterwegs zu genie\u00dfen und Lebensmittel und andere Dinge bequem im hinteren Korb zu verstauen. Sechs G\u00e4nge und ein verstellbarer Sitz erf\u00fcllen die Bed\u00fcrfnisse verschiedener Nutzer. Dies macht das Pendeln komfortabler und kann die k\u00f6rperliche Fitness verbessern.<\/p>\n<p>Hauptmerkmale<\/p>\n<p>Langlebig: Das Produkt besteht aus einem Rahmen aus hochfestem Stahl, Gummireifen und einem Lenker aus Aluminium. Die Oberfl\u00e4che ist mit einer elektrostatischen, ofengeh\u00e4rteten Lackierung versehen, die verschlei\u00dffest, korrosionsbest\u00e4ndig und langlebig ist und Verformungen widersteht.<\/p>\n","protected":false},"excerpt":{"rendered":"<p>Verstellbares Design: F\u00fcr optimalen Komfort f\u00fcr Fahrer unterschiedlichen Alters und unterschiedlicher Gr\u00f6\u00dfe l\u00e4sst sich der Sitz zwischen 84 cm und 96 cm verstellen. So genie\u00dfen Sie eine komfortablere Fahrt und einfachere Bedienung.<\/p>\n<p>Hohe Belastbarkeit: Dank des robusten Materials und der stabilen Dreieckskonstruktion tr\u00e4gt das Produkt ein Gewicht von ca. 120 kg und erf\u00fcllt damit die Bed\u00fcrfnisse der meisten Nutzer. Das Ergebnis: eine ruhige und sichere Fahrt.<\/p>\n<p>Komfortabel und sicher: Rutschfeste Pedale und Lenker, eine leichtg\u00e4ngige Kette, ein weicher Sattel, ein tiefer Einstieg, Vorder- und Hinterradbremsen, Schutzbleche, ein stabiler Rahmen, ein O-f\u00f6rmiger Aufprallschutz, Reflektoren, eine Warnklingel sowie abgedichtete, wasser- und staubdichte Lager sorgen nicht nur f\u00fcr mehr Komfort, sondern auch f\u00fcr Ihre Sicherheit.<\/p>\n<p>Benutzerfreundliches Design: Dieses Produkt wird prim\u00e4r durch Muskelkraft angetrieben und ben\u00f6tigt keinen Kraftstoff. Das schont die Umwelt, spart Kosten und schont die Umwelt.<\/p>\n","protected":false},"featured_media":6145,"comment_status":"open","ping_status":"closed","template":"","meta":[],"product_brand":[],"product_cat":[69],"product_tag":[],"class_list":{"0":"post-6143","1":"product","2":"type-product","3":"status-publish","4":"has-post-thumbnail","6":"product_cat-velo-ville","8":"first","9":"instock","10":"shipping-taxable","11":"purchasable","12":"product-type-simple"},"yoast_head":"<!-- This site is optimized with the Yoast SEO Premium plugin v26.2 (Yoast SEO v26.7) - https:\/\/yoast.com\/wordpress\/plugins\/seo\/ -->\n<title>26-Zoll-Dreirad f\u00fcr Erwachsene, wei\u00df, 6-Gang, 3-r\u00e4drig - RadWerk Nord<\/title>\n<meta name=\"robots\" content=\"index, follow, max-snippet:-1, max-image-preview:large, max-video-preview:-1\" \/>\n<link rel=\"canonical\" href=\"https:\/\/radwerk-north.de\/de\/product\/26-zoll-dreirad-fur-erwachsene-weis-6-gang-3-radrig\/\" \/>\n<meta property=\"og:locale\" content=\"de_DE\" \/>\n<meta property=\"og:type\" content=\"article\" \/>\n<meta property=\"og:title\" content=\"26-Zoll-Dreirad f\u00fcr Erwachsene, wei\u00df, 6-Gang, 3-r\u00e4drig\" \/>\n<meta property=\"og:description\" content=\"Verstellbares Design: F\u00fcr optimalen Komfort f\u00fcr Fahrer unterschiedlichen Alters und unterschiedlicher Gr\u00f6\u00dfe l\u00e4sst sich der Sitz zwischen 84 cm und 96 cm verstellen. So genie\u00dfen Sie eine komfortablere Fahrt und einfachere Bedienung.  Hohe Belastbarkeit: Dank des robusten Materials und der stabilen Dreieckskonstruktion tr\u00e4gt das Produkt ein Gewicht von ca. 120 kg und erf\u00fcllt damit die Bed\u00fcrfnisse der meisten Nutzer. Das Ergebnis: eine ruhige und sichere Fahrt.  Komfortabel und sicher: Rutschfeste Pedale und Lenker, eine leichtg\u00e4ngige Kette, ein weicher Sattel, ein tiefer Einstieg, Vorder- und Hinterradbremsen, Schutzbleche, ein stabiler Rahmen, ein O-f\u00f6rmiger Aufprallschutz, Reflektoren, eine Warnklingel sowie abgedichtete, wasser- und staubdichte Lager sorgen nicht nur f\u00fcr mehr Komfort, sondern auch f\u00fcr Ihre Sicherheit.  Benutzerfreundliches Design: Dieses Produkt wird prim\u00e4r durch Muskelkraft angetrieben und ben\u00f6tigt keinen Kraftstoff. Das schont die Umwelt, spart Kosten und schont die Umwelt.\" \/>\n<meta property=\"og:url\" content=\"https:\/\/radwerk-north.de\/de\/product\/26-zoll-dreirad-fur-erwachsene-weis-6-gang-3-radrig\/\" \/>\n<meta property=\"og:site_name\" content=\"RadWerk Nord\" \/>\n<meta property=\"og:image\" content=\"https:\/\/radwerk-north.de\/wp-content\/uploads\/2025\/11\/2-1.webp\" \/>\n\t<meta property=\"og:image:width\" content=\"2048\" \/>\n\t<meta property=\"og:image:height\" content=\"2048\" \/>\n\t<meta property=\"og:image:type\" content=\"image\/webp\" \/>\n<meta name=\"twitter:card\" content=\"summary_large_image\" \/>\n<meta name=\"twitter:label1\" content=\"Preis\" \/>\n\t<meta name=\"twitter:data1\" content=\"300,00&nbsp;&euro;\" \/>\n\t<meta name=\"twitter:label2\" content=\"Verf\u00fcgbarkeit\" \/>\n\t<meta name=\"twitter:data2\" content=\"Auf Lager\" \/>\n<script type=\"application\/ld+json\" class=\"yoast-schema-graph\">{\"@context\":\"https:\/\/schema.org\",\"@graph\":[{\"@type\":\"WebPage\",\"@id\":\"https:\/\/radwerk-north.de\/product\/26-zoll-dreirad-fur-erwachsene-weis-6-gang-3-radrig\/\",\"url\":\"https:\/\/radwerk-north.de\/product\/26-zoll-dreirad-fur-erwachsene-weis-6-gang-3-radrig\/\",\"name\":\"26-Zoll-Dreirad f\u00fcr Erwachsene, wei\u00df, 6-Gang, 3-r\u00e4drig - RadWerk Nord\",\"isPartOf\":{\"@id\":\"https:\/\/radwerk-north.de\/#website\"},\"primaryImageOfPage\":{\"@id\":\"https:\/\/radwerk-north.de\/product\/26-zoll-dreirad-fur-erwachsene-weis-6-gang-3-radrig\/#primaryimage\"},\"image\":{\"@id\":\"https:\/\/radwerk-north.de\/product\/26-zoll-dreirad-fur-erwachsene-weis-6-gang-3-radrig\/#primaryimage\"},\"thumbnailUrl\":\"https:\/\/radwerk-north.de\/wp-content\/uploads\/2025\/11\/2-1.webp\",\"datePublished\":\"2025-11-25T11:17:28+00:00\",\"breadcrumb\":{\"@id\":\"https:\/\/radwerk-north.de\/product\/26-zoll-dreirad-fur-erwachsene-weis-6-gang-3-radrig\/#breadcrumb\"},\"inLanguage\":\"de\",\"potentialAction\":[{\"@type\":\"ReadAction\",\"target\":[\"https:\/\/radwerk-north.de\/product\/26-zoll-dreirad-fur-erwachsene-weis-6-gang-3-radrig\/\"]}]},{\"@type\":\"ImageObject\",\"inLanguage\":\"de\",\"@id\":\"https:\/\/radwerk-north.de\/product\/26-zoll-dreirad-fur-erwachsene-weis-6-gang-3-radrig\/#primaryimage\",\"url\":\"https:\/\/radwerk-north.de\/wp-content\/uploads\/2025\/11\/2-1.webp\",\"contentUrl\":\"https:\/\/radwerk-north.de\/wp-content\/uploads\/2025\/11\/2-1.webp\",\"width\":2048,\"height\":2048},{\"@type\":\"BreadcrumbList\",\"@id\":\"https:\/\/radwerk-north.de\/product\/26-zoll-dreirad-fur-erwachsene-weis-6-gang-3-radrig\/#breadcrumb\",\"itemListElement\":[{\"@type\":\"ListItem\",\"position\":1,\"name\":\"Home\",\"item\":\"https:\/\/radwerk-north.de\/\"},{\"@type\":\"ListItem\",\"position\":2,\"name\":\"Products\",\"item\":\"https:\/\/radwerk-north.de\/shop\/\"},{\"@type\":\"ListItem\",\"position\":3,\"name\":\"26-Zoll-Dreirad f\u00fcr Erwachsene, wei\u00df, 6-Gang, 3-r\u00e4drig\"}]},{\"@type\":\"WebSite\",\"@id\":\"https:\/\/radwerk-north.de\/#website\",\"url\":\"https:\/\/radwerk-north.de\/\",\"name\":\"RadWerk Nord\",\"description\":\"Mobilit\u00e4t neu gedacht.\",\"publisher\":{\"@id\":\"https:\/\/radwerk-north.de\/#organization\"},\"potentialAction\":[{\"@type\":\"SearchAction\",\"target\":{\"@type\":\"EntryPoint\",\"urlTemplate\":\"https:\/\/radwerk-north.de\/?s={search_term_string}\"},\"query-input\":{\"@type\":\"PropertyValueSpecification\",\"valueRequired\":true,\"valueName\":\"search_term_string\"}}],\"inLanguage\":\"de\"},{\"@type\":\"Organization\",\"@id\":\"https:\/\/radwerk-north.de\/#organization\",\"name\":\"RadWerk Nord\",\"url\":\"https:\/\/radwerk-north.de\/\",\"logo\":{\"@type\":\"ImageObject\",\"inLanguage\":\"de\",\"@id\":\"https:\/\/radwerk-north.de\/#\/schema\/logo\/image\/\",\"url\":\"https:\/\/radwerk-north.de\/wp-content\/uploads\/2025\/12\/cropped-Video_Screen1766523928533-removebg-preview.png\",\"contentUrl\":\"https:\/\/radwerk-north.de\/wp-content\/uploads\/2025\/12\/cropped-Video_Screen1766523928533-removebg-preview.png\",\"width\":745,\"height\":294,\"caption\":\"RadWerk Nord\"},\"image\":{\"@id\":\"https:\/\/radwerk-north.de\/#\/schema\/logo\/image\/\"}}]}<\/script>\n<meta property=\"product:price:amount\" content=\"300.00\" \/>\n<meta property=\"product:price:currency\" content=\"EUR\" \/>\n<meta property=\"og:availability\" content=\"instock\" \/>\n<meta property=\"product:availability\" content=\"instock\" \/>\n<meta property=\"product:retailer_item_id\" content=\"RDN7VFT46143\" \/>\n<meta property=\"product:condition\" content=\"new\" \/>\n<!-- \/ Yoast SEO Premium plugin. -->","yoast_head_json":{"title":"26-Zoll-Dreirad f\u00fcr Erwachsene, wei\u00df, 6-Gang, 3-r\u00e4drig - RadWerk Nord","robots":{"index":"index","follow":"follow","max-snippet":"max-snippet:-1","max-image-preview":"max-image-preview:large","max-video-preview":"max-video-preview:-1"},"canonical":"https:\/\/radwerk-north.de\/de\/product\/26-zoll-dreirad-fur-erwachsene-weis-6-gang-3-radrig\/","og_locale":"de_DE","og_type":"article","og_title":"26-Zoll-Dreirad f\u00fcr Erwachsene, wei\u00df, 6-Gang, 3-r\u00e4drig","og_description":"Verstellbares Design: F\u00fcr optimalen Komfort f\u00fcr Fahrer unterschiedlichen Alters und unterschiedlicher Gr\u00f6\u00dfe l\u00e4sst sich der Sitz zwischen 84 cm und 96 cm verstellen. So genie\u00dfen Sie eine komfortablere Fahrt und einfachere Bedienung.  Hohe Belastbarkeit: Dank des robusten Materials und der stabilen Dreieckskonstruktion tr\u00e4gt das Produkt ein Gewicht von ca. 120 kg und erf\u00fcllt damit die Bed\u00fcrfnisse der meisten Nutzer. Das Ergebnis: eine ruhige und sichere Fahrt.  Komfortabel und sicher: Rutschfeste Pedale und Lenker, eine leichtg\u00e4ngige Kette, ein weicher Sattel, ein tiefer Einstieg, Vorder- und Hinterradbremsen, Schutzbleche, ein stabiler Rahmen, ein O-f\u00f6rmiger Aufprallschutz, Reflektoren, eine Warnklingel sowie abgedichtete, wasser- und staubdichte Lager sorgen nicht nur f\u00fcr mehr Komfort, sondern auch f\u00fcr Ihre Sicherheit.  Benutzerfreundliches Design: Dieses Produkt wird prim\u00e4r durch Muskelkraft angetrieben und ben\u00f6tigt keinen Kraftstoff. Das schont die Umwelt, spart Kosten und schont die Umwelt.","og_url":"https:\/\/radwerk-north.de\/de\/product\/26-zoll-dreirad-fur-erwachsene-weis-6-gang-3-radrig\/","og_site_name":"RadWerk Nord","og_image":[{"width":2048,"height":2048,"url":"https:\/\/radwerk-north.de\/wp-content\/uploads\/2025\/11\/2-1.webp","type":"image\/webp"}],"twitter_card":"summary_large_image","twitter_misc":{"Preis":"300,00&nbsp;&euro;","Verf\u00fcgbarkeit":"Auf Lager"},"schema":{"@context":"https:\/\/schema.org","@graph":[{"@type":"WebPage","@id":"https:\/\/radwerk-north.de\/product\/26-zoll-dreirad-fur-erwachsene-weis-6-gang-3-radrig\/","url":"https:\/\/radwerk-north.de\/product\/26-zoll-dreirad-fur-erwachsene-weis-6-gang-3-radrig\/","name":"26-Zoll-Dreirad f\u00fcr Erwachsene, wei\u00df, 6-Gang, 3-r\u00e4drig - RadWerk Nord","isPartOf":{"@id":"https:\/\/radwerk-north.de\/#website"},"primaryImageOfPage":{"@id":"https:\/\/radwerk-north.de\/product\/26-zoll-dreirad-fur-erwachsene-weis-6-gang-3-radrig\/#primaryimage"},"image":{"@id":"https:\/\/radwerk-north.de\/product\/26-zoll-dreirad-fur-erwachsene-weis-6-gang-3-radrig\/#primaryimage"},"thumbnailUrl":"https:\/\/radwerk-north.de\/wp-content\/uploads\/2025\/11\/2-1.webp","datePublished":"2025-11-25T11:17:28+00:00","breadcrumb":{"@id":"https:\/\/radwerk-north.de\/product\/26-zoll-dreirad-fur-erwachsene-weis-6-gang-3-radrig\/#breadcrumb"},"inLanguage":"de","potentialAction":[{"@type":"ReadAction","target":["https:\/\/radwerk-north.de\/product\/26-zoll-dreirad-fur-erwachsene-weis-6-gang-3-radrig\/"]}]},{"@type":"ImageObject","inLanguage":"de","@id":"https:\/\/radwerk-north.de\/product\/26-zoll-dreirad-fur-erwachsene-weis-6-gang-3-radrig\/#primaryimage","url":"https:\/\/radwerk-north.de\/wp-content\/uploads\/2025\/11\/2-1.webp","contentUrl":"https:\/\/radwerk-north.de\/wp-content\/uploads\/2025\/11\/2-1.webp","width":2048,"height":2048},{"@type":"BreadcrumbList","@id":"https:\/\/radwerk-north.de\/product\/26-zoll-dreirad-fur-erwachsene-weis-6-gang-3-radrig\/#breadcrumb","itemListElement":[{"@type":"ListItem","position":1,"name":"Home","item":"https:\/\/radwerk-north.de\/"},{"@type":"ListItem","position":2,"name":"Products","item":"https:\/\/radwerk-north.de\/shop\/"},{"@type":"ListItem","position":3,"name":"26-Zoll-Dreirad f\u00fcr Erwachsene, wei\u00df, 6-Gang, 3-r\u00e4drig"}]},{"@type":"WebSite","@id":"https:\/\/radwerk-north.de\/#website","url":"https:\/\/radwerk-north.de\/","name":"RadWerk Nord","description":"Mobilit\u00e4t neu gedacht.","publisher":{"@id":"https:\/\/radwerk-north.de\/#organization"},"potentialAction":[{"@type":"SearchAction","target":{"@type":"EntryPoint","urlTemplate":"https:\/\/radwerk-north.de\/?s={search_term_string}"},"query-input":{"@type":"PropertyValueSpecification","valueRequired":true,"valueName":"search_term_string"}}],"inLanguage":"de"},{"@type":"Organization","@id":"https:\/\/radwerk-north.de\/#organization","name":"RadWerk Nord","url":"https:\/\/radwerk-north.de\/","logo":{"@type":"ImageObject","inLanguage":"de","@id":"https:\/\/radwerk-north.de\/#\/schema\/logo\/image\/","url":"https:\/\/radwerk-north.de\/wp-content\/uploads\/2025\/12\/cropped-Video_Screen1766523928533-removebg-preview.png","contentUrl":"https:\/\/radwerk-north.de\/wp-content\/uploads\/2025\/12\/cropped-Video_Screen1766523928533-removebg-preview.png","width":745,"height":294,"caption":"RadWerk Nord"},"image":{"@id":"https:\/\/radwerk-north.de\/#\/schema\/logo\/image\/"}}]},"product_price_amount":"300.00","product_price_currency":"EUR","og_availability":"instock","product_availability":"instock","product_retailer_item_id":"RDN7VFT46143","product_condition":"new"},"acf":[],"_links":{"self":[{"href":"https:\/\/radwerk-north.de\/de\/wp-json\/wp\/v2\/product\/6143","targetHints":{"allow":["GET"]}}],"collection":[{"href":"https:\/\/radwerk-north.de\/de\/wp-json\/wp\/v2\/product"}],"about":[{"href":"https:\/\/radwerk-north.de\/de\/wp-json\/wp\/v2\/types\/product"}],"replies":[{"embeddable":true,"href":"https:\/\/radwerk-north.de\/de\/wp-json\/wp\/v2\/comments?post=6143"}],"wp:featuredmedia":[{"embeddable":true,"href":"https:\/\/radwerk-north.de\/de\/wp-json\/wp\/v2\/media\/6145"}],"wp:attachment":[{"href":"https:\/\/radwerk-north.de\/de\/wp-json\/wp\/v2\/media?parent=6143"}],"wp:term":[{"taxonomy":"product_brand","embeddable":true,"href":"https:\/\/radwerk-north.de\/de\/wp-json\/wp\/v2\/product_brand?post=6143"},{"taxonomy":"product_cat","embeddable":true,"href":"https:\/\/radwerk-north.de\/de\/wp-json\/wp\/v2\/product_cat?post=6143"},{"taxonomy":"product_tag","embeddable":true,"href":"https:\/\/radwerk-north.de\/de\/wp-json\/wp\/v2\/product_tag?post=6143"}],"curies":[{"name":"wp","href":"https:\/\/api.w.org\/{rel}","templated":true}]}}