{"id":6139,"date":"2025-11-25T11:09:05","date_gmt":"2025-11-25T11:09:05","guid":{"rendered":"https:\/\/radwerk-north.de\/?post_type=product&#038;p=6139"},"modified":"2025-11-25T11:09:06","modified_gmt":"2025-11-25T11:09:06","slug":"canellini-lincy-24-mtb-kinderfahrrad-hellblau-grun","status":"publish","type":"product","link":"https:\/\/radwerk-north.de\/de\/product\/canellini-lincy-24-mtb-kinderfahrrad-hellblau-grun\/","title":{"rendered":"Canellini LINCY 24&#8243; MTB Kinderfahrrad &#8211; Hellblau\/Gr\u00fcn"},"content":{"rendered":"<p>24-Zoll-Fahrr\u00e4der sind die kleinste Gr\u00f6\u00dfe vor den Erwachsenenfahrr\u00e4dern und eignen sich gut f\u00fcr Kinder unter 150 cm K\u00f6rpergr\u00f6\u00dfe.<\/p>\n<p>Ideales Fahrrad f\u00fcr Kinder von 9 bis 12 Jahren<\/p>\n<p>6-Gang-Shimano-Schaltung<\/p>\n<p>Shimano-Schalthebel<\/p>\n<p>6-Gang-Shimano-Freilauf<\/p>\n<p>Aluminium-Bremshebel und V-Brakes<\/p>\n<p>Batteriebetriebene Vorder- und R\u00fccklichter<\/p>\n<p>Inklusive Gep\u00e4cktr\u00e4ger und Korb<\/p>\n<p>24-Zoll-R\u00e4der<\/p>\n","protected":false},"excerpt":{"rendered":"<p>24-Zoll-Fahrr\u00e4der sind die kleinste Gr\u00f6\u00dfe vor den Erwachsenenfahrr\u00e4dern und eignen sich gut f\u00fcr Kinder unter 150 cm K\u00f6rpergr\u00f6\u00dfe.<\/p>\n<p>Ideales Fahrrad f\u00fcr Kinder von 9 bis 12 Jahren<\/p>\n<p>6-Gang-Shimano-Schaltung<\/p>\n<p>Shimano-Schalthebel<\/p>\n<p>6-Gang-Shimano-Freilauf<\/p>\n<p>Aluminium-Bremshebel und V-Brakes<\/p>\n<p>Batteriebetriebene Vorder- und R\u00fccklichter<\/p>\n<p>Inklusive Gep\u00e4cktr\u00e4ger und Korb<\/p>\n<p>24-Zoll-R\u00e4der<\/p>\n","protected":false},"featured_media":6140,"comment_status":"open","ping_status":"closed","template":"","meta":[],"product_brand":[],"product_cat":[69],"product_tag":[],"class_list":{"0":"post-6139","1":"product","2":"type-product","3":"status-publish","4":"has-post-thumbnail","6":"product_cat-velo-ville","8":"first","9":"instock","10":"sale","11":"shipping-taxable","12":"purchasable","13":"product-type-simple"},"yoast_head":"<!-- This site is optimized with the Yoast SEO Premium plugin v26.2 (Yoast SEO v26.7) - https:\/\/yoast.com\/wordpress\/plugins\/seo\/ -->\n<title>Canellini LINCY 24&quot; MTB Kinderfahrrad - Hellblau\/Gr\u00fcn - RadWerk Nord<\/title>\n<meta name=\"robots\" content=\"index, follow, max-snippet:-1, max-image-preview:large, max-video-preview:-1\" \/>\n<link rel=\"canonical\" href=\"https:\/\/radwerk-north.de\/de\/product\/canellini-lincy-24-mtb-kinderfahrrad-hellblau-grun\/\" \/>\n<meta property=\"og:locale\" content=\"de_DE\" \/>\n<meta property=\"og:type\" content=\"article\" \/>\n<meta property=\"og:title\" content=\"Canellini LINCY 24&quot; MTB Kinderfahrrad - Hellblau\/Gr\u00fcn\" \/>\n<meta property=\"og:description\" content=\"24-Zoll-Fahrr\u00e4der sind die kleinste Gr\u00f6\u00dfe vor den Erwachsenenfahrr\u00e4dern und eignen sich gut f\u00fcr Kinder unter 150 cm K\u00f6rpergr\u00f6\u00dfe.  Ideales Fahrrad f\u00fcr Kinder von 9 bis 12 Jahren  6-Gang-Shimano-Schaltung  Shimano-Schalthebel  6-Gang-Shimano-Freilauf  Aluminium-Bremshebel und V-Brakes  Batteriebetriebene Vorder- und R\u00fccklichter  Inklusive Gep\u00e4cktr\u00e4ger und Korb  24-Zoll-R\u00e4der\" \/>\n<meta property=\"og:url\" content=\"https:\/\/radwerk-north.de\/de\/product\/canellini-lincy-24-mtb-kinderfahrrad-hellblau-grun\/\" \/>\n<meta property=\"og:site_name\" content=\"RadWerk Nord\" \/>\n<meta property=\"article:modified_time\" content=\"2025-11-25T11:09:06+00:00\" \/>\n<meta property=\"og:image\" content=\"https:\/\/radwerk-north.de\/wp-content\/uploads\/2025\/11\/1-1.webp\" \/>\n\t<meta property=\"og:image:width\" content=\"1024\" \/>\n\t<meta property=\"og:image:height\" content=\"619\" \/>\n\t<meta property=\"og:image:type\" content=\"image\/webp\" \/>\n<meta name=\"twitter:card\" content=\"summary_large_image\" \/>\n<meta name=\"twitter:label1\" content=\"Preis\" \/>\n\t<meta name=\"twitter:data1\" content=\"290,00&nbsp;&euro;\" \/>\n\t<meta name=\"twitter:label2\" content=\"Verf\u00fcgbarkeit\" \/>\n\t<meta name=\"twitter:data2\" content=\"Auf Lager\" \/>\n<script type=\"application\/ld+json\" class=\"yoast-schema-graph\">{\"@context\":\"https:\/\/schema.org\",\"@graph\":[{\"@type\":\"WebPage\",\"@id\":\"https:\/\/radwerk-north.de\/product\/canellini-lincy-24-mtb-kinderfahrrad-hellblau-grun\/\",\"url\":\"https:\/\/radwerk-north.de\/product\/canellini-lincy-24-mtb-kinderfahrrad-hellblau-grun\/\",\"name\":\"Canellini LINCY 24\\\" MTB Kinderfahrrad - Hellblau\/Gr\u00fcn - RadWerk Nord\",\"isPartOf\":{\"@id\":\"https:\/\/radwerk-north.de\/#website\"},\"primaryImageOfPage\":{\"@id\":\"https:\/\/radwerk-north.de\/product\/canellini-lincy-24-mtb-kinderfahrrad-hellblau-grun\/#primaryimage\"},\"image\":{\"@id\":\"https:\/\/radwerk-north.de\/product\/canellini-lincy-24-mtb-kinderfahrrad-hellblau-grun\/#primaryimage\"},\"thumbnailUrl\":\"https:\/\/radwerk-north.de\/wp-content\/uploads\/2025\/11\/1-1.webp\",\"datePublished\":\"2025-11-25T11:09:05+00:00\",\"dateModified\":\"2025-11-25T11:09:06+00:00\",\"breadcrumb\":{\"@id\":\"https:\/\/radwerk-north.de\/product\/canellini-lincy-24-mtb-kinderfahrrad-hellblau-grun\/#breadcrumb\"},\"inLanguage\":\"de\",\"potentialAction\":[{\"@type\":\"ReadAction\",\"target\":[\"https:\/\/radwerk-north.de\/product\/canellini-lincy-24-mtb-kinderfahrrad-hellblau-grun\/\"]}]},{\"@type\":\"ImageObject\",\"inLanguage\":\"de\",\"@id\":\"https:\/\/radwerk-north.de\/product\/canellini-lincy-24-mtb-kinderfahrrad-hellblau-grun\/#primaryimage\",\"url\":\"https:\/\/radwerk-north.de\/wp-content\/uploads\/2025\/11\/1-1.webp\",\"contentUrl\":\"https:\/\/radwerk-north.de\/wp-content\/uploads\/2025\/11\/1-1.webp\",\"width\":1024,\"height\":619},{\"@type\":\"BreadcrumbList\",\"@id\":\"https:\/\/radwerk-north.de\/product\/canellini-lincy-24-mtb-kinderfahrrad-hellblau-grun\/#breadcrumb\",\"itemListElement\":[{\"@type\":\"ListItem\",\"position\":1,\"name\":\"Home\",\"item\":\"https:\/\/radwerk-north.de\/\"},{\"@type\":\"ListItem\",\"position\":2,\"name\":\"Products\",\"item\":\"https:\/\/radwerk-north.de\/shop\/\"},{\"@type\":\"ListItem\",\"position\":3,\"name\":\"Canellini LINCY 24&#8243; MTB Kinderfahrrad &#8211; Hellblau\/Gr\u00fcn\"}]},{\"@type\":\"WebSite\",\"@id\":\"https:\/\/radwerk-north.de\/#website\",\"url\":\"https:\/\/radwerk-north.de\/\",\"name\":\"RadWerk Nord\",\"description\":\"Mobilit\u00e4t neu gedacht.\",\"publisher\":{\"@id\":\"https:\/\/radwerk-north.de\/#organization\"},\"potentialAction\":[{\"@type\":\"SearchAction\",\"target\":{\"@type\":\"EntryPoint\",\"urlTemplate\":\"https:\/\/radwerk-north.de\/?s={search_term_string}\"},\"query-input\":{\"@type\":\"PropertyValueSpecification\",\"valueRequired\":true,\"valueName\":\"search_term_string\"}}],\"inLanguage\":\"de\"},{\"@type\":\"Organization\",\"@id\":\"https:\/\/radwerk-north.de\/#organization\",\"name\":\"RadWerk Nord\",\"url\":\"https:\/\/radwerk-north.de\/\",\"logo\":{\"@type\":\"ImageObject\",\"inLanguage\":\"de\",\"@id\":\"https:\/\/radwerk-north.de\/#\/schema\/logo\/image\/\",\"url\":\"https:\/\/radwerk-north.de\/wp-content\/uploads\/2025\/12\/cropped-Video_Screen1766523928533-removebg-preview.png\",\"contentUrl\":\"https:\/\/radwerk-north.de\/wp-content\/uploads\/2025\/12\/cropped-Video_Screen1766523928533-removebg-preview.png\",\"width\":745,\"height\":294,\"caption\":\"RadWerk Nord\"},\"image\":{\"@id\":\"https:\/\/radwerk-north.de\/#\/schema\/logo\/image\/\"}}]}<\/script>\n<meta property=\"product:price:amount\" content=\"290.00\" \/>\n<meta property=\"product:price:currency\" content=\"EUR\" \/>\n<meta property=\"og:availability\" content=\"instock\" \/>\n<meta property=\"product:availability\" content=\"instock\" \/>\n<meta property=\"product:retailer_item_id\" content=\"RDN152SO6139\" \/>\n<meta property=\"product:condition\" content=\"new\" \/>\n<!-- \/ Yoast SEO Premium plugin. -->","yoast_head_json":{"title":"Canellini LINCY 24\" MTB Kinderfahrrad - Hellblau\/Gr\u00fcn - RadWerk Nord","robots":{"index":"index","follow":"follow","max-snippet":"max-snippet:-1","max-image-preview":"max-image-preview:large","max-video-preview":"max-video-preview:-1"},"canonical":"https:\/\/radwerk-north.de\/de\/product\/canellini-lincy-24-mtb-kinderfahrrad-hellblau-grun\/","og_locale":"de_DE","og_type":"article","og_title":"Canellini LINCY 24\" MTB Kinderfahrrad - Hellblau\/Gr\u00fcn","og_description":"24-Zoll-Fahrr\u00e4der sind die kleinste Gr\u00f6\u00dfe vor den Erwachsenenfahrr\u00e4dern und eignen sich gut f\u00fcr Kinder unter 150 cm K\u00f6rpergr\u00f6\u00dfe.  Ideales Fahrrad f\u00fcr Kinder von 9 bis 12 Jahren  6-Gang-Shimano-Schaltung  Shimano-Schalthebel  6-Gang-Shimano-Freilauf  Aluminium-Bremshebel und V-Brakes  Batteriebetriebene Vorder- und R\u00fccklichter  Inklusive Gep\u00e4cktr\u00e4ger und Korb  24-Zoll-R\u00e4der","og_url":"https:\/\/radwerk-north.de\/de\/product\/canellini-lincy-24-mtb-kinderfahrrad-hellblau-grun\/","og_site_name":"RadWerk Nord","article_modified_time":"2025-11-25T11:09:06+00:00","og_image":[{"width":1024,"height":619,"url":"https:\/\/radwerk-north.de\/wp-content\/uploads\/2025\/11\/1-1.webp","type":"image\/webp"}],"twitter_card":"summary_large_image","twitter_misc":{"Preis":"290,00&nbsp;&euro;","Verf\u00fcgbarkeit":"Auf Lager"},"schema":{"@context":"https:\/\/schema.org","@graph":[{"@type":"WebPage","@id":"https:\/\/radwerk-north.de\/product\/canellini-lincy-24-mtb-kinderfahrrad-hellblau-grun\/","url":"https:\/\/radwerk-north.de\/product\/canellini-lincy-24-mtb-kinderfahrrad-hellblau-grun\/","name":"Canellini LINCY 24\" MTB Kinderfahrrad - Hellblau\/Gr\u00fcn - RadWerk Nord","isPartOf":{"@id":"https:\/\/radwerk-north.de\/#website"},"primaryImageOfPage":{"@id":"https:\/\/radwerk-north.de\/product\/canellini-lincy-24-mtb-kinderfahrrad-hellblau-grun\/#primaryimage"},"image":{"@id":"https:\/\/radwerk-north.de\/product\/canellini-lincy-24-mtb-kinderfahrrad-hellblau-grun\/#primaryimage"},"thumbnailUrl":"https:\/\/radwerk-north.de\/wp-content\/uploads\/2025\/11\/1-1.webp","datePublished":"2025-11-25T11:09:05+00:00","dateModified":"2025-11-25T11:09:06+00:00","breadcrumb":{"@id":"https:\/\/radwerk-north.de\/product\/canellini-lincy-24-mtb-kinderfahrrad-hellblau-grun\/#breadcrumb"},"inLanguage":"de","potentialAction":[{"@type":"ReadAction","target":["https:\/\/radwerk-north.de\/product\/canellini-lincy-24-mtb-kinderfahrrad-hellblau-grun\/"]}]},{"@type":"ImageObject","inLanguage":"de","@id":"https:\/\/radwerk-north.de\/product\/canellini-lincy-24-mtb-kinderfahrrad-hellblau-grun\/#primaryimage","url":"https:\/\/radwerk-north.de\/wp-content\/uploads\/2025\/11\/1-1.webp","contentUrl":"https:\/\/radwerk-north.de\/wp-content\/uploads\/2025\/11\/1-1.webp","width":1024,"height":619},{"@type":"BreadcrumbList","@id":"https:\/\/radwerk-north.de\/product\/canellini-lincy-24-mtb-kinderfahrrad-hellblau-grun\/#breadcrumb","itemListElement":[{"@type":"ListItem","position":1,"name":"Home","item":"https:\/\/radwerk-north.de\/"},{"@type":"ListItem","position":2,"name":"Products","item":"https:\/\/radwerk-north.de\/shop\/"},{"@type":"ListItem","position":3,"name":"Canellini LINCY 24&#8243; MTB Kinderfahrrad &#8211; Hellblau\/Gr\u00fcn"}]},{"@type":"WebSite","@id":"https:\/\/radwerk-north.de\/#website","url":"https:\/\/radwerk-north.de\/","name":"RadWerk Nord","description":"Mobilit\u00e4t neu gedacht.","publisher":{"@id":"https:\/\/radwerk-north.de\/#organization"},"potentialAction":[{"@type":"SearchAction","target":{"@type":"EntryPoint","urlTemplate":"https:\/\/radwerk-north.de\/?s={search_term_string}"},"query-input":{"@type":"PropertyValueSpecification","valueRequired":true,"valueName":"search_term_string"}}],"inLanguage":"de"},{"@type":"Organization","@id":"https:\/\/radwerk-north.de\/#organization","name":"RadWerk Nord","url":"https:\/\/radwerk-north.de\/","logo":{"@type":"ImageObject","inLanguage":"de","@id":"https:\/\/radwerk-north.de\/#\/schema\/logo\/image\/","url":"https:\/\/radwerk-north.de\/wp-content\/uploads\/2025\/12\/cropped-Video_Screen1766523928533-removebg-preview.png","contentUrl":"https:\/\/radwerk-north.de\/wp-content\/uploads\/2025\/12\/cropped-Video_Screen1766523928533-removebg-preview.png","width":745,"height":294,"caption":"RadWerk Nord"},"image":{"@id":"https:\/\/radwerk-north.de\/#\/schema\/logo\/image\/"}}]},"product_price_amount":"290.00","product_price_currency":"EUR","og_availability":"instock","product_availability":"instock","product_retailer_item_id":"RDN152SO6139","product_condition":"new"},"acf":[],"_links":{"self":[{"href":"https:\/\/radwerk-north.de\/de\/wp-json\/wp\/v2\/product\/6139","targetHints":{"allow":["GET"]}}],"collection":[{"href":"https:\/\/radwerk-north.de\/de\/wp-json\/wp\/v2\/product"}],"about":[{"href":"https:\/\/radwerk-north.de\/de\/wp-json\/wp\/v2\/types\/product"}],"replies":[{"embeddable":true,"href":"https:\/\/radwerk-north.de\/de\/wp-json\/wp\/v2\/comments?post=6139"}],"wp:featuredmedia":[{"embeddable":true,"href":"https:\/\/radwerk-north.de\/de\/wp-json\/wp\/v2\/media\/6140"}],"wp:attachment":[{"href":"https:\/\/radwerk-north.de\/de\/wp-json\/wp\/v2\/media?parent=6139"}],"wp:term":[{"taxonomy":"product_brand","embeddable":true,"href":"https:\/\/radwerk-north.de\/de\/wp-json\/wp\/v2\/product_brand?post=6139"},{"taxonomy":"product_cat","embeddable":true,"href":"https:\/\/radwerk-north.de\/de\/wp-json\/wp\/v2\/product_cat?post=6139"},{"taxonomy":"product_tag","embeddable":true,"href":"https:\/\/radwerk-north.de\/de\/wp-json\/wp\/v2\/product_tag?post=6139"}],"curies":[{"name":"wp","href":"https:\/\/api.w.org\/{rel}","templated":true}]}}