{"id":6133,"date":"2025-11-25T10:29:33","date_gmt":"2025-11-25T10:29:33","guid":{"rendered":"https:\/\/radwerk-north.de\/?post_type=product&#038;p=6133"},"modified":"2025-11-25T10:29:35","modified_gmt":"2025-11-25T10:29:35","slug":"klappfahrrad-406-cm-fur-erwachsene-variable-geschwindigkeit-studentenfahrrad-herren-und-damen-ultraleicht-kleines-pedal-freizeit-reisefahrrad","status":"publish","type":"product","link":"https:\/\/radwerk-north.de\/de\/product\/klappfahrrad-406-cm-fur-erwachsene-variable-geschwindigkeit-studentenfahrrad-herren-und-damen-ultraleicht-kleines-pedal-freizeit-reisefahrrad\/","title":{"rendered":"Klappfahrrad, 40,6 cm, f\u00fcr Erwachsene, variable Geschwindigkeit, Studentenfahrrad, Herren und Damen, ultraleicht, kleines Pedal, Freizeit-Reisefahrrad"},"content":{"rendered":"<div>\n<div class=\"title--wrap--NWOaiSp\">\n<h2 class=\"title--title--O6xcB1q\">Informationen zu Zusatzkosten<\/h2>\n<\/div>\n<div class=\"remind--msg--bmjMqyw\">Bei von au\u00dferhalb der Europ\u00e4ischen Union gelieferten Artikeln fallen in Ihrem Land u. U. weitere MwSt.- und wenn anwendbar Zollgeb\u00fchren an. Wenn AliExpress per Gesetz zur Erhebung der MwSt. verpflichtet ist, wird der Preis an der Kasse inklusive Mehrwertsteuer angezeigt. F\u00fcr weitere Informationen zu diesen Kosten wenden Sie sich bitte an das Finanzamt bzw. die Zollbeh\u00f6rde Ihres Landes.<\/div>\n<\/div>\n<div>\n<div class=\"remind--msg--bmjMqyw\" data-spm-anchor-id=\"a2g0o.detail.0.i10.d96fRYILRYILjU\">Verkauft von UNIX-SPORT Store, bearbeitet von UNIX-SPORT Store<\/div>\n<\/div>\n","protected":false},"excerpt":{"rendered":"<div>\n<div class=\"remind--msg--bmjMqyw\">Bei von au\u00dferhalb der Europ\u00e4ischen Union gelieferten Artikeln fallen in Ihrem Land u. U. weitere MwSt.- und wenn anwendbar Zollgeb\u00fchren an. Wenn AliExpress per Gesetz zur Erhebung der MwSt. verpflichtet ist, wird der Preis an der Kasse inklusive Mehrwertsteuer angezeigt. F\u00fcr weitere Informationen zu diesen Kosten wenden Sie sich bitte an das Finanzamt bzw. die Zollbeh\u00f6rde Ihres Landes.<\/div>\n<\/div>\n<div>\n<div class=\"remind--msg--bmjMqyw\" data-spm-anchor-id=\"a2g0o.detail.0.i10.d96fRYILRYILjU\">Verkauft von UNIX-SPORT Store, bearbeitet von UNIX-SPORT Store<\/div>\n<\/div>\n","protected":false},"featured_media":6134,"comment_status":"open","ping_status":"closed","template":"","meta":[],"product_brand":[],"product_cat":[66],"product_tag":[],"class_list":{"0":"post-6133","1":"product","2":"type-product","3":"status-publish","4":"has-post-thumbnail","6":"product_cat-velo-pliant","8":"first","9":"instock","10":"sale","11":"shipping-taxable","12":"purchasable","13":"product-type-simple"},"yoast_head":"<!-- This site is optimized with the Yoast SEO Premium plugin v26.2 (Yoast SEO v26.7) - https:\/\/yoast.com\/wordpress\/plugins\/seo\/ -->\n<title>Klappfahrrad, 40,6 cm, f\u00fcr Erwachsene, variable Geschwindigkeit, Studentenfahrrad, Herren und Damen, ultraleicht, kleines Pedal, Freizeit-Reisefahrrad - RadWerk Nord<\/title>\n<meta name=\"robots\" content=\"index, follow, max-snippet:-1, max-image-preview:large, max-video-preview:-1\" \/>\n<link rel=\"canonical\" href=\"https:\/\/radwerk-north.de\/de\/product\/klappfahrrad-406-cm-fur-erwachsene-variable-geschwindigkeit-studentenfahrrad-herren-und-damen-ultraleicht-kleines-pedal-freizeit-reisefahrrad\/\" \/>\n<meta property=\"og:locale\" content=\"de_DE\" \/>\n<meta property=\"og:type\" content=\"article\" \/>\n<meta property=\"og:title\" content=\"Klappfahrrad, 40,6 cm, f\u00fcr Erwachsene, variable Geschwindigkeit, Studentenfahrrad, Herren und Damen, ultraleicht, kleines Pedal, Freizeit-Reisefahrrad\" \/>\n<meta property=\"og:description\" content=\"Bei von au\u00dferhalb der Europ\u00e4ischen Union gelieferten Artikeln fallen in Ihrem Land u. U. weitere MwSt.- und wenn anwendbar Zollgeb\u00fchren an. Wenn AliExpress per Gesetz zur Erhebung der MwSt. verpflichtet ist, wird der Preis an der Kasse inklusive Mehrwertsteuer angezeigt. F\u00fcr weitere Informationen zu diesen Kosten wenden Sie sich bitte an das Finanzamt bzw. die Zollbeh\u00f6rde Ihres Landes.   Verkauft von UNIX-SPORT Store, bearbeitet von UNIX-SPORT Store\" \/>\n<meta property=\"og:url\" content=\"https:\/\/radwerk-north.de\/de\/product\/klappfahrrad-406-cm-fur-erwachsene-variable-geschwindigkeit-studentenfahrrad-herren-und-damen-ultraleicht-kleines-pedal-freizeit-reisefahrrad\/\" \/>\n<meta property=\"og:site_name\" content=\"RadWerk Nord\" \/>\n<meta property=\"article:modified_time\" content=\"2025-11-25T10:29:35+00:00\" \/>\n<meta name=\"twitter:card\" content=\"summary_large_image\" \/>\n<meta name=\"twitter:label1\" content=\"Preis\" \/>\n\t<meta name=\"twitter:data1\" content=\"555,00&nbsp;&euro;\" \/>\n\t<meta name=\"twitter:label2\" content=\"Verf\u00fcgbarkeit\" \/>\n\t<meta name=\"twitter:data2\" content=\"Auf Lager\" \/>\n<script type=\"application\/ld+json\" class=\"yoast-schema-graph\">{\"@context\":\"https:\/\/schema.org\",\"@graph\":[{\"@type\":\"WebPage\",\"@id\":\"https:\/\/radwerk-north.de\/product\/klappfahrrad-406-cm-fur-erwachsene-variable-geschwindigkeit-studentenfahrrad-herren-und-damen-ultraleicht-kleines-pedal-freizeit-reisefahrrad\/\",\"url\":\"https:\/\/radwerk-north.de\/product\/klappfahrrad-406-cm-fur-erwachsene-variable-geschwindigkeit-studentenfahrrad-herren-und-damen-ultraleicht-kleines-pedal-freizeit-reisefahrrad\/\",\"name\":\"Klappfahrrad, 40,6 cm, f\u00fcr Erwachsene, variable Geschwindigkeit, Studentenfahrrad, Herren und Damen, ultraleicht, kleines Pedal, Freizeit-Reisefahrrad - RadWerk Nord\",\"isPartOf\":{\"@id\":\"https:\/\/radwerk-north.de\/#website\"},\"primaryImageOfPage\":{\"@id\":\"https:\/\/radwerk-north.de\/product\/klappfahrrad-406-cm-fur-erwachsene-variable-geschwindigkeit-studentenfahrrad-herren-und-damen-ultraleicht-kleines-pedal-freizeit-reisefahrrad\/#primaryimage\"},\"image\":{\"@id\":\"https:\/\/radwerk-north.de\/product\/klappfahrrad-406-cm-fur-erwachsene-variable-geschwindigkeit-studentenfahrrad-herren-und-damen-ultraleicht-kleines-pedal-freizeit-reisefahrrad\/#primaryimage\"},\"thumbnailUrl\":\"https:\/\/radwerk-north.de\/wp-content\/uploads\/2025\/11\/Sf7bad38cdacc48de927b143090a5052cK.jpg_960x960q75.jpg_.avif\",\"datePublished\":\"2025-11-25T10:29:33+00:00\",\"dateModified\":\"2025-11-25T10:29:35+00:00\",\"breadcrumb\":{\"@id\":\"https:\/\/radwerk-north.de\/product\/klappfahrrad-406-cm-fur-erwachsene-variable-geschwindigkeit-studentenfahrrad-herren-und-damen-ultraleicht-kleines-pedal-freizeit-reisefahrrad\/#breadcrumb\"},\"inLanguage\":\"de\",\"potentialAction\":[{\"@type\":\"ReadAction\",\"target\":[\"https:\/\/radwerk-north.de\/product\/klappfahrrad-406-cm-fur-erwachsene-variable-geschwindigkeit-studentenfahrrad-herren-und-damen-ultraleicht-kleines-pedal-freizeit-reisefahrrad\/\"]}]},{\"@type\":\"ImageObject\",\"inLanguage\":\"de\",\"@id\":\"https:\/\/radwerk-north.de\/product\/klappfahrrad-406-cm-fur-erwachsene-variable-geschwindigkeit-studentenfahrrad-herren-und-damen-ultraleicht-kleines-pedal-freizeit-reisefahrrad\/#primaryimage\",\"url\":\"https:\/\/radwerk-north.de\/wp-content\/uploads\/2025\/11\/Sf7bad38cdacc48de927b143090a5052cK.jpg_960x960q75.jpg_.avif\",\"contentUrl\":\"https:\/\/radwerk-north.de\/wp-content\/uploads\/2025\/11\/Sf7bad38cdacc48de927b143090a5052cK.jpg_960x960q75.jpg_.avif\",\"width\":800,\"height\":800},{\"@type\":\"BreadcrumbList\",\"@id\":\"https:\/\/radwerk-north.de\/product\/klappfahrrad-406-cm-fur-erwachsene-variable-geschwindigkeit-studentenfahrrad-herren-und-damen-ultraleicht-kleines-pedal-freizeit-reisefahrrad\/#breadcrumb\",\"itemListElement\":[{\"@type\":\"ListItem\",\"position\":1,\"name\":\"Home\",\"item\":\"https:\/\/radwerk-north.de\/\"},{\"@type\":\"ListItem\",\"position\":2,\"name\":\"Products\",\"item\":\"https:\/\/radwerk-north.de\/shop\/\"},{\"@type\":\"ListItem\",\"position\":3,\"name\":\"Klappfahrrad, 40,6 cm, f\u00fcr Erwachsene, variable Geschwindigkeit, Studentenfahrrad, Herren und Damen, ultraleicht, kleines Pedal, Freizeit-Reisefahrrad\"}]},{\"@type\":\"WebSite\",\"@id\":\"https:\/\/radwerk-north.de\/#website\",\"url\":\"https:\/\/radwerk-north.de\/\",\"name\":\"RadWerk Nord\",\"description\":\"Mobilit\u00e4t neu gedacht.\",\"publisher\":{\"@id\":\"https:\/\/radwerk-north.de\/#organization\"},\"potentialAction\":[{\"@type\":\"SearchAction\",\"target\":{\"@type\":\"EntryPoint\",\"urlTemplate\":\"https:\/\/radwerk-north.de\/?s={search_term_string}\"},\"query-input\":{\"@type\":\"PropertyValueSpecification\",\"valueRequired\":true,\"valueName\":\"search_term_string\"}}],\"inLanguage\":\"de\"},{\"@type\":\"Organization\",\"@id\":\"https:\/\/radwerk-north.de\/#organization\",\"name\":\"RadWerk Nord\",\"url\":\"https:\/\/radwerk-north.de\/\",\"logo\":{\"@type\":\"ImageObject\",\"inLanguage\":\"de\",\"@id\":\"https:\/\/radwerk-north.de\/#\/schema\/logo\/image\/\",\"url\":\"https:\/\/radwerk-north.de\/wp-content\/uploads\/2025\/12\/cropped-Video_Screen1766523928533-removebg-preview.png\",\"contentUrl\":\"https:\/\/radwerk-north.de\/wp-content\/uploads\/2025\/12\/cropped-Video_Screen1766523928533-removebg-preview.png\",\"width\":745,\"height\":294,\"caption\":\"RadWerk Nord\"},\"image\":{\"@id\":\"https:\/\/radwerk-north.de\/#\/schema\/logo\/image\/\"}}]}<\/script>\n<meta property=\"product:price:amount\" content=\"555.00\" \/>\n<meta property=\"product:price:currency\" content=\"EUR\" \/>\n<meta property=\"og:availability\" content=\"instock\" \/>\n<meta property=\"product:availability\" content=\"instock\" \/>\n<meta property=\"product:retailer_item_id\" content=\"RDNBAQ416133\" \/>\n<meta property=\"product:condition\" content=\"new\" \/>\n<!-- \/ Yoast SEO Premium plugin. -->","yoast_head_json":{"title":"Klappfahrrad, 40,6 cm, f\u00fcr Erwachsene, variable Geschwindigkeit, Studentenfahrrad, Herren und Damen, ultraleicht, kleines Pedal, Freizeit-Reisefahrrad - RadWerk Nord","robots":{"index":"index","follow":"follow","max-snippet":"max-snippet:-1","max-image-preview":"max-image-preview:large","max-video-preview":"max-video-preview:-1"},"canonical":"https:\/\/radwerk-north.de\/de\/product\/klappfahrrad-406-cm-fur-erwachsene-variable-geschwindigkeit-studentenfahrrad-herren-und-damen-ultraleicht-kleines-pedal-freizeit-reisefahrrad\/","og_locale":"de_DE","og_type":"article","og_title":"Klappfahrrad, 40,6 cm, f\u00fcr Erwachsene, variable Geschwindigkeit, Studentenfahrrad, Herren und Damen, ultraleicht, kleines Pedal, Freizeit-Reisefahrrad","og_description":"Bei von au\u00dferhalb der Europ\u00e4ischen Union gelieferten Artikeln fallen in Ihrem Land u. U. weitere MwSt.- und wenn anwendbar Zollgeb\u00fchren an. Wenn AliExpress per Gesetz zur Erhebung der MwSt. verpflichtet ist, wird der Preis an der Kasse inklusive Mehrwertsteuer angezeigt. F\u00fcr weitere Informationen zu diesen Kosten wenden Sie sich bitte an das Finanzamt bzw. die Zollbeh\u00f6rde Ihres Landes.   Verkauft von UNIX-SPORT Store, bearbeitet von UNIX-SPORT Store","og_url":"https:\/\/radwerk-north.de\/de\/product\/klappfahrrad-406-cm-fur-erwachsene-variable-geschwindigkeit-studentenfahrrad-herren-und-damen-ultraleicht-kleines-pedal-freizeit-reisefahrrad\/","og_site_name":"RadWerk Nord","article_modified_time":"2025-11-25T10:29:35+00:00","twitter_card":"summary_large_image","twitter_misc":{"Preis":"555,00&nbsp;&euro;","Verf\u00fcgbarkeit":"Auf Lager"},"schema":{"@context":"https:\/\/schema.org","@graph":[{"@type":"WebPage","@id":"https:\/\/radwerk-north.de\/product\/klappfahrrad-406-cm-fur-erwachsene-variable-geschwindigkeit-studentenfahrrad-herren-und-damen-ultraleicht-kleines-pedal-freizeit-reisefahrrad\/","url":"https:\/\/radwerk-north.de\/product\/klappfahrrad-406-cm-fur-erwachsene-variable-geschwindigkeit-studentenfahrrad-herren-und-damen-ultraleicht-kleines-pedal-freizeit-reisefahrrad\/","name":"Klappfahrrad, 40,6 cm, f\u00fcr Erwachsene, variable Geschwindigkeit, Studentenfahrrad, Herren und Damen, ultraleicht, kleines Pedal, Freizeit-Reisefahrrad - RadWerk Nord","isPartOf":{"@id":"https:\/\/radwerk-north.de\/#website"},"primaryImageOfPage":{"@id":"https:\/\/radwerk-north.de\/product\/klappfahrrad-406-cm-fur-erwachsene-variable-geschwindigkeit-studentenfahrrad-herren-und-damen-ultraleicht-kleines-pedal-freizeit-reisefahrrad\/#primaryimage"},"image":{"@id":"https:\/\/radwerk-north.de\/product\/klappfahrrad-406-cm-fur-erwachsene-variable-geschwindigkeit-studentenfahrrad-herren-und-damen-ultraleicht-kleines-pedal-freizeit-reisefahrrad\/#primaryimage"},"thumbnailUrl":"https:\/\/radwerk-north.de\/wp-content\/uploads\/2025\/11\/Sf7bad38cdacc48de927b143090a5052cK.jpg_960x960q75.jpg_.avif","datePublished":"2025-11-25T10:29:33+00:00","dateModified":"2025-11-25T10:29:35+00:00","breadcrumb":{"@id":"https:\/\/radwerk-north.de\/product\/klappfahrrad-406-cm-fur-erwachsene-variable-geschwindigkeit-studentenfahrrad-herren-und-damen-ultraleicht-kleines-pedal-freizeit-reisefahrrad\/#breadcrumb"},"inLanguage":"de","potentialAction":[{"@type":"ReadAction","target":["https:\/\/radwerk-north.de\/product\/klappfahrrad-406-cm-fur-erwachsene-variable-geschwindigkeit-studentenfahrrad-herren-und-damen-ultraleicht-kleines-pedal-freizeit-reisefahrrad\/"]}]},{"@type":"ImageObject","inLanguage":"de","@id":"https:\/\/radwerk-north.de\/product\/klappfahrrad-406-cm-fur-erwachsene-variable-geschwindigkeit-studentenfahrrad-herren-und-damen-ultraleicht-kleines-pedal-freizeit-reisefahrrad\/#primaryimage","url":"https:\/\/radwerk-north.de\/wp-content\/uploads\/2025\/11\/Sf7bad38cdacc48de927b143090a5052cK.jpg_960x960q75.jpg_.avif","contentUrl":"https:\/\/radwerk-north.de\/wp-content\/uploads\/2025\/11\/Sf7bad38cdacc48de927b143090a5052cK.jpg_960x960q75.jpg_.avif","width":800,"height":800},{"@type":"BreadcrumbList","@id":"https:\/\/radwerk-north.de\/product\/klappfahrrad-406-cm-fur-erwachsene-variable-geschwindigkeit-studentenfahrrad-herren-und-damen-ultraleicht-kleines-pedal-freizeit-reisefahrrad\/#breadcrumb","itemListElement":[{"@type":"ListItem","position":1,"name":"Home","item":"https:\/\/radwerk-north.de\/"},{"@type":"ListItem","position":2,"name":"Products","item":"https:\/\/radwerk-north.de\/shop\/"},{"@type":"ListItem","position":3,"name":"Klappfahrrad, 40,6 cm, f\u00fcr Erwachsene, variable Geschwindigkeit, Studentenfahrrad, Herren und Damen, ultraleicht, kleines Pedal, Freizeit-Reisefahrrad"}]},{"@type":"WebSite","@id":"https:\/\/radwerk-north.de\/#website","url":"https:\/\/radwerk-north.de\/","name":"RadWerk Nord","description":"Mobilit\u00e4t neu gedacht.","publisher":{"@id":"https:\/\/radwerk-north.de\/#organization"},"potentialAction":[{"@type":"SearchAction","target":{"@type":"EntryPoint","urlTemplate":"https:\/\/radwerk-north.de\/?s={search_term_string}"},"query-input":{"@type":"PropertyValueSpecification","valueRequired":true,"valueName":"search_term_string"}}],"inLanguage":"de"},{"@type":"Organization","@id":"https:\/\/radwerk-north.de\/#organization","name":"RadWerk Nord","url":"https:\/\/radwerk-north.de\/","logo":{"@type":"ImageObject","inLanguage":"de","@id":"https:\/\/radwerk-north.de\/#\/schema\/logo\/image\/","url":"https:\/\/radwerk-north.de\/wp-content\/uploads\/2025\/12\/cropped-Video_Screen1766523928533-removebg-preview.png","contentUrl":"https:\/\/radwerk-north.de\/wp-content\/uploads\/2025\/12\/cropped-Video_Screen1766523928533-removebg-preview.png","width":745,"height":294,"caption":"RadWerk Nord"},"image":{"@id":"https:\/\/radwerk-north.de\/#\/schema\/logo\/image\/"}}]},"product_price_amount":"555.00","product_price_currency":"EUR","og_availability":"instock","product_availability":"instock","product_retailer_item_id":"RDNBAQ416133","product_condition":"new"},"acf":[],"_links":{"self":[{"href":"https:\/\/radwerk-north.de\/de\/wp-json\/wp\/v2\/product\/6133","targetHints":{"allow":["GET"]}}],"collection":[{"href":"https:\/\/radwerk-north.de\/de\/wp-json\/wp\/v2\/product"}],"about":[{"href":"https:\/\/radwerk-north.de\/de\/wp-json\/wp\/v2\/types\/product"}],"replies":[{"embeddable":true,"href":"https:\/\/radwerk-north.de\/de\/wp-json\/wp\/v2\/comments?post=6133"}],"wp:featuredmedia":[{"embeddable":true,"href":"https:\/\/radwerk-north.de\/de\/wp-json\/wp\/v2\/media\/6134"}],"wp:attachment":[{"href":"https:\/\/radwerk-north.de\/de\/wp-json\/wp\/v2\/media?parent=6133"}],"wp:term":[{"taxonomy":"product_brand","embeddable":true,"href":"https:\/\/radwerk-north.de\/de\/wp-json\/wp\/v2\/product_brand?post=6133"},{"taxonomy":"product_cat","embeddable":true,"href":"https:\/\/radwerk-north.de\/de\/wp-json\/wp\/v2\/product_cat?post=6133"},{"taxonomy":"product_tag","embeddable":true,"href":"https:\/\/radwerk-north.de\/de\/wp-json\/wp\/v2\/product_tag?post=6133"}],"curies":[{"name":"wp","href":"https:\/\/api.w.org\/{rel}","templated":true}]}}