{"id":6132,"date":"2025-11-25T11:02:00","date_gmt":"2025-11-25T11:02:00","guid":{"rendered":"https:\/\/radwerk-north.de\/?post_type=product&#038;p=6132"},"modified":"2025-11-25T11:02:01","modified_gmt":"2025-11-25T11:02:01","slug":"shimano-7-stufiger-laubblaser-weis-und-beige-sun-baby","status":"publish","type":"product","link":"https:\/\/radwerk-north.de\/de\/product\/shimano-7-stufiger-laubblaser-weis-und-beige-sun-baby\/","title":{"rendered":"SHIMANO 7-stufiger Laubbl\u00e4ser, wei\u00df und beige, Sun Baby"},"content":{"rendered":"<p>Produktmerkmale:<\/p>\n<p>Alter: 8\u201312 Jahre<br \/>\nRadgr\u00f6\u00dfe: 24 Zoll<br \/>\nSitzh\u00f6he: 71\u201387 cm<br \/>\nSitzl\u00e4nge: 24,5 cm<br \/>\nSitzbreite: 18 cm<br \/>\nLenkerh\u00f6he: 92\u201394 cm<br \/>\nLenkerbreite: 61 cm<br \/>\n7-Gang Shimano RevoShift Drehgriffschaltung<br \/>\nRahmen: Lackierter Stahl<br \/>\nR\u00e4der: 24 Zoll (Aluminium)<br \/>\nV-Brakes (vorne und hinten)<br \/>\nGep\u00e4cktr\u00e4ger<br \/>\nSeitenst\u00e4nder<br \/>\nSchutzbleche aus Metall (vorne und hinten)<br \/>\nGro\u00dfer Kettenschutz<br \/>\nReflektoren (vorne und hinten)<br \/>\nSpeichenreflektoren<br \/>\nMaximales Gewicht des Kindes: 80 kg<br \/>\nVerstellbare Lenkerh\u00f6he<br \/>\nVerstellbare Sattelh\u00f6he<\/p>\n","protected":false},"excerpt":{"rendered":"<p>Das Fahrrad ist ausgestattet mit: V-Brakes vorne und hinten, Schutzblechen aus Metall vorne und hinten, gro\u00dfem Kettenschutz, Reflektoren, Klingel, Gep\u00e4cktr\u00e4ger, Seitenst\u00e4nder und Shimano-Schaltwerk.<\/p>\n<p>Gewicht: 15,15 kg<\/p>\n<p>Das perfekte Kommunionsgeschenk f\u00fcr M\u00e4dchen \u2013 es vereint Stil, Komfort und Funktionalit\u00e4t.<\/p>\n<p>V-Brakes: Der lange Hebelarm der V-Brake sorgt daf\u00fcr, dass bereits leichter Druck auf den Bremshebel eine kraftvolle Bremswirkung erzielt und die Bremsen auch bei N\u00e4sse zuverl\u00e4ssig funktionieren. Das Fahrrad verf\u00fcgt \u00fcber V-Brakes an Vorder- und Hinterrad.<\/p>\n<p>Klassisches Design: Die dezenten Farben und die klassische Linienf\u00fchrung des Rahmens verleihen dem Fahrrad einen einzigartigen und zeitlosen Look.<\/p>\n<p>7 G\u00e4nge: Mit dem RevoShift-Drehgriff l\u00e4sst sich die Gangwahl schnell und einfach durchf\u00fchren, sodass Sie f\u00fcr jede Fahrsituation den passenden Gang finden. Ob bergauf oder bergab \u2013 w\u00e4hlen Sie die Geschwindigkeit, die zu Ihnen passt, und fahren Sie m\u00fchelos!<\/p>\n<p>Seitenst\u00e4nder: Ein stabiler Seitenst\u00e4nder sorgt f\u00fcr sicheren Stand. Sie m\u00fcssen sich keine Gedanken mehr um das Parken machen.<\/p>\n<p>Shimano-Schaltung<br \/>\nSorgt f\u00fcr reibungslose Gangwechsel im gesamten \u00dcbersetzungsbereich, unabh\u00e4ngig von den Fahrbedingungen.<\/p>\n<p>Kettenschutz<br \/>\nSch\u00fctzt vor Schmutz und verhindert, dass sich Kleidung in der Kette verf\u00e4ngt.<\/p>\n<p>Fahrrad mit Gep\u00e4cktr\u00e4ger<br \/>\nRucksack, Korb oder Lieblingsspielzeug \u2013 einfach am Gep\u00e4cktr\u00e4ger befestigen und los geht\u2019s!<\/p>\n<p>Schutzbleche aus Metall<br \/>\nVerleihen dem Fahrrad ein elegantes Aussehen und sch\u00fctzen die Kleidung bei Regen.<\/p>\n<p>Das perfekte Geschenk zur Kommunion!<\/p>\n<p>WICHTIGE INFORMATIONEN<\/p>\n<p>Vormontiert f\u00fcr die Stra\u00dfe: Das Fahrrad ist zu 80 % vormontiert. Vorderrad, Reflektoren, Lenker, Sattel und Pedale m\u00fcssen noch montiert werden. Vor der ersten Fahrt m\u00fcssen Bremsen und Schaltung eingestellt werden. Sattel und Lenker m\u00fcssen auf die richtige H\u00f6he eingestellt werden. Achten Sie darauf, dass die Reifen den empfohlenen Reifendruck haben (dieser ist auf den Reifen angegeben). \u00dcberpr\u00fcfen Sie alle Fahrradteile, einschlie\u00dflich Schrauben und Muttern.<\/p>\n<p>Kinder wachsen schnell, und im Fr\u00fchling passt das Fahrrad perfekt.<\/p>\n<p>Das Gewicht des Fahrrads ist ohne zus\u00e4tzliches Zubeh\u00f6r wie Schutzbleche, Gep\u00e4cktr\u00e4ger, Klingel, Reflektoren, Pedale und St\u00e4nder angegeben.<\/p>\n","protected":false},"featured_media":6136,"comment_status":"open","ping_status":"closed","template":"","meta":[],"product_brand":[],"product_cat":[69],"product_tag":[],"class_list":{"0":"post-6132","1":"product","2":"type-product","3":"status-publish","4":"has-post-thumbnail","6":"product_cat-velo-ville","8":"first","9":"instock","10":"shipping-taxable","11":"purchasable","12":"product-type-simple"},"yoast_head":"<!-- This site is optimized with the Yoast SEO Premium plugin v26.2 (Yoast SEO v26.7) - https:\/\/yoast.com\/wordpress\/plugins\/seo\/ -->\n<title>SHIMANO 7-stufiger Laubbl\u00e4ser, wei\u00df und beige, Sun Baby - RadWerk Nord<\/title>\n<meta name=\"robots\" content=\"index, follow, max-snippet:-1, max-image-preview:large, max-video-preview:-1\" \/>\n<link rel=\"canonical\" href=\"https:\/\/radwerk-north.de\/de\/product\/shimano-7-stufiger-laubblaser-weis-und-beige-sun-baby\/\" \/>\n<meta property=\"og:locale\" content=\"de_DE\" \/>\n<meta property=\"og:type\" content=\"article\" \/>\n<meta property=\"og:title\" content=\"SHIMANO 7-stufiger Laubbl\u00e4ser, wei\u00df und beige, Sun Baby\" \/>\n<meta property=\"og:description\" content=\"Das Fahrrad ist ausgestattet mit: V-Brakes vorne und hinten, Schutzblechen aus Metall vorne und hinten, gro\u00dfem Kettenschutz, Reflektoren, Klingel, Gep\u00e4cktr\u00e4ger, Seitenst\u00e4nder und Shimano-Schaltwerk.  Gewicht: 15,15 kg  Das perfekte Kommunionsgeschenk f\u00fcr M\u00e4dchen \u2013 es vereint Stil, Komfort und Funktionalit\u00e4t.  V-Brakes: Der lange Hebelarm der V-Brake sorgt daf\u00fcr, dass bereits leichter Druck auf den Bremshebel eine kraftvolle Bremswirkung erzielt und die Bremsen auch bei N\u00e4sse zuverl\u00e4ssig funktionieren. Das Fahrrad verf\u00fcgt \u00fcber V-Brakes an Vorder- und Hinterrad.  Klassisches Design: Die dezenten Farben und die klassische Linienf\u00fchrung des Rahmens verleihen dem Fahrrad einen einzigartigen und zeitlosen Look.  7 G\u00e4nge: Mit dem RevoShift-Drehgriff l\u00e4sst sich die Gangwahl schnell und einfach durchf\u00fchren, sodass Sie f\u00fcr jede Fahrsituation den passenden Gang finden. Ob bergauf oder bergab \u2013 w\u00e4hlen Sie die Geschwindigkeit, die zu Ihnen passt, und fahren Sie m\u00fchelos!  Seitenst\u00e4nder: Ein stabiler Seitenst\u00e4nder sorgt f\u00fcr sicheren Stand. Sie m\u00fcssen sich keine Gedanken mehr um das Parken machen.  Shimano-Schaltung Sorgt f\u00fcr reibungslose Gangwechsel im gesamten \u00dcbersetzungsbereich, unabh\u00e4ngig von den Fahrbedingungen.  Kettenschutz Sch\u00fctzt vor Schmutz und verhindert, dass sich Kleidung in der Kette verf\u00e4ngt.  Fahrrad mit Gep\u00e4cktr\u00e4ger Rucksack, Korb oder Lieblingsspielzeug \u2013 einfach am Gep\u00e4cktr\u00e4ger befestigen und los geht\u2019s!  Schutzbleche aus Metall Verleihen dem Fahrrad ein elegantes Aussehen und sch\u00fctzen die Kleidung bei Regen.  Das perfekte Geschenk zur Kommunion!  WICHTIGE INFORMATIONEN  Vormontiert f\u00fcr die Stra\u00dfe: Das Fahrrad ist zu 80 % vormontiert. Vorderrad, Reflektoren, Lenker, Sattel und Pedale m\u00fcssen noch montiert werden. Vor der ersten Fahrt m\u00fcssen Bremsen und Schaltung eingestellt werden. Sattel und Lenker m\u00fcssen auf die richtige H\u00f6he eingestellt werden. Achten Sie darauf, dass die Reifen den empfohlenen Reifendruck haben (dieser ist auf den Reifen angegeben). \u00dcberpr\u00fcfen Sie alle Fahrradteile, einschlie\u00dflich Schrauben und Muttern.  Kinder wachsen schnell, und im Fr\u00fchling passt das Fahrrad perfekt.  Das Gewicht des Fahrrads ist ohne zus\u00e4tzliches Zubeh\u00f6r wie Schutzbleche, Gep\u00e4cktr\u00e4ger, Klingel, Reflektoren, Pedale und St\u00e4nder angegeben.\" \/>\n<meta property=\"og:url\" content=\"https:\/\/radwerk-north.de\/de\/product\/shimano-7-stufiger-laubblaser-weis-und-beige-sun-baby\/\" \/>\n<meta property=\"og:site_name\" content=\"RadWerk Nord\" \/>\n<meta property=\"article:modified_time\" content=\"2025-11-25T11:02:01+00:00\" \/>\n<meta property=\"og:image\" content=\"https:\/\/radwerk-north.de\/wp-content\/uploads\/2025\/11\/1.webp\" \/>\n\t<meta property=\"og:image:width\" content=\"2048\" \/>\n\t<meta property=\"og:image:height\" content=\"2048\" \/>\n\t<meta property=\"og:image:type\" content=\"image\/webp\" \/>\n<meta name=\"twitter:card\" content=\"summary_large_image\" \/>\n<meta name=\"twitter:label1\" content=\"Preis\" \/>\n\t<meta name=\"twitter:data1\" content=\"240,00&nbsp;&euro;\" \/>\n\t<meta name=\"twitter:label2\" content=\"Verf\u00fcgbarkeit\" \/>\n\t<meta name=\"twitter:data2\" content=\"Auf Lager\" \/>\n<script type=\"application\/ld+json\" class=\"yoast-schema-graph\">{\"@context\":\"https:\/\/schema.org\",\"@graph\":[{\"@type\":\"WebPage\",\"@id\":\"https:\/\/radwerk-north.de\/product\/shimano-7-stufiger-laubblaser-weis-und-beige-sun-baby\/\",\"url\":\"https:\/\/radwerk-north.de\/product\/shimano-7-stufiger-laubblaser-weis-und-beige-sun-baby\/\",\"name\":\"SHIMANO 7-stufiger Laubbl\u00e4ser, wei\u00df und beige, Sun Baby - RadWerk Nord\",\"isPartOf\":{\"@id\":\"https:\/\/radwerk-north.de\/#website\"},\"primaryImageOfPage\":{\"@id\":\"https:\/\/radwerk-north.de\/product\/shimano-7-stufiger-laubblaser-weis-und-beige-sun-baby\/#primaryimage\"},\"image\":{\"@id\":\"https:\/\/radwerk-north.de\/product\/shimano-7-stufiger-laubblaser-weis-und-beige-sun-baby\/#primaryimage\"},\"thumbnailUrl\":\"https:\/\/radwerk-north.de\/wp-content\/uploads\/2025\/11\/1.webp\",\"datePublished\":\"2025-11-25T11:02:00+00:00\",\"dateModified\":\"2025-11-25T11:02:01+00:00\",\"breadcrumb\":{\"@id\":\"https:\/\/radwerk-north.de\/product\/shimano-7-stufiger-laubblaser-weis-und-beige-sun-baby\/#breadcrumb\"},\"inLanguage\":\"de\",\"potentialAction\":[{\"@type\":\"ReadAction\",\"target\":[\"https:\/\/radwerk-north.de\/product\/shimano-7-stufiger-laubblaser-weis-und-beige-sun-baby\/\"]}]},{\"@type\":\"ImageObject\",\"inLanguage\":\"de\",\"@id\":\"https:\/\/radwerk-north.de\/product\/shimano-7-stufiger-laubblaser-weis-und-beige-sun-baby\/#primaryimage\",\"url\":\"https:\/\/radwerk-north.de\/wp-content\/uploads\/2025\/11\/1.webp\",\"contentUrl\":\"https:\/\/radwerk-north.de\/wp-content\/uploads\/2025\/11\/1.webp\",\"width\":2048,\"height\":2048},{\"@type\":\"BreadcrumbList\",\"@id\":\"https:\/\/radwerk-north.de\/product\/shimano-7-stufiger-laubblaser-weis-und-beige-sun-baby\/#breadcrumb\",\"itemListElement\":[{\"@type\":\"ListItem\",\"position\":1,\"name\":\"Home\",\"item\":\"https:\/\/radwerk-north.de\/\"},{\"@type\":\"ListItem\",\"position\":2,\"name\":\"Products\",\"item\":\"https:\/\/radwerk-north.de\/shop\/\"},{\"@type\":\"ListItem\",\"position\":3,\"name\":\"SHIMANO 7-stufiger Laubbl\u00e4ser, wei\u00df und beige, Sun Baby\"}]},{\"@type\":\"WebSite\",\"@id\":\"https:\/\/radwerk-north.de\/#website\",\"url\":\"https:\/\/radwerk-north.de\/\",\"name\":\"RadWerk Nord\",\"description\":\"Mobilit\u00e4t neu gedacht.\",\"publisher\":{\"@id\":\"https:\/\/radwerk-north.de\/#organization\"},\"potentialAction\":[{\"@type\":\"SearchAction\",\"target\":{\"@type\":\"EntryPoint\",\"urlTemplate\":\"https:\/\/radwerk-north.de\/?s={search_term_string}\"},\"query-input\":{\"@type\":\"PropertyValueSpecification\",\"valueRequired\":true,\"valueName\":\"search_term_string\"}}],\"inLanguage\":\"de\"},{\"@type\":\"Organization\",\"@id\":\"https:\/\/radwerk-north.de\/#organization\",\"name\":\"RadWerk Nord\",\"url\":\"https:\/\/radwerk-north.de\/\",\"logo\":{\"@type\":\"ImageObject\",\"inLanguage\":\"de\",\"@id\":\"https:\/\/radwerk-north.de\/#\/schema\/logo\/image\/\",\"url\":\"https:\/\/radwerk-north.de\/wp-content\/uploads\/2025\/12\/cropped-Video_Screen1766523928533-removebg-preview.png\",\"contentUrl\":\"https:\/\/radwerk-north.de\/wp-content\/uploads\/2025\/12\/cropped-Video_Screen1766523928533-removebg-preview.png\",\"width\":745,\"height\":294,\"caption\":\"RadWerk Nord\"},\"image\":{\"@id\":\"https:\/\/radwerk-north.de\/#\/schema\/logo\/image\/\"}}]}<\/script>\n<meta property=\"product:price:amount\" content=\"240.00\" \/>\n<meta property=\"product:price:currency\" content=\"EUR\" \/>\n<meta property=\"og:availability\" content=\"instock\" \/>\n<meta property=\"product:availability\" content=\"instock\" \/>\n<meta property=\"product:retailer_item_id\" content=\"RDNT39BH6132\" \/>\n<meta property=\"product:condition\" content=\"new\" \/>\n<!-- \/ Yoast SEO Premium plugin. -->","yoast_head_json":{"title":"SHIMANO 7-stufiger Laubbl\u00e4ser, wei\u00df und beige, Sun Baby - RadWerk Nord","robots":{"index":"index","follow":"follow","max-snippet":"max-snippet:-1","max-image-preview":"max-image-preview:large","max-video-preview":"max-video-preview:-1"},"canonical":"https:\/\/radwerk-north.de\/de\/product\/shimano-7-stufiger-laubblaser-weis-und-beige-sun-baby\/","og_locale":"de_DE","og_type":"article","og_title":"SHIMANO 7-stufiger Laubbl\u00e4ser, wei\u00df und beige, Sun Baby","og_description":"Das Fahrrad ist ausgestattet mit: V-Brakes vorne und hinten, Schutzblechen aus Metall vorne und hinten, gro\u00dfem Kettenschutz, Reflektoren, Klingel, Gep\u00e4cktr\u00e4ger, Seitenst\u00e4nder und Shimano-Schaltwerk.  Gewicht: 15,15 kg  Das perfekte Kommunionsgeschenk f\u00fcr M\u00e4dchen \u2013 es vereint Stil, Komfort und Funktionalit\u00e4t.  V-Brakes: Der lange Hebelarm der V-Brake sorgt daf\u00fcr, dass bereits leichter Druck auf den Bremshebel eine kraftvolle Bremswirkung erzielt und die Bremsen auch bei N\u00e4sse zuverl\u00e4ssig funktionieren. Das Fahrrad verf\u00fcgt \u00fcber V-Brakes an Vorder- und Hinterrad.  Klassisches Design: Die dezenten Farben und die klassische Linienf\u00fchrung des Rahmens verleihen dem Fahrrad einen einzigartigen und zeitlosen Look.  7 G\u00e4nge: Mit dem RevoShift-Drehgriff l\u00e4sst sich die Gangwahl schnell und einfach durchf\u00fchren, sodass Sie f\u00fcr jede Fahrsituation den passenden Gang finden. Ob bergauf oder bergab \u2013 w\u00e4hlen Sie die Geschwindigkeit, die zu Ihnen passt, und fahren Sie m\u00fchelos!  Seitenst\u00e4nder: Ein stabiler Seitenst\u00e4nder sorgt f\u00fcr sicheren Stand. Sie m\u00fcssen sich keine Gedanken mehr um das Parken machen.  Shimano-Schaltung Sorgt f\u00fcr reibungslose Gangwechsel im gesamten \u00dcbersetzungsbereich, unabh\u00e4ngig von den Fahrbedingungen.  Kettenschutz Sch\u00fctzt vor Schmutz und verhindert, dass sich Kleidung in der Kette verf\u00e4ngt.  Fahrrad mit Gep\u00e4cktr\u00e4ger Rucksack, Korb oder Lieblingsspielzeug \u2013 einfach am Gep\u00e4cktr\u00e4ger befestigen und los geht\u2019s!  Schutzbleche aus Metall Verleihen dem Fahrrad ein elegantes Aussehen und sch\u00fctzen die Kleidung bei Regen.  Das perfekte Geschenk zur Kommunion!  WICHTIGE INFORMATIONEN  Vormontiert f\u00fcr die Stra\u00dfe: Das Fahrrad ist zu 80 % vormontiert. Vorderrad, Reflektoren, Lenker, Sattel und Pedale m\u00fcssen noch montiert werden. Vor der ersten Fahrt m\u00fcssen Bremsen und Schaltung eingestellt werden. Sattel und Lenker m\u00fcssen auf die richtige H\u00f6he eingestellt werden. Achten Sie darauf, dass die Reifen den empfohlenen Reifendruck haben (dieser ist auf den Reifen angegeben). \u00dcberpr\u00fcfen Sie alle Fahrradteile, einschlie\u00dflich Schrauben und Muttern.  Kinder wachsen schnell, und im Fr\u00fchling passt das Fahrrad perfekt.  Das Gewicht des Fahrrads ist ohne zus\u00e4tzliches Zubeh\u00f6r wie Schutzbleche, Gep\u00e4cktr\u00e4ger, Klingel, Reflektoren, Pedale und St\u00e4nder angegeben.","og_url":"https:\/\/radwerk-north.de\/de\/product\/shimano-7-stufiger-laubblaser-weis-und-beige-sun-baby\/","og_site_name":"RadWerk Nord","article_modified_time":"2025-11-25T11:02:01+00:00","og_image":[{"width":2048,"height":2048,"url":"https:\/\/radwerk-north.de\/wp-content\/uploads\/2025\/11\/1.webp","type":"image\/webp"}],"twitter_card":"summary_large_image","twitter_misc":{"Preis":"240,00&nbsp;&euro;","Verf\u00fcgbarkeit":"Auf Lager"},"schema":{"@context":"https:\/\/schema.org","@graph":[{"@type":"WebPage","@id":"https:\/\/radwerk-north.de\/product\/shimano-7-stufiger-laubblaser-weis-und-beige-sun-baby\/","url":"https:\/\/radwerk-north.de\/product\/shimano-7-stufiger-laubblaser-weis-und-beige-sun-baby\/","name":"SHIMANO 7-stufiger Laubbl\u00e4ser, wei\u00df und beige, Sun Baby - RadWerk Nord","isPartOf":{"@id":"https:\/\/radwerk-north.de\/#website"},"primaryImageOfPage":{"@id":"https:\/\/radwerk-north.de\/product\/shimano-7-stufiger-laubblaser-weis-und-beige-sun-baby\/#primaryimage"},"image":{"@id":"https:\/\/radwerk-north.de\/product\/shimano-7-stufiger-laubblaser-weis-und-beige-sun-baby\/#primaryimage"},"thumbnailUrl":"https:\/\/radwerk-north.de\/wp-content\/uploads\/2025\/11\/1.webp","datePublished":"2025-11-25T11:02:00+00:00","dateModified":"2025-11-25T11:02:01+00:00","breadcrumb":{"@id":"https:\/\/radwerk-north.de\/product\/shimano-7-stufiger-laubblaser-weis-und-beige-sun-baby\/#breadcrumb"},"inLanguage":"de","potentialAction":[{"@type":"ReadAction","target":["https:\/\/radwerk-north.de\/product\/shimano-7-stufiger-laubblaser-weis-und-beige-sun-baby\/"]}]},{"@type":"ImageObject","inLanguage":"de","@id":"https:\/\/radwerk-north.de\/product\/shimano-7-stufiger-laubblaser-weis-und-beige-sun-baby\/#primaryimage","url":"https:\/\/radwerk-north.de\/wp-content\/uploads\/2025\/11\/1.webp","contentUrl":"https:\/\/radwerk-north.de\/wp-content\/uploads\/2025\/11\/1.webp","width":2048,"height":2048},{"@type":"BreadcrumbList","@id":"https:\/\/radwerk-north.de\/product\/shimano-7-stufiger-laubblaser-weis-und-beige-sun-baby\/#breadcrumb","itemListElement":[{"@type":"ListItem","position":1,"name":"Home","item":"https:\/\/radwerk-north.de\/"},{"@type":"ListItem","position":2,"name":"Products","item":"https:\/\/radwerk-north.de\/shop\/"},{"@type":"ListItem","position":3,"name":"SHIMANO 7-stufiger Laubbl\u00e4ser, wei\u00df und beige, Sun Baby"}]},{"@type":"WebSite","@id":"https:\/\/radwerk-north.de\/#website","url":"https:\/\/radwerk-north.de\/","name":"RadWerk Nord","description":"Mobilit\u00e4t neu gedacht.","publisher":{"@id":"https:\/\/radwerk-north.de\/#organization"},"potentialAction":[{"@type":"SearchAction","target":{"@type":"EntryPoint","urlTemplate":"https:\/\/radwerk-north.de\/?s={search_term_string}"},"query-input":{"@type":"PropertyValueSpecification","valueRequired":true,"valueName":"search_term_string"}}],"inLanguage":"de"},{"@type":"Organization","@id":"https:\/\/radwerk-north.de\/#organization","name":"RadWerk Nord","url":"https:\/\/radwerk-north.de\/","logo":{"@type":"ImageObject","inLanguage":"de","@id":"https:\/\/radwerk-north.de\/#\/schema\/logo\/image\/","url":"https:\/\/radwerk-north.de\/wp-content\/uploads\/2025\/12\/cropped-Video_Screen1766523928533-removebg-preview.png","contentUrl":"https:\/\/radwerk-north.de\/wp-content\/uploads\/2025\/12\/cropped-Video_Screen1766523928533-removebg-preview.png","width":745,"height":294,"caption":"RadWerk Nord"},"image":{"@id":"https:\/\/radwerk-north.de\/#\/schema\/logo\/image\/"}}]},"product_price_amount":"240.00","product_price_currency":"EUR","og_availability":"instock","product_availability":"instock","product_retailer_item_id":"RDNT39BH6132","product_condition":"new"},"acf":[],"_links":{"self":[{"href":"https:\/\/radwerk-north.de\/de\/wp-json\/wp\/v2\/product\/6132","targetHints":{"allow":["GET"]}}],"collection":[{"href":"https:\/\/radwerk-north.de\/de\/wp-json\/wp\/v2\/product"}],"about":[{"href":"https:\/\/radwerk-north.de\/de\/wp-json\/wp\/v2\/types\/product"}],"replies":[{"embeddable":true,"href":"https:\/\/radwerk-north.de\/de\/wp-json\/wp\/v2\/comments?post=6132"}],"wp:featuredmedia":[{"embeddable":true,"href":"https:\/\/radwerk-north.de\/de\/wp-json\/wp\/v2\/media\/6136"}],"wp:attachment":[{"href":"https:\/\/radwerk-north.de\/de\/wp-json\/wp\/v2\/media?parent=6132"}],"wp:term":[{"taxonomy":"product_brand","embeddable":true,"href":"https:\/\/radwerk-north.de\/de\/wp-json\/wp\/v2\/product_brand?post=6132"},{"taxonomy":"product_cat","embeddable":true,"href":"https:\/\/radwerk-north.de\/de\/wp-json\/wp\/v2\/product_cat?post=6132"},{"taxonomy":"product_tag","embeddable":true,"href":"https:\/\/radwerk-north.de\/de\/wp-json\/wp\/v2\/product_tag?post=6132"}],"curies":[{"name":"wp","href":"https:\/\/api.w.org\/{rel}","templated":true}]}}