{"id":6024,"date":"2025-11-23T19:23:38","date_gmt":"2025-11-23T19:23:38","guid":{"rendered":"https:\/\/radwerk-north.de\/?post_type=product&#038;p=6024"},"modified":"2025-12-08T17:27:06","modified_gmt":"2025-12-08T17:27:06","slug":"elektrisches-faltrad-16-zoll-ausgestattet-mit-einem-36-v-114-ah-akku-und-einem-250-w-motor-erreichen-sie-die-geschwindigkeit-von-25-km-h-und-verfugt-uber-35-50-km","status":"publish","type":"product","link":"https:\/\/radwerk-north.de\/de\/product\/elektrisches-faltrad-16-zoll-ausgestattet-mit-einem-36-v-114-ah-akku-und-einem-250-w-motor-erreichen-sie-die-geschwindigkeit-von-25-km-h-und-verfugt-uber-35-50-km\/","title":{"rendered":"Elektrisches Faltrad 16 Zoll, ausgestattet mit einem 36-V-11,4-Ah-Akku und einem 250-W-Motor. Erreichen Sie die Geschwindigkeit von 25 km\/h und verf\u00fcgt \u00fcber 35\u201350 km."},"content":{"rendered":"<p><p>Elektrisches Faltrad AVDLEU A10 mit 16-Zoll-Rollen, ausgestattet mit einer 36-V-11,4-Ah-Batterie und einem 250-W-Motor.Es kann Geschwindigkeiten von bis zu 25 km\/h erreichen und hat eine Reichweite von 35\u201350 km.Geeignet f\u00fcr M\u00e4nner und Frauen, ideal f\u00fcr City-Wehverkehr.3+1 Fahrmodi: ASSIST-Modus (1\/2\/3), Tretmodus.Ausgestattet mit einem 11,4-Ah-Lithium-Ionen-Akku mit hoher Kapazit\u00e4t kann das AVDLEU A10-Elektrofahrrad mit einer einzigen Ladung im ASSIST-Modus 35\u201350 km erreichen.(Spezifische Daten werden durch Last, Temperatur, Stra\u00dfenverh\u00e4ltnisse usw. beeinflusst.).Leistungsstarker b\u00fcrstenloser 250-W-\/36-V-Motor \u2013 Mit dem AVDLEU A10-Elektrofahrrad k\u00f6nnen Sie problemlos eine H\u00f6chstgeschwindigkeit von 25 km\/h erreichen.Das faltbare Design (75*36*63cm) erm\u00f6glicht eine einfache Aufbewahrung in Spas wie Zuhause\/Ausfahrt\/Auto&#8230;Verstellbare Sitzh\u00f6he, ideal f\u00fcr eine komfortablere Fahrt.Das Elektrofahrrad AVDLEU A10 besteht aus hochfestem Kohlenstoffstahl.Dual-Disc-Bremsen und Beleuchtungssystem sorgen f\u00fcr Sicherheit.Zeigen Sie Fahrgeschwindigkeit, Batterie, Kilometerstand und andere Informationen an.AVDLEU A10 Elektrofahrr\u00e4der sind die perfekte Antwort auf Ihre t\u00e4glichen Bed\u00fcrfnisse.Elektrofahrr\u00e4der AVDLEU mit BMS Syst\u00e8me Protection entsprechen den europ\u00e4ischen Vorschriften und f\u00fchren ein Zertifikat durch.Schnelle Lieferung und After-Retail-Service dank lokaler Lager in der EU (DE\/FR\/IT) und Gro\u00dfbritannien.Modellnummer: A10Fahrradtyp: ElektrofahrradRadgr\u00f6\u00dfe: 16 Zoll11,4 Ah\/36 V gro\u00dfer abnehmbarer AkkuIn 5-6 Stunden aufladenLeistungsstarker 250-W-\/36-V-Motor; 5-25 km\/h3+1 Fahrmodi: ASSIST-Modus (1\/2\/3), Pedalmodus.Bremstyp: ScheibeMaterialtyp: KohlenstoffstahlEigenschaften: Tragbar, leichtAbmessungen gefaltet: 75*36*63cmAbmessungen aufgeklappt: 140*60*120cmArtikelgewicht: 24,7 kg\/30,5 kg\n<\/p>\n<p><img decoding=\"async\" class=\"img-responsive\" src=\"\/\/ae01.alicdn.com\/kf\/S3e4ca1ca5613451cb160225f3c8bb179k.jpg\"\/><img decoding=\"async\" class=\"img-responsive\" src=\"\/\/ae01.alicdn.com\/kf\/S5a75e51b4ebb4533ad5f6fb70648f888p.jpg\"\/><img decoding=\"async\" class=\"img-responsive\" src=\"\/\/ae01.alicdn.com\/kf\/S3e69240f33714642ad829b04c2776eebD.jpg\"\/><img decoding=\"async\" class=\"img-responsive\" src=\"\/\/ae01.alicdn.com\/kf\/Sf06ed17cadd64934b7e753c26cf562b4j.jpg\"\/><img decoding=\"async\" class=\"img-responsive\" src=\"\/\/ae01.alicdn.com\/kf\/Sf05751168eed4eefaa74911799be5c5c9.jpg\"\/><img decoding=\"async\" class=\"img-responsive\" src=\"\/\/ae01.alicdn.com\/kf\/S821ff4a59e1a418eb9c73cebae356c0cs.jpg\"\/><img decoding=\"async\" class=\"img-responsive\" src=\"\/\/ae01.alicdn.com\/kf\/S51f9f2e5ab534d87addf9df35897e900A.jpg\"\/><img decoding=\"async\" class=\"img-responsive\" src=\"\/\/ae01.alicdn.com\/kf\/S51aa91781e614124993604cf17dd6326z.jpg\"\/><img decoding=\"async\" class=\"img-responsive\" src=\"\/\/ae01.alicdn.com\/kf\/S799fa4bfab6e4dca8cc8ee91b09c0e269.jpg\"\/><img decoding=\"async\" class=\"img-responsive\" src=\"\/\/ae01.alicdn.com\/kf\/S2efb696e90f44aa0aea52ef2bd2dc588w.jpg\"\/><img decoding=\"async\" class=\"img-responsive\" src=\"\/\/ae01.alicdn.com\/kf\/S0eea983684164aa68047aaf22ee85906P.jpg\"\/><img decoding=\"async\" class=\"img-responsive\" src=\"\/\/ae01.alicdn.com\/kf\/Sb3bc6bb5caa44f96b12ce1bfba59697ef.jpg\"\/><img decoding=\"async\" class=\"img-responsive\" src=\"\/\/ae01.alicdn.com\/kf\/Sac41a933e20e4210a1ba822f83515de0D.jpg\"\/><img decoding=\"async\" class=\"img-responsive\" src=\"\/\/ae01.alicdn.com\/kf\/Saa421f620135461fb52dfa896548e008O.jpg\"\/><img decoding=\"async\" class=\"img-responsive\" src=\"\/\/ae01.alicdn.com\/kf\/S4b3f2d33fbf54881b16b85fdcc7bbfc3x.jpg\"\/><img decoding=\"async\" class=\"img-responsive\" src=\"\/\/ae01.alicdn.com\/kf\/S98e1833d9db1401e9b2fc0ef34dd26a9h.jpg\"\/><\/p>\n","protected":false},"excerpt":{"rendered":"<p>Elektrisches Faltrad AVDLEU A10 mit 16-Zoll-Rollen, ausgestattet mit einer 36-V-11,4-Ah-Batterie und einem 250-W-Motor.Es kann Geschwindigkeiten von bis zu 25 km\/h erreichen und hat eine Reichweite von 35\u201350 km.Geeignet f\u00fcr M\u00e4nner und Frauen, ideal f\u00fcr City-Wehverkehr.3+1 Fahrmodi: ASSIST-Modus (1\/2\/3), Tretmodus.Ausgestattet mit einem 11,4-Ah-Lithium-Ionen-Akku mit hoher Kapazit\u00e4t kann das AVDLEU A10-Elektrofahrrad mit einer einzigen Ladung im ASSIST-Modus 35\u201350 km erreichen.(Spezifische Daten werden durch Last, Temperatur, Stra\u00dfenverh\u00e4ltnisse usw. beeinflusst.).Leistungsstarker b\u00fcrstenloser 250-W-\/36-V-Motor \u2013 Mit dem AVDLEU A10-Elektrofahrrad k\u00f6nnen Sie problemlos eine H\u00f6chstgeschwindigkeit von 25 km\/h erreichen.Das faltbare Design (75*36*63cm) erm\u00f6glicht eine einfache Aufbewahrung in Spas wie Zuhause\/Ausfahrt\/Auto&#8230;Verstellbare Sitzh\u00f6he, ideal f\u00fcr eine komfortablere Fahrt.Das Elektrofahrrad AVDLEU A10 besteht aus hochfestem Kohlenstoffstahl.Dual-Disc-Bremsen und Beleuchtungssystem sorgen f\u00fcr Sicherheit.Zeigen Sie Fahrgeschwindigkeit, Batterie, Kilometerstand und andere Informationen an.AVDLEU A10 Elektrofahrr\u00e4der sind die perfekte Antwort auf Ihre t\u00e4glichen Bed\u00fcrfnisse.Elektrofahrr\u00e4der AVDLEU mit BMS Syst\u00e8me Protection entsprechen den europ\u00e4ischen Vorschriften und f\u00fchren ein Zertifikat durch.Schnelle Lieferung und After-Retail-Service dank lokaler Lager in der EU (DE\/FR\/IT) und Gro\u00dfbritannien.Modellnummer: A10Fahrradtyp: ElektrofahrradRadgr\u00f6\u00dfe: 16 Zoll11,4 Ah\/36 V gro\u00dfer abnehmbarer AkkuIn 5-6 Stunden aufladenLeistungsstarker 250-W-\/36-V-Motor; 5-25 km\/h3+1 Fahrmodi: ASSIST-Modus (1\/2\/3), Pedalmodus.Bremstyp: ScheibeMaterialtyp: KohlenstoffstahlEigenschaften: Tragbar, leichtAbmessungen gefaltet: 75*36*63cmAbmessungen aufgeklappt: 140*60*120cmArtikelgewicht: 24,7 kg\/30,5 kg<\/p>\n","protected":false},"featured_media":6043,"comment_status":"open","ping_status":"closed","template":"","meta":[],"product_brand":[],"product_cat":[69,70],"product_tag":[],"class_list":{"0":"post-6024","1":"product","2":"type-product","3":"status-publish","4":"has-post-thumbnail","6":"product_cat-velo-ville","7":"product_cat-velo-electrique","9":"first","10":"instock","11":"shipping-taxable","12":"purchasable","13":"product-type-simple"},"yoast_head":"<!-- This site is optimized with the Yoast SEO Premium plugin v26.2 (Yoast SEO v26.7) - https:\/\/yoast.com\/wordpress\/plugins\/seo\/ -->\n<title>Elektrisches Faltrad 16 Zoll, ausgestattet mit einem 36-V-11,4-Ah-Akku und einem 250-W-Motor. Erreichen Sie die Geschwindigkeit von 25 km\/h und verf\u00fcgt \u00fcber 35\u201350 km. - RadWerk Nord<\/title>\n<meta name=\"robots\" content=\"index, follow, max-snippet:-1, max-image-preview:large, max-video-preview:-1\" \/>\n<link rel=\"canonical\" href=\"https:\/\/radwerk-north.de\/de\/product\/elektrisches-faltrad-16-zoll-ausgestattet-mit-einem-36-v-114-ah-akku-und-einem-250-w-motor-erreichen-sie-die-geschwindigkeit-von-25-km-h-und-verfugt-uber-35-50-km\/\" \/>\n<meta property=\"og:locale\" content=\"de_DE\" \/>\n<meta property=\"og:type\" content=\"article\" \/>\n<meta property=\"og:title\" content=\"Elektrisches Faltrad 16 Zoll, ausgestattet mit einem 36-V-11,4-Ah-Akku und einem 250-W-Motor. Erreichen Sie die Geschwindigkeit von 25 km\/h und verf\u00fcgt \u00fcber 35\u201350 km.\" \/>\n<meta property=\"og:description\" content=\"Elektrisches Faltrad AVDLEU A10 mit 16-Zoll-Rollen, ausgestattet mit einer 36-V-11,4-Ah-Batterie und einem 250-W-Motor.Es kann Geschwindigkeiten von bis zu 25 km\/h erreichen und hat eine Reichweite von 35\u201350 km.Geeignet f\u00fcr M\u00e4nner und Frauen, ideal f\u00fcr City-Wehverkehr.3+1 Fahrmodi: ASSIST-Modus (1\/2\/3), Tretmodus.Ausgestattet mit einem 11,4-Ah-Lithium-Ionen-Akku mit hoher Kapazit\u00e4t kann das AVDLEU A10-Elektrofahrrad mit einer einzigen Ladung im ASSIST-Modus 35\u201350 km erreichen.(Spezifische Daten werden durch Last, Temperatur, Stra\u00dfenverh\u00e4ltnisse usw. beeinflusst.).Leistungsstarker b\u00fcrstenloser 250-W-\/36-V-Motor \u2013 Mit dem AVDLEU A10-Elektrofahrrad k\u00f6nnen Sie problemlos eine H\u00f6chstgeschwindigkeit von 25 km\/h erreichen.Das faltbare Design (75*36*63cm) erm\u00f6glicht eine einfache Aufbewahrung in Spas wie Zuhause\/Ausfahrt\/Auto&#8230;Verstellbare Sitzh\u00f6he, ideal f\u00fcr eine komfortablere Fahrt.Das Elektrofahrrad AVDLEU A10 besteht aus hochfestem Kohlenstoffstahl.Dual-Disc-Bremsen und Beleuchtungssystem sorgen f\u00fcr Sicherheit.Zeigen Sie Fahrgeschwindigkeit, Batterie, Kilometerstand und andere Informationen an.AVDLEU A10 Elektrofahrr\u00e4der sind die perfekte Antwort auf Ihre t\u00e4glichen Bed\u00fcrfnisse.Elektrofahrr\u00e4der AVDLEU mit BMS Syst\u00e8me Protection entsprechen den europ\u00e4ischen Vorschriften und f\u00fchren ein Zertifikat durch.Schnelle Lieferung und After-Retail-Service dank lokaler Lager in der EU (DE\/FR\/IT) und Gro\u00dfbritannien.Modellnummer: A10Fahrradtyp: ElektrofahrradRadgr\u00f6\u00dfe: 16 Zoll11,4 Ah\/36 V gro\u00dfer abnehmbarer AkkuIn 5-6 Stunden aufladenLeistungsstarker 250-W-\/36-V-Motor; 5-25 km\/h3+1 Fahrmodi: ASSIST-Modus (1\/2\/3), Pedalmodus.Bremstyp: ScheibeMaterialtyp: KohlenstoffstahlEigenschaften: Tragbar, leichtAbmessungen gefaltet: 75*36*63cmAbmessungen aufgeklappt: 140*60*120cmArtikelgewicht: 24,7 kg\/30,5 kg\" \/>\n<meta property=\"og:url\" content=\"https:\/\/radwerk-north.de\/de\/product\/elektrisches-faltrad-16-zoll-ausgestattet-mit-einem-36-v-114-ah-akku-und-einem-250-w-motor-erreichen-sie-die-geschwindigkeit-von-25-km-h-und-verfugt-uber-35-50-km\/\" \/>\n<meta property=\"og:site_name\" content=\"RadWerk Nord\" \/>\n<meta property=\"article:modified_time\" content=\"2025-12-08T17:27:06+00:00\" \/>\n<meta property=\"og:image\" content=\"https:\/\/ae01.alicdn.com\/kf\/S73e43afd76dd4c6eb0e87c77d092b82eG.jpg\" \/>\n\t<meta property=\"og:image:width\" content=\"800\" \/>\n\t<meta property=\"og:image:height\" content=\"800\" \/>\n\t<meta property=\"og:image:type\" content=\"image\/jpeg\" \/>\n<meta name=\"twitter:card\" content=\"summary_large_image\" \/>\n<meta name=\"twitter:label1\" content=\"Preis\" \/>\n\t<meta name=\"twitter:data1\" content=\"353,83&nbsp;&euro;\" \/>\n\t<meta name=\"twitter:label2\" content=\"Verf\u00fcgbarkeit\" \/>\n\t<meta name=\"twitter:data2\" content=\"Auf Lager\" \/>\n<script type=\"application\/ld+json\" class=\"yoast-schema-graph\">{\"@context\":\"https:\/\/schema.org\",\"@graph\":[{\"@type\":\"WebPage\",\"@id\":\"https:\/\/radwerk-north.de\/product\/elektrisches-faltrad-16-zoll-ausgestattet-mit-einem-36-v-114-ah-akku-und-einem-250-w-motor-erreichen-sie-die-geschwindigkeit-von-25-km-h-und-verfugt-uber-35-50-km\/\",\"url\":\"https:\/\/radwerk-north.de\/product\/elektrisches-faltrad-16-zoll-ausgestattet-mit-einem-36-v-114-ah-akku-und-einem-250-w-motor-erreichen-sie-die-geschwindigkeit-von-25-km-h-und-verfugt-uber-35-50-km\/\",\"name\":\"Elektrisches Faltrad 16 Zoll, ausgestattet mit einem 36-V-11,4-Ah-Akku und einem 250-W-Motor. Erreichen Sie die Geschwindigkeit von 25 km\/h und verf\u00fcgt \u00fcber 35\u201350 km. - RadWerk Nord\",\"isPartOf\":{\"@id\":\"https:\/\/radwerk-north.de\/#website\"},\"primaryImageOfPage\":{\"@id\":\"https:\/\/radwerk-north.de\/product\/elektrisches-faltrad-16-zoll-ausgestattet-mit-einem-36-v-114-ah-akku-und-einem-250-w-motor-erreichen-sie-die-geschwindigkeit-von-25-km-h-und-verfugt-uber-35-50-km\/#primaryimage\"},\"image\":{\"@id\":\"https:\/\/radwerk-north.de\/product\/elektrisches-faltrad-16-zoll-ausgestattet-mit-einem-36-v-114-ah-akku-und-einem-250-w-motor-erreichen-sie-die-geschwindigkeit-von-25-km-h-und-verfugt-uber-35-50-km\/#primaryimage\"},\"thumbnailUrl\":\"https:\/\/ae01.alicdn.com\/kf\/S73e43afd76dd4c6eb0e87c77d092b82eG.jpg\",\"datePublished\":\"2025-11-23T19:23:38+00:00\",\"dateModified\":\"2025-12-08T17:27:06+00:00\",\"breadcrumb\":{\"@id\":\"https:\/\/radwerk-north.de\/product\/elektrisches-faltrad-16-zoll-ausgestattet-mit-einem-36-v-114-ah-akku-und-einem-250-w-motor-erreichen-sie-die-geschwindigkeit-von-25-km-h-und-verfugt-uber-35-50-km\/#breadcrumb\"},\"inLanguage\":\"de\",\"potentialAction\":[{\"@type\":\"ReadAction\",\"target\":[\"https:\/\/radwerk-north.de\/product\/elektrisches-faltrad-16-zoll-ausgestattet-mit-einem-36-v-114-ah-akku-und-einem-250-w-motor-erreichen-sie-die-geschwindigkeit-von-25-km-h-und-verfugt-uber-35-50-km\/\"]}]},{\"@type\":\"ImageObject\",\"inLanguage\":\"de\",\"@id\":\"https:\/\/radwerk-north.de\/product\/elektrisches-faltrad-16-zoll-ausgestattet-mit-einem-36-v-114-ah-akku-und-einem-250-w-motor-erreichen-sie-die-geschwindigkeit-von-25-km-h-und-verfugt-uber-35-50-km\/#primaryimage\",\"url\":\"https:\/\/ae01.alicdn.com\/kf\/S73e43afd76dd4c6eb0e87c77d092b82eG.jpg\",\"contentUrl\":\"https:\/\/ae01.alicdn.com\/kf\/S73e43afd76dd4c6eb0e87c77d092b82eG.jpg\",\"width\":800,\"height\":800,\"caption\":\"Elektrisches Faltrad 16 Zoll, ausgestattet mit einem 36-V-11,4-Ah-Akku und einem 250-W-Motor. Erreichen Sie die Geschwindigkeit von 25 km\/h und verf\u00fcgt \u00fcber 35\u201350 km. 1\"},{\"@type\":\"BreadcrumbList\",\"@id\":\"https:\/\/radwerk-north.de\/product\/elektrisches-faltrad-16-zoll-ausgestattet-mit-einem-36-v-114-ah-akku-und-einem-250-w-motor-erreichen-sie-die-geschwindigkeit-von-25-km-h-und-verfugt-uber-35-50-km\/#breadcrumb\",\"itemListElement\":[{\"@type\":\"ListItem\",\"position\":1,\"name\":\"Home\",\"item\":\"https:\/\/radwerk-north.de\/\"},{\"@type\":\"ListItem\",\"position\":2,\"name\":\"Products\",\"item\":\"https:\/\/radwerk-north.de\/shop\/\"},{\"@type\":\"ListItem\",\"position\":3,\"name\":\"Elektrisches Faltrad 16 Zoll, ausgestattet mit einem 36-V-11,4-Ah-Akku und einem 250-W-Motor. Erreichen Sie die Geschwindigkeit von 25 km\/h und verf\u00fcgt \u00fcber 35\u201350 km.\"}]},{\"@type\":\"WebSite\",\"@id\":\"https:\/\/radwerk-north.de\/#website\",\"url\":\"https:\/\/radwerk-north.de\/\",\"name\":\"RadWerk Nord\",\"description\":\"Mobilit\u00e4t neu gedacht.\",\"publisher\":{\"@id\":\"https:\/\/radwerk-north.de\/#organization\"},\"potentialAction\":[{\"@type\":\"SearchAction\",\"target\":{\"@type\":\"EntryPoint\",\"urlTemplate\":\"https:\/\/radwerk-north.de\/?s={search_term_string}\"},\"query-input\":{\"@type\":\"PropertyValueSpecification\",\"valueRequired\":true,\"valueName\":\"search_term_string\"}}],\"inLanguage\":\"de\"},{\"@type\":\"Organization\",\"@id\":\"https:\/\/radwerk-north.de\/#organization\",\"name\":\"RadWerk Nord\",\"url\":\"https:\/\/radwerk-north.de\/\",\"logo\":{\"@type\":\"ImageObject\",\"inLanguage\":\"de\",\"@id\":\"https:\/\/radwerk-north.de\/#\/schema\/logo\/image\/\",\"url\":\"https:\/\/radwerk-north.de\/wp-content\/uploads\/2025\/12\/cropped-Video_Screen1766523928533-removebg-preview.png\",\"contentUrl\":\"https:\/\/radwerk-north.de\/wp-content\/uploads\/2025\/12\/cropped-Video_Screen1766523928533-removebg-preview.png\",\"width\":745,\"height\":294,\"caption\":\"RadWerk Nord\"},\"image\":{\"@id\":\"https:\/\/radwerk-north.de\/#\/schema\/logo\/image\/\"}}]}<\/script>\n<meta property=\"product:price:amount\" content=\"353.83\" \/>\n<meta property=\"product:price:currency\" content=\"EUR\" \/>\n<meta property=\"og:availability\" content=\"instock\" \/>\n<meta property=\"product:availability\" content=\"instock\" \/>\n<meta property=\"product:retailer_item_id\" content=\"RDN1KHN86024\" \/>\n<meta property=\"product:condition\" content=\"new\" \/>\n<!-- \/ Yoast SEO Premium plugin. -->","yoast_head_json":{"title":"Elektrisches Faltrad 16 Zoll, ausgestattet mit einem 36-V-11,4-Ah-Akku und einem 250-W-Motor. Erreichen Sie die Geschwindigkeit von 25 km\/h und verf\u00fcgt \u00fcber 35\u201350 km. - RadWerk Nord","robots":{"index":"index","follow":"follow","max-snippet":"max-snippet:-1","max-image-preview":"max-image-preview:large","max-video-preview":"max-video-preview:-1"},"canonical":"https:\/\/radwerk-north.de\/de\/product\/elektrisches-faltrad-16-zoll-ausgestattet-mit-einem-36-v-114-ah-akku-und-einem-250-w-motor-erreichen-sie-die-geschwindigkeit-von-25-km-h-und-verfugt-uber-35-50-km\/","og_locale":"de_DE","og_type":"article","og_title":"Elektrisches Faltrad 16 Zoll, ausgestattet mit einem 36-V-11,4-Ah-Akku und einem 250-W-Motor. Erreichen Sie die Geschwindigkeit von 25 km\/h und verf\u00fcgt \u00fcber 35\u201350 km.","og_description":"Elektrisches Faltrad AVDLEU A10 mit 16-Zoll-Rollen, ausgestattet mit einer 36-V-11,4-Ah-Batterie und einem 250-W-Motor.Es kann Geschwindigkeiten von bis zu 25 km\/h erreichen und hat eine Reichweite von 35\u201350 km.Geeignet f\u00fcr M\u00e4nner und Frauen, ideal f\u00fcr City-Wehverkehr.3+1 Fahrmodi: ASSIST-Modus (1\/2\/3), Tretmodus.Ausgestattet mit einem 11,4-Ah-Lithium-Ionen-Akku mit hoher Kapazit\u00e4t kann das AVDLEU A10-Elektrofahrrad mit einer einzigen Ladung im ASSIST-Modus 35\u201350 km erreichen.(Spezifische Daten werden durch Last, Temperatur, Stra\u00dfenverh\u00e4ltnisse usw. beeinflusst.).Leistungsstarker b\u00fcrstenloser 250-W-\/36-V-Motor \u2013 Mit dem AVDLEU A10-Elektrofahrrad k\u00f6nnen Sie problemlos eine H\u00f6chstgeschwindigkeit von 25 km\/h erreichen.Das faltbare Design (75*36*63cm) erm\u00f6glicht eine einfache Aufbewahrung in Spas wie Zuhause\/Ausfahrt\/Auto&#8230;Verstellbare Sitzh\u00f6he, ideal f\u00fcr eine komfortablere Fahrt.Das Elektrofahrrad AVDLEU A10 besteht aus hochfestem Kohlenstoffstahl.Dual-Disc-Bremsen und Beleuchtungssystem sorgen f\u00fcr Sicherheit.Zeigen Sie Fahrgeschwindigkeit, Batterie, Kilometerstand und andere Informationen an.AVDLEU A10 Elektrofahrr\u00e4der sind die perfekte Antwort auf Ihre t\u00e4glichen Bed\u00fcrfnisse.Elektrofahrr\u00e4der AVDLEU mit BMS Syst\u00e8me Protection entsprechen den europ\u00e4ischen Vorschriften und f\u00fchren ein Zertifikat durch.Schnelle Lieferung und After-Retail-Service dank lokaler Lager in der EU (DE\/FR\/IT) und Gro\u00dfbritannien.Modellnummer: A10Fahrradtyp: ElektrofahrradRadgr\u00f6\u00dfe: 16 Zoll11,4 Ah\/36 V gro\u00dfer abnehmbarer AkkuIn 5-6 Stunden aufladenLeistungsstarker 250-W-\/36-V-Motor; 5-25 km\/h3+1 Fahrmodi: ASSIST-Modus (1\/2\/3), Pedalmodus.Bremstyp: ScheibeMaterialtyp: KohlenstoffstahlEigenschaften: Tragbar, leichtAbmessungen gefaltet: 75*36*63cmAbmessungen aufgeklappt: 140*60*120cmArtikelgewicht: 24,7 kg\/30,5 kg","og_url":"https:\/\/radwerk-north.de\/de\/product\/elektrisches-faltrad-16-zoll-ausgestattet-mit-einem-36-v-114-ah-akku-und-einem-250-w-motor-erreichen-sie-die-geschwindigkeit-von-25-km-h-und-verfugt-uber-35-50-km\/","og_site_name":"RadWerk Nord","article_modified_time":"2025-12-08T17:27:06+00:00","og_image":[{"width":800,"height":800,"url":"https:\/\/ae01.alicdn.com\/kf\/S73e43afd76dd4c6eb0e87c77d092b82eG.jpg","type":"image\/jpeg"}],"twitter_card":"summary_large_image","twitter_misc":{"Preis":"353,83&nbsp;&euro;","Verf\u00fcgbarkeit":"Auf Lager"},"schema":{"@context":"https:\/\/schema.org","@graph":[{"@type":"WebPage","@id":"https:\/\/radwerk-north.de\/product\/elektrisches-faltrad-16-zoll-ausgestattet-mit-einem-36-v-114-ah-akku-und-einem-250-w-motor-erreichen-sie-die-geschwindigkeit-von-25-km-h-und-verfugt-uber-35-50-km\/","url":"https:\/\/radwerk-north.de\/product\/elektrisches-faltrad-16-zoll-ausgestattet-mit-einem-36-v-114-ah-akku-und-einem-250-w-motor-erreichen-sie-die-geschwindigkeit-von-25-km-h-und-verfugt-uber-35-50-km\/","name":"Elektrisches Faltrad 16 Zoll, ausgestattet mit einem 36-V-11,4-Ah-Akku und einem 250-W-Motor. Erreichen Sie die Geschwindigkeit von 25 km\/h und verf\u00fcgt \u00fcber 35\u201350 km. - RadWerk Nord","isPartOf":{"@id":"https:\/\/radwerk-north.de\/#website"},"primaryImageOfPage":{"@id":"https:\/\/radwerk-north.de\/product\/elektrisches-faltrad-16-zoll-ausgestattet-mit-einem-36-v-114-ah-akku-und-einem-250-w-motor-erreichen-sie-die-geschwindigkeit-von-25-km-h-und-verfugt-uber-35-50-km\/#primaryimage"},"image":{"@id":"https:\/\/radwerk-north.de\/product\/elektrisches-faltrad-16-zoll-ausgestattet-mit-einem-36-v-114-ah-akku-und-einem-250-w-motor-erreichen-sie-die-geschwindigkeit-von-25-km-h-und-verfugt-uber-35-50-km\/#primaryimage"},"thumbnailUrl":"https:\/\/ae01.alicdn.com\/kf\/S73e43afd76dd4c6eb0e87c77d092b82eG.jpg","datePublished":"2025-11-23T19:23:38+00:00","dateModified":"2025-12-08T17:27:06+00:00","breadcrumb":{"@id":"https:\/\/radwerk-north.de\/product\/elektrisches-faltrad-16-zoll-ausgestattet-mit-einem-36-v-114-ah-akku-und-einem-250-w-motor-erreichen-sie-die-geschwindigkeit-von-25-km-h-und-verfugt-uber-35-50-km\/#breadcrumb"},"inLanguage":"de","potentialAction":[{"@type":"ReadAction","target":["https:\/\/radwerk-north.de\/product\/elektrisches-faltrad-16-zoll-ausgestattet-mit-einem-36-v-114-ah-akku-und-einem-250-w-motor-erreichen-sie-die-geschwindigkeit-von-25-km-h-und-verfugt-uber-35-50-km\/"]}]},{"@type":"ImageObject","inLanguage":"de","@id":"https:\/\/radwerk-north.de\/product\/elektrisches-faltrad-16-zoll-ausgestattet-mit-einem-36-v-114-ah-akku-und-einem-250-w-motor-erreichen-sie-die-geschwindigkeit-von-25-km-h-und-verfugt-uber-35-50-km\/#primaryimage","url":"https:\/\/ae01.alicdn.com\/kf\/S73e43afd76dd4c6eb0e87c77d092b82eG.jpg","contentUrl":"https:\/\/ae01.alicdn.com\/kf\/S73e43afd76dd4c6eb0e87c77d092b82eG.jpg","width":800,"height":800,"caption":"Elektrisches Faltrad 16 Zoll, ausgestattet mit einem 36-V-11,4-Ah-Akku und einem 250-W-Motor. Erreichen Sie die Geschwindigkeit von 25 km\/h und verf\u00fcgt \u00fcber 35\u201350 km. 1"},{"@type":"BreadcrumbList","@id":"https:\/\/radwerk-north.de\/product\/elektrisches-faltrad-16-zoll-ausgestattet-mit-einem-36-v-114-ah-akku-und-einem-250-w-motor-erreichen-sie-die-geschwindigkeit-von-25-km-h-und-verfugt-uber-35-50-km\/#breadcrumb","itemListElement":[{"@type":"ListItem","position":1,"name":"Home","item":"https:\/\/radwerk-north.de\/"},{"@type":"ListItem","position":2,"name":"Products","item":"https:\/\/radwerk-north.de\/shop\/"},{"@type":"ListItem","position":3,"name":"Elektrisches Faltrad 16 Zoll, ausgestattet mit einem 36-V-11,4-Ah-Akku und einem 250-W-Motor. Erreichen Sie die Geschwindigkeit von 25 km\/h und verf\u00fcgt \u00fcber 35\u201350 km."}]},{"@type":"WebSite","@id":"https:\/\/radwerk-north.de\/#website","url":"https:\/\/radwerk-north.de\/","name":"RadWerk Nord","description":"Mobilit\u00e4t neu gedacht.","publisher":{"@id":"https:\/\/radwerk-north.de\/#organization"},"potentialAction":[{"@type":"SearchAction","target":{"@type":"EntryPoint","urlTemplate":"https:\/\/radwerk-north.de\/?s={search_term_string}"},"query-input":{"@type":"PropertyValueSpecification","valueRequired":true,"valueName":"search_term_string"}}],"inLanguage":"de"},{"@type":"Organization","@id":"https:\/\/radwerk-north.de\/#organization","name":"RadWerk Nord","url":"https:\/\/radwerk-north.de\/","logo":{"@type":"ImageObject","inLanguage":"de","@id":"https:\/\/radwerk-north.de\/#\/schema\/logo\/image\/","url":"https:\/\/radwerk-north.de\/wp-content\/uploads\/2025\/12\/cropped-Video_Screen1766523928533-removebg-preview.png","contentUrl":"https:\/\/radwerk-north.de\/wp-content\/uploads\/2025\/12\/cropped-Video_Screen1766523928533-removebg-preview.png","width":745,"height":294,"caption":"RadWerk Nord"},"image":{"@id":"https:\/\/radwerk-north.de\/#\/schema\/logo\/image\/"}}]},"product_price_amount":"353.83","product_price_currency":"EUR","og_availability":"instock","product_availability":"instock","product_retailer_item_id":"RDN1KHN86024","product_condition":"new"},"acf":[],"_links":{"self":[{"href":"https:\/\/radwerk-north.de\/de\/wp-json\/wp\/v2\/product\/6024","targetHints":{"allow":["GET"]}}],"collection":[{"href":"https:\/\/radwerk-north.de\/de\/wp-json\/wp\/v2\/product"}],"about":[{"href":"https:\/\/radwerk-north.de\/de\/wp-json\/wp\/v2\/types\/product"}],"replies":[{"embeddable":true,"href":"https:\/\/radwerk-north.de\/de\/wp-json\/wp\/v2\/comments?post=6024"}],"wp:featuredmedia":[{"embeddable":true,"href":"https:\/\/radwerk-north.de\/de\/wp-json\/wp\/v2\/media\/6043"}],"wp:attachment":[{"href":"https:\/\/radwerk-north.de\/de\/wp-json\/wp\/v2\/media?parent=6024"}],"wp:term":[{"taxonomy":"product_brand","embeddable":true,"href":"https:\/\/radwerk-north.de\/de\/wp-json\/wp\/v2\/product_brand?post=6024"},{"taxonomy":"product_cat","embeddable":true,"href":"https:\/\/radwerk-north.de\/de\/wp-json\/wp\/v2\/product_cat?post=6024"},{"taxonomy":"product_tag","embeddable":true,"href":"https:\/\/radwerk-north.de\/de\/wp-json\/wp\/v2\/product_tag?post=6024"}],"curies":[{"name":"wp","href":"https:\/\/api.w.org\/{rel}","templated":true}]}}