{"id":6023,"date":"2025-11-23T19:23:38","date_gmt":"2025-11-23T19:23:38","guid":{"rendered":"https:\/\/radwerk-north.de\/?post_type=product&#038;p=6023"},"modified":"2026-01-03T07:42:00","modified_gmt":"2026-01-03T07:42:00","slug":"hitway-elektrofahrrad-e-bike-faltbares-stadtfahrrad-lithiumbatterie-36v-104ah-elektrische-kilometerstand-kann-35-70k-erreichen","status":"publish","type":"product","link":"https:\/\/radwerk-north.de\/de\/product\/hitway-elektrofahrrad-e-bike-faltbares-stadtfahrrad-lithiumbatterie-36v-104ah-elektrische-kilometerstand-kann-35-70k-erreichen\/","title":{"rendered":"HITWAY Elektrofahrrad E-Bike faltbares Stadtfahrrad Lithiumbatterie 36V\/10,4Ah, elektrische Kilometerstand kann 35-70k erreichen"},"content":{"rendered":"<p><p>\u3010Leistungsstarker Motor\u3011-Motor 250 W 36 V \u2013 maximale Geschwindigkeit bis zu 25 km\/H, kann 35\u201370 km reisen, LithiumbatterietechnologieBietet eine Garantie f\u00fcr die Lebensdauer der Batterie.(die DatenSpezifische werden durch Belastung, Temperatur und Bedingungen beeinflusstStra\u00dfe usw.)\u3010Sicherer Fahrschutz\u3011-Elektrofahrrad hat BremsenDoppelte vordere und hintere Scheibe sowie elektronische Bremsen zur VermeidungDas Elektrofahrzeug muss au\u00dfer Kontrolle geraten.Die LED leuchten undDie H\u00f6rner an der Vorderseite sowie die Reflektoren an der Vorderseite undDie R\u00fcckseite Ihres Elektrofahrzeugs wird Sie sogar Plus machenSichtbar im Dunkeln und sorgt daf\u00fcr, dass Sie in allem fahrenSicherheit in dunklen Umgebungen.\u3010Zwei Betriebsmodi und Geschwindigkeitsanpassung\u3011-Sie k\u00f6nnenW\u00e4hlen Sie zwischen dem leichten Motorradmodus, oder Sie k\u00f6nnen ihn als verwendenFahrrad normal, der Geschwindigkeitsmodus kann frei gew\u00e4hlt werden und ist geeignet f\u00fcrVerschiedene Altersgruppen.\u3010Hohe Qualit\u00e4t und einfaches Faltdesign\u3011 \u2013 das DesignDurch die Faltbarkeit ist das Elektrofahrrad leicht zu transportieren und aufzubewahren.DieDer Rahmen besteht aus hochbest\u00e4ndigem Kohlenstoffkonstruktionsstahl Q195.Die maximale Nutzlast betr\u00e4gt 120 kg.\u3010Bequeme Bewegung\u3011-Das Elektrofahrrad hat einen Hocker und einen LenkerH\u00f6henverstellbar, sodass Sie den Winkel Plus anpassen k\u00f6nnenBequem.Bitte beachten Sie: Bei unserer rechtlichen Fahrt sind HITWAY-Elektrofahrr\u00e4der nicht mit Beschleunigern ausgestattet.\n<\/p>\n<p><img decoding=\"async\" class=\"img-responsive\" src=\"\/\/ae01.alicdn.com\/kf\/S1d3d0f1f286644fd909b4a4f99e1008ft.jpg\"\/><img decoding=\"async\" class=\"img-responsive\" src=\"\/\/ae01.alicdn.com\/kf\/S0dad59d5b8dd4efcb137a0d64281a6197.jpg\"\/><img decoding=\"async\" class=\"img-responsive\" src=\"\/\/ae01.alicdn.com\/kf\/Sdefacbea5fce403ca1ffe58ed1b71dd3f.jpg\"\/><img decoding=\"async\" class=\"img-responsive\" src=\"\/\/ae01.alicdn.com\/kf\/S67aba59b01114276900b0ea9285464aaL.jpg\"\/><img decoding=\"async\" class=\"img-responsive\" src=\"\/\/ae01.alicdn.com\/kf\/S85838011af0e40378908dd07ac9f0ee8P.jpg\"\/><img decoding=\"async\" class=\"img-responsive\" src=\"\/\/ae01.alicdn.com\/kf\/S438e84d0917e4dd8a1ba1b6f8024ab7c5.jpg\"\/><img decoding=\"async\" class=\"img-responsive\" src=\"\/\/ae01.alicdn.com\/kf\/S417153af009f458aa3b2f6a70d14e5b2b.jpg\"\/><img decoding=\"async\" class=\"img-responsive\" src=\"\/\/ae01.alicdn.com\/kf\/S123d1ab47ace4af1ab9b0211d0092e81m.jpg\"\/><\/p>\n","protected":false},"excerpt":{"rendered":"<p>\u3010Leistungsstarker Motor\u3011-Motor 250 W 36 V \u2013 maximale Geschwindigkeit bis zu 25 km\/H, kann 35\u201370 km reisen, LithiumbatterietechnologieBietet eine Garantie f\u00fcr die Lebensdauer der Batterie.(die DatenSpezifische werden durch Belastung, Temperatur und Bedingungen beeinflusstStra\u00dfe usw.)\u3010Sicherer Fahrschutz\u3011-Elektrofahrrad hat BremsenDoppelte vordere und hintere Scheibe sowie elektronische Bremsen zur VermeidungDas Elektrofahrzeug muss au\u00dfer Kontrolle geraten.Die LED leuchten undDie H\u00f6rner an der Vorderseite sowie die Reflektoren an der Vorderseite undDie R\u00fcckseite Ihres Elektrofahrzeugs wird Sie sogar Plus machenSichtbar im Dunkeln und sorgt daf\u00fcr, dass Sie in allem fahrenSicherheit in dunklen Umgebungen.\u3010Zwei Betriebsmodi und Geschwindigkeitsanpassung\u3011-Sie k\u00f6nnenW\u00e4hlen Sie zwischen dem leichten Motorradmodus, oder Sie k\u00f6nnen ihn als verwendenFahrrad normal, der Geschwindigkeitsmodus kann frei gew\u00e4hlt werden und ist geeignet f\u00fcrVerschiedene Altersgruppen.\u3010Hohe Qualit\u00e4t und einfaches Faltdesign\u3011 \u2013 das DesignDurch die Faltbarkeit ist das Elektrofahrrad leicht zu transportieren und aufzubewahren.DieDer Rahmen besteht aus hochbest\u00e4ndigem Kohlenstoffkonstruktionsstahl Q195.Die maximale Nutzlast betr\u00e4gt 120 kg.\u3010Bequeme Bewegung\u3011-Das Elektrofahrrad hat einen Hocker und einen LenkerH\u00f6henverstellbar, sodass Sie den Winkel Plus anpassen k\u00f6nnenBequem.Bitte beachten Sie: Bei unserer rechtlichen Fahrt sind HITWAY-Elektrofahrr\u00e4der nicht mit Beschleunigern ausgestattet.<\/p>\n","protected":false},"featured_media":6025,"comment_status":"open","ping_status":"closed","template":"","meta":[],"product_brand":[],"product_cat":[69,70],"product_tag":[],"class_list":{"0":"post-6023","1":"product","2":"type-product","3":"status-publish","4":"has-post-thumbnail","6":"product_cat-velo-ville","7":"product_cat-velo-electrique","9":"first","10":"instock","11":"shipping-taxable","12":"purchasable","13":"product-type-variable"},"yoast_head":"<!-- This site is optimized with the Yoast SEO Premium plugin v26.2 (Yoast SEO v26.7) - https:\/\/yoast.com\/wordpress\/plugins\/seo\/ -->\n<title>HITWAY Elektrofahrrad E-Bike faltbares Stadtfahrrad Lithiumbatterie 36V\/10,4Ah, elektrische Kilometerstand kann 35-70k erreichen - RadWerk Nord<\/title>\n<meta name=\"robots\" content=\"index, follow, max-snippet:-1, max-image-preview:large, max-video-preview:-1\" \/>\n<link rel=\"canonical\" href=\"https:\/\/radwerk-north.de\/de\/product\/hitway-elektrofahrrad-e-bike-faltbares-stadtfahrrad-lithiumbatterie-36v-104ah-elektrische-kilometerstand-kann-35-70k-erreichen\/\" \/>\n<meta property=\"og:locale\" content=\"de_DE\" \/>\n<meta property=\"og:type\" content=\"article\" \/>\n<meta property=\"og:title\" content=\"HITWAY Elektrofahrrad E-Bike faltbares Stadtfahrrad Lithiumbatterie 36V\/10,4Ah, elektrische Kilometerstand kann 35-70k erreichen\" \/>\n<meta property=\"og:description\" content=\"\u3010Leistungsstarker Motor\u3011-Motor 250 W 36 V \u2013 maximale Geschwindigkeit bis zu 25 km\/H, kann 35\u201370 km reisen, LithiumbatterietechnologieBietet eine Garantie f\u00fcr die Lebensdauer der Batterie.(die DatenSpezifische werden durch Belastung, Temperatur und Bedingungen beeinflusstStra\u00dfe usw.)\u3010Sicherer Fahrschutz\u3011-Elektrofahrrad hat BremsenDoppelte vordere und hintere Scheibe sowie elektronische Bremsen zur VermeidungDas Elektrofahrzeug muss au\u00dfer Kontrolle geraten.Die LED leuchten undDie H\u00f6rner an der Vorderseite sowie die Reflektoren an der Vorderseite undDie R\u00fcckseite Ihres Elektrofahrzeugs wird Sie sogar Plus machenSichtbar im Dunkeln und sorgt daf\u00fcr, dass Sie in allem fahrenSicherheit in dunklen Umgebungen.\u3010Zwei Betriebsmodi und Geschwindigkeitsanpassung\u3011-Sie k\u00f6nnenW\u00e4hlen Sie zwischen dem leichten Motorradmodus, oder Sie k\u00f6nnen ihn als verwendenFahrrad normal, der Geschwindigkeitsmodus kann frei gew\u00e4hlt werden und ist geeignet f\u00fcrVerschiedene Altersgruppen.\u3010Hohe Qualit\u00e4t und einfaches Faltdesign\u3011 \u2013 das DesignDurch die Faltbarkeit ist das Elektrofahrrad leicht zu transportieren und aufzubewahren.DieDer Rahmen besteht aus hochbest\u00e4ndigem Kohlenstoffkonstruktionsstahl Q195.Die maximale Nutzlast betr\u00e4gt 120 kg.\u3010Bequeme Bewegung\u3011-Das Elektrofahrrad hat einen Hocker und einen LenkerH\u00f6henverstellbar, sodass Sie den Winkel Plus anpassen k\u00f6nnenBequem.Bitte beachten Sie: Bei unserer rechtlichen Fahrt sind HITWAY-Elektrofahrr\u00e4der nicht mit Beschleunigern ausgestattet.\" \/>\n<meta property=\"og:url\" content=\"https:\/\/radwerk-north.de\/de\/product\/hitway-elektrofahrrad-e-bike-faltbares-stadtfahrrad-lithiumbatterie-36v-104ah-elektrische-kilometerstand-kann-35-70k-erreichen\/\" \/>\n<meta property=\"og:site_name\" content=\"RadWerk Nord\" \/>\n<meta property=\"article:modified_time\" content=\"2026-01-03T07:42:00+00:00\" \/>\n<meta property=\"og:image\" content=\"https:\/\/ae01.alicdn.com\/kf\/S26294a0b27f6475c8d5229fa51dd4e78T.jpg\" \/>\n\t<meta property=\"og:image:width\" content=\"800\" \/>\n\t<meta property=\"og:image:height\" content=\"800\" \/>\n\t<meta property=\"og:image:type\" content=\"image\/jpeg\" \/>\n<meta name=\"twitter:card\" content=\"summary_large_image\" \/>\n<meta name=\"twitter:label1\" content=\"Verf\u00fcgbarkeit\" \/>\n\t<meta name=\"twitter:data1\" content=\"Auf Lager\" \/>\n<script type=\"application\/ld+json\" class=\"yoast-schema-graph\">{\"@context\":\"https:\/\/schema.org\",\"@graph\":[{\"@type\":\"WebPage\",\"@id\":\"https:\/\/radwerk-north.de\/product\/hitway-elektrofahrrad-e-bike-faltbares-stadtfahrrad-lithiumbatterie-36v-104ah-elektrische-kilometerstand-kann-35-70k-erreichen\/\",\"url\":\"https:\/\/radwerk-north.de\/product\/hitway-elektrofahrrad-e-bike-faltbares-stadtfahrrad-lithiumbatterie-36v-104ah-elektrische-kilometerstand-kann-35-70k-erreichen\/\",\"name\":\"HITWAY Elektrofahrrad E-Bike faltbares Stadtfahrrad Lithiumbatterie 36V\/10,4Ah, elektrische Kilometerstand kann 35-70k erreichen - RadWerk Nord\",\"isPartOf\":{\"@id\":\"https:\/\/radwerk-north.de\/#website\"},\"primaryImageOfPage\":{\"@id\":\"https:\/\/radwerk-north.de\/product\/hitway-elektrofahrrad-e-bike-faltbares-stadtfahrrad-lithiumbatterie-36v-104ah-elektrische-kilometerstand-kann-35-70k-erreichen\/#primaryimage\"},\"image\":{\"@id\":\"https:\/\/radwerk-north.de\/product\/hitway-elektrofahrrad-e-bike-faltbares-stadtfahrrad-lithiumbatterie-36v-104ah-elektrische-kilometerstand-kann-35-70k-erreichen\/#primaryimage\"},\"thumbnailUrl\":\"https:\/\/ae01.alicdn.com\/kf\/S26294a0b27f6475c8d5229fa51dd4e78T.jpg\",\"datePublished\":\"2025-11-23T19:23:38+00:00\",\"dateModified\":\"2026-01-03T07:42:00+00:00\",\"breadcrumb\":{\"@id\":\"https:\/\/radwerk-north.de\/product\/hitway-elektrofahrrad-e-bike-faltbares-stadtfahrrad-lithiumbatterie-36v-104ah-elektrische-kilometerstand-kann-35-70k-erreichen\/#breadcrumb\"},\"inLanguage\":\"de\",\"potentialAction\":[{\"@type\":\"ReadAction\",\"target\":[\"https:\/\/radwerk-north.de\/product\/hitway-elektrofahrrad-e-bike-faltbares-stadtfahrrad-lithiumbatterie-36v-104ah-elektrische-kilometerstand-kann-35-70k-erreichen\/\"]}]},{\"@type\":\"ImageObject\",\"inLanguage\":\"de\",\"@id\":\"https:\/\/radwerk-north.de\/product\/hitway-elektrofahrrad-e-bike-faltbares-stadtfahrrad-lithiumbatterie-36v-104ah-elektrische-kilometerstand-kann-35-70k-erreichen\/#primaryimage\",\"url\":\"https:\/\/ae01.alicdn.com\/kf\/S26294a0b27f6475c8d5229fa51dd4e78T.jpg\",\"contentUrl\":\"https:\/\/ae01.alicdn.com\/kf\/S26294a0b27f6475c8d5229fa51dd4e78T.jpg\",\"width\":800,\"height\":800,\"caption\":\"HITWAY Elektrofahrrad E-Bike faltbares Stadtfahrrad Lithiumbatterie 36V\/10,4Ah, elektrische Kilometerstand kann 35-70k erreichen 1\"},{\"@type\":\"BreadcrumbList\",\"@id\":\"https:\/\/radwerk-north.de\/product\/hitway-elektrofahrrad-e-bike-faltbares-stadtfahrrad-lithiumbatterie-36v-104ah-elektrische-kilometerstand-kann-35-70k-erreichen\/#breadcrumb\",\"itemListElement\":[{\"@type\":\"ListItem\",\"position\":1,\"name\":\"Home\",\"item\":\"https:\/\/radwerk-north.de\/\"},{\"@type\":\"ListItem\",\"position\":2,\"name\":\"Products\",\"item\":\"https:\/\/radwerk-north.de\/shop\/\"},{\"@type\":\"ListItem\",\"position\":3,\"name\":\"HITWAY Elektrofahrrad E-Bike faltbares Stadtfahrrad Lithiumbatterie 36V\/10,4Ah, elektrische Kilometerstand kann 35-70k erreichen\"}]},{\"@type\":\"WebSite\",\"@id\":\"https:\/\/radwerk-north.de\/#website\",\"url\":\"https:\/\/radwerk-north.de\/\",\"name\":\"RadWerk Nord\",\"description\":\"Mobilit\u00e4t neu gedacht.\",\"publisher\":{\"@id\":\"https:\/\/radwerk-north.de\/#organization\"},\"potentialAction\":[{\"@type\":\"SearchAction\",\"target\":{\"@type\":\"EntryPoint\",\"urlTemplate\":\"https:\/\/radwerk-north.de\/?s={search_term_string}\"},\"query-input\":{\"@type\":\"PropertyValueSpecification\",\"valueRequired\":true,\"valueName\":\"search_term_string\"}}],\"inLanguage\":\"de\"},{\"@type\":\"Organization\",\"@id\":\"https:\/\/radwerk-north.de\/#organization\",\"name\":\"RadWerk Nord\",\"url\":\"https:\/\/radwerk-north.de\/\",\"logo\":{\"@type\":\"ImageObject\",\"inLanguage\":\"de\",\"@id\":\"https:\/\/radwerk-north.de\/#\/schema\/logo\/image\/\",\"url\":\"https:\/\/radwerk-north.de\/wp-content\/uploads\/2025\/12\/cropped-Video_Screen1766523928533-removebg-preview.png\",\"contentUrl\":\"https:\/\/radwerk-north.de\/wp-content\/uploads\/2025\/12\/cropped-Video_Screen1766523928533-removebg-preview.png\",\"width\":745,\"height\":294,\"caption\":\"RadWerk Nord\"},\"image\":{\"@id\":\"https:\/\/radwerk-north.de\/#\/schema\/logo\/image\/\"}}]}<\/script>\n<meta property=\"og:availability\" content=\"instock\" \/>\n<meta property=\"product:availability\" content=\"instock\" \/>\n<meta property=\"product:retailer_item_id\" content=\"RDN244196023\" \/>\n<meta property=\"product:condition\" content=\"new\" \/>\n<!-- \/ Yoast SEO Premium plugin. -->","yoast_head_json":{"title":"HITWAY Elektrofahrrad E-Bike faltbares Stadtfahrrad Lithiumbatterie 36V\/10,4Ah, elektrische Kilometerstand kann 35-70k erreichen - RadWerk Nord","robots":{"index":"index","follow":"follow","max-snippet":"max-snippet:-1","max-image-preview":"max-image-preview:large","max-video-preview":"max-video-preview:-1"},"canonical":"https:\/\/radwerk-north.de\/de\/product\/hitway-elektrofahrrad-e-bike-faltbares-stadtfahrrad-lithiumbatterie-36v-104ah-elektrische-kilometerstand-kann-35-70k-erreichen\/","og_locale":"de_DE","og_type":"article","og_title":"HITWAY Elektrofahrrad E-Bike faltbares Stadtfahrrad Lithiumbatterie 36V\/10,4Ah, elektrische Kilometerstand kann 35-70k erreichen","og_description":"\u3010Leistungsstarker Motor\u3011-Motor 250 W 36 V \u2013 maximale Geschwindigkeit bis zu 25 km\/H, kann 35\u201370 km reisen, LithiumbatterietechnologieBietet eine Garantie f\u00fcr die Lebensdauer der Batterie.(die DatenSpezifische werden durch Belastung, Temperatur und Bedingungen beeinflusstStra\u00dfe usw.)\u3010Sicherer Fahrschutz\u3011-Elektrofahrrad hat BremsenDoppelte vordere und hintere Scheibe sowie elektronische Bremsen zur VermeidungDas Elektrofahrzeug muss au\u00dfer Kontrolle geraten.Die LED leuchten undDie H\u00f6rner an der Vorderseite sowie die Reflektoren an der Vorderseite undDie R\u00fcckseite Ihres Elektrofahrzeugs wird Sie sogar Plus machenSichtbar im Dunkeln und sorgt daf\u00fcr, dass Sie in allem fahrenSicherheit in dunklen Umgebungen.\u3010Zwei Betriebsmodi und Geschwindigkeitsanpassung\u3011-Sie k\u00f6nnenW\u00e4hlen Sie zwischen dem leichten Motorradmodus, oder Sie k\u00f6nnen ihn als verwendenFahrrad normal, der Geschwindigkeitsmodus kann frei gew\u00e4hlt werden und ist geeignet f\u00fcrVerschiedene Altersgruppen.\u3010Hohe Qualit\u00e4t und einfaches Faltdesign\u3011 \u2013 das DesignDurch die Faltbarkeit ist das Elektrofahrrad leicht zu transportieren und aufzubewahren.DieDer Rahmen besteht aus hochbest\u00e4ndigem Kohlenstoffkonstruktionsstahl Q195.Die maximale Nutzlast betr\u00e4gt 120 kg.\u3010Bequeme Bewegung\u3011-Das Elektrofahrrad hat einen Hocker und einen LenkerH\u00f6henverstellbar, sodass Sie den Winkel Plus anpassen k\u00f6nnenBequem.Bitte beachten Sie: Bei unserer rechtlichen Fahrt sind HITWAY-Elektrofahrr\u00e4der nicht mit Beschleunigern ausgestattet.","og_url":"https:\/\/radwerk-north.de\/de\/product\/hitway-elektrofahrrad-e-bike-faltbares-stadtfahrrad-lithiumbatterie-36v-104ah-elektrische-kilometerstand-kann-35-70k-erreichen\/","og_site_name":"RadWerk Nord","article_modified_time":"2026-01-03T07:42:00+00:00","og_image":[{"width":800,"height":800,"url":"https:\/\/ae01.alicdn.com\/kf\/S26294a0b27f6475c8d5229fa51dd4e78T.jpg","type":"image\/jpeg"}],"twitter_card":"summary_large_image","twitter_misc":{"Verf\u00fcgbarkeit":"Auf Lager"},"schema":{"@context":"https:\/\/schema.org","@graph":[{"@type":"WebPage","@id":"https:\/\/radwerk-north.de\/product\/hitway-elektrofahrrad-e-bike-faltbares-stadtfahrrad-lithiumbatterie-36v-104ah-elektrische-kilometerstand-kann-35-70k-erreichen\/","url":"https:\/\/radwerk-north.de\/product\/hitway-elektrofahrrad-e-bike-faltbares-stadtfahrrad-lithiumbatterie-36v-104ah-elektrische-kilometerstand-kann-35-70k-erreichen\/","name":"HITWAY Elektrofahrrad E-Bike faltbares Stadtfahrrad Lithiumbatterie 36V\/10,4Ah, elektrische Kilometerstand kann 35-70k erreichen - RadWerk Nord","isPartOf":{"@id":"https:\/\/radwerk-north.de\/#website"},"primaryImageOfPage":{"@id":"https:\/\/radwerk-north.de\/product\/hitway-elektrofahrrad-e-bike-faltbares-stadtfahrrad-lithiumbatterie-36v-104ah-elektrische-kilometerstand-kann-35-70k-erreichen\/#primaryimage"},"image":{"@id":"https:\/\/radwerk-north.de\/product\/hitway-elektrofahrrad-e-bike-faltbares-stadtfahrrad-lithiumbatterie-36v-104ah-elektrische-kilometerstand-kann-35-70k-erreichen\/#primaryimage"},"thumbnailUrl":"https:\/\/ae01.alicdn.com\/kf\/S26294a0b27f6475c8d5229fa51dd4e78T.jpg","datePublished":"2025-11-23T19:23:38+00:00","dateModified":"2026-01-03T07:42:00+00:00","breadcrumb":{"@id":"https:\/\/radwerk-north.de\/product\/hitway-elektrofahrrad-e-bike-faltbares-stadtfahrrad-lithiumbatterie-36v-104ah-elektrische-kilometerstand-kann-35-70k-erreichen\/#breadcrumb"},"inLanguage":"de","potentialAction":[{"@type":"ReadAction","target":["https:\/\/radwerk-north.de\/product\/hitway-elektrofahrrad-e-bike-faltbares-stadtfahrrad-lithiumbatterie-36v-104ah-elektrische-kilometerstand-kann-35-70k-erreichen\/"]}]},{"@type":"ImageObject","inLanguage":"de","@id":"https:\/\/radwerk-north.de\/product\/hitway-elektrofahrrad-e-bike-faltbares-stadtfahrrad-lithiumbatterie-36v-104ah-elektrische-kilometerstand-kann-35-70k-erreichen\/#primaryimage","url":"https:\/\/ae01.alicdn.com\/kf\/S26294a0b27f6475c8d5229fa51dd4e78T.jpg","contentUrl":"https:\/\/ae01.alicdn.com\/kf\/S26294a0b27f6475c8d5229fa51dd4e78T.jpg","width":800,"height":800,"caption":"HITWAY Elektrofahrrad E-Bike faltbares Stadtfahrrad Lithiumbatterie 36V\/10,4Ah, elektrische Kilometerstand kann 35-70k erreichen 1"},{"@type":"BreadcrumbList","@id":"https:\/\/radwerk-north.de\/product\/hitway-elektrofahrrad-e-bike-faltbares-stadtfahrrad-lithiumbatterie-36v-104ah-elektrische-kilometerstand-kann-35-70k-erreichen\/#breadcrumb","itemListElement":[{"@type":"ListItem","position":1,"name":"Home","item":"https:\/\/radwerk-north.de\/"},{"@type":"ListItem","position":2,"name":"Products","item":"https:\/\/radwerk-north.de\/shop\/"},{"@type":"ListItem","position":3,"name":"HITWAY Elektrofahrrad E-Bike faltbares Stadtfahrrad Lithiumbatterie 36V\/10,4Ah, elektrische Kilometerstand kann 35-70k erreichen"}]},{"@type":"WebSite","@id":"https:\/\/radwerk-north.de\/#website","url":"https:\/\/radwerk-north.de\/","name":"RadWerk Nord","description":"Mobilit\u00e4t neu gedacht.","publisher":{"@id":"https:\/\/radwerk-north.de\/#organization"},"potentialAction":[{"@type":"SearchAction","target":{"@type":"EntryPoint","urlTemplate":"https:\/\/radwerk-north.de\/?s={search_term_string}"},"query-input":{"@type":"PropertyValueSpecification","valueRequired":true,"valueName":"search_term_string"}}],"inLanguage":"de"},{"@type":"Organization","@id":"https:\/\/radwerk-north.de\/#organization","name":"RadWerk Nord","url":"https:\/\/radwerk-north.de\/","logo":{"@type":"ImageObject","inLanguage":"de","@id":"https:\/\/radwerk-north.de\/#\/schema\/logo\/image\/","url":"https:\/\/radwerk-north.de\/wp-content\/uploads\/2025\/12\/cropped-Video_Screen1766523928533-removebg-preview.png","contentUrl":"https:\/\/radwerk-north.de\/wp-content\/uploads\/2025\/12\/cropped-Video_Screen1766523928533-removebg-preview.png","width":745,"height":294,"caption":"RadWerk Nord"},"image":{"@id":"https:\/\/radwerk-north.de\/#\/schema\/logo\/image\/"}}]},"og_availability":"instock","product_availability":"instock","product_retailer_item_id":"RDN244196023","product_condition":"new"},"acf":[],"_links":{"self":[{"href":"https:\/\/radwerk-north.de\/de\/wp-json\/wp\/v2\/product\/6023","targetHints":{"allow":["GET"]}}],"collection":[{"href":"https:\/\/radwerk-north.de\/de\/wp-json\/wp\/v2\/product"}],"about":[{"href":"https:\/\/radwerk-north.de\/de\/wp-json\/wp\/v2\/types\/product"}],"replies":[{"embeddable":true,"href":"https:\/\/radwerk-north.de\/de\/wp-json\/wp\/v2\/comments?post=6023"}],"wp:featuredmedia":[{"embeddable":true,"href":"https:\/\/radwerk-north.de\/de\/wp-json\/wp\/v2\/media\/6025"}],"wp:attachment":[{"href":"https:\/\/radwerk-north.de\/de\/wp-json\/wp\/v2\/media?parent=6023"}],"wp:term":[{"taxonomy":"product_brand","embeddable":true,"href":"https:\/\/radwerk-north.de\/de\/wp-json\/wp\/v2\/product_brand?post=6023"},{"taxonomy":"product_cat","embeddable":true,"href":"https:\/\/radwerk-north.de\/de\/wp-json\/wp\/v2\/product_cat?post=6023"},{"taxonomy":"product_tag","embeddable":true,"href":"https:\/\/radwerk-north.de\/de\/wp-json\/wp\/v2\/product_tag?post=6023"}],"curies":[{"name":"wp","href":"https:\/\/api.w.org\/{rel}","templated":true}]}}