{"id":5858,"date":"2025-11-23T19:18:26","date_gmt":"2025-11-23T19:18:26","guid":{"rendered":"https:\/\/radwerk-north.de\/?post_type=product&#038;p=5858"},"modified":"2025-11-23T19:18:26","modified_gmt":"2025-11-23T19:18:26","slug":"26-dreirader-fur-erwachsene-dreiradriges-beifahrer-dreirad-elektrisches-assist-pedal-lastenfahrrad-7-gang-elektro-dreirad-fernreifen-dreirad","status":"publish","type":"product","link":"https:\/\/radwerk-north.de\/de\/product\/26-dreirader-fur-erwachsene-dreiradriges-beifahrer-dreirad-elektrisches-assist-pedal-lastenfahrrad-7-gang-elektro-dreirad-fernreifen-dreirad\/","title":{"rendered":"26 Dreir\u00e4der f\u00fcr Erwachsene, dreir\u00e4driges Beifahrer-Dreirad, elektrisches Assist-Pedal, Lastenfahrrad, 7-Gang-Elektro-Dreirad, Fernreifen-Dreirad"},"content":{"rendered":"<p><img decoding=\"async\" class=\"img-responsive\" src=\"\/\/ae01.alicdn.com\/kf\/S4968c7cef3a94f389a02b0b8cb216beeT.jpg\"\/><img decoding=\"async\" class=\"img-responsive\" src=\"\/\/ae01.alicdn.com\/kf\/S2efd265e6fa34a01a65703243801c306W.jpg\"\/><\/p>\n","protected":false},"excerpt":{"rendered":"","protected":false},"featured_media":5859,"comment_status":"open","ping_status":"closed","template":"","meta":[],"product_brand":[],"product_cat":[68],"product_tag":[],"class_list":{"0":"post-5858","1":"product","2":"type-product","3":"status-publish","4":"has-post-thumbnail","6":"product_cat-velo-cargo","8":"first","9":"instock","10":"shipping-taxable","11":"purchasable","12":"product-type-simple"},"yoast_head":"<!-- This site is optimized with the Yoast SEO Premium plugin v26.2 (Yoast SEO v26.7) - https:\/\/yoast.com\/wordpress\/plugins\/seo\/ -->\n<title>26 Dreir\u00e4der f\u00fcr Erwachsene, dreir\u00e4driges Beifahrer-Dreirad, elektrisches Assist-Pedal, Lastenfahrrad, 7-Gang-Elektro-Dreirad, Fernreifen-Dreirad - RadWerk Nord<\/title>\n<meta name=\"robots\" content=\"index, follow, max-snippet:-1, max-image-preview:large, max-video-preview:-1\" \/>\n<link rel=\"canonical\" href=\"https:\/\/radwerk-north.de\/de\/product\/26-dreirader-fur-erwachsene-dreiradriges-beifahrer-dreirad-elektrisches-assist-pedal-lastenfahrrad-7-gang-elektro-dreirad-fernreifen-dreirad\/\" \/>\n<meta property=\"og:locale\" content=\"de_DE\" \/>\n<meta property=\"og:type\" content=\"article\" \/>\n<meta property=\"og:title\" content=\"26 Dreir\u00e4der f\u00fcr Erwachsene, dreir\u00e4driges Beifahrer-Dreirad, elektrisches Assist-Pedal, Lastenfahrrad, 7-Gang-Elektro-Dreirad, Fernreifen-Dreirad\" \/>\n<meta property=\"og:url\" content=\"https:\/\/radwerk-north.de\/de\/product\/26-dreirader-fur-erwachsene-dreiradriges-beifahrer-dreirad-elektrisches-assist-pedal-lastenfahrrad-7-gang-elektro-dreirad-fernreifen-dreirad\/\" \/>\n<meta property=\"og:site_name\" content=\"RadWerk Nord\" \/>\n<meta property=\"og:image\" content=\"https:\/\/ae01.alicdn.com\/kf\/S834b2ecb5d13460f82052140812b7263h.jpg\" \/>\n\t<meta property=\"og:image:width\" content=\"800\" \/>\n\t<meta property=\"og:image:height\" content=\"800\" \/>\n\t<meta property=\"og:image:type\" content=\"image\/jpeg\" \/>\n<meta name=\"twitter:card\" content=\"summary_large_image\" \/>\n<meta name=\"twitter:label1\" content=\"Preis\" \/>\n\t<meta name=\"twitter:data1\" content=\"1.453,17&nbsp;&euro;\" \/>\n\t<meta name=\"twitter:label2\" content=\"Verf\u00fcgbarkeit\" \/>\n\t<meta name=\"twitter:data2\" content=\"Auf Lager\" \/>\n<script type=\"application\/ld+json\" class=\"yoast-schema-graph\">{\"@context\":\"https:\/\/schema.org\",\"@graph\":[{\"@type\":\"WebPage\",\"@id\":\"https:\/\/radwerk-north.de\/product\/26-dreirader-fur-erwachsene-dreiradriges-beifahrer-dreirad-elektrisches-assist-pedal-lastenfahrrad-7-gang-elektro-dreirad-fernreifen-dreirad\/\",\"url\":\"https:\/\/radwerk-north.de\/product\/26-dreirader-fur-erwachsene-dreiradriges-beifahrer-dreirad-elektrisches-assist-pedal-lastenfahrrad-7-gang-elektro-dreirad-fernreifen-dreirad\/\",\"name\":\"26 Dreir\u00e4der f\u00fcr Erwachsene, dreir\u00e4driges Beifahrer-Dreirad, elektrisches Assist-Pedal, Lastenfahrrad, 7-Gang-Elektro-Dreirad, Fernreifen-Dreirad - RadWerk Nord\",\"isPartOf\":{\"@id\":\"https:\/\/radwerk-north.de\/#website\"},\"primaryImageOfPage\":{\"@id\":\"https:\/\/radwerk-north.de\/product\/26-dreirader-fur-erwachsene-dreiradriges-beifahrer-dreirad-elektrisches-assist-pedal-lastenfahrrad-7-gang-elektro-dreirad-fernreifen-dreirad\/#primaryimage\"},\"image\":{\"@id\":\"https:\/\/radwerk-north.de\/product\/26-dreirader-fur-erwachsene-dreiradriges-beifahrer-dreirad-elektrisches-assist-pedal-lastenfahrrad-7-gang-elektro-dreirad-fernreifen-dreirad\/#primaryimage\"},\"thumbnailUrl\":\"https:\/\/ae01.alicdn.com\/kf\/S834b2ecb5d13460f82052140812b7263h.jpg\",\"datePublished\":\"2025-11-23T19:18:26+00:00\",\"breadcrumb\":{\"@id\":\"https:\/\/radwerk-north.de\/product\/26-dreirader-fur-erwachsene-dreiradriges-beifahrer-dreirad-elektrisches-assist-pedal-lastenfahrrad-7-gang-elektro-dreirad-fernreifen-dreirad\/#breadcrumb\"},\"inLanguage\":\"de\",\"potentialAction\":[{\"@type\":\"ReadAction\",\"target\":[\"https:\/\/radwerk-north.de\/product\/26-dreirader-fur-erwachsene-dreiradriges-beifahrer-dreirad-elektrisches-assist-pedal-lastenfahrrad-7-gang-elektro-dreirad-fernreifen-dreirad\/\"]}]},{\"@type\":\"ImageObject\",\"inLanguage\":\"de\",\"@id\":\"https:\/\/radwerk-north.de\/product\/26-dreirader-fur-erwachsene-dreiradriges-beifahrer-dreirad-elektrisches-assist-pedal-lastenfahrrad-7-gang-elektro-dreirad-fernreifen-dreirad\/#primaryimage\",\"url\":\"https:\/\/ae01.alicdn.com\/kf\/S834b2ecb5d13460f82052140812b7263h.jpg\",\"contentUrl\":\"https:\/\/ae01.alicdn.com\/kf\/S834b2ecb5d13460f82052140812b7263h.jpg\",\"width\":800,\"height\":800,\"caption\":\"26 Dreir\u00e4der f\u00fcr Erwachsene, dreir\u00e4driges Beifahrer-Dreirad, elektrisches Assist-Pedal, Lastenfahrrad, 7-Gang-Elektro-Dreirad, Fernreifen-Dreirad 1\"},{\"@type\":\"BreadcrumbList\",\"@id\":\"https:\/\/radwerk-north.de\/product\/26-dreirader-fur-erwachsene-dreiradriges-beifahrer-dreirad-elektrisches-assist-pedal-lastenfahrrad-7-gang-elektro-dreirad-fernreifen-dreirad\/#breadcrumb\",\"itemListElement\":[{\"@type\":\"ListItem\",\"position\":1,\"name\":\"Home\",\"item\":\"https:\/\/radwerk-north.de\/\"},{\"@type\":\"ListItem\",\"position\":2,\"name\":\"Products\",\"item\":\"https:\/\/radwerk-north.de\/shop\/\"},{\"@type\":\"ListItem\",\"position\":3,\"name\":\"26 Dreir\u00e4der f\u00fcr Erwachsene, dreir\u00e4driges Beifahrer-Dreirad, elektrisches Assist-Pedal, Lastenfahrrad, 7-Gang-Elektro-Dreirad, Fernreifen-Dreirad\"}]},{\"@type\":\"WebSite\",\"@id\":\"https:\/\/radwerk-north.de\/#website\",\"url\":\"https:\/\/radwerk-north.de\/\",\"name\":\"RadWerk Nord\",\"description\":\"Mobilit\u00e4t neu gedacht.\",\"publisher\":{\"@id\":\"https:\/\/radwerk-north.de\/#organization\"},\"potentialAction\":[{\"@type\":\"SearchAction\",\"target\":{\"@type\":\"EntryPoint\",\"urlTemplate\":\"https:\/\/radwerk-north.de\/?s={search_term_string}\"},\"query-input\":{\"@type\":\"PropertyValueSpecification\",\"valueRequired\":true,\"valueName\":\"search_term_string\"}}],\"inLanguage\":\"de\"},{\"@type\":\"Organization\",\"@id\":\"https:\/\/radwerk-north.de\/#organization\",\"name\":\"RadWerk Nord\",\"url\":\"https:\/\/radwerk-north.de\/\",\"logo\":{\"@type\":\"ImageObject\",\"inLanguage\":\"de\",\"@id\":\"https:\/\/radwerk-north.de\/#\/schema\/logo\/image\/\",\"url\":\"https:\/\/radwerk-north.de\/wp-content\/uploads\/2025\/12\/cropped-Video_Screen1766523928533-removebg-preview.png\",\"contentUrl\":\"https:\/\/radwerk-north.de\/wp-content\/uploads\/2025\/12\/cropped-Video_Screen1766523928533-removebg-preview.png\",\"width\":745,\"height\":294,\"caption\":\"RadWerk Nord\"},\"image\":{\"@id\":\"https:\/\/radwerk-north.de\/#\/schema\/logo\/image\/\"}}]}<\/script>\n<meta property=\"product:price:amount\" content=\"1453.17\" \/>\n<meta property=\"product:price:currency\" content=\"EUR\" \/>\n<meta property=\"og:availability\" content=\"instock\" \/>\n<meta property=\"product:availability\" content=\"instock\" \/>\n<meta property=\"product:retailer_item_id\" content=\"RDNUGUI75858\" \/>\n<meta property=\"product:condition\" content=\"new\" \/>\n<!-- \/ Yoast SEO Premium plugin. -->","yoast_head_json":{"title":"26 Dreir\u00e4der f\u00fcr Erwachsene, dreir\u00e4driges Beifahrer-Dreirad, elektrisches Assist-Pedal, Lastenfahrrad, 7-Gang-Elektro-Dreirad, Fernreifen-Dreirad - RadWerk Nord","robots":{"index":"index","follow":"follow","max-snippet":"max-snippet:-1","max-image-preview":"max-image-preview:large","max-video-preview":"max-video-preview:-1"},"canonical":"https:\/\/radwerk-north.de\/de\/product\/26-dreirader-fur-erwachsene-dreiradriges-beifahrer-dreirad-elektrisches-assist-pedal-lastenfahrrad-7-gang-elektro-dreirad-fernreifen-dreirad\/","og_locale":"de_DE","og_type":"article","og_title":"26 Dreir\u00e4der f\u00fcr Erwachsene, dreir\u00e4driges Beifahrer-Dreirad, elektrisches Assist-Pedal, Lastenfahrrad, 7-Gang-Elektro-Dreirad, Fernreifen-Dreirad","og_url":"https:\/\/radwerk-north.de\/de\/product\/26-dreirader-fur-erwachsene-dreiradriges-beifahrer-dreirad-elektrisches-assist-pedal-lastenfahrrad-7-gang-elektro-dreirad-fernreifen-dreirad\/","og_site_name":"RadWerk Nord","og_image":[{"width":800,"height":800,"url":"https:\/\/ae01.alicdn.com\/kf\/S834b2ecb5d13460f82052140812b7263h.jpg","type":"image\/jpeg"}],"twitter_card":"summary_large_image","twitter_misc":{"Preis":"1.453,17&nbsp;&euro;","Verf\u00fcgbarkeit":"Auf Lager"},"schema":{"@context":"https:\/\/schema.org","@graph":[{"@type":"WebPage","@id":"https:\/\/radwerk-north.de\/product\/26-dreirader-fur-erwachsene-dreiradriges-beifahrer-dreirad-elektrisches-assist-pedal-lastenfahrrad-7-gang-elektro-dreirad-fernreifen-dreirad\/","url":"https:\/\/radwerk-north.de\/product\/26-dreirader-fur-erwachsene-dreiradriges-beifahrer-dreirad-elektrisches-assist-pedal-lastenfahrrad-7-gang-elektro-dreirad-fernreifen-dreirad\/","name":"26 Dreir\u00e4der f\u00fcr Erwachsene, dreir\u00e4driges Beifahrer-Dreirad, elektrisches Assist-Pedal, Lastenfahrrad, 7-Gang-Elektro-Dreirad, Fernreifen-Dreirad - RadWerk Nord","isPartOf":{"@id":"https:\/\/radwerk-north.de\/#website"},"primaryImageOfPage":{"@id":"https:\/\/radwerk-north.de\/product\/26-dreirader-fur-erwachsene-dreiradriges-beifahrer-dreirad-elektrisches-assist-pedal-lastenfahrrad-7-gang-elektro-dreirad-fernreifen-dreirad\/#primaryimage"},"image":{"@id":"https:\/\/radwerk-north.de\/product\/26-dreirader-fur-erwachsene-dreiradriges-beifahrer-dreirad-elektrisches-assist-pedal-lastenfahrrad-7-gang-elektro-dreirad-fernreifen-dreirad\/#primaryimage"},"thumbnailUrl":"https:\/\/ae01.alicdn.com\/kf\/S834b2ecb5d13460f82052140812b7263h.jpg","datePublished":"2025-11-23T19:18:26+00:00","breadcrumb":{"@id":"https:\/\/radwerk-north.de\/product\/26-dreirader-fur-erwachsene-dreiradriges-beifahrer-dreirad-elektrisches-assist-pedal-lastenfahrrad-7-gang-elektro-dreirad-fernreifen-dreirad\/#breadcrumb"},"inLanguage":"de","potentialAction":[{"@type":"ReadAction","target":["https:\/\/radwerk-north.de\/product\/26-dreirader-fur-erwachsene-dreiradriges-beifahrer-dreirad-elektrisches-assist-pedal-lastenfahrrad-7-gang-elektro-dreirad-fernreifen-dreirad\/"]}]},{"@type":"ImageObject","inLanguage":"de","@id":"https:\/\/radwerk-north.de\/product\/26-dreirader-fur-erwachsene-dreiradriges-beifahrer-dreirad-elektrisches-assist-pedal-lastenfahrrad-7-gang-elektro-dreirad-fernreifen-dreirad\/#primaryimage","url":"https:\/\/ae01.alicdn.com\/kf\/S834b2ecb5d13460f82052140812b7263h.jpg","contentUrl":"https:\/\/ae01.alicdn.com\/kf\/S834b2ecb5d13460f82052140812b7263h.jpg","width":800,"height":800,"caption":"26 Dreir\u00e4der f\u00fcr Erwachsene, dreir\u00e4driges Beifahrer-Dreirad, elektrisches Assist-Pedal, Lastenfahrrad, 7-Gang-Elektro-Dreirad, Fernreifen-Dreirad 1"},{"@type":"BreadcrumbList","@id":"https:\/\/radwerk-north.de\/product\/26-dreirader-fur-erwachsene-dreiradriges-beifahrer-dreirad-elektrisches-assist-pedal-lastenfahrrad-7-gang-elektro-dreirad-fernreifen-dreirad\/#breadcrumb","itemListElement":[{"@type":"ListItem","position":1,"name":"Home","item":"https:\/\/radwerk-north.de\/"},{"@type":"ListItem","position":2,"name":"Products","item":"https:\/\/radwerk-north.de\/shop\/"},{"@type":"ListItem","position":3,"name":"26 Dreir\u00e4der f\u00fcr Erwachsene, dreir\u00e4driges Beifahrer-Dreirad, elektrisches Assist-Pedal, Lastenfahrrad, 7-Gang-Elektro-Dreirad, Fernreifen-Dreirad"}]},{"@type":"WebSite","@id":"https:\/\/radwerk-north.de\/#website","url":"https:\/\/radwerk-north.de\/","name":"RadWerk Nord","description":"Mobilit\u00e4t neu gedacht.","publisher":{"@id":"https:\/\/radwerk-north.de\/#organization"},"potentialAction":[{"@type":"SearchAction","target":{"@type":"EntryPoint","urlTemplate":"https:\/\/radwerk-north.de\/?s={search_term_string}"},"query-input":{"@type":"PropertyValueSpecification","valueRequired":true,"valueName":"search_term_string"}}],"inLanguage":"de"},{"@type":"Organization","@id":"https:\/\/radwerk-north.de\/#organization","name":"RadWerk Nord","url":"https:\/\/radwerk-north.de\/","logo":{"@type":"ImageObject","inLanguage":"de","@id":"https:\/\/radwerk-north.de\/#\/schema\/logo\/image\/","url":"https:\/\/radwerk-north.de\/wp-content\/uploads\/2025\/12\/cropped-Video_Screen1766523928533-removebg-preview.png","contentUrl":"https:\/\/radwerk-north.de\/wp-content\/uploads\/2025\/12\/cropped-Video_Screen1766523928533-removebg-preview.png","width":745,"height":294,"caption":"RadWerk Nord"},"image":{"@id":"https:\/\/radwerk-north.de\/#\/schema\/logo\/image\/"}}]},"product_price_amount":"1453.17","product_price_currency":"EUR","og_availability":"instock","product_availability":"instock","product_retailer_item_id":"RDNUGUI75858","product_condition":"new"},"acf":[],"_links":{"self":[{"href":"https:\/\/radwerk-north.de\/de\/wp-json\/wp\/v2\/product\/5858","targetHints":{"allow":["GET"]}}],"collection":[{"href":"https:\/\/radwerk-north.de\/de\/wp-json\/wp\/v2\/product"}],"about":[{"href":"https:\/\/radwerk-north.de\/de\/wp-json\/wp\/v2\/types\/product"}],"replies":[{"embeddable":true,"href":"https:\/\/radwerk-north.de\/de\/wp-json\/wp\/v2\/comments?post=5858"}],"wp:featuredmedia":[{"embeddable":true,"href":"https:\/\/radwerk-north.de\/de\/wp-json\/wp\/v2\/media\/5859"}],"wp:attachment":[{"href":"https:\/\/radwerk-north.de\/de\/wp-json\/wp\/v2\/media?parent=5858"}],"wp:term":[{"taxonomy":"product_brand","embeddable":true,"href":"https:\/\/radwerk-north.de\/de\/wp-json\/wp\/v2\/product_brand?post=5858"},{"taxonomy":"product_cat","embeddable":true,"href":"https:\/\/radwerk-north.de\/de\/wp-json\/wp\/v2\/product_cat?post=5858"},{"taxonomy":"product_tag","embeddable":true,"href":"https:\/\/radwerk-north.de\/de\/wp-json\/wp\/v2\/product_tag?post=5858"}],"curies":[{"name":"wp","href":"https:\/\/api.w.org\/{rel}","templated":true}]}}