{"id":5736,"date":"2025-11-23T19:18:21","date_gmt":"2025-11-23T19:18:21","guid":{"rendered":"https:\/\/radwerk-north.de\/?post_type=product&#038;p=5736"},"modified":"2025-12-03T07:12:23","modified_gmt":"2025-12-03T07:12:23","slug":"20-zoll-elektro-dreirad-fur-erwachsene-350-w-12-ah-33-kg-30-35-km-belastungsgewicht-150-kg-dreiradriges-elektrofahrrad-elektrisches-lastenfahrrad","status":"publish","type":"product","link":"https:\/\/radwerk-north.de\/de\/product\/20-zoll-elektro-dreirad-fur-erwachsene-350-w-12-ah-33-kg-30-35-km-belastungsgewicht-150-kg-dreiradriges-elektrofahrrad-elektrisches-lastenfahrrad\/","title":{"rendered":"20-Zoll-Elektro-Dreirad f\u00fcr Erwachsene, 350 W, 12 Ah, 33 kg, 30\u201335 km, Belastungsgewicht 150 kg, dreir\u00e4driges Elektrofahrrad, elektrisches Lastenfahrrad"},"content":{"rendered":"<p>Installationsvideo<\/p>\n<p>Installationsvideo<\/p>\n<p>Installationsvideo<\/p>\n<p>Installationsvideo<\/p>\n<p>Video di instalalla\u0448<\/p>\n<p>Instal Laf Wideo<\/p>\n<p>Vid\u00e9o d&#8217;installation<\/p>\n<p>Installationsvideo<\/p>\n<p>Zu den Produkten geh\u00f6ren 1.Dreirad * 1 2.Batterie * 1 3.Ladeger\u00e4t * 1 4.Korb * 2<br \/>\nSpannung: 350 W 12 Ah 36 V Kilometerstand: 30-35 km Gewicht des Dreirads: 33 kg Maximale Tragf\u00e4higkeit: 150 kg<\/p>\n<p><img decoding=\"async\" class=\"img-responsive\" src=\"\/\/ae01.alicdn.com\/kf\/Scfab91d7579a4a51a17e86c65e7f44bb4.jpg\" \/><img decoding=\"async\" class=\"img-responsive\" src=\"\/\/ae01.alicdn.com\/kf\/Sa073e2f6a0ef44dba13f103d90607d61U.jpg\" \/><img decoding=\"async\" class=\"img-responsive\" src=\"\/\/ae01.alicdn.com\/kf\/S7384c9652d1743c9a8bfd74828a65601m.jpg\" \/><img decoding=\"async\" class=\"img-responsive\" src=\"\/\/ae01.alicdn.com\/kf\/S42ffa57884824ad3af775444a666a6adN.jpg\" \/><img decoding=\"async\" class=\"img-responsive\" src=\"\/\/ae01.alicdn.com\/kf\/S451d3e2c6426477e973c124c87b3c593v.jpg\" \/><img decoding=\"async\" class=\"img-responsive\" src=\"\/\/ae01.alicdn.com\/kf\/S61fa961d427d4123a99d79c1e2a68663j.jpg\" \/><img decoding=\"async\" class=\"img-responsive\" src=\"\/\/ae01.alicdn.com\/kf\/Sa9c25c5ee09f4bcbbf7afed674a4d5db7.jpg\" \/><img decoding=\"async\" class=\"img-responsive\" src=\"\/\/ae01.alicdn.com\/kf\/S1b3ec516870c454085852245228988199.jpg\" \/><img decoding=\"async\" class=\"img-responsive\" src=\"\/\/ae01.alicdn.com\/kf\/Sf2e6891e518b4d51b443d14d28be24f0m.jpg\" \/><img decoding=\"async\" class=\"img-responsive\" src=\"\/\/ae01.alicdn.com\/kf\/Sfc0d37c17d0546849cbd317c86d2d305o.jpg\" \/><img decoding=\"async\" class=\"img-responsive\" src=\"\/\/ae01.alicdn.com\/kf\/S8138d7aad6704f0b857b1027204fc65dt.jpg\" \/><img decoding=\"async\" class=\"img-responsive\" src=\"\/\/ae01.alicdn.com\/kf\/S639b655be5134c49b71dd3dd74d55d6bz.jpg\" \/><\/p>\n","protected":false},"excerpt":{"rendered":"<p>Installationsvideo Installationsvideo Installationsvideo Installationsvideo Video di instalalla\u0448 Instal Laf Wideo Vid\u00e9o d&#8217;installation Installationsvideo Zu den Produkten geh\u00f6ren 1.Dreirad * 1 2.Batterie * 1 3.Ladeger\u00e4t * 1 4.Korb * 2 Spannung: 350 W 12 Ah 36 V Kilometerstand: 30-35 km Gewicht des Dreirads: 33 kg Maximale Tragf\u00e4higkeit: 150 kg<\/p>\n","protected":false},"featured_media":5763,"comment_status":"open","ping_status":"closed","template":"","meta":[],"product_brand":[],"product_cat":[68],"product_tag":[],"class_list":{"0":"post-5736","1":"product","2":"type-product","3":"status-publish","4":"has-post-thumbnail","6":"product_cat-velo-cargo","8":"first","9":"instock","10":"shipping-taxable","11":"purchasable","12":"product-type-simple"},"yoast_head":"<!-- This site is optimized with the Yoast SEO Premium plugin v26.2 (Yoast SEO v26.7) - https:\/\/yoast.com\/wordpress\/plugins\/seo\/ -->\n<title>20-Zoll-Elektro-Dreirad f\u00fcr Erwachsene, 350 W, 12 Ah, 33 kg, 30\u201335 km, Belastungsgewicht 150 kg, dreir\u00e4driges Elektrofahrrad, elektrisches Lastenfahrrad - RadWerk Nord<\/title>\n<meta name=\"robots\" content=\"index, follow, max-snippet:-1, max-image-preview:large, max-video-preview:-1\" \/>\n<link rel=\"canonical\" href=\"https:\/\/radwerk-north.de\/de\/product\/20-zoll-elektro-dreirad-fur-erwachsene-350-w-12-ah-33-kg-30-35-km-belastungsgewicht-150-kg-dreiradriges-elektrofahrrad-elektrisches-lastenfahrrad\/\" \/>\n<meta property=\"og:locale\" content=\"de_DE\" \/>\n<meta property=\"og:type\" content=\"article\" \/>\n<meta property=\"og:title\" content=\"20-Zoll-Elektro-Dreirad f\u00fcr Erwachsene, 350 W, 12 Ah, 33 kg, 30\u201335 km, Belastungsgewicht 150 kg, dreir\u00e4driges Elektrofahrrad, elektrisches Lastenfahrrad\" \/>\n<meta property=\"og:description\" content=\"Installationsvideo Installationsvideo Installationsvideo Installationsvideo Video di instalalla\u0448 Instal Laf Wideo Vid\u00e9o d&#8217;installation Installationsvideo Zu den Produkten geh\u00f6ren 1.Dreirad * 1 2.Batterie * 1 3.Ladeger\u00e4t * 1 4.Korb * 2 Spannung: 350 W 12 Ah 36 V Kilometerstand: 30-35 km Gewicht des Dreirads: 33 kg Maximale Tragf\u00e4higkeit: 150 kg\" \/>\n<meta property=\"og:url\" content=\"https:\/\/radwerk-north.de\/de\/product\/20-zoll-elektro-dreirad-fur-erwachsene-350-w-12-ah-33-kg-30-35-km-belastungsgewicht-150-kg-dreiradriges-elektrofahrrad-elektrisches-lastenfahrrad\/\" \/>\n<meta property=\"og:site_name\" content=\"RadWerk Nord\" \/>\n<meta property=\"article:modified_time\" content=\"2025-12-03T07:12:23+00:00\" \/>\n<meta property=\"og:image\" content=\"https:\/\/ae01.alicdn.com\/kf\/Sc16b990d00e144afabe55d81732cdb883.jpg\" \/>\n\t<meta property=\"og:image:width\" content=\"800\" \/>\n\t<meta property=\"og:image:height\" content=\"800\" \/>\n\t<meta property=\"og:image:type\" content=\"image\/jpeg\" \/>\n<meta name=\"twitter:card\" content=\"summary_large_image\" \/>\n<meta name=\"twitter:label1\" content=\"Preis\" \/>\n\t<meta name=\"twitter:data1\" content=\"873,60&nbsp;&euro;\" \/>\n\t<meta name=\"twitter:label2\" content=\"Verf\u00fcgbarkeit\" \/>\n\t<meta name=\"twitter:data2\" content=\"Auf Lager\" \/>\n<script type=\"application\/ld+json\" class=\"yoast-schema-graph\">{\"@context\":\"https:\/\/schema.org\",\"@graph\":[{\"@type\":\"WebPage\",\"@id\":\"https:\/\/radwerk-north.de\/product\/20-zoll-elektro-dreirad-fur-erwachsene-350-w-12-ah-33-kg-30-35-km-belastungsgewicht-150-kg-dreiradriges-elektrofahrrad-elektrisches-lastenfahrrad\/\",\"url\":\"https:\/\/radwerk-north.de\/product\/20-zoll-elektro-dreirad-fur-erwachsene-350-w-12-ah-33-kg-30-35-km-belastungsgewicht-150-kg-dreiradriges-elektrofahrrad-elektrisches-lastenfahrrad\/\",\"name\":\"20-Zoll-Elektro-Dreirad f\u00fcr Erwachsene, 350 W, 12 Ah, 33 kg, 30\u201335 km, Belastungsgewicht 150 kg, dreir\u00e4driges Elektrofahrrad, elektrisches Lastenfahrrad - RadWerk Nord\",\"isPartOf\":{\"@id\":\"https:\/\/radwerk-north.de\/#website\"},\"primaryImageOfPage\":{\"@id\":\"https:\/\/radwerk-north.de\/product\/20-zoll-elektro-dreirad-fur-erwachsene-350-w-12-ah-33-kg-30-35-km-belastungsgewicht-150-kg-dreiradriges-elektrofahrrad-elektrisches-lastenfahrrad\/#primaryimage\"},\"image\":{\"@id\":\"https:\/\/radwerk-north.de\/product\/20-zoll-elektro-dreirad-fur-erwachsene-350-w-12-ah-33-kg-30-35-km-belastungsgewicht-150-kg-dreiradriges-elektrofahrrad-elektrisches-lastenfahrrad\/#primaryimage\"},\"thumbnailUrl\":\"https:\/\/ae01.alicdn.com\/kf\/Sc16b990d00e144afabe55d81732cdb883.jpg\",\"datePublished\":\"2025-11-23T19:18:21+00:00\",\"dateModified\":\"2025-12-03T07:12:23+00:00\",\"breadcrumb\":{\"@id\":\"https:\/\/radwerk-north.de\/product\/20-zoll-elektro-dreirad-fur-erwachsene-350-w-12-ah-33-kg-30-35-km-belastungsgewicht-150-kg-dreiradriges-elektrofahrrad-elektrisches-lastenfahrrad\/#breadcrumb\"},\"inLanguage\":\"de\",\"potentialAction\":[{\"@type\":\"ReadAction\",\"target\":[\"https:\/\/radwerk-north.de\/product\/20-zoll-elektro-dreirad-fur-erwachsene-350-w-12-ah-33-kg-30-35-km-belastungsgewicht-150-kg-dreiradriges-elektrofahrrad-elektrisches-lastenfahrrad\/\"]}]},{\"@type\":\"ImageObject\",\"inLanguage\":\"de\",\"@id\":\"https:\/\/radwerk-north.de\/product\/20-zoll-elektro-dreirad-fur-erwachsene-350-w-12-ah-33-kg-30-35-km-belastungsgewicht-150-kg-dreiradriges-elektrofahrrad-elektrisches-lastenfahrrad\/#primaryimage\",\"url\":\"https:\/\/ae01.alicdn.com\/kf\/Sc16b990d00e144afabe55d81732cdb883.jpg\",\"contentUrl\":\"https:\/\/ae01.alicdn.com\/kf\/Sc16b990d00e144afabe55d81732cdb883.jpg\",\"width\":800,\"height\":800,\"caption\":\"20-Zoll-Elektro-Dreirad f\u00fcr Erwachsene, 350 W, 12 Ah, 33 kg, 30\u201335 km, Belastungsgewicht 150 kg, dreir\u00e4driges Elektrofahrrad, elektrisches Lastenfahrrad 1\"},{\"@type\":\"BreadcrumbList\",\"@id\":\"https:\/\/radwerk-north.de\/product\/20-zoll-elektro-dreirad-fur-erwachsene-350-w-12-ah-33-kg-30-35-km-belastungsgewicht-150-kg-dreiradriges-elektrofahrrad-elektrisches-lastenfahrrad\/#breadcrumb\",\"itemListElement\":[{\"@type\":\"ListItem\",\"position\":1,\"name\":\"Home\",\"item\":\"https:\/\/radwerk-north.de\/\"},{\"@type\":\"ListItem\",\"position\":2,\"name\":\"Products\",\"item\":\"https:\/\/radwerk-north.de\/shop\/\"},{\"@type\":\"ListItem\",\"position\":3,\"name\":\"20-Zoll-Elektro-Dreirad f\u00fcr Erwachsene, 350 W, 12 Ah, 33 kg, 30\u201335 km, Belastungsgewicht 150 kg, dreir\u00e4driges Elektrofahrrad, elektrisches Lastenfahrrad\"}]},{\"@type\":\"WebSite\",\"@id\":\"https:\/\/radwerk-north.de\/#website\",\"url\":\"https:\/\/radwerk-north.de\/\",\"name\":\"RadWerk Nord\",\"description\":\"Mobilit\u00e4t neu gedacht.\",\"publisher\":{\"@id\":\"https:\/\/radwerk-north.de\/#organization\"},\"potentialAction\":[{\"@type\":\"SearchAction\",\"target\":{\"@type\":\"EntryPoint\",\"urlTemplate\":\"https:\/\/radwerk-north.de\/?s={search_term_string}\"},\"query-input\":{\"@type\":\"PropertyValueSpecification\",\"valueRequired\":true,\"valueName\":\"search_term_string\"}}],\"inLanguage\":\"de\"},{\"@type\":\"Organization\",\"@id\":\"https:\/\/radwerk-north.de\/#organization\",\"name\":\"RadWerk Nord\",\"url\":\"https:\/\/radwerk-north.de\/\",\"logo\":{\"@type\":\"ImageObject\",\"inLanguage\":\"de\",\"@id\":\"https:\/\/radwerk-north.de\/#\/schema\/logo\/image\/\",\"url\":\"https:\/\/radwerk-north.de\/wp-content\/uploads\/2025\/12\/cropped-Video_Screen1766523928533-removebg-preview.png\",\"contentUrl\":\"https:\/\/radwerk-north.de\/wp-content\/uploads\/2025\/12\/cropped-Video_Screen1766523928533-removebg-preview.png\",\"width\":745,\"height\":294,\"caption\":\"RadWerk Nord\"},\"image\":{\"@id\":\"https:\/\/radwerk-north.de\/#\/schema\/logo\/image\/\"}}]}<\/script>\n<meta property=\"product:price:amount\" content=\"873.60\" \/>\n<meta property=\"product:price:currency\" content=\"EUR\" \/>\n<meta property=\"og:availability\" content=\"instock\" \/>\n<meta property=\"product:availability\" content=\"instock\" \/>\n<meta property=\"product:retailer_item_id\" content=\"RDNI71885736\" \/>\n<meta property=\"product:condition\" content=\"new\" \/>\n<!-- \/ Yoast SEO Premium plugin. -->","yoast_head_json":{"title":"20-Zoll-Elektro-Dreirad f\u00fcr Erwachsene, 350 W, 12 Ah, 33 kg, 30\u201335 km, Belastungsgewicht 150 kg, dreir\u00e4driges Elektrofahrrad, elektrisches Lastenfahrrad - RadWerk Nord","robots":{"index":"index","follow":"follow","max-snippet":"max-snippet:-1","max-image-preview":"max-image-preview:large","max-video-preview":"max-video-preview:-1"},"canonical":"https:\/\/radwerk-north.de\/de\/product\/20-zoll-elektro-dreirad-fur-erwachsene-350-w-12-ah-33-kg-30-35-km-belastungsgewicht-150-kg-dreiradriges-elektrofahrrad-elektrisches-lastenfahrrad\/","og_locale":"de_DE","og_type":"article","og_title":"20-Zoll-Elektro-Dreirad f\u00fcr Erwachsene, 350 W, 12 Ah, 33 kg, 30\u201335 km, Belastungsgewicht 150 kg, dreir\u00e4driges Elektrofahrrad, elektrisches Lastenfahrrad","og_description":"Installationsvideo Installationsvideo Installationsvideo Installationsvideo Video di instalalla\u0448 Instal Laf Wideo Vid\u00e9o d&#8217;installation Installationsvideo Zu den Produkten geh\u00f6ren 1.Dreirad * 1 2.Batterie * 1 3.Ladeger\u00e4t * 1 4.Korb * 2 Spannung: 350 W 12 Ah 36 V Kilometerstand: 30-35 km Gewicht des Dreirads: 33 kg Maximale Tragf\u00e4higkeit: 150 kg","og_url":"https:\/\/radwerk-north.de\/de\/product\/20-zoll-elektro-dreirad-fur-erwachsene-350-w-12-ah-33-kg-30-35-km-belastungsgewicht-150-kg-dreiradriges-elektrofahrrad-elektrisches-lastenfahrrad\/","og_site_name":"RadWerk Nord","article_modified_time":"2025-12-03T07:12:23+00:00","og_image":[{"width":800,"height":800,"url":"https:\/\/ae01.alicdn.com\/kf\/Sc16b990d00e144afabe55d81732cdb883.jpg","type":"image\/jpeg"}],"twitter_card":"summary_large_image","twitter_misc":{"Preis":"873,60&nbsp;&euro;","Verf\u00fcgbarkeit":"Auf Lager"},"schema":{"@context":"https:\/\/schema.org","@graph":[{"@type":"WebPage","@id":"https:\/\/radwerk-north.de\/product\/20-zoll-elektro-dreirad-fur-erwachsene-350-w-12-ah-33-kg-30-35-km-belastungsgewicht-150-kg-dreiradriges-elektrofahrrad-elektrisches-lastenfahrrad\/","url":"https:\/\/radwerk-north.de\/product\/20-zoll-elektro-dreirad-fur-erwachsene-350-w-12-ah-33-kg-30-35-km-belastungsgewicht-150-kg-dreiradriges-elektrofahrrad-elektrisches-lastenfahrrad\/","name":"20-Zoll-Elektro-Dreirad f\u00fcr Erwachsene, 350 W, 12 Ah, 33 kg, 30\u201335 km, Belastungsgewicht 150 kg, dreir\u00e4driges Elektrofahrrad, elektrisches Lastenfahrrad - RadWerk Nord","isPartOf":{"@id":"https:\/\/radwerk-north.de\/#website"},"primaryImageOfPage":{"@id":"https:\/\/radwerk-north.de\/product\/20-zoll-elektro-dreirad-fur-erwachsene-350-w-12-ah-33-kg-30-35-km-belastungsgewicht-150-kg-dreiradriges-elektrofahrrad-elektrisches-lastenfahrrad\/#primaryimage"},"image":{"@id":"https:\/\/radwerk-north.de\/product\/20-zoll-elektro-dreirad-fur-erwachsene-350-w-12-ah-33-kg-30-35-km-belastungsgewicht-150-kg-dreiradriges-elektrofahrrad-elektrisches-lastenfahrrad\/#primaryimage"},"thumbnailUrl":"https:\/\/ae01.alicdn.com\/kf\/Sc16b990d00e144afabe55d81732cdb883.jpg","datePublished":"2025-11-23T19:18:21+00:00","dateModified":"2025-12-03T07:12:23+00:00","breadcrumb":{"@id":"https:\/\/radwerk-north.de\/product\/20-zoll-elektro-dreirad-fur-erwachsene-350-w-12-ah-33-kg-30-35-km-belastungsgewicht-150-kg-dreiradriges-elektrofahrrad-elektrisches-lastenfahrrad\/#breadcrumb"},"inLanguage":"de","potentialAction":[{"@type":"ReadAction","target":["https:\/\/radwerk-north.de\/product\/20-zoll-elektro-dreirad-fur-erwachsene-350-w-12-ah-33-kg-30-35-km-belastungsgewicht-150-kg-dreiradriges-elektrofahrrad-elektrisches-lastenfahrrad\/"]}]},{"@type":"ImageObject","inLanguage":"de","@id":"https:\/\/radwerk-north.de\/product\/20-zoll-elektro-dreirad-fur-erwachsene-350-w-12-ah-33-kg-30-35-km-belastungsgewicht-150-kg-dreiradriges-elektrofahrrad-elektrisches-lastenfahrrad\/#primaryimage","url":"https:\/\/ae01.alicdn.com\/kf\/Sc16b990d00e144afabe55d81732cdb883.jpg","contentUrl":"https:\/\/ae01.alicdn.com\/kf\/Sc16b990d00e144afabe55d81732cdb883.jpg","width":800,"height":800,"caption":"20-Zoll-Elektro-Dreirad f\u00fcr Erwachsene, 350 W, 12 Ah, 33 kg, 30\u201335 km, Belastungsgewicht 150 kg, dreir\u00e4driges Elektrofahrrad, elektrisches Lastenfahrrad 1"},{"@type":"BreadcrumbList","@id":"https:\/\/radwerk-north.de\/product\/20-zoll-elektro-dreirad-fur-erwachsene-350-w-12-ah-33-kg-30-35-km-belastungsgewicht-150-kg-dreiradriges-elektrofahrrad-elektrisches-lastenfahrrad\/#breadcrumb","itemListElement":[{"@type":"ListItem","position":1,"name":"Home","item":"https:\/\/radwerk-north.de\/"},{"@type":"ListItem","position":2,"name":"Products","item":"https:\/\/radwerk-north.de\/shop\/"},{"@type":"ListItem","position":3,"name":"20-Zoll-Elektro-Dreirad f\u00fcr Erwachsene, 350 W, 12 Ah, 33 kg, 30\u201335 km, Belastungsgewicht 150 kg, dreir\u00e4driges Elektrofahrrad, elektrisches Lastenfahrrad"}]},{"@type":"WebSite","@id":"https:\/\/radwerk-north.de\/#website","url":"https:\/\/radwerk-north.de\/","name":"RadWerk Nord","description":"Mobilit\u00e4t neu gedacht.","publisher":{"@id":"https:\/\/radwerk-north.de\/#organization"},"potentialAction":[{"@type":"SearchAction","target":{"@type":"EntryPoint","urlTemplate":"https:\/\/radwerk-north.de\/?s={search_term_string}"},"query-input":{"@type":"PropertyValueSpecification","valueRequired":true,"valueName":"search_term_string"}}],"inLanguage":"de"},{"@type":"Organization","@id":"https:\/\/radwerk-north.de\/#organization","name":"RadWerk Nord","url":"https:\/\/radwerk-north.de\/","logo":{"@type":"ImageObject","inLanguage":"de","@id":"https:\/\/radwerk-north.de\/#\/schema\/logo\/image\/","url":"https:\/\/radwerk-north.de\/wp-content\/uploads\/2025\/12\/cropped-Video_Screen1766523928533-removebg-preview.png","contentUrl":"https:\/\/radwerk-north.de\/wp-content\/uploads\/2025\/12\/cropped-Video_Screen1766523928533-removebg-preview.png","width":745,"height":294,"caption":"RadWerk Nord"},"image":{"@id":"https:\/\/radwerk-north.de\/#\/schema\/logo\/image\/"}}]},"product_price_amount":"873.60","product_price_currency":"EUR","og_availability":"instock","product_availability":"instock","product_retailer_item_id":"RDNI71885736","product_condition":"new"},"acf":[],"_links":{"self":[{"href":"https:\/\/radwerk-north.de\/de\/wp-json\/wp\/v2\/product\/5736","targetHints":{"allow":["GET"]}}],"collection":[{"href":"https:\/\/radwerk-north.de\/de\/wp-json\/wp\/v2\/product"}],"about":[{"href":"https:\/\/radwerk-north.de\/de\/wp-json\/wp\/v2\/types\/product"}],"replies":[{"embeddable":true,"href":"https:\/\/radwerk-north.de\/de\/wp-json\/wp\/v2\/comments?post=5736"}],"wp:featuredmedia":[{"embeddable":true,"href":"https:\/\/radwerk-north.de\/de\/wp-json\/wp\/v2\/media\/5763"}],"wp:attachment":[{"href":"https:\/\/radwerk-north.de\/de\/wp-json\/wp\/v2\/media?parent=5736"}],"wp:term":[{"taxonomy":"product_brand","embeddable":true,"href":"https:\/\/radwerk-north.de\/de\/wp-json\/wp\/v2\/product_brand?post=5736"},{"taxonomy":"product_cat","embeddable":true,"href":"https:\/\/radwerk-north.de\/de\/wp-json\/wp\/v2\/product_cat?post=5736"},{"taxonomy":"product_tag","embeddable":true,"href":"https:\/\/radwerk-north.de\/de\/wp-json\/wp\/v2\/product_tag?post=5736"}],"curies":[{"name":"wp","href":"https:\/\/api.w.org\/{rel}","templated":true}]}}